{"id":10248,"date":"2025-07-03T15:16:09","date_gmt":"2025-07-03T13:16:09","guid":{"rendered":"https:\/\/puycapel.fr\/?page_id=10248"},"modified":"2025-07-03T15:18:23","modified_gmt":"2025-07-03T13:18:23","slug":"association-wild-notes-groupe-de-musique","status":"publish","type":"page","link":"https:\/\/puycapel.fr\/index.php\/association-wild-notes-groupe-de-musique\/","title":{"rendered":"Association WILD NOTES (groupe de musique)"},"content":{"rendered":"\n<p>Groupe de musiciens issu de la formation Carte Blanche de Calvinet<\/p>\n\n\n\n<p>Reprise standard pop \/ rock<\/p>\n\n\n\n<p>bassiste\/batteur\/chanteuse\/guitariste<\/p>\n\n\n\n<p>Plus d&rsquo;infos sur <a href=\"https:\/\/www.facebook.com\/share\/1NihqcqrSx\">la page Facebook du groupe ici.<\/a><\/p>\n\n\n\n<p>Contacts: <\/p>\n\n\n\n<ul class=\"wp-block-list\">\n<li>07 70 07 84 14<\/li>\n\n\n\n<li>wildnotes15@gmail.com<\/li>\n<\/ul>\n\n\n\n<figure class=\"wp-block-image size-large\"><img data-recalc-dims=\"1\" loading=\"lazy\" decoding=\"async\" width=\"1024\" height=\"669\" data-attachment-id=\"10249\" data-permalink=\"https:\/\/puycapel.fr\/index.php\/association-wild-notes-groupe-de-musique\/489683298_1210821651047975_3352092215005540462_n\/\" data-orig-file=\"https:\/\/i0.wp.com\/puycapel.fr\/wp-content\/uploads\/2025\/07\/489683298_1210821651047975_3352092215005540462_n.jpg?fit=1080%2C706&amp;ssl=1\" data-orig-size=\"1080,706\" data-comments-opened=\"0\" data-image-meta=\"{&quot;aperture&quot;:&quot;0&quot;,&quot;credit&quot;:&quot;&quot;,&quot;camera&quot;:&quot;&quot;,&quot;caption&quot;:&quot;&quot;,&quot;created_timestamp&quot;:&quot;0&quot;,&quot;copyright&quot;:&quot;&quot;,&quot;focal_length&quot;:&quot;0&quot;,&quot;iso&quot;:&quot;0&quot;,&quot;shutter_speed&quot;:&quot;0&quot;,&quot;title&quot;:&quot;&quot;,&quot;orientation&quot;:&quot;0&quot;}\" data-image-title=\"489683298_1210821651047975_3352092215005540462_n\" data-image-description=\"\" data-image-caption=\"\" data-large-file=\"https:\/\/i0.wp.com\/puycapel.fr\/wp-content\/uploads\/2025\/07\/489683298_1210821651047975_3352092215005540462_n.jpg?fit=1024%2C669&amp;ssl=1\" src=\"https:\/\/i0.wp.com\/puycapel.fr\/wp-content\/uploads\/2025\/07\/489683298_1210821651047975_3352092215005540462_n.jpg?resize=1024%2C669&#038;ssl=1\" alt=\"\" class=\"wp-image-10249\" srcset=\"https:\/\/i0.wp.com\/puycapel.fr\/wp-content\/uploads\/2025\/07\/489683298_1210821651047975_3352092215005540462_n.jpg?resize=1024%2C669&amp;ssl=1 1024w, https:\/\/i0.wp.com\/puycapel.fr\/wp-content\/uploads\/2025\/07\/489683298_1210821651047975_3352092215005540462_n.jpg?resize=300%2C196&amp;ssl=1 300w, https:\/\/i0.wp.com\/puycapel.fr\/wp-content\/uploads\/2025\/07\/489683298_1210821651047975_3352092215005540462_n.jpg?resize=768%2C502&amp;ssl=1 768w, https:\/\/i0.wp.com\/puycapel.fr\/wp-content\/uploads\/2025\/07\/489683298_1210821651047975_3352092215005540462_n.jpg?w=1080&amp;ssl=1 1080w\" sizes=\"auto, (max-width: 1000px) 100vw, 1000px\" \/><\/figure>\n\n\n\n<figure class=\"wp-block-embed\"><div class=\"wp-block-embed__wrapper\">\nhttps:\/\/www.facebook.com\/share\/1NihqcqrSx\n<\/div><\/figure>\n","protected":false},"excerpt":{"rendered":"<p>Groupe de musiciens issu de la formation Carte Blanche de Calvinet Reprise standard pop \/ rock bassiste\/batteur\/chanteuse\/guitariste Plus d&rsquo;infos sur la page Facebook du groupe ici. Contacts:<\/p>\n","protected":false},"author":2,"featured_media":0,"parent":0,"menu_order":0,"comment_status":"closed","ping_status":"closed","template":"","meta":{"_exactmetrics_skip_tracking":false,"_exactmetrics_sitenote_active":false,"_exactmetrics_sitenote_note":"","_exactmetrics_sitenote_category":0,"jetpack_post_was_ever_published":false,"footnotes":""},"class_list":["post-10248","page","type-page","status-publish","hentry"],"jetpack_sharing_enabled":true,"jetpack_shortlink":"https:\/\/wp.me\/PaADkW-2Fi","jetpack-related-posts":[{"id":631,"url":"https:\/\/puycapel.fr\/index.php\/les-bonnes-adresses\/les-entreprises\/","url_meta":{"origin":10248,"position":0},"title":"Les entreprises","author":"Mairie Puycapel","date":"18 mars 2019","format":false,"excerpt":"Brocante-\u00e9b\u00e9nisterie Jany St\u00e9phane \u2013 Impasse des Clarine CALVINET T\u00e9l\u00a0: 04 71 49 91 33 et www.brocante-antiquites-jany.com Electricit\u00e9 \/ Plomberie\u00a0\/ Chauffage: BRU Laurent \u2013 Rue des Prades CALVINET T\u00e9l\u00a0: 04 71 49 99 77 et 06 80 17 31 11 et bru-laurent@wanadoo.fr Salon de coiffure Le Salon d'Alice CALVINET : 0471624958\u2026","rel":"","context":"Article similaire","block_context":{"text":"Article similaire","link":""},"img":{"alt_text":"","src":"","width":0,"height":0},"classes":[]},{"id":6840,"url":"https:\/\/puycapel.fr\/index.php\/6840-2\/","url_meta":{"origin":10248,"position":1},"title":"Alliance","author":"Antoine Puech","date":"8 juin 2022","format":false,"excerpt":"Article pour regrouper les \u00e9lements du groupe de travail FICHE-PROJET-ALLIANCE-Communes-2020-2021T\u00e9l\u00e9charger Classeur-Alliance-Version-testT\u00e9l\u00e9charger Grille-observation-classeur-ressource-ALLIANCET\u00e9l\u00e9charger 2022-01-20-Sensibilisation-Alliance-AFT\u00e9l\u00e9charger fde_cp_instruction_civiqueT\u00e9l\u00e9charger Fiche-de-yoga-Pomme-d-Api-2T\u00e9l\u00e9charger Le-respectT\u00e9l\u00e9charger Affichage-posture-yoga-appli-Mon-ptit-YogaT\u00e9l\u00e9charger https:\/\/www.youtube.com\/watch?v=TnsWUHI4ZwQ&t=1s https:\/\/www.youtube.com\/watch?v=gu95OdyIDQE https:\/\/onaps.fr\/bouger-pour-bien-grandir\/ COMPLEMENT politesseT\u00e9l\u00e9charger FicheRespectT\u00e9l\u00e9charger respect-imageT\u00e9l\u00e9charger https:\/\/ecolepositive.fr\/outil-roue-de-resolution-conflits\/ https:\/\/www.youtube.com\/watch?v=HGHzb-i0tGQ&t=33s https:\/\/www.youtube.com\/watch?v=TJDfInQXYm0 https:\/\/www.youtube.com\/watch?v=pLDZ7dD2sLc https:\/\/www.youtube.com\/watch?v=LXzhEyzqImQ https:\/\/www.youtube.com\/watch?v=a6Ftzn6vfb4 2023 : s\u00e9ances de yoga avec Mureille Montillet CP-CE1-CE2-Seance-2T\u00e9l\u00e9charger Maternelle-Seance-1T\u00e9l\u00e9charger Maternelle-Seance-2T\u00e9l\u00e9charger CM1-CM2-Seance-1T\u00e9l\u00e9charger CM1-CM2-Seance-2T\u00e9l\u00e9charger CP-CE1-CE2-Seance-1T\u00e9l\u00e9charger","rel":"","context":"Article similaire","block_context":{"text":"Article similaire","link":""},"img":{"alt_text":"","src":"https:\/\/i0.wp.com\/img.youtube.com\/vi\/TnsWUHI4ZwQ\/0.jpg?resize=350%2C200","width":350,"height":200},"classes":[]},{"id":8264,"url":"https:\/\/puycapel.fr\/index.php\/fiche-outil-compostage\/","url_meta":{"origin":10248,"position":2},"title":"FICHES OUTIL COMPOSTAGE","author":"Antoine Puech","date":"13 juillet 2023","format":false,"excerpt":"FICHE-01-LE-DE-DETERMINATION-AVEC-EXPLICATIONST\u00e9l\u00e9charger FICHE-02-fiche-jardin-naturel-utiliser-son-compostT\u00e9l\u00e9charger FICHE-03-fiche-le-compagnonageT\u00e9l\u00e9charger FICHE-04-fiche-paillageT\u00e9l\u00e9charger FICHE-05-fiche-soigner-les-plantes-par-les-plantesT\u00e9l\u00e9charger FICHE-06-fiche-jardin-naturel-utiliser-son-compost-35T\u00e9l\u00e9charger FICHE-07-guide-reussir-compostT\u00e9l\u00e9charger FICHE-12-STOP-AUX-IDEES-RECUEST\u00e9l\u00e9charger FICHE-11-sol-compost-les-beneficesT\u00e9l\u00e9charger FICHE-14-reduire-ses-dechets-vertsT\u00e9l\u00e9charger FICHE-17-principes-compostageT\u00e9l\u00e9charger","rel":"","context":"Article similaire","block_context":{"text":"Article similaire","link":""},"img":{"alt_text":"","src":"","width":0,"height":0},"classes":[]},{"id":1757,"url":"https:\/\/puycapel.fr\/index.php\/liens-avec-la-principaute-de-monaco\/","url_meta":{"origin":10248,"position":3},"title":"Liens avec la Principaut\u00e9 de Monaco","author":"Antoine Puech","date":"24 novembre 2019","format":false,"excerpt":"Les liens entre la Principaut\u00e9 de Monaco et la commune de Calvinet datent du XVII\u00e8me si\u00e8cle.Par le Trait\u00e9 de P\u00e9ronne du 14 septembre 1641, Honor\u00e9 II Grimaldi, Prince de Monaco, abandonne le protectorat de l\u2019Espagne pour se mettre sous la protection du roi de France Louis XIII, qui lui avait\u2026","rel":"","context":"Article similaire","block_context":{"text":"Article similaire","link":""},"img":{"alt_text":"","src":"","width":0,"height":0},"classes":[]},{"id":677,"url":"https:\/\/puycapel.fr\/index.php\/la-sante\/","url_meta":{"origin":10248,"position":4},"title":"La sant\u00e9","author":"Mairie Puycapel","date":"18 mars 2019","format":false,"excerpt":"D\u00e9fibrillateurs : sur le mur ext\u00e9rieur gauche de la salle polyvalente, rue du Colombier \u00e0 CALVINET et dans le hall de la mairie \u00e0 MOURJOU MEDECINS Anne-Sophie MARRE-VOREUX & Pauline MERCIER:\u00a0M\u00e9decins g\u00e9n\u00e9ralistes- Maison de sant\u00e9-Route de la gendarmerie RD 66 CALVINET-04 71 49 17 40 \u2013\u00a0Sur RDV du lundi au\u2026","rel":"","context":"Article similaire","block_context":{"text":"Article similaire","link":""},"img":{"alt_text":"","src":"","width":0,"height":0},"classes":[]},{"id":9605,"url":"https:\/\/puycapel.fr\/index.php\/declaration-daccessibilite\/","url_meta":{"origin":10248,"position":5},"title":"D\u00e9claration d\u2019accessibilit\u00e9","author":"Antoine Puech","date":"27 novembre 2024","format":false,"excerpt":"EN COURS DE CONSTRUCTION La commune de Puycapel\u00a0s\u2019engage \u00e0 rendre ses sites internet, intranet, extranet et ses progiciels accessibles (et ses applications mobiles et mobilier urbain num\u00e9rique) conform\u00e9ment \u00e0 l\u2019article 47 de la loi n\u00b02005-102 du 11 f\u00e9vrier 2005. \u00c0 cette fin, elle met en \u0153uvre la strat\u00e9gie et les\u2026","rel":"","context":"Article similaire","block_context":{"text":"Article similaire","link":""},"img":{"alt_text":"","src":"","width":0,"height":0},"classes":[]}],"_links":{"self":[{"href":"https:\/\/puycapel.fr\/index.php\/wp-json\/wp\/v2\/pages\/10248","targetHints":{"allow":["GET"]}}],"collection":[{"href":"https:\/\/puycapel.fr\/index.php\/wp-json\/wp\/v2\/pages"}],"about":[{"href":"https:\/\/puycapel.fr\/index.php\/wp-json\/wp\/v2\/types\/page"}],"author":[{"embeddable":true,"href":"https:\/\/puycapel.fr\/index.php\/wp-json\/wp\/v2\/users\/2"}],"replies":[{"embeddable":true,"href":"https:\/\/puycapel.fr\/index.php\/wp-json\/wp\/v2\/comments?post=10248"}],"version-history":[{"count":2,"href":"https:\/\/puycapel.fr\/index.php\/wp-json\/wp\/v2\/pages\/10248\/revisions"}],"predecessor-version":[{"id":10252,"href":"https:\/\/puycapel.fr\/index.php\/wp-json\/wp\/v2\/pages\/10248\/revisions\/10252"}],"wp:attachment":[{"href":"https:\/\/puycapel.fr\/index.php\/wp-json\/wp\/v2\/media?parent=10248"}],"curies":[{"name":"wp","href":"https:\/\/api.w.org\/{rel}","templated":true}]}}