{"id":1178,"date":"2019-06-03T14:43:22","date_gmt":"2019-06-03T12:43:22","guid":{"rendered":"https:\/\/puycapel.fr\/?page_id=1178"},"modified":"2026-03-18T08:46:57","modified_gmt":"2026-03-18T07:46:57","slug":"maison-de-la-chataigne","status":"publish","type":"page","link":"https:\/\/puycapel.fr\/index.php\/maison-de-la-chataigne\/","title":{"rendered":"Maison de la ch\u00e2taigne"},"content":{"rendered":"\n<p>Depuis 1990 la Foire de la Ch\u00e2taigne, la Fi\u00e8ra de la\nCastanha, anime la commune l\u2019avant-dernier week-end d\u2019octobre. L\u2019association du\nP\u00e9lou et tout le village se mobilisent pour accueillir plus de 20 000 visiteurs\nvenus de la r\u00e9gion et de beaucoup plus loin.<\/p>\n\n\n\n<p>C\u2019est pour unir hier et aujourd\u2019hui que les\nresponsables de l\u2019Association du P\u00e9lou et les \u00e9lus de la Communaut\u00e9 de communes\ndu Pays de Maurs ont d\u00e9cid\u00e9 de cr\u00e9er la Maison de la ch\u00e2taigne qui a ouvert ses\nportes en 1999.<\/p>\n\n\n\n<p>Une association en assure la gestion et l\u2019animation.<\/p>\n\n\n\n<p>Actuellement l\u2019Association emploie un salari\u00e9\npermanent et un saisonnier durant l\u2019\u00e9t\u00e9.<\/p>\n\n\n\n<p>Am\u00e9nag\u00e9e dans un ancien corps de ferme typique\nde&nbsp;la Ch\u00e2taigneraie enti\u00e8rement r\u00e9nov\u00e9, la Maison de la&nbsp;ch\u00e2taigne\nabrite :<\/p>\n\n\n<div class=\"wp-block-image\">\n<figure class=\"alignleft is-resized\"><img data-recalc-dims=\"1\" loading=\"lazy\" decoding=\"async\" width=\"500\" height=\"325\" data-attachment-id=\"1190\" data-permalink=\"https:\/\/puycapel.fr\/index.php\/maison-de-la-chataigne\/epicerie-site-1\/\" data-orig-file=\"https:\/\/i0.wp.com\/puycapel.fr\/wp-content\/uploads\/2019\/06\/epicerie-site-1.jpg?fit=500%2C325&amp;ssl=1\" data-orig-size=\"500,325\" data-comments-opened=\"0\" data-image-meta=\"{&quot;aperture&quot;:&quot;0&quot;,&quot;credit&quot;:&quot;&quot;,&quot;camera&quot;:&quot;&quot;,&quot;caption&quot;:&quot;&quot;,&quot;created_timestamp&quot;:&quot;0&quot;,&quot;copyright&quot;:&quot;&quot;,&quot;focal_length&quot;:&quot;0&quot;,&quot;iso&quot;:&quot;0&quot;,&quot;shutter_speed&quot;:&quot;0&quot;,&quot;title&quot;:&quot;&quot;,&quot;orientation&quot;:&quot;0&quot;}\" data-image-title=\"epicerie-site-1\" data-image-description=\"\" data-image-caption=\"\" data-large-file=\"https:\/\/i0.wp.com\/puycapel.fr\/wp-content\/uploads\/2019\/06\/epicerie-site-1.jpg?fit=500%2C325&amp;ssl=1\" src=\"https:\/\/i0.wp.com\/puycapel.fr\/wp-content\/uploads\/2019\/06\/epicerie-site-1.jpg?resize=500%2C325&#038;ssl=1\" alt=\"\" class=\"wp-image-1190\" style=\"width:388px;height:253px\" srcset=\"https:\/\/i0.wp.com\/puycapel.fr\/wp-content\/uploads\/2019\/06\/epicerie-site-1.jpg?w=500&amp;ssl=1 500w, https:\/\/i0.wp.com\/puycapel.fr\/wp-content\/uploads\/2019\/06\/epicerie-site-1.jpg?resize=300%2C195&amp;ssl=1 300w\" sizes=\"auto, (max-width: 500px) 100vw, 500px\" \/><\/figure>\n<\/div>\n\n\n<p><\/p>\n\n\n\n<ul class=\"wp-block-list\">\n<li><strong>\u00c9picerie des ann\u00e9es 50 reconstitu\u00e9e<\/strong><\/li>\n\n\n\n<li><strong>Boutique<\/strong>: <strong>Produits agroalimentaires et artisanaux<\/strong><\/li>\n\n\n\n<li><strong>Espace mus\u00e9ographique<\/strong>: espace mus\u00e9ographie sur la Ch\u00e2taigneraie Cantalienne.<\/li>\n<\/ul>\n\n\n\n<p>En sus, un s\u00e9cadou, s\u00e9choir traditionnel, et un four\n\u00e0 pain. Dans un espace de promenade, un verger, un jardin potager, une all\u00e9e de\nplantes aromatiques\u2026 avec des animaux qui appr\u00e9cient c\u00e2lins et gourmandises\n(\u00e2nesse, ch\u00e8vre, lapins\u2026). En compl\u00e9ment, une exposition sur les souterrains et\nun sentier de d\u00e9couverte de 3\n km (d\u00e9pliant disponible).<\/p>\n\n\n\n<p class=\"has-text-align-center\">***********<\/p>\n\n\n\n<p>R\u00e9alis\u00e9 sous ma\u00eetrise d\u2019ouvrage de la Communaut\u00e9 de\nCommunes du Pays de Maurs, cet espace mus\u00e9ographique a ouvert ses portes en\n1999. Il accueille pr\u00e8s de 6000 visiteurs par an et propose r\u00e9guli\u00e8rement des\nstages ou animations.<\/p>\n\n\n\n<ul class=\"wp-block-list\">\n<li>une \u00e9plucheuse \u00e0 ch\u00e2taignes fra\u00eeches est mise \u00e0 disposition de tous. Il suffit de r\u00e9server au 04 71 49 98 00.<\/li>\n<\/ul>\n\n\n\n<p><a href=\"http:\/\/www.maisondelachataigne.com\">www.maisondelachataigne.com<\/a> <\/p>\n\n\n\n<p>courriel maisondelachataigne@gmail.com<\/p>\n\n\n\n<p class=\"has-text-align-center has-luminous-vivid-amber-background-color has-background\"><strong>OUVERTURE DE LA SAISON 2026 MERCREDI 1ER AVRIL <\/strong><\/p>\n\n\n\n<p class=\"has-text-align-center has-luminous-vivid-amber-color has-text-color has-link-color has-large-font-size wp-elements-2d838f18b1d0da2de5d11d760e8cc965\"><a href=\"https:\/\/puycapel.fr\/wp-content\/uploads\/2026\/03\/Programme-des-animations-2026-2.png\"><strong>Programme des animations 2026<\/strong> ici !<\/a><\/p>\n","protected":false},"excerpt":{"rendered":"<p>Depuis 1990 la Foire de la Ch\u00e2taigne, la Fi\u00e8ra de la Castanha, anime la commune l\u2019avant-dernier week-end d\u2019octobre. L\u2019association du P\u00e9lou et tout le village se mobilisent pour accueillir plus de 20 000 visiteurs venus de la r\u00e9gion et de beaucoup plus loin. C\u2019est pour unir hier et aujourd\u2019hui que les responsables de l\u2019Association du [&hellip;]<\/p>\n","protected":false},"author":2,"featured_media":0,"parent":0,"menu_order":0,"comment_status":"closed","ping_status":"closed","template":"","meta":{"_exactmetrics_skip_tracking":false,"_exactmetrics_sitenote_active":false,"_exactmetrics_sitenote_note":"","_exactmetrics_sitenote_category":0,"jetpack_post_was_ever_published":false,"footnotes":""},"class_list":["post-1178","page","type-page","status-publish","hentry"],"jetpack_sharing_enabled":true,"jetpack_shortlink":"https:\/\/wp.me\/PaADkW-j0","jetpack-related-posts":[{"id":185,"url":"https:\/\/puycapel.fr\/index.php\/accueil\/les-associations-de-puycapel\/association-du-pelou\/","url_meta":{"origin":1178,"position":0},"title":"Association du P\u00e9lou","author":"Antoine Puech","date":"26 janvier 2019","format":false,"excerpt":"L\u2019association du P\u00e9lou a vu le jour en 1995 pour prendre en charge l\u2019organisation de la Foire de la ch\u00e2taigne de Mourjou, cr\u00e9\u00e9e en 1989 et organis\u00e9e jusque l\u00e0 par le comit\u00e9 des f\u00eates de Mourjou. Elle mobilise chaque ann\u00e9e plus de 200 b\u00e9n\u00e9voles pour l\u2019organisation, l\u2019avant dernier week-end d\u2019octobre,\u2026","rel":"","context":"Article similaire","block_context":{"text":"Article similaire","link":""},"img":{"alt_text":"","src":"https:\/\/i0.wp.com\/puycapel.fr\/wp-content\/uploads\/2019\/01\/pelou3.jpg?resize=350%2C200","width":350,"height":200,"srcset":"https:\/\/i0.wp.com\/puycapel.fr\/wp-content\/uploads\/2019\/01\/pelou3.jpg?resize=350%2C200 1x, https:\/\/i0.wp.com\/puycapel.fr\/wp-content\/uploads\/2019\/01\/pelou3.jpg?resize=525%2C300 1.5x, https:\/\/i0.wp.com\/puycapel.fr\/wp-content\/uploads\/2019\/01\/pelou3.jpg?resize=700%2C400 2x, https:\/\/i0.wp.com\/puycapel.fr\/wp-content\/uploads\/2019\/01\/pelou3.jpg?resize=1050%2C600 3x"},"classes":[]},{"id":1073,"url":"https:\/\/puycapel.fr\/index.php\/site-remarquable-du-gout-mourjou-chataigneraie-cantalienne\/","url_meta":{"origin":1178,"position":1},"title":"Site remarquable du go\u00fbt  Mourjou, Ch\u00e2taigneraie cantalienne","author":"Mairie Puycapel","date":"23 mai 2019","format":false,"excerpt":"La Ch\u00e2taigneraie cantalienne a rejoint fin 2018 les 70 sites fran\u00e7ais qui b\u00e9n\u00e9ficient du label \u00ab\u00a0Site remarquable du go\u00fbt\u00a0\u00bb, cr\u00e9\u00e9 en 1995 par les minist\u00e8res de la Culture, du Tourisme, de l\u2019Environnement et de l\u2019agriculture. C\u2019est \u00e9videmment pour son produit embl\u00e9matique qu\u2019est la ch\u00e2taigne que notre pays castanhaire a \u00e9t\u00e9\u2026","rel":"","context":"Article similaire","block_context":{"text":"Article similaire","link":""},"img":{"alt_text":"","src":"https:\/\/i0.wp.com\/puycapel.fr\/wp-content\/uploads\/2019\/05\/LABELOCTOBRE-1.jpg?resize=350%2C200&ssl=1","width":350,"height":200,"srcset":"https:\/\/i0.wp.com\/puycapel.fr\/wp-content\/uploads\/2019\/05\/LABELOCTOBRE-1.jpg?resize=350%2C200&ssl=1 1x, https:\/\/i0.wp.com\/puycapel.fr\/wp-content\/uploads\/2019\/05\/LABELOCTOBRE-1.jpg?resize=525%2C300&ssl=1 1.5x, https:\/\/i0.wp.com\/puycapel.fr\/wp-content\/uploads\/2019\/05\/LABELOCTOBRE-1.jpg?resize=700%2C400&ssl=1 2x, https:\/\/i0.wp.com\/puycapel.fr\/wp-content\/uploads\/2019\/05\/LABELOCTOBRE-1.jpg?resize=1050%2C600&ssl=1 3x, https:\/\/i0.wp.com\/puycapel.fr\/wp-content\/uploads\/2019\/05\/LABELOCTOBRE-1.jpg?resize=1400%2C800&ssl=1 4x"},"classes":[]},{"id":183,"url":"https:\/\/puycapel.fr\/index.php\/accueil\/les-associations-de-puycapel\/","url_meta":{"origin":1178,"position":2},"title":"Les Associations","author":"Antoine Puech","date":"26 janvier 2019","format":false,"excerpt":"Vivre en Ch\u00e2taigneraieAssociation du P\u00e9louClub des A\u00een\u00e9sUnion sportive du Haut-C\u00e9l\u00e9 (USHC)Association des parents d\u2019\u00e9l\u00e8vesChasse \/ ACCAADMR du Haut C\u00e9l\u00e9Les cailloux Br\u00fblantsLe Tennis Club de la Ch\u00e2taigneraieSerfouetteL\u2019Atelier de Marguelz\u00e9\u2019ARTSComit\u00e9 des f\u00eates de CalvinetLes Seniors de CalvinetComit\u00e9 d\u2019animation de CalvinetCalvinet PatrimoineClub de p\u00e9tanque","rel":"","context":"Article similaire","block_context":{"text":"Article similaire","link":""},"img":{"alt_text":"","src":"","width":0,"height":0},"classes":[]},{"id":715,"url":"https:\/\/puycapel.fr\/index.php\/les-animations-2019\/","url_meta":{"origin":1178,"position":3},"title":"Les animations 2025","author":"Mairie Puycapel","date":"20 mars 2019","format":false,"excerpt":"D\u00e9couvrez le riche programme de la nouvelle saison d'animations 2025 \u00e0 la Maison de la ch\u00e2taigne : PROGRAMME 2025 Toutes les informations https:\/\/maisondelachataigne.com\/","rel":"","context":"Article similaire","block_context":{"text":"Article similaire","link":""},"img":{"alt_text":"","src":"","width":0,"height":0},"classes":[]},{"id":190,"url":"https:\/\/puycapel.fr\/index.php\/accueil\/les-associations-de-puycapel\/vivre-en-chataigneraie\/","url_meta":{"origin":1178,"position":4},"title":"Vivre en Ch\u00e2taigneraie","author":"Antoine Puech","date":"26 janvier 2019","format":false,"excerpt":"Cette association a \u00e9t\u00e9 cr\u00e9\u00e9e avec l\u2019autorisation de 8 communes (Calvinet, Cassaniouze, Fournoul\u00e8s Leynhac, Mourjou, Marcol\u00e8s, Saint-Antoine, S\u00e9nezergues) sur trois cantons.Ses statuts lui permettent d\u2019acheter, vendre et animer.D\u00e8s le d\u00e9but elle s\u2019oriente vers le tourisme et r\u00e9alise divers projets: cr\u00e9ation de sentiers p\u00e9destres, conception du d\u00e9pliant \u00ab les chemins de\u2026","rel":"","context":"Article similaire","block_context":{"text":"Article similaire","link":""},"img":{"alt_text":"","src":"https:\/\/i0.wp.com\/puycapel.fr\/wp-content\/uploads\/2019\/01\/logovivireenchataigneraie.png?resize=350%2C200&ssl=1","width":350,"height":200},"classes":[]},{"id":696,"url":"https:\/\/puycapel.fr\/index.php\/la-maison-de-la-chataigne\/","url_meta":{"origin":1178,"position":5},"title":"La Maison de la ch\u00e2taigne","author":"Mairie Puycapel","date":"18 mars 2019","format":false,"excerpt":"La Maison de la\u00a0Ch\u00e2taigne MOURJOU T\u00e9l\u00e9phone: 04.71.49.98.00 email: maisondelachataigne@gmail.com www.maisondelachataigne.com Facebook.com\/maisondela.chataigne Pr\u00e9sentation de la maison de la ch\u00e2taigne D\u00e9couvrez dans cet espace de d\u00e9couverte ludique l\u2019histoire du ch\u00e2taignier et de la r\u00e9gion qui porte son nom : la Ch\u00e2taigneraie. Entrez dans un monde couleur ch\u00e2taigne, bourr\u00e9 d\u2019images et de sons,\u2026","rel":"","context":"Article similaire","block_context":{"text":"Article similaire","link":""},"img":{"alt_text":"","src":"https:\/\/i0.wp.com\/puycapel.fr\/wp-content\/uploads\/2019\/03\/2017-08-03-20.17.30.jpg?resize=350%2C200","width":350,"height":200,"srcset":"https:\/\/i0.wp.com\/puycapel.fr\/wp-content\/uploads\/2019\/03\/2017-08-03-20.17.30.jpg?resize=350%2C200 1x, https:\/\/i0.wp.com\/puycapel.fr\/wp-content\/uploads\/2019\/03\/2017-08-03-20.17.30.jpg?resize=525%2C300 1.5x, https:\/\/i0.wp.com\/puycapel.fr\/wp-content\/uploads\/2019\/03\/2017-08-03-20.17.30.jpg?resize=700%2C400 2x, https:\/\/i0.wp.com\/puycapel.fr\/wp-content\/uploads\/2019\/03\/2017-08-03-20.17.30.jpg?resize=1050%2C600 3x, https:\/\/i0.wp.com\/puycapel.fr\/wp-content\/uploads\/2019\/03\/2017-08-03-20.17.30.jpg?resize=1400%2C800 4x"},"classes":[]}],"_links":{"self":[{"href":"https:\/\/puycapel.fr\/index.php\/wp-json\/wp\/v2\/pages\/1178","targetHints":{"allow":["GET"]}}],"collection":[{"href":"https:\/\/puycapel.fr\/index.php\/wp-json\/wp\/v2\/pages"}],"about":[{"href":"https:\/\/puycapel.fr\/index.php\/wp-json\/wp\/v2\/types\/page"}],"author":[{"embeddable":true,"href":"https:\/\/puycapel.fr\/index.php\/wp-json\/wp\/v2\/users\/2"}],"replies":[{"embeddable":true,"href":"https:\/\/puycapel.fr\/index.php\/wp-json\/wp\/v2\/comments?post=1178"}],"version-history":[{"count":17,"href":"https:\/\/puycapel.fr\/index.php\/wp-json\/wp\/v2\/pages\/1178\/revisions"}],"predecessor-version":[{"id":10949,"href":"https:\/\/puycapel.fr\/index.php\/wp-json\/wp\/v2\/pages\/1178\/revisions\/10949"}],"wp:attachment":[{"href":"https:\/\/puycapel.fr\/index.php\/wp-json\/wp\/v2\/media?parent=1178"}],"curies":[{"name":"wp","href":"https:\/\/api.w.org\/{rel}","templated":true}]}}