{"id":1312,"date":"2019-07-27T18:30:27","date_gmt":"2019-07-27T16:30:27","guid":{"rendered":"https:\/\/puycapel.fr\/?page_id=1312"},"modified":"2019-11-07T09:25:35","modified_gmt":"2019-11-07T08:25:35","slug":"cadastre","status":"publish","type":"page","link":"https:\/\/puycapel.fr\/index.php\/cadastre\/","title":{"rendered":"Cadastre"},"content":{"rendered":"\n<iframe loading=\"lazy\" scrolling=\"no\" marginheight=\"0\" marginwidth=\"0\" sandbox=\"allow-forms allow-scripts allow-same-origin\" src=\"https:\/\/www.geoportail.gouv.fr\/embed\/visu.html?c=2.3578754512064575,44.71720309384554&amp;z=18&amp;l0=ORTHOIMAGERY.ORTHOPHOTOS::GEOPORTAIL:OGC:WMTS(1)&amp;l1=GEOGRAPHICALGRIDSYSTEMS.MAPS.3D::GEOPORTAIL:OGC:WMTS==aggregate(1;h)&amp;l2=CADASTRALPARCELS.PARCELS::GEOPORTAIL:OGC:WMTS(1)&amp;permalink=yes\" allowfullscreen=\"\" width=\"600\" height=\"400\" frameborder=\"0\"><\/iframe>\n","protected":false},"excerpt":{"rendered":"","protected":false},"author":3,"featured_media":0,"parent":0,"menu_order":0,"comment_status":"closed","ping_status":"closed","template":"","meta":{"_exactmetrics_skip_tracking":false,"_exactmetrics_sitenote_active":false,"_exactmetrics_sitenote_note":"","_exactmetrics_sitenote_category":0,"jetpack_post_was_ever_published":false,"footnotes":""},"class_list":["post-1312","page","type-page","status-publish","hentry"],"jetpack_sharing_enabled":true,"jetpack_shortlink":"https:\/\/wp.me\/PaADkW-la","jetpack-related-posts":[{"id":1751,"url":"https:\/\/puycapel.fr\/index.php\/notre-dame-de-lauriol\/","url_meta":{"origin":1312,"position":0},"title":"Notre Dame de Lauriol","author":"Antoine Puech","date":"24 novembre 2019","format":false,"excerpt":"NOTRE DAME DE LAURIOL 1.Histoire de la Vierge de Lauriol La vierge de Lauriol se trouve sur le territoire de Cassaniouze, dans un bois de sapin, \u00e0 droite du chemin qui m\u00e8ne \u00e0 Lauriol, quelques dizaines de m\u00e8tres apr\u00e8s le croisement du chemin qui m\u00e8ne \u00e0 Ayrolles-Vieilles. Cette vierge a\u2026","rel":"","context":"Article similaire","block_context":{"text":"Article similaire","link":""},"img":{"alt_text":"ndloriol2","src":"https:\/\/i0.wp.com\/www.calvinet.fr\/wp-content\/uploads\/2015\/10\/ndloriol2-225x300.jpg?resize=350%2C200","width":350,"height":200},"classes":[]}],"_links":{"self":[{"href":"https:\/\/puycapel.fr\/index.php\/wp-json\/wp\/v2\/pages\/1312","targetHints":{"allow":["GET"]}}],"collection":[{"href":"https:\/\/puycapel.fr\/index.php\/wp-json\/wp\/v2\/pages"}],"about":[{"href":"https:\/\/puycapel.fr\/index.php\/wp-json\/wp\/v2\/types\/page"}],"author":[{"embeddable":true,"href":"https:\/\/puycapel.fr\/index.php\/wp-json\/wp\/v2\/users\/3"}],"replies":[{"embeddable":true,"href":"https:\/\/puycapel.fr\/index.php\/wp-json\/wp\/v2\/comments?post=1312"}],"version-history":[{"count":7,"href":"https:\/\/puycapel.fr\/index.php\/wp-json\/wp\/v2\/pages\/1312\/revisions"}],"predecessor-version":[{"id":1668,"href":"https:\/\/puycapel.fr\/index.php\/wp-json\/wp\/v2\/pages\/1312\/revisions\/1668"}],"wp:attachment":[{"href":"https:\/\/puycapel.fr\/index.php\/wp-json\/wp\/v2\/media?parent=1312"}],"curies":[{"name":"wp","href":"https:\/\/api.w.org\/{rel}","templated":true}]}}