{"id":136,"date":"2019-01-13T20:59:51","date_gmt":"2019-01-13T19:59:51","guid":{"rendered":"https:\/\/puycapel.fr\/?page_id=136"},"modified":"2026-04-23T11:59:18","modified_gmt":"2026-04-23T09:59:18","slug":"presentation-du-conseil-municipal-de-puycapel-2019","status":"publish","type":"page","link":"https:\/\/puycapel.fr\/index.php\/accueil\/contactez-nous\/presentation-du-conseil-municipal-de-puycapel-2019\/","title":{"rendered":"Pr\u00e9sentation du conseil municipal de Puycapel"},"content":{"rendered":"\n<p class=\"has-text-align-left has-luminous-vivid-amber-color has-text-color has-link-color wp-elements-fda3ed82fe74909d6abeb22c8d3ac69c\"><strong>Permanence du Maire<\/strong><\/p>\n\n\n\n<p>Emmanuel BILLOT, Maire de Puycapel, tient des permanences ouvertes au public, sans rendez-vous :<\/p>\n\n\n\n<p>&nbsp;&#8211; Le 1er samedi de chaque mois de 9h00 \u00e0 12h00 \u00e0 la mairie de Mourjou<\/p>\n\n\n\n<p>&nbsp;&#8211; les autres samedis de 9h00 \u00e0 12h00 \u00e0 la mairie de Calvinet.<\/p>\n\n\n\n<p class=\"has-text-align-center\">&#8212;&#8212;&#8212;&#8212;&#8212;&#8212;&#8212;&#8212;&#8212;&#8212;&#8212;&#8212;&#8212;&#8212;&#8212;&#8212;&#8212;&#8212;&#8212;&#8212;&#8212;&#8211;<\/p>\n\n\n\n<p style=\"line-height:1.5\">Suite \u00e0 la r\u00e9union d&rsquo;installation du conseil municipal du 20 mars 2026 voici la nouvelle \u00e9quipe :<\/p>\n\n\n\n<ul class=\"wp-block-list\">\n<li>Maire: Emmanuel BILLOT<\/li>\n\n\n\n<li>Adjoints : Christophe CAMBRAYE, Aurore JOURNOUX, Beno\u00eet ESPEYSSE, Fran\u00e7oise VIGIER,  Jean-Luc LAVIGNE<\/li>\n<\/ul>\n\n\n\n<p class=\"has-small-font-size\"><\/p>\n\n\n<div class=\"wp-block-image\">\n<figure class=\"aligncenter size-full is-resized\"><img data-recalc-dims=\"1\" loading=\"lazy\" decoding=\"async\" width=\"477\" height=\"693\" data-attachment-id=\"10987\" data-permalink=\"https:\/\/puycapel.fr\/index.php\/accueil\/contactez-nous\/presentation-du-conseil-municipal-de-puycapel-2019\/cm-26-a-32\/\" data-orig-file=\"https:\/\/i0.wp.com\/puycapel.fr\/wp-content\/uploads\/2026\/03\/CM-26-A-32.png?fit=477%2C693&amp;ssl=1\" data-orig-size=\"477,693\" data-comments-opened=\"0\" data-image-meta=\"{&quot;aperture&quot;:&quot;0&quot;,&quot;credit&quot;:&quot;&quot;,&quot;camera&quot;:&quot;&quot;,&quot;caption&quot;:&quot;&quot;,&quot;created_timestamp&quot;:&quot;0&quot;,&quot;copyright&quot;:&quot;&quot;,&quot;focal_length&quot;:&quot;0&quot;,&quot;iso&quot;:&quot;0&quot;,&quot;shutter_speed&quot;:&quot;0&quot;,&quot;title&quot;:&quot;&quot;,&quot;orientation&quot;:&quot;0&quot;}\" data-image-title=\"CM 26 A 32\" data-image-description=\"\" data-image-caption=\"\" data-large-file=\"https:\/\/i0.wp.com\/puycapel.fr\/wp-content\/uploads\/2026\/03\/CM-26-A-32.png?fit=477%2C693&amp;ssl=1\" src=\"https:\/\/i0.wp.com\/puycapel.fr\/wp-content\/uploads\/2026\/03\/CM-26-A-32.png?resize=477%2C693&#038;ssl=1\" alt=\"\" class=\"wp-image-10987\" style=\"aspect-ratio:0.6883046605488039;width:617px;height:auto\" srcset=\"https:\/\/i0.wp.com\/puycapel.fr\/wp-content\/uploads\/2026\/03\/CM-26-A-32.png?w=477&amp;ssl=1 477w, https:\/\/i0.wp.com\/puycapel.fr\/wp-content\/uploads\/2026\/03\/CM-26-A-32.png?resize=206%2C300&amp;ssl=1 206w\" sizes=\"auto, (max-width: 477px) 100vw, 477px\" \/><\/figure>\n<\/div>\n\n\n<p style=\"line-height:1\"><\/p>\n","protected":false},"excerpt":{"rendered":"<p>Permanence du Maire Emmanuel BILLOT, Maire de Puycapel, tient des permanences ouvertes au public, sans rendez-vous : &nbsp;&#8211; Le 1er samedi de chaque mois de 9h00 \u00e0 12h00 \u00e0 la mairie de Mourjou &nbsp;&#8211; les autres samedis de 9h00 \u00e0 12h00 \u00e0 la mairie de Calvinet. &#8212;&#8212;&#8212;&#8212;&#8212;&#8212;&#8212;&#8212;&#8212;&#8212;&#8212;&#8212;&#8212;&#8212;&#8212;&#8212;&#8212;&#8212;&#8212;&#8212;&#8212;&#8211; Suite \u00e0 la r\u00e9union d&rsquo;installation du conseil municipal [&hellip;]<\/p>\n","protected":false},"author":3,"featured_media":0,"parent":83,"menu_order":0,"comment_status":"closed","ping_status":"closed","template":"","meta":{"_exactmetrics_skip_tracking":false,"_exactmetrics_sitenote_active":false,"_exactmetrics_sitenote_note":"","_exactmetrics_sitenote_category":0,"footnotes":""},"class_list":["post-136","page","type-page","status-publish","hentry"],"jetpack_sharing_enabled":true,"jetpack_shortlink":"https:\/\/wp.me\/PaADkW-2c","jetpack-related-posts":[{"id":9786,"url":"https:\/\/puycapel.fr\/index.php\/contacts-renseignements\/","url_meta":{"origin":136,"position":0},"title":"Contacts &amp; renseignements","author":"Mairie Puycapel","date":"17 f\u00e9vrier 2025","format":false,"excerpt":"Permanence du Maire Emmanuel BILLOT, Maire de Puycapel, tient des permanences ouvertes au public, sans rendez-vous : \u00a0- Le 1er samedi de chaque mois de 9h00 \u00e0 12h00 \u00e0 la mairie de Mourjou \u00a0- les autres samedis de 9h00 \u00e0 12h00 \u00e0 la mairie de Calvinet. ------------------------------------- ADRESSES POSTALES MAIRIES\u2026","rel":"","context":"Article similaire","block_context":{"text":"Article similaire","link":""},"img":{"alt_text":"","src":"","width":0,"height":0},"classes":[]},{"id":1141,"url":"https:\/\/puycapel.fr\/index.php\/les-equipements\/","url_meta":{"origin":136,"position":1},"title":"Equipements et loisirs","author":"Mairie Puycapel","date":"27 mai 2019","format":false,"excerpt":"Toutes les infos touristiques\u00a0: CALVINET\u00a0: agence postale, MOURJOU\u00a0: m\u00e9diath\u00e8que ou https:\/\/chataigneraie-cantal.com\/ Bornes wifi\u00a0: CALVINET\u00a0: agence postale, MOURJOU parking devant la mairie et salle d\u2019activit\u00e9s Terrains de sport \u00e0 Calvinet et Mourjou Salles des f\u00eates \u00e0 Calvinet et Mourjou (grande capacit\u00e9). R\u00e9servation des salles aupr\u00e8s de la mairie. Tarifs : *\u2026","rel":"","context":"Article similaire","block_context":{"text":"Article similaire","link":""},"img":{"alt_text":"","src":"https:\/\/i0.wp.com\/puycapel.fr\/wp-content\/uploads\/2019\/05\/eau-calvinet.jpg?resize=350%2C200&ssl=1","width":350,"height":200},"classes":[]},{"id":83,"url":"https:\/\/puycapel.fr\/index.php\/accueil\/contactez-nous\/","url_meta":{"origin":136,"position":2},"title":"La municipalit\u00e9","author":"admin5620","date":"2 janvier 2019","format":false,"excerpt":"Tatiana et Nathalie vous accueillent aux secr\u00e9tariats de Mairie Calvinet: Mardi, jeudi et vendredi de 13h30 \u00e0 16h30 Place Jean de Bonnefon Calvinet T\u00e9l. 04 71 49 94 32 Mourjou: Mardi, jeudi et vendredi matin\u00a0de 9h \u00e0 12h00. Le bourg Mourjou Tel :\u00a004 71 49 96 37 Vous pouvez aussi\u2026","rel":"","context":"Article similaire","block_context":{"text":"Article similaire","link":""},"img":{"alt_text":"","src":"","width":0,"height":0},"classes":[]},{"id":3412,"url":"https:\/\/puycapel.fr\/index.php\/services-municipaux\/","url_meta":{"origin":136,"position":3},"title":"Services municipaux","author":"Mairie Puycapel","date":"18 janvier 2021","format":false,"excerpt":"Tatiana MARIE agent administratif affect\u00e9 au secr\u00e9tariat de Mairie Nathalie ROBERT-MALVEZIN Agent administratif affect\u00e9 au secr\u00e9tariat de mairie, animation, communication Christian CHARMES Agent technique Hubert MOLENAT Agent technique Brigitte BRU - animation des TAP et gestion de la m\u00e9diath\u00e8que Claudine LACASSAGNE -ATSEM Sandrine MAURY-LASSERONAgent administratif affect\u00e9 \u00e0 l'Agence Postale et\u2026","rel":"","context":"Article similaire","block_context":{"text":"Article similaire","link":""},"img":{"alt_text":"","src":"https:\/\/i0.wp.com\/puycapel.fr\/wp-content\/uploads\/2021\/01\/nath-scaled.jpg?resize=350%2C200&ssl=1","width":350,"height":200,"srcset":"https:\/\/i0.wp.com\/puycapel.fr\/wp-content\/uploads\/2021\/01\/nath-scaled.jpg?resize=350%2C200&ssl=1 1x, https:\/\/i0.wp.com\/puycapel.fr\/wp-content\/uploads\/2021\/01\/nath-scaled.jpg?resize=525%2C300&ssl=1 1.5x, https:\/\/i0.wp.com\/puycapel.fr\/wp-content\/uploads\/2021\/01\/nath-scaled.jpg?resize=700%2C400&ssl=1 2x, https:\/\/i0.wp.com\/puycapel.fr\/wp-content\/uploads\/2021\/01\/nath-scaled.jpg?resize=1050%2C600&ssl=1 3x, https:\/\/i0.wp.com\/puycapel.fr\/wp-content\/uploads\/2021\/01\/nath-scaled.jpg?resize=1400%2C800&ssl=1 4x"},"classes":[]},{"id":541,"url":"https:\/\/puycapel.fr\/index.php\/un-peu-dhistoire\/lhistoire-de-la-croix\/","url_meta":{"origin":136,"position":4},"title":"L\u2019Histoire de la croix","author":"Antoine Puech","date":"17 mars 2019","format":false,"excerpt":"LE REMPLACEMENT DE LA CROIX SURPLOMBANT LA FONTAINE DU FOIRAIL, PAR UNE STATUE DE LA LIBERTE ECLAIRANT LE MONDE Ce fait de l\u2019histoire du village s\u2019explique en partie par le contexte politique de la France du d\u00e9but du vingti\u00e8me si\u00e8cle. En 1908, le Pr\u00e9sident de la R\u00e9publique est Armand Falli\u00e8res,\u2026","rel":"","context":"Article similaire","block_context":{"text":"Article similaire","link":""},"img":{"alt_text":"","src":"","width":0,"height":0},"classes":[]},{"id":656,"url":"https:\/\/puycapel.fr\/index.php\/les-bonnes-adresses\/commerces-et-services\/","url_meta":{"origin":136,"position":5},"title":"Commerces et services","author":"Mairie Puycapel","date":"18 mars 2019","format":false,"excerpt":"Agriculture Proxiel \u2013 aliment b\u00e9tail, engrais\u00a0: Rue du Colombier CALVINET Alimentation EPICERIE\u00a0: SARL ROUQUIER Sup\u00e9rette 8 \u00e0 8: Alimentation g\u00e9n\u00e9rale, produits r\u00e9gionaux et locaux, presse, fruits et l\u00e9gumes, fromage \u00e0 la coupe, charcuterie etc. \u2013 Rue de la Ch\u00e2taigneraie CALVINET T\u00e9l : \u00a004 71 49 91 65 ou sarl.rouquier@orange.fr BOULANGERIE:\u2026","rel":"","context":"Article similaire","block_context":{"text":"Article similaire","link":""},"img":{"alt_text":"","src":"","width":0,"height":0},"classes":[]}],"_links":{"self":[{"href":"https:\/\/puycapel.fr\/index.php\/wp-json\/wp\/v2\/pages\/136","targetHints":{"allow":["GET"]}}],"collection":[{"href":"https:\/\/puycapel.fr\/index.php\/wp-json\/wp\/v2\/pages"}],"about":[{"href":"https:\/\/puycapel.fr\/index.php\/wp-json\/wp\/v2\/types\/page"}],"author":[{"embeddable":true,"href":"https:\/\/puycapel.fr\/index.php\/wp-json\/wp\/v2\/users\/3"}],"replies":[{"embeddable":true,"href":"https:\/\/puycapel.fr\/index.php\/wp-json\/wp\/v2\/comments?post=136"}],"version-history":[{"count":24,"href":"https:\/\/puycapel.fr\/index.php\/wp-json\/wp\/v2\/pages\/136\/revisions"}],"predecessor-version":[{"id":11145,"href":"https:\/\/puycapel.fr\/index.php\/wp-json\/wp\/v2\/pages\/136\/revisions\/11145"}],"up":[{"embeddable":true,"href":"https:\/\/puycapel.fr\/index.php\/wp-json\/wp\/v2\/pages\/83"}],"wp:attachment":[{"href":"https:\/\/puycapel.fr\/index.php\/wp-json\/wp\/v2\/media?parent=136"}],"curies":[{"name":"wp","href":"https:\/\/api.w.org\/{rel}","templated":true}]}}