{"id":1462,"date":"2019-09-02T15:29:00","date_gmt":"2019-09-02T13:29:00","guid":{"rendered":"https:\/\/puycapel.fr\/?page_id=1462"},"modified":"2026-03-30T09:57:07","modified_gmt":"2026-03-30T07:57:07","slug":"les-menus-de-la-cantine","status":"publish","type":"page","link":"https:\/\/puycapel.fr\/index.php\/les-menus-de-la-cantine\/","title":{"rendered":"Menus de la cantine"},"content":{"rendered":"\n<figure class=\"wp-block-gallery has-nested-images columns-default is-cropped wp-block-gallery-2 is-layout-flex wp-block-gallery-is-layout-flex\">\n<figure class=\"wp-block-image size-large\"><img data-recalc-dims=\"1\" loading=\"lazy\" decoding=\"async\" width=\"724\" height=\"1024\" data-attachment-id=\"11042\" data-permalink=\"https:\/\/puycapel.fr\/index.php\/les-menus-de-la-cantine\/yellow-and-brown-playful-fun-little-chef-flyer-1-2\/\" data-orig-file=\"https:\/\/i0.wp.com\/puycapel.fr\/wp-content\/uploads\/2026\/03\/Yellow-And-Brown-Playful-Fun-Little-Chef-Flyer-1.png?fit=1414%2C2000&amp;ssl=1\" data-orig-size=\"1414,2000\" data-comments-opened=\"0\" data-image-meta=\"{&quot;aperture&quot;:&quot;0&quot;,&quot;credit&quot;:&quot;&quot;,&quot;camera&quot;:&quot;&quot;,&quot;caption&quot;:&quot;&quot;,&quot;created_timestamp&quot;:&quot;0&quot;,&quot;copyright&quot;:&quot;&quot;,&quot;focal_length&quot;:&quot;0&quot;,&quot;iso&quot;:&quot;0&quot;,&quot;shutter_speed&quot;:&quot;0&quot;,&quot;title&quot;:&quot;&quot;,&quot;orientation&quot;:&quot;0&quot;}\" data-image-title=\"Yellow And Brown Playful Fun Little Chef Flyer (1)\" data-image-description=\"\" data-image-caption=\"\" data-large-file=\"https:\/\/i0.wp.com\/puycapel.fr\/wp-content\/uploads\/2026\/03\/Yellow-And-Brown-Playful-Fun-Little-Chef-Flyer-1.png?fit=724%2C1024&amp;ssl=1\" data-id=\"11042\" src=\"https:\/\/i0.wp.com\/puycapel.fr\/wp-content\/uploads\/2026\/03\/Yellow-And-Brown-Playful-Fun-Little-Chef-Flyer-1.png?resize=724%2C1024&#038;ssl=1\" alt=\"\" class=\"wp-image-11042\" srcset=\"https:\/\/i0.wp.com\/puycapel.fr\/wp-content\/uploads\/2026\/03\/Yellow-And-Brown-Playful-Fun-Little-Chef-Flyer-1.png?resize=724%2C1024&amp;ssl=1 724w, https:\/\/i0.wp.com\/puycapel.fr\/wp-content\/uploads\/2026\/03\/Yellow-And-Brown-Playful-Fun-Little-Chef-Flyer-1.png?resize=212%2C300&amp;ssl=1 212w, https:\/\/i0.wp.com\/puycapel.fr\/wp-content\/uploads\/2026\/03\/Yellow-And-Brown-Playful-Fun-Little-Chef-Flyer-1.png?resize=768%2C1086&amp;ssl=1 768w, https:\/\/i0.wp.com\/puycapel.fr\/wp-content\/uploads\/2026\/03\/Yellow-And-Brown-Playful-Fun-Little-Chef-Flyer-1.png?resize=1086%2C1536&amp;ssl=1 1086w, https:\/\/i0.wp.com\/puycapel.fr\/wp-content\/uploads\/2026\/03\/Yellow-And-Brown-Playful-Fun-Little-Chef-Flyer-1.png?resize=1320%2C1867&amp;ssl=1 1320w, https:\/\/i0.wp.com\/puycapel.fr\/wp-content\/uploads\/2026\/03\/Yellow-And-Brown-Playful-Fun-Little-Chef-Flyer-1.png?w=1414&amp;ssl=1 1414w\" sizes=\"auto, (max-width: 724px) 100vw, 724px\" \/><\/figure>\n<\/figure>\n","protected":false},"excerpt":{"rendered":"","protected":false},"author":2,"featured_media":0,"parent":0,"menu_order":0,"comment_status":"closed","ping_status":"closed","template":"","meta":{"_exactmetrics_skip_tracking":false,"_exactmetrics_sitenote_active":false,"_exactmetrics_sitenote_note":"","_exactmetrics_sitenote_category":0,"jetpack_post_was_ever_published":false,"footnotes":""},"class_list":["post-1462","page","type-page","status-publish","hentry"],"jetpack_sharing_enabled":true,"jetpack_shortlink":"https:\/\/wp.me\/PaADkW-nA","jetpack-related-posts":[{"id":2574,"url":"https:\/\/puycapel.fr\/index.php\/du-club-des-jeunes-a-la-cantine-scolaire\/","url_meta":{"origin":1462,"position":0},"title":"Du club des jeunes \u00e0 la cantine scolaire","author":"Mairie Puycapel","date":"9 juin 2020","format":false,"excerpt":"","rel":"","context":"Article similaire","block_context":{"text":"Article similaire","link":""},"img":{"alt_text":"","src":"https:\/\/i0.wp.com\/puycapel.fr\/wp-content\/uploads\/2020\/06\/couverture-1.jpg?resize=350%2C200&ssl=1","width":350,"height":200},"classes":[]},{"id":3412,"url":"https:\/\/puycapel.fr\/index.php\/services-municipaux\/","url_meta":{"origin":1462,"position":1},"title":"Services municipaux","author":"Mairie Puycapel","date":"18 janvier 2021","format":false,"excerpt":"Tatiana MARIE agent administratif affect\u00e9 au secr\u00e9tariat de Mairie Nathalie ROBERT-MALVEZIN Agent administratif affect\u00e9 au secr\u00e9tariat de mairie, animation, communication Christian CHARMES Agent technique Hubert MOLENAT Agent technique Brigitte BRU - animation des TAP et gestion de la m\u00e9diath\u00e8que Claudine LACASSAGNE -ATSEM Sandrine MAURY-LASSERONAgent administratif affect\u00e9 \u00e0 l'Agence Postale et\u2026","rel":"","context":"Article similaire","block_context":{"text":"Article similaire","link":""},"img":{"alt_text":"","src":"https:\/\/i0.wp.com\/puycapel.fr\/wp-content\/uploads\/2021\/01\/nath-scaled.jpg?resize=350%2C200&ssl=1","width":350,"height":200,"srcset":"https:\/\/i0.wp.com\/puycapel.fr\/wp-content\/uploads\/2021\/01\/nath-scaled.jpg?resize=350%2C200&ssl=1 1x, https:\/\/i0.wp.com\/puycapel.fr\/wp-content\/uploads\/2021\/01\/nath-scaled.jpg?resize=525%2C300&ssl=1 1.5x, https:\/\/i0.wp.com\/puycapel.fr\/wp-content\/uploads\/2021\/01\/nath-scaled.jpg?resize=700%2C400&ssl=1 2x, https:\/\/i0.wp.com\/puycapel.fr\/wp-content\/uploads\/2021\/01\/nath-scaled.jpg?resize=1050%2C600&ssl=1 3x, https:\/\/i0.wp.com\/puycapel.fr\/wp-content\/uploads\/2021\/01\/nath-scaled.jpg?resize=1400%2C800&ssl=1 4x"},"classes":[]},{"id":2028,"url":"https:\/\/puycapel.fr\/index.php\/paiement-en-ligne-tipi\/","url_meta":{"origin":1462,"position":2},"title":"Paiement en ligne TIPI","author":"Antoine Puech","date":"16 f\u00e9vrier 2020","format":false,"excerpt":"Ci dessous \u00e0 votre disposition, gratuitement, ce site internet s\u00e9curis\u00e9 pour faciliter le paiement de vos services publics locaux (Comme les frais de cantine par exemple.) En haut a droite de l\u2019avis figure un num\u00e9ro d\u2019identifiant de collectivit\u00e9 qui doit \u00eatre renseign\u00e9, ainsi que\u00a0la r\u00e9f\u00e9rence telle qu\u2019elle appara\u00eet sur votre\u2026","rel":"","context":"Article similaire","block_context":{"text":"Article similaire","link":""},"img":{"alt_text":"","src":"https:\/\/i0.wp.com\/puycapel.fr\/wp-content\/uploads\/2020\/02\/tipi2-150x150-1.jpg?ssl=1&resize=350%2C200","width":350,"height":200},"classes":[]},{"id":411,"url":"https:\/\/puycapel.fr\/index.php\/accueil\/contactez-nous\/lecole-de-puycapel-paiement-tipi\/","url_meta":{"origin":1462,"position":3},"title":"L&rsquo;\u00e9cole de Puycapel","author":"Antoine Puech","date":"11 f\u00e9vrier 2019","format":false,"excerpt":"Restauration scolaire La cantine scolaire est \u00e0 la disposition des enfants de l\u2019\u00e9cole tout au long de l\u2019ann\u00e9e scolaire. Les d\u00e9jeuners sont pr\u00e9par\u00e9s par un agent communal, charg\u00e9 \u00e9galement de l\u2019approvisionnement des denr\u00e9es alimentaires. Nous privil\u00e9gions les commerces et producteurs de proximit\u00e9. Le prix du repas est de 2,90\u20ac\u00a0(Rentr\u00e9e 2024\/2025)\u2026","rel":"","context":"Article similaire","block_context":{"text":"Article similaire","link":""},"img":{"alt_text":"","src":"https:\/\/i0.wp.com\/puycapel.fr\/wp-content\/uploads\/2020\/02\/tipi2-150x150-1.jpg?resize=350%2C200&ssl=1","width":350,"height":200},"classes":[]}],"_links":{"self":[{"href":"https:\/\/puycapel.fr\/index.php\/wp-json\/wp\/v2\/pages\/1462","targetHints":{"allow":["GET"]}}],"collection":[{"href":"https:\/\/puycapel.fr\/index.php\/wp-json\/wp\/v2\/pages"}],"about":[{"href":"https:\/\/puycapel.fr\/index.php\/wp-json\/wp\/v2\/types\/page"}],"author":[{"embeddable":true,"href":"https:\/\/puycapel.fr\/index.php\/wp-json\/wp\/v2\/users\/2"}],"replies":[{"embeddable":true,"href":"https:\/\/puycapel.fr\/index.php\/wp-json\/wp\/v2\/comments?post=1462"}],"version-history":[{"count":237,"href":"https:\/\/puycapel.fr\/index.php\/wp-json\/wp\/v2\/pages\/1462\/revisions"}],"predecessor-version":[{"id":11043,"href":"https:\/\/puycapel.fr\/index.php\/wp-json\/wp\/v2\/pages\/1462\/revisions\/11043"}],"wp:attachment":[{"href":"https:\/\/puycapel.fr\/index.php\/wp-json\/wp\/v2\/media?parent=1462"}],"curies":[{"name":"wp","href":"https:\/\/api.w.org\/{rel}","templated":true}]}}