{"id":1751,"date":"2019-11-24T09:43:40","date_gmt":"2019-11-24T08:43:40","guid":{"rendered":"https:\/\/puycapel.fr\/?page_id=1751"},"modified":"2019-11-24T09:43:40","modified_gmt":"2019-11-24T08:43:40","slug":"notre-dame-de-lauriol","status":"publish","type":"page","link":"https:\/\/puycapel.fr\/index.php\/notre-dame-de-lauriol\/","title":{"rendered":"Notre Dame de Lauriol"},"content":{"rendered":"\n<p><strong>NOTRE DAME DE LAURIOL<\/strong><\/p>\n\n\n\n<p><em>1.Histoire de la Vierge de Lauriol<\/em><\/p>\n\n\n\n<p>La vierge de Lauriol se trouve sur le territoire de Cassaniouze, dans un bois de sapin, \u00e0 droite du chemin qui m\u00e8ne \u00e0 Lauriol, quelques dizaines de m\u00e8tres apr\u00e8s le croisement du chemin qui m\u00e8ne \u00e0 Ayrolles-Vieilles.<\/p>\n\n\n\n<p>Cette vierge a une histoire li\u00e9e \u00e0 Lamothe et \u00e0 ses habitants.<\/p>\n\n\n\n<p>Autour de 1860, nous n\u2019en connaissons pas la date exacte, Timoth\u00e9e de Bonnafos et son \u00e9pouse Elisabeth, propri\u00e9taires de Lamothe \u00e0 cette \u00e9poque, partaient en landau (voiture hippomobile) conduit par un cocher. Apr\u00e8s le passage de la grille de la cour, un troupeau de dindons s\u2019est mis \u00e0 glousser&nbsp;; les chevaux ont pris peur et se sont emball\u00e9s&nbsp;; le cocher est tomb\u00e9 du landau et les chevaux ont pris la route de \u00ab&nbsp;Calvinet au Lot&nbsp;\u00bb (route napol\u00e9onienne ainsi d\u00e9nomm\u00e9e sur le cadastre).<\/p>\n\n\n\n<p>Timoth\u00e9e et Elisabeth de Bonnafos ont craint de p\u00e9rir dans un accident jusqu\u2019\u00e0 ce que les chevaux stoppent leur course sur leur propri\u00e9t\u00e9 juste avant Lauriol. Ont-ils fait un v\u0153u durant leur course folle ou ont-ils souhait\u00e9 remercier le ciel pour l\u2019issue favorable de cette course, nul ne le sait mais ils d\u00e9cid\u00e8rent tr\u00e8s rapidement de faire \u00e9riger une vierge \u00e0 l\u2019endroit o\u00f9 les chevaux s\u2019\u00e9taient arr\u00eat\u00e9s.<\/p>\n\n\n\n<p><em>2.Mod\u00e8le de vierge<\/em><\/p>\n\n\n\n<p>La vierge mesure environ 1,50m de haut. Elle est juch\u00e9e sur un socle en granit compos\u00e9 d\u2019une base grossi\u00e8re surmont\u00e9e d\u2019un bloc octogonal soigneusement taill\u00e9.<\/p>\n\n\n\n<p>La vierge est en fonte. Comme indiqu\u00e9 sur sa base, elle a \u00e9t\u00e9 achet\u00e9e \u00e0 l\u2019entreprise de Antoine Durenne (1822-1895). Celui-ci est un fondeur de bronze et fonte de renomm\u00e9e internationale dans la deuxi\u00e8me moiti\u00e9 du XIX<sup>\u00e8me&nbsp;<\/sup>si\u00e8cle. On trouve &nbsp;ses \u0153uvres dans de tr\u00e8s nombreux pays&nbsp;: France bien s\u00fbr, Espagne, Etats-Unis, Canada, Venezuela, Colombie, Russie, Pologne, Guin\u00e9e \u2026 . Deux de ses \u0153uvres d\u00e9corent le parvis du mus\u00e9e d\u2019Orsay. Antoine Durenne a obtenu plusieurs prix \u00e0 l\u2019occasion d\u2019expositions universelles. Il r\u00e9alisait ses moules \u00e0 partir de mod\u00e8les r\u00e9alis\u00e9s par les meilleurs artistes de l\u2019\u00e9poque. La vierge de Lauriol a \u00e9t\u00e9 fondue \u00e0 partir d\u2019un mod\u00e8le du sculpteur Th\u00e9non-Meunier, sculpteur qui a r\u00e9alis\u00e9 la majorit\u00e9 des mod\u00e8les religieux de l\u2019entreprise Antoine Durenne.<\/p>\n\n\n\n<p><em>3. Symbolique de la vierge de Lauriol<\/em><\/p>\n\n\n\n<p>La vierge de Lauriol est repr\u00e9sent\u00e9e conform\u00e9ment aux canons de la deuxi\u00e8me partie du XIX<sup>\u00e8me&nbsp;<\/sup>si\u00e8cle&nbsp;: une jeune femme, les bras ouverts pour accueillir, coiff\u00e9e d\u2019un voile, support\u00e9e par deux anges et \u00e9crasant un serpent qui mange une pomme, symbole du mal. Elle est en blanc, symbole de la puret\u00e9, avec une ceinture bleue, symbole de la divinit\u00e9.<\/p>\n\n\n\n<p>Une marche organis\u00e9e par la paroisse Saint Joseph en Veinazes en 2010 a fait une \u00e9tape devant la vierge de Lauriol et lui a donn\u00e9 le nom \u00ab&nbsp;Notre Dame de Lauriol&nbsp;\u00bb qu\u2019elle porte depuis cette date, en particulier quand elle est invoqu\u00e9e.<\/p>\n\n\n\n<div class=\"wp-block-image\"><figure class=\"aligncenter\"><a href=\"https:\/\/i0.wp.com\/www.calvinet.fr\/wp-content\/uploads\/2015\/10\/ndloriol2.jpg\"><img data-recalc-dims=\"1\" height=\"300\" width=\"225\" decoding=\"async\" src=\"https:\/\/i0.wp.com\/www.calvinet.fr\/wp-content\/uploads\/2015\/10\/ndloriol2-225x300.jpg?resize=225%2C300\" alt=\"ndloriol2\" class=\"wp-image-696\"\/><\/a><\/figure><\/div>\n","protected":false},"excerpt":{"rendered":"<p>NOTRE DAME DE LAURIOL 1.Histoire de la Vierge de Lauriol La vierge de Lauriol se trouve sur le territoire de Cassaniouze, dans un bois de sapin, \u00e0 droite du chemin qui m\u00e8ne \u00e0 Lauriol, quelques dizaines de m\u00e8tres apr\u00e8s le croisement du chemin qui m\u00e8ne \u00e0 Ayrolles-Vieilles. Cette vierge a une histoire li\u00e9e \u00e0 Lamothe [&hellip;]<\/p>\n","protected":false},"author":3,"featured_media":0,"parent":0,"menu_order":0,"comment_status":"closed","ping_status":"closed","template":"","meta":{"_exactmetrics_skip_tracking":false,"_exactmetrics_sitenote_active":false,"_exactmetrics_sitenote_note":"","_exactmetrics_sitenote_category":0,"jetpack_post_was_ever_published":false,"footnotes":""},"class_list":["post-1751","page","type-page","status-publish","hentry"],"jetpack_sharing_enabled":true,"jetpack_shortlink":"https:\/\/wp.me\/PaADkW-sf","jetpack-related-posts":[{"id":1748,"url":"https:\/\/puycapel.fr\/index.php\/le-chateau-de-lamothe\/","url_meta":{"origin":1751,"position":0},"title":"Le ch\u00e2teau de Lamothe","author":"Antoine Puech","date":"24 novembre 2019","format":false,"excerpt":"Le ch\u00e2teau de Lamothe est situ\u00e9 sur la route d\u00e9partementale D66 qui relie Calvinet \u00e0 Cassaniouze, \u00e0 environ 2 km de Calvinet. Description du ch\u00e2teau Le ch\u00e2teau de Lamothe, inscrit \u00e0 l\u2019Inventaire Suppl\u00e9mentaire des Monuments Historiques pr\u00e9sente un ensemble particuli\u00e8rement remarquable par l\u2019utilisation des b\u00e2timents d\u2019exploitation pour en valeur un\u2026","rel":"","context":"Article similaire","block_context":{"text":"Article similaire","link":""},"img":{"alt_text":"Lamothe 1","src":"https:\/\/i0.wp.com\/www.calvinet.fr\/wp-content\/uploads\/2015\/04\/Lamothe-1-300x205.jpg?resize=350%2C200","width":350,"height":200},"classes":[]},{"id":541,"url":"https:\/\/puycapel.fr\/index.php\/un-peu-dhistoire\/lhistoire-de-la-croix\/","url_meta":{"origin":1751,"position":1},"title":"L\u2019Histoire de la croix","author":"Antoine Puech","date":"17 mars 2019","format":false,"excerpt":"LE REMPLACEMENT DE LA CROIX SURPLOMBANT LA FONTAINE DU FOIRAIL, PAR UNE STATUE DE LA LIBERTE ECLAIRANT LE MONDE Ce fait de l\u2019histoire du village s\u2019explique en partie par le contexte politique de la France du d\u00e9but du vingti\u00e8me si\u00e8cle. En 1908, le Pr\u00e9sident de la R\u00e9publique est Armand Falli\u00e8res,\u2026","rel":"","context":"Article similaire","block_context":{"text":"Article similaire","link":""},"img":{"alt_text":"","src":"","width":0,"height":0},"classes":[]},{"id":92,"url":"https:\/\/puycapel.fr\/index.php\/poitique-de-confidentialite\/","url_meta":{"origin":1751,"position":2},"title":"Politique de Confidentialit\u00e9 et Mentions l\u00e9gales","author":"admin5620","date":"3 janvier 2019","format":false,"excerpt":"Qui sommes-nous\u00a0? L\u2019adresse de notre site Web est\u00a0: https:\/\/www.puycapel.fr. Directeur de la publication : Mr\u00a0Fran\u00e7ois Danemans et Mr Raymond Delcamp Editeur : Mairie de Puycapel H\u00e9bergeur :\u00a0OVH Le contenu est fourni \u00e0 titre informatif et peut contenir des erreurs , nous faisons tout pour y rem\u00e9dier. N\u2019h\u00e9sitez pas \u00e0 nous\u2026","rel":"","context":"Article similaire","block_context":{"text":"Article similaire","link":""},"img":{"alt_text":"","src":"","width":0,"height":0},"classes":[]},{"id":631,"url":"https:\/\/puycapel.fr\/index.php\/les-bonnes-adresses\/les-entreprises\/","url_meta":{"origin":1751,"position":3},"title":"Les entreprises","author":"Mairie Puycapel","date":"18 mars 2019","format":false,"excerpt":"Brocante-\u00e9b\u00e9nisterie Jany St\u00e9phane \u2013 Impasse des Clarine CALVINET T\u00e9l\u00a0: 04 71 49 91 33 et www.brocante-antiquites-jany.com Electricit\u00e9 \/ Plomberie\u00a0\/ Chauffage: BRU Laurent \u2013 Rue des Prades CALVINET T\u00e9l\u00a0: 04 71 49 99 77 et 06 80 17 31 11 et bru-laurent@wanadoo.fr Salon de coiffure Le Salon d'Alice CALVINET : 0471624958\u2026","rel":"","context":"Article similaire","block_context":{"text":"Article similaire","link":""},"img":{"alt_text":"","src":"","width":0,"height":0},"classes":[]},{"id":1757,"url":"https:\/\/puycapel.fr\/index.php\/liens-avec-la-principaute-de-monaco\/","url_meta":{"origin":1751,"position":4},"title":"Liens avec la Principaut\u00e9 de Monaco","author":"Antoine Puech","date":"24 novembre 2019","format":false,"excerpt":"Les liens entre la Principaut\u00e9 de Monaco et la commune de Calvinet datent du XVII\u00e8me si\u00e8cle.Par le Trait\u00e9 de P\u00e9ronne du 14 septembre 1641, Honor\u00e9 II Grimaldi, Prince de Monaco, abandonne le protectorat de l\u2019Espagne pour se mettre sous la protection du roi de France Louis XIII, qui lui avait\u2026","rel":"","context":"Article similaire","block_context":{"text":"Article similaire","link":""},"img":{"alt_text":"","src":"","width":0,"height":0},"classes":[]},{"id":8420,"url":"https:\/\/puycapel.fr\/index.php\/avis-denquete-publique-3\/","url_meta":{"origin":1751,"position":5},"title":"AVIS D&rsquo;ENQUETE PUBLIQUE","author":"Mairie Puycapel","date":"11 septembre 2023","format":false,"excerpt":"Relative \u00e0 la d\u00e9saffectation, pour ali\u00e9nation du chemin rural situ\u00e9 au lieu-dit Le Loriot \u00e0 Mourjou, Commune de PUYCAPEL. ****************** DOSSIER D'ENQUETE PUBLIQUE pour consultation ***************** Arr\u00eat\u00e9 d\u2019ouverture d\u2019enqu\u00eate publique\u00a0(t\u00e9l\u00e9chargez l\u2019arr\u00eat\u00e9 en cliquant sur les deux images ci-dessous) Arr\u00eat\u00e9 Enqu\u00eate publiqueT\u00e9l\u00e9charger","rel":"","context":"Article similaire","block_context":{"text":"Article similaire","link":""},"img":{"alt_text":"","src":"","width":0,"height":0},"classes":[]}],"_links":{"self":[{"href":"https:\/\/puycapel.fr\/index.php\/wp-json\/wp\/v2\/pages\/1751","targetHints":{"allow":["GET"]}}],"collection":[{"href":"https:\/\/puycapel.fr\/index.php\/wp-json\/wp\/v2\/pages"}],"about":[{"href":"https:\/\/puycapel.fr\/index.php\/wp-json\/wp\/v2\/types\/page"}],"author":[{"embeddable":true,"href":"https:\/\/puycapel.fr\/index.php\/wp-json\/wp\/v2\/users\/3"}],"replies":[{"embeddable":true,"href":"https:\/\/puycapel.fr\/index.php\/wp-json\/wp\/v2\/comments?post=1751"}],"version-history":[{"count":1,"href":"https:\/\/puycapel.fr\/index.php\/wp-json\/wp\/v2\/pages\/1751\/revisions"}],"predecessor-version":[{"id":1753,"href":"https:\/\/puycapel.fr\/index.php\/wp-json\/wp\/v2\/pages\/1751\/revisions\/1753"}],"wp:attachment":[{"href":"https:\/\/puycapel.fr\/index.php\/wp-json\/wp\/v2\/media?parent=1751"}],"curies":[{"name":"wp","href":"https:\/\/api.w.org\/{rel}","templated":true}]}}