{"id":1761,"date":"2019-11-24T09:55:40","date_gmt":"2019-11-24T08:55:40","guid":{"rendered":"https:\/\/puycapel.fr\/?page_id=1761"},"modified":"2019-11-24T12:16:12","modified_gmt":"2019-11-24T11:16:12","slug":"calvinet-au-moyen-age","status":"publish","type":"page","link":"https:\/\/puycapel.fr\/index.php\/calvinet-au-moyen-age\/","title":{"rendered":"Calvinet au moyen Age"},"content":{"rendered":"\n<h2 class=\"wp-block-heading\">La charte des habitants de Calvinet au Moyen Age<\/h2>\n\n\n\n<div class=\"wp-block-image\"><figure class=\"aligncenter\"><a href=\"https:\/\/i0.wp.com\/www.calvinet.fr\/wp-content\/uploads\/2016\/10\/mail-Antoine-2-1.jpg\"><img data-recalc-dims=\"1\" height=\"178\" width=\"300\" decoding=\"async\" src=\"https:\/\/i0.wp.com\/www.calvinet.fr\/wp-content\/uploads\/2016\/10\/mail-Antoine-2-1-300x178.jpg?resize=300%2C178\" alt=\"\" class=\"wp-image-2545\"\/><\/a><\/figure><\/div>\n\n\n\n<p>Ci dessous, disponible en t\u00e9l\u00e9chargement, un expos\u00e9 de la \u00ab&nbsp;Charte des habitants de calvinet&nbsp;\u00bb qui a \u00e9t\u00e9 pr\u00e9sent\u00e9e&nbsp;par Guy Ouillade le 7 Juillet 2017 \u00e0 la salle des f\u00eates de Calvinet.<\/p>\n\n\n\n<div class=\"wp-block-file\"><a href=\"https:\/\/puycapel.fr\/wp-content\/uploads\/2019\/11\/Calvinet-au-XIII-pr\u00e9sentation-imprimable.pdf\">Calvinet-au-XIII-pr\u00e9sentation-imprimable<\/a><a href=\"https:\/\/puycapel.fr\/wp-content\/uploads\/2019\/11\/Calvinet-au-XIII-pr\u00e9sentation-imprimable.pdf\" class=\"wp-block-file__button\" download>T\u00e9l\u00e9charger<\/a><\/div>\n\n\n\n<h2 class=\"wp-block-heading\">Conf\u00e9rence sur Calvinet au Moyen Age<\/h2>\n\n\n\n<p>Le support de projection de la conf\u00e9rence du 18 septembre 2016 \u00e0 l\u2019occasion des journ\u00e9es du patrimoine a \u00e9t\u00e9 converti au format PDF pour les mettre \u00e0 la disposition des personnes int\u00e9ress\u00e9es par le sujet.Cet expos\u00e9 s\u2019est tenu sur l\u2019invitation de l\u2019association Calvinet Patrimoine.Merci \u00e0 Guy OUILLADE et tous les contributeurs de ces recherches pour ce document partag\u00e9.Si d\u2019autres&nbsp;personnes souhaitent \u00e9galement partager leurs recherches sur Calvinet, n\u2019h\u00e9sitez pas \u00e0 nous en faire part.<\/p>\n\n\n\n<div class=\"wp-block-file\"><a href=\"https:\/\/puycapel.fr\/wp-content\/uploads\/2019\/11\/Charte-mairie-imprimable.pdf\">Charte-mairie-imprimable<\/a><a href=\"https:\/\/puycapel.fr\/wp-content\/uploads\/2019\/11\/Charte-mairie-imprimable.pdf\" class=\"wp-block-file__button\" download>T\u00e9l\u00e9charger<\/a><\/div>\n\n\n\n<div class=\"wp-block-image\"><figure class=\"aligncenter\"><a href=\"https:\/\/i0.wp.com\/www.calvinet.fr\/wp-content\/uploads\/2016\/10\/calvinet2.jpg\"><img data-recalc-dims=\"1\" height=\"168\" width=\"300\" decoding=\"async\" src=\"https:\/\/i0.wp.com\/www.calvinet.fr\/wp-content\/uploads\/2016\/10\/calvinet2-300x168.jpg?resize=300%2C168\" alt=\"calvinet2\" class=\"wp-image-1677\"\/><\/a><\/figure><\/div>\n","protected":false},"excerpt":{"rendered":"<p>La charte des habitants de Calvinet au Moyen Age Ci dessous, disponible en t\u00e9l\u00e9chargement, un expos\u00e9 de la \u00ab&nbsp;Charte des habitants de calvinet&nbsp;\u00bb qui a \u00e9t\u00e9 pr\u00e9sent\u00e9e&nbsp;par Guy Ouillade le 7 Juillet 2017 \u00e0 la salle des f\u00eates de Calvinet. Conf\u00e9rence sur Calvinet au Moyen Age Le support de projection de la conf\u00e9rence du 18 [&hellip;]<\/p>\n","protected":false},"author":3,"featured_media":0,"parent":0,"menu_order":0,"comment_status":"closed","ping_status":"closed","template":"","meta":{"_exactmetrics_skip_tracking":false,"_exactmetrics_sitenote_active":false,"_exactmetrics_sitenote_note":"","_exactmetrics_sitenote_category":0,"jetpack_post_was_ever_published":false,"footnotes":""},"class_list":["post-1761","page","type-page","status-publish","hentry"],"jetpack_sharing_enabled":true,"jetpack_shortlink":"https:\/\/wp.me\/PaADkW-sp","jetpack-related-posts":[{"id":1754,"url":"https:\/\/puycapel.fr\/index.php\/calvinet-et-eustache-de-beaumarchais\/","url_meta":{"origin":1761,"position":0},"title":"Calvinet et Eustache de Beaumarchais","author":"Antoine Puech","date":"24 novembre 2019","format":false,"excerpt":"Extrait de la notice historique sur le canton de Montsalvy, r\u00e9dig\u00e9e par Gabriel ESQUER (1876-1961), archiviste du d\u00e9partement du Cantal entre 1903 et 1909, publi\u00e9e dans les \u00e9ditions successives de l\u2019annuaire de l\u2019Association amicale des originaires du canton de Montsalvy. Le pr\u00e9sent extrait est tir\u00e9 de l\u2019\u00e9dition de cet annuaire\u2026","rel":"","context":"Article similaire","block_context":{"text":"Article similaire","link":""},"img":{"alt_text":"","src":"","width":0,"height":0},"classes":[]},{"id":236,"url":"https:\/\/puycapel.fr\/index.php\/accueil\/les-associations-de-puycapel\/les-seniors-de-calvinet\/","url_meta":{"origin":1761,"position":1},"title":"Les Seniors de Calvinet","author":"Antoine Puech","date":"26 janvier 2019","format":false,"excerpt":"En 1977, le Club d\u2019Animation Populaire \u00e9tait un lieu de rencontres et d\u2019animation du village. Les activit\u00e9s \u00e9taient class\u00e9es en trois sections : Loisirs, Jeunes et 3\u00e8me \u00e2ge. C\u2019est Pierre Couderc, instituteur du village, qui pr\u00e9sidait ce club. De 1989 \u00e0 1994 Raymond Duproz prend la pr\u00e9sidence de la section\u2026","rel":"","context":"Article similaire","block_context":{"text":"Article similaire","link":""},"img":{"alt_text":"","src":"","width":0,"height":0},"classes":[]},{"id":1141,"url":"https:\/\/puycapel.fr\/index.php\/les-equipements\/","url_meta":{"origin":1761,"position":2},"title":"Equipements et loisirs","author":"Mairie Puycapel","date":"27 mai 2019","format":false,"excerpt":"Toutes les infos touristiques\u00a0: CALVINET\u00a0: agence postale, MOURJOU\u00a0: m\u00e9diath\u00e8que ou https:\/\/chataigneraie-cantal.com\/ Bornes wifi\u00a0: CALVINET\u00a0: agence postale, MOURJOU parking devant la mairie et salle d\u2019activit\u00e9s Terrains de sport \u00e0 Calvinet et Mourjou Salles des f\u00eates \u00e0 Calvinet et Mourjou (grande capacit\u00e9). R\u00e9servation des salles aupr\u00e8s de la mairie. Tarifs : *\u2026","rel":"","context":"Article similaire","block_context":{"text":"Article similaire","link":""},"img":{"alt_text":"","src":"https:\/\/i0.wp.com\/puycapel.fr\/wp-content\/uploads\/2019\/05\/eau-calvinet.jpg?resize=350%2C200&ssl=1","width":350,"height":200},"classes":[]},{"id":677,"url":"https:\/\/puycapel.fr\/index.php\/la-sante\/","url_meta":{"origin":1761,"position":3},"title":"La sant\u00e9","author":"Mairie Puycapel","date":"18 mars 2019","format":false,"excerpt":"D\u00e9fibrillateurs : sur le mur ext\u00e9rieur gauche de la salle polyvalente, rue du Colombier \u00e0 CALVINET et dans le hall de la mairie \u00e0 MOURJOU MEDECINS Anne-Sophie MARRE-VOREUX & Pauline MERCIER:\u00a0M\u00e9decins g\u00e9n\u00e9ralistes- Maison de sant\u00e9-Route de la gendarmerie RD 66 CALVINET-04 71 49 17 40 \u2013\u00a0Sur RDV du lundi au\u2026","rel":"","context":"Article similaire","block_context":{"text":"Article similaire","link":""},"img":{"alt_text":"","src":"","width":0,"height":0},"classes":[]},{"id":828,"url":"https:\/\/puycapel.fr\/","url_meta":{"origin":1761,"position":4},"title":"Bienvenue sur le site internet de Puycapel","author":"Mairie Puycapel","date":"18 avril 2019","format":false,"excerpt":"Bienvenue sur le site officiel de la commune de Puycapel. N\u00e9e du regroupement des communes de Calvinet et de Mourjou, Puycapel, situ\u00e9e en Ch\u00e2taigneraie cantalienne, canton de Maurs, est une commune nouvelle (depuis le 1er janvier 2019) qui rassemble pr\u00e8s de 800 habitants. Sur ce site internet retrouvez toutes les\u2026","rel":"","context":"Article similaire","block_context":{"text":"Article similaire","link":""},"img":{"alt_text":"","src":"https:\/\/i0.wp.com\/puycapel.fr\/wp-content\/uploads\/2021\/12\/image-neige-village.jpg?resize=350%2C200&ssl=1","width":350,"height":200,"srcset":"https:\/\/i0.wp.com\/puycapel.fr\/wp-content\/uploads\/2021\/12\/image-neige-village.jpg?resize=350%2C200&ssl=1 1x, https:\/\/i0.wp.com\/puycapel.fr\/wp-content\/uploads\/2021\/12\/image-neige-village.jpg?resize=525%2C300&ssl=1 1.5x, https:\/\/i0.wp.com\/puycapel.fr\/wp-content\/uploads\/2021\/12\/image-neige-village.jpg?resize=700%2C400&ssl=1 2x, https:\/\/i0.wp.com\/puycapel.fr\/wp-content\/uploads\/2021\/12\/image-neige-village.jpg?resize=1050%2C600&ssl=1 3x, https:\/\/i0.wp.com\/puycapel.fr\/wp-content\/uploads\/2021\/12\/image-neige-village.jpg?resize=1400%2C800&ssl=1 4x"},"classes":[]},{"id":235,"url":"https:\/\/puycapel.fr\/index.php\/accueil\/les-associations-de-puycapel\/comite-des-fetes-de-calvinet\/","url_meta":{"origin":1761,"position":5},"title":"Comit\u00e9 des f\u00eates de Calvinet","author":"Antoine Puech","date":"26 janvier 2019","format":false,"excerpt":"Le Comit\u00e9 des F\u00eates a tenu en octobre 2020, son assembl\u00e9e g\u00e9n\u00e9rale annuelle. \u00c0 cette occasion, le bureau a connu des modifications\u00a0: Pr\u00e9sidente\u00a0: Gonzales Lisa Vice Pr\u00e9sidente\u00a0: Felgines Alexandra Tr\u00e9sorier\u00a0: Albiol Louis Vice Tr\u00e9sorier\u00a0: Chabut Simon Secr\u00e9taire\u00a0: Gonzales Jade Vice Secr\u00e9taire\u00a0: Martory Ambre Pour cette ann\u00e9e 2021, le comit\u00e9 des\u2026","rel":"","context":"Article similaire","block_context":{"text":"Article similaire","link":""},"img":{"alt_text":"","src":"","width":0,"height":0},"classes":[]}],"_links":{"self":[{"href":"https:\/\/puycapel.fr\/index.php\/wp-json\/wp\/v2\/pages\/1761","targetHints":{"allow":["GET"]}}],"collection":[{"href":"https:\/\/puycapel.fr\/index.php\/wp-json\/wp\/v2\/pages"}],"about":[{"href":"https:\/\/puycapel.fr\/index.php\/wp-json\/wp\/v2\/types\/page"}],"author":[{"embeddable":true,"href":"https:\/\/puycapel.fr\/index.php\/wp-json\/wp\/v2\/users\/3"}],"replies":[{"embeddable":true,"href":"https:\/\/puycapel.fr\/index.php\/wp-json\/wp\/v2\/comments?post=1761"}],"version-history":[{"count":2,"href":"https:\/\/puycapel.fr\/index.php\/wp-json\/wp\/v2\/pages\/1761\/revisions"}],"predecessor-version":[{"id":1769,"href":"https:\/\/puycapel.fr\/index.php\/wp-json\/wp\/v2\/pages\/1761\/revisions\/1769"}],"wp:attachment":[{"href":"https:\/\/puycapel.fr\/index.php\/wp-json\/wp\/v2\/media?parent=1761"}],"curies":[{"name":"wp","href":"https:\/\/api.w.org\/{rel}","templated":true}]}}