{"id":178,"date":"2019-01-26T13:53:00","date_gmt":"2019-01-26T12:53:00","guid":{"rendered":"https:\/\/puycapel.fr\/?page_id=178"},"modified":"2025-10-06T13:33:27","modified_gmt":"2025-10-06T11:33:27","slug":"union-sportive-du-haut-cele-ushc","status":"publish","type":"page","link":"https:\/\/puycapel.fr\/index.php\/accueil\/les-associations-de-puycapel\/union-sportive-du-haut-cele-ushc\/","title":{"rendered":"Union sportive du Haut-C\u00e9l\u00e9 (USHC)"},"content":{"rendered":"\n<h2 class=\"wp-block-heading\"><strong>CALENDRIER<\/strong> (octobre\/novembre 25)<\/h2>\n\n\n\n<figure class=\"wp-block-image size-large is-resized\"><img data-recalc-dims=\"1\" loading=\"lazy\" decoding=\"async\" width=\"1024\" height=\"1024\" data-attachment-id=\"10464\" data-permalink=\"https:\/\/puycapel.fr\/index.php\/accueil\/les-associations-de-puycapel\/union-sportive-du-haut-cele-ushc\/photo_2\/\" data-orig-file=\"https:\/\/i0.wp.com\/puycapel.fr\/wp-content\/uploads\/2025\/10\/photo_2.png?fit=1080%2C1080&amp;ssl=1\" data-orig-size=\"1080,1080\" data-comments-opened=\"0\" data-image-meta=\"{&quot;aperture&quot;:&quot;0&quot;,&quot;credit&quot;:&quot;&quot;,&quot;camera&quot;:&quot;&quot;,&quot;caption&quot;:&quot;&quot;,&quot;created_timestamp&quot;:&quot;0&quot;,&quot;copyright&quot;:&quot;&quot;,&quot;focal_length&quot;:&quot;0&quot;,&quot;iso&quot;:&quot;0&quot;,&quot;shutter_speed&quot;:&quot;0&quot;,&quot;title&quot;:&quot;&quot;,&quot;orientation&quot;:&quot;0&quot;}\" data-image-title=\"photo_2\" data-image-description=\"\" data-image-caption=\"\" data-large-file=\"https:\/\/i0.wp.com\/puycapel.fr\/wp-content\/uploads\/2025\/10\/photo_2.png?fit=1024%2C1024&amp;ssl=1\" src=\"https:\/\/i0.wp.com\/puycapel.fr\/wp-content\/uploads\/2025\/10\/photo_2.png?resize=1024%2C1024&#038;ssl=1\" alt=\"\" class=\"wp-image-10464\" style=\"width:645px;height:auto\" srcset=\"https:\/\/i0.wp.com\/puycapel.fr\/wp-content\/uploads\/2025\/10\/photo_2.png?resize=1024%2C1024&amp;ssl=1 1024w, https:\/\/i0.wp.com\/puycapel.fr\/wp-content\/uploads\/2025\/10\/photo_2.png?resize=300%2C300&amp;ssl=1 300w, https:\/\/i0.wp.com\/puycapel.fr\/wp-content\/uploads\/2025\/10\/photo_2.png?resize=150%2C150&amp;ssl=1 150w, https:\/\/i0.wp.com\/puycapel.fr\/wp-content\/uploads\/2025\/10\/photo_2.png?resize=768%2C768&amp;ssl=1 768w, https:\/\/i0.wp.com\/puycapel.fr\/wp-content\/uploads\/2025\/10\/photo_2.png?w=1080&amp;ssl=1 1080w\" sizes=\"auto, (max-width: 1000px) 100vw, 1000px\" \/><\/figure>\n\n\n\n<p>&#8212;&#8212;&#8212;&#8212;&#8212;&#8212;&#8212;&#8212;&#8212; <\/p>\n\n\n\n<p>Ce club a vu le jour lors de la saison 2013\/2014. Il est n\u00e9 de la fusion de l\u2019entente Mourjou\/ Cassaniouze et de Calvinet sportif.<\/p>\n\n\n\n<p>L\u2019\u00e9quipe 1\u00e8re entrain\u00e9e par Jean MAFFRE, \u00e9volue toujours cette ann\u00e9e en promotion d\u00e9partemental (poule A)&nbsp; et l\u2019\u00e9quipe r\u00e9serve en division 2 d\u00e9partemental (poule D).<\/p>\n\n\n\n<p>L\u2019effectif est \u00e0 peu de chose pr\u00e8s identique \u00e0&nbsp; la saison pr\u00e9c\u00e9dente. Nous avons le plaisir d\u2019accueillir de jeunes joueurs&nbsp;: Ga\u00ebtan GOUTEL, Arnaud DELBOUVRY, Cl\u00e9ment LABRUNIE, Remi LOUBIERE, Franck ROUQUET et le retour de quelques anciens joueurs.<\/p>\n\n\n\n<p>Nous d\u00e9plorons toujours un manque d\u2019encadrant pour suivre nos \u00e9quipes.<\/p>\n\n\n\n<p>Le bureau \u00e9lu&nbsp; est le suivant:<br>Pr\u00e9sident&nbsp;:&nbsp;Damien SANCONIE\/ Co-pr\u00e9sident : Cl\u00e9ment DELORT<\/p>\n\n\n\n<p>Nous vous encourageons \u00e0 nous suivre les dimanches apr\u00e8s-midi sur les terrains de Cassaniouze, Calvinet et Mourjou.<\/p>\n\n\n\n<figure class=\"wp-block-image is-resized\"><a href=\"https:\/\/i0.wp.com\/puycapel.fr\/wp-content\/uploads\/2019\/01\/photo-equipe-2018-2019.jpg?ssl=1\"><img data-recalc-dims=\"1\" loading=\"lazy\" decoding=\"async\" width=\"640\" height=\"586\" data-attachment-id=\"179\" data-permalink=\"https:\/\/puycapel.fr\/index.php\/accueil\/les-associations-de-puycapel\/union-sportive-du-haut-cele-ushc\/photo-equipe-2018-2019\/\" data-orig-file=\"https:\/\/i0.wp.com\/puycapel.fr\/wp-content\/uploads\/2019\/01\/photo-equipe-2018-2019.jpg?fit=640%2C586&amp;ssl=1\" data-orig-size=\"640,586\" data-comments-opened=\"0\" data-image-meta=\"{&quot;aperture&quot;:&quot;2.2&quot;,&quot;credit&quot;:&quot;&quot;,&quot;camera&quot;:&quot;iPhone 6&quot;,&quot;caption&quot;:&quot;&quot;,&quot;created_timestamp&quot;:&quot;1541948357&quot;,&quot;copyright&quot;:&quot;&quot;,&quot;focal_length&quot;:&quot;4.15&quot;,&quot;iso&quot;:&quot;32&quot;,&quot;shutter_speed&quot;:&quot;0.00085984522785899&quot;,&quot;title&quot;:&quot;&quot;,&quot;orientation&quot;:&quot;0&quot;}\" data-image-title=\"photo equipe 2018-2019\" data-image-description=\"\" data-image-caption=\"\" data-large-file=\"https:\/\/i0.wp.com\/puycapel.fr\/wp-content\/uploads\/2019\/01\/photo-equipe-2018-2019.jpg?fit=640%2C586&amp;ssl=1\" src=\"https:\/\/i0.wp.com\/puycapel.fr\/wp-content\/uploads\/2019\/01\/photo-equipe-2018-2019.jpg?resize=640%2C586&#038;ssl=1\" alt=\"\" class=\"wp-image-179\" style=\"width:652px;height:597px\" srcset=\"https:\/\/i0.wp.com\/puycapel.fr\/wp-content\/uploads\/2019\/01\/photo-equipe-2018-2019.jpg?w=640&amp;ssl=1 640w, https:\/\/i0.wp.com\/puycapel.fr\/wp-content\/uploads\/2019\/01\/photo-equipe-2018-2019.jpg?resize=300%2C275&amp;ssl=1 300w\" sizes=\"auto, (max-width: 640px) 100vw, 640px\" \/><\/a><\/figure>\n","protected":false},"excerpt":{"rendered":"<p>CALENDRIER (octobre\/novembre 25) &#8212;&#8212;&#8212;&#8212;&#8212;&#8212;&#8212;&#8212;&#8212; Ce club a vu le jour lors de la saison 2013\/2014. Il est n\u00e9 de la fusion de l\u2019entente Mourjou\/ Cassaniouze et de Calvinet sportif. L\u2019\u00e9quipe 1\u00e8re entrain\u00e9e par Jean MAFFRE, \u00e9volue toujours cette ann\u00e9e en promotion d\u00e9partemental (poule A)&nbsp; et l\u2019\u00e9quipe r\u00e9serve en division 2 d\u00e9partemental (poule D). L\u2019effectif est [&hellip;]<\/p>\n","protected":false},"author":3,"featured_media":0,"parent":183,"menu_order":0,"comment_status":"closed","ping_status":"closed","template":"","meta":{"_exactmetrics_skip_tracking":false,"_exactmetrics_sitenote_active":false,"_exactmetrics_sitenote_note":"","_exactmetrics_sitenote_category":0,"jetpack_post_was_ever_published":false,"footnotes":""},"class_list":["post-178","page","type-page","status-publish","hentry"],"jetpack_sharing_enabled":true,"jetpack_shortlink":"https:\/\/wp.me\/PaADkW-2S","jetpack-related-posts":[{"id":242,"url":"https:\/\/puycapel.fr\/index.php\/accueil\/les-associations-de-puycapel\/serfouette\/","url_meta":{"origin":178,"position":0},"title":"Serfouette","author":"Antoine Puech","date":"26 janvier 2019","format":false,"excerpt":"-AVRIL 2021- Serfouette poursuit son action \"z\u00e9ro d\u00e9chet\" en offrant des poules \u00e0 celles et ceux qui s'engagent \u00e0 r\u00e9duire leurs d\u00e9chets. Informations au local Serfouette : 39 rue de la Chataigneraie, Calvinet, 15340 Puycapel Chaque mercredi de 18h \u00e0 20h et le 1er dimanche du mois de 10h \u00e0\u2026","rel":"","context":"Article similaire","block_context":{"text":"Article similaire","link":""},"img":{"alt_text":"","src":"","width":0,"height":0},"classes":[]},{"id":541,"url":"https:\/\/puycapel.fr\/index.php\/un-peu-dhistoire\/lhistoire-de-la-croix\/","url_meta":{"origin":178,"position":1},"title":"L\u2019Histoire de la croix","author":"Antoine Puech","date":"17 mars 2019","format":false,"excerpt":"LE REMPLACEMENT DE LA CROIX SURPLOMBANT LA FONTAINE DU FOIRAIL, PAR UNE STATUE DE LA LIBERTE ECLAIRANT LE MONDE Ce fait de l\u2019histoire du village s\u2019explique en partie par le contexte politique de la France du d\u00e9but du vingti\u00e8me si\u00e8cle. En 1908, le Pr\u00e9sident de la R\u00e9publique est Armand Falli\u00e8res,\u2026","rel":"","context":"Article similaire","block_context":{"text":"Article similaire","link":""},"img":{"alt_text":"","src":"","width":0,"height":0},"classes":[]},{"id":1916,"url":"https:\/\/puycapel.fr\/index.php\/envie-dune-petite-balade\/","url_meta":{"origin":178,"position":2},"title":"Envie d&#39;une petite balade?","author":"Mairie Puycapel","date":"13 janvier 2020","format":false,"excerpt":"Plusieurs parcours sont possibles au d\u00e9part de Mourjou et de Calvinet. Le Conseil d\u00e9partemental a class\u00e9 en 2021 au Plan D\u00e9partemental des Itin\u00e9raires de Promenade et de Randonn\u00e9e (PDIPR), l'itin\u00e9raire d\u00e9nomm\u00e9 \"Au coeur des ch\u00e2taigniers\". Il traverse les communes de Puycapel, Cassaniouze et S\u00e9nezergues, et est long de trente-cinq kilom\u00e8tres\u2026","rel":"","context":"Article similaire","block_context":{"text":"Article similaire","link":""},"img":{"alt_text":"","src":"https:\/\/i0.wp.com\/puycapel.fr\/wp-content\/uploads\/2020\/01\/sentier-mdcp1.jpg?resize=350%2C200&ssl=1","width":350,"height":200,"srcset":"https:\/\/i0.wp.com\/puycapel.fr\/wp-content\/uploads\/2020\/01\/sentier-mdcp1.jpg?resize=350%2C200&ssl=1 1x, https:\/\/i0.wp.com\/puycapel.fr\/wp-content\/uploads\/2020\/01\/sentier-mdcp1.jpg?resize=525%2C300&ssl=1 1.5x, https:\/\/i0.wp.com\/puycapel.fr\/wp-content\/uploads\/2020\/01\/sentier-mdcp1.jpg?resize=700%2C400&ssl=1 2x, https:\/\/i0.wp.com\/puycapel.fr\/wp-content\/uploads\/2020\/01\/sentier-mdcp1.jpg?resize=1050%2C600&ssl=1 3x"},"classes":[]},{"id":850,"url":"https:\/\/puycapel.fr\/index.php\/la-mediatheque\/","url_meta":{"origin":178,"position":3},"title":"La m\u00e9diath\u00e8que","author":"Mairie Puycapel","date":"18 avril 2019","format":false,"excerpt":"Tel: 04 71 49 69 34 Le Mas Mourjou 15340 Puycapelmediathequemourjou@orange.fr Depuis 1993, date de sa cr\u00e9ation, la m\u00e9diath\u00e8que est devenue un lieu de vie incontournable. En 2003, les locaux se sont agrandis. Plus spacieux, ils permettent \u00e0 chacun de trouver son espace, du c\u00f4t\u00e9 de la ludoth\u00e8que pour les\u2026","rel":"","context":"Article similaire","block_context":{"text":"Article similaire","link":""},"img":{"alt_text":"","src":"https:\/\/i0.wp.com\/puycapel.fr\/wp-content\/uploads\/2019\/04\/ph-bib3.jpg?resize=350%2C200&ssl=1","width":350,"height":200,"srcset":"https:\/\/i0.wp.com\/puycapel.fr\/wp-content\/uploads\/2019\/04\/ph-bib3.jpg?resize=350%2C200&ssl=1 1x, https:\/\/i0.wp.com\/puycapel.fr\/wp-content\/uploads\/2019\/04\/ph-bib3.jpg?resize=525%2C300&ssl=1 1.5x, https:\/\/i0.wp.com\/puycapel.fr\/wp-content\/uploads\/2019\/04\/ph-bib3.jpg?resize=700%2C400&ssl=1 2x, https:\/\/i0.wp.com\/puycapel.fr\/wp-content\/uploads\/2019\/04\/ph-bib3.jpg?resize=1050%2C600&ssl=1 3x, https:\/\/i0.wp.com\/puycapel.fr\/wp-content\/uploads\/2019\/04\/ph-bib3.jpg?resize=1400%2C800&ssl=1 4x"},"classes":[]},{"id":236,"url":"https:\/\/puycapel.fr\/index.php\/accueil\/les-associations-de-puycapel\/les-seniors-de-calvinet\/","url_meta":{"origin":178,"position":4},"title":"Les Seniors de Calvinet","author":"Antoine Puech","date":"26 janvier 2019","format":false,"excerpt":"En 1977, le Club d\u2019Animation Populaire \u00e9tait un lieu de rencontres et d\u2019animation du village. Les activit\u00e9s \u00e9taient class\u00e9es en trois sections : Loisirs, Jeunes et 3\u00e8me \u00e2ge. C\u2019est Pierre Couderc, instituteur du village, qui pr\u00e9sidait ce club. De 1989 \u00e0 1994 Raymond Duproz prend la pr\u00e9sidence de la section\u2026","rel":"","context":"Article similaire","block_context":{"text":"Article similaire","link":""},"img":{"alt_text":"","src":"","width":0,"height":0},"classes":[]},{"id":6027,"url":"https:\/\/puycapel.fr\/index.php\/propositions-culturelles\/","url_meta":{"origin":178,"position":5},"title":"Propositions culturelles autour de Puycapel","author":"Mairie Puycapel","date":"12 novembre 2021","format":false,"excerpt":"Saison culturelle de la Ch\u00e2taigneraie Cantalienne - saison 2025-2026 Quelques id\u00e9es pour sortir (liste non exhaustive!): Office de tourisme de la Ch\u00e2taigneraie Cantalienne Office de tourisme du Pays d'Aurillac Th\u00e9\u00e2tre municipal de la Ville d'Aurillac cin\u00e9ma \u00e0 Aurillac ou Decazeville","rel":"","context":"Article similaire","block_context":{"text":"Article similaire","link":""},"img":{"alt_text":"","src":"https:\/\/i0.wp.com\/puycapel.fr\/wp-content\/uploads\/2025\/11\/SAISON_LOUP_LOUP-scaled.png?resize=350%2C200&ssl=1","width":350,"height":200,"srcset":"https:\/\/i0.wp.com\/puycapel.fr\/wp-content\/uploads\/2025\/11\/SAISON_LOUP_LOUP-scaled.png?resize=350%2C200&ssl=1 1x, https:\/\/i0.wp.com\/puycapel.fr\/wp-content\/uploads\/2025\/11\/SAISON_LOUP_LOUP-scaled.png?resize=525%2C300&ssl=1 1.5x, https:\/\/i0.wp.com\/puycapel.fr\/wp-content\/uploads\/2025\/11\/SAISON_LOUP_LOUP-scaled.png?resize=700%2C400&ssl=1 2x"},"classes":[]}],"_links":{"self":[{"href":"https:\/\/puycapel.fr\/index.php\/wp-json\/wp\/v2\/pages\/178","targetHints":{"allow":["GET"]}}],"collection":[{"href":"https:\/\/puycapel.fr\/index.php\/wp-json\/wp\/v2\/pages"}],"about":[{"href":"https:\/\/puycapel.fr\/index.php\/wp-json\/wp\/v2\/types\/page"}],"author":[{"embeddable":true,"href":"https:\/\/puycapel.fr\/index.php\/wp-json\/wp\/v2\/users\/3"}],"replies":[{"embeddable":true,"href":"https:\/\/puycapel.fr\/index.php\/wp-json\/wp\/v2\/comments?post=178"}],"version-history":[{"count":3,"href":"https:\/\/puycapel.fr\/index.php\/wp-json\/wp\/v2\/pages\/178\/revisions"}],"predecessor-version":[{"id":10466,"href":"https:\/\/puycapel.fr\/index.php\/wp-json\/wp\/v2\/pages\/178\/revisions\/10466"}],"up":[{"embeddable":true,"href":"https:\/\/puycapel.fr\/index.php\/wp-json\/wp\/v2\/pages\/183"}],"wp:attachment":[{"href":"https:\/\/puycapel.fr\/index.php\/wp-json\/wp\/v2\/media?parent=178"}],"curies":[{"name":"wp","href":"https:\/\/api.w.org\/{rel}","templated":true}]}}