{"id":181,"date":"2019-01-26T13:53:57","date_gmt":"2019-01-26T12:53:57","guid":{"rendered":"https:\/\/puycapel.fr\/?page_id=181"},"modified":"2026-03-16T15:59:59","modified_gmt":"2026-03-16T14:59:59","slug":"club-des-aines","status":"publish","type":"page","link":"https:\/\/puycapel.fr\/index.php\/accueil\/les-associations-de-puycapel\/club-des-aines\/","title":{"rendered":"Club des A\u00een\u00e9s du Haut-C\u00e9l\u00e9"},"content":{"rendered":"\n<p>Le club des A\u00een\u00e9s a \u00e9t\u00e9 cr\u00e9\u00e9 en 1979 et compte plus de 150 adh\u00e9rents. <\/p>\n\n\n\n<p>Son objectif est de permettre \u00e0 nos retrait\u00e9(e)s et sympathisants non retrait\u00e9s de se retrouver pour partager des moments conviviaux lors de nombreuses activit\u00e9s mises en place.<\/p>\n\n\n\n<p>Venez profiter tout au long de\nl\u2019ann\u00e9e des activit\u00e9s propos\u00e9es&nbsp;: randonn\u00e9es, apr\u00e8s-midi belote, sortie \u00e0\nla journ\u00e9e, sortie repas \u00e0 th\u00e8me ou encore journ\u00e9e \u00ab&nbsp;choux farcis et\ngrillades pour tous&nbsp;\u00bb, voyage sur une semaine en France ou au-del\u00e0 des\nfronti\u00e8res, etc.<\/p>\n\n\n\n<p>L\u2019avant dernier week-end d\u2019octobre,\nnos adh\u00e9rents participent selon leur disponibilit\u00e9 \u00e0 la \u00ab&nbsp;Foire de la\nch\u00e2taigne&nbsp;\u00bb o\u00f9 viennent plus de 20&nbsp;000 visiteurs&nbsp;!<\/p>\n\n\n\n<p>Montant de la cotisation 17\u20ac\/an.<\/p>\n\n\n\n<p>Pr\u00e9sident\u00a0: Jean-Pierre Sotty (contact: 04 71 43 10 80).<\/p>\n\n\n\n<p>Si\u00e8ge social&nbsp;: Mairie de Mourjou\n\u2013 15340 Puycapel<\/p>\n","protected":false},"excerpt":{"rendered":"<p>Le club des A\u00een\u00e9s a \u00e9t\u00e9 cr\u00e9\u00e9 en 1979 et compte plus de 150 adh\u00e9rents. Son objectif est de permettre \u00e0 nos retrait\u00e9(e)s et sympathisants non retrait\u00e9s de se retrouver pour partager des moments conviviaux lors de nombreuses activit\u00e9s mises en place. Venez profiter tout au long de l\u2019ann\u00e9e des activit\u00e9s propos\u00e9es&nbsp;: randonn\u00e9es, apr\u00e8s-midi belote, [&hellip;]<\/p>\n","protected":false},"author":3,"featured_media":0,"parent":183,"menu_order":0,"comment_status":"closed","ping_status":"closed","template":"","meta":{"_exactmetrics_skip_tracking":false,"_exactmetrics_sitenote_active":false,"_exactmetrics_sitenote_note":"","_exactmetrics_sitenote_category":0,"jetpack_post_was_ever_published":false,"footnotes":""},"class_list":["post-181","page","type-page","status-publish","hentry"],"jetpack_sharing_enabled":true,"jetpack_shortlink":"https:\/\/wp.me\/PaADkW-2V","jetpack-related-posts":[{"id":236,"url":"https:\/\/puycapel.fr\/index.php\/accueil\/les-associations-de-puycapel\/les-seniors-de-calvinet\/","url_meta":{"origin":181,"position":0},"title":"Les Seniors de Calvinet","author":"Antoine Puech","date":"26 janvier 2019","format":false,"excerpt":"En 1977, le Club d\u2019Animation Populaire \u00e9tait un lieu de rencontres et d\u2019animation du village. Les activit\u00e9s \u00e9taient class\u00e9es en trois sections : Loisirs, Jeunes et 3\u00e8me \u00e2ge. C\u2019est Pierre Couderc, instituteur du village, qui pr\u00e9sidait ce club. De 1989 \u00e0 1994 Raymond Duproz prend la pr\u00e9sidence de la section\u2026","rel":"","context":"Article similaire","block_context":{"text":"Article similaire","link":""},"img":{"alt_text":"","src":"","width":0,"height":0},"classes":[]},{"id":183,"url":"https:\/\/puycapel.fr\/index.php\/accueil\/les-associations-de-puycapel\/","url_meta":{"origin":181,"position":1},"title":"Les Associations","author":"Antoine Puech","date":"26 janvier 2019","format":false,"excerpt":"Vivre en Ch\u00e2taigneraieAssociation du P\u00e9louClub des A\u00een\u00e9sUnion sportive du Haut-C\u00e9l\u00e9 (USHC)Association des parents d\u2019\u00e9l\u00e8vesChasse \/ ACCAADMR du Haut C\u00e9l\u00e9Les cailloux Br\u00fblantsLe Tennis Club de la Ch\u00e2taigneraieSerfouetteL\u2019Atelier de Marguelz\u00e9\u2019ARTSComit\u00e9 des f\u00eates de CalvinetLes Seniors de CalvinetComit\u00e9 d\u2019animation de CalvinetCalvinet PatrimoineClub de p\u00e9tanque","rel":"","context":"Article similaire","block_context":{"text":"Article similaire","link":""},"img":{"alt_text":"","src":"","width":0,"height":0},"classes":[]},{"id":190,"url":"https:\/\/puycapel.fr\/index.php\/accueil\/les-associations-de-puycapel\/vivre-en-chataigneraie\/","url_meta":{"origin":181,"position":2},"title":"Vivre en Ch\u00e2taigneraie","author":"Antoine Puech","date":"26 janvier 2019","format":false,"excerpt":"Cette association a \u00e9t\u00e9 cr\u00e9\u00e9e avec l\u2019autorisation de 8 communes (Calvinet, Cassaniouze, Fournoul\u00e8s Leynhac, Mourjou, Marcol\u00e8s, Saint-Antoine, S\u00e9nezergues) sur trois cantons.Ses statuts lui permettent d\u2019acheter, vendre et animer.D\u00e8s le d\u00e9but elle s\u2019oriente vers le tourisme et r\u00e9alise divers projets: cr\u00e9ation de sentiers p\u00e9destres, conception du d\u00e9pliant \u00ab les chemins de\u2026","rel":"","context":"Article similaire","block_context":{"text":"Article similaire","link":""},"img":{"alt_text":"","src":"https:\/\/i0.wp.com\/puycapel.fr\/wp-content\/uploads\/2019\/01\/logovivireenchataigneraie.png?resize=350%2C200&ssl=1","width":350,"height":200},"classes":[]},{"id":198,"url":"https:\/\/puycapel.fr\/index.php\/accueil\/les-associations-de-puycapel\/admr-du-haut-cele\/","url_meta":{"origin":181,"position":3},"title":"ADMR du Haut C\u00e9l\u00e9","author":"Antoine Puech","date":"26 janvier 2019","format":false,"excerpt":"Forte de plus de 25 salari\u00e9s, l\u2019ADMR\u00a0 (Association d\u2019Aide \u00e0 Domicile en Milieux Rural) du Haut C\u00e9l\u00e9 \u00a0\u0153uvre depuis plus de 60 ans au service des personnes, des familles, pour un accompagnement, \u00e0 domicile, temporaire ou de longue dur\u00e9e, et du portage repas. L\u2019ADMR du Haut C\u00e9l\u00e9\u00a0 intervient \u00e0 Puycapel\u2026","rel":"","context":"Article similaire","block_context":{"text":"Article similaire","link":""},"img":{"alt_text":"","src":"https:\/\/i0.wp.com\/puycapel.fr\/wp-content\/uploads\/2026\/02\/AFFICHE-PR-HAUT-CELE_page-0001-1-1.jpg?resize=350%2C200&ssl=1","width":350,"height":200,"srcset":"https:\/\/i0.wp.com\/puycapel.fr\/wp-content\/uploads\/2026\/02\/AFFICHE-PR-HAUT-CELE_page-0001-1-1.jpg?resize=350%2C200&ssl=1 1x, https:\/\/i0.wp.com\/puycapel.fr\/wp-content\/uploads\/2026\/02\/AFFICHE-PR-HAUT-CELE_page-0001-1-1.jpg?resize=525%2C300&ssl=1 1.5x, https:\/\/i0.wp.com\/puycapel.fr\/wp-content\/uploads\/2026\/02\/AFFICHE-PR-HAUT-CELE_page-0001-1-1.jpg?resize=700%2C400&ssl=1 2x, https:\/\/i0.wp.com\/puycapel.fr\/wp-content\/uploads\/2026\/02\/AFFICHE-PR-HAUT-CELE_page-0001-1-1.jpg?resize=1050%2C600&ssl=1 3x"},"classes":[]},{"id":264,"url":"https:\/\/puycapel.fr\/index.php\/accueil\/les-associations-de-puycapel\/club-de-petanque\/","url_meta":{"origin":181,"position":4},"title":"Club de p\u00e9tanque","author":"Antoine Puech","date":"26 janvier 2019","format":false,"excerpt":"Cr\u00e9\u00e9 le 12 mars 1960 au sein de l\u2019association CALVINET SPORTIF, le club de p\u00e9tanque s\u2019en est retir\u00e9 en 2011.\u00a0Il constitue d\u00e9sormais une association. La composition est la suivante\u00a0: Pr\u00e9sident\u00a0:\u00a0Louis GASTON Vice-Pr\u00e9sidents\u00a0:\u00a0Ren\u00e9 MAS et Gaston BOUQUIER Tr\u00e9sorier\u00a0:\u00a0Fran\u00e7ois GAILHAC Vice-Tr\u00e9sorier\u00a0:\u00a0 Donald VERBRUGGE Secr\u00e9taire\u00a0:\u00a0Lionel LACOSTE Secr\u00e9taire adjoint : Jean-Marc CELLIER Les membres\u2026","rel":"","context":"Article similaire","block_context":{"text":"Article similaire","link":""},"img":{"alt_text":"","src":"https:\/\/i0.wp.com\/puycapel.fr\/wp-content\/uploads\/2019\/03\/inauguration-p%C3%A9tanque-calvinet-puycapel-plaque.png?resize=350%2C200&ssl=1","width":350,"height":200},"classes":[]},{"id":2574,"url":"https:\/\/puycapel.fr\/index.php\/du-club-des-jeunes-a-la-cantine-scolaire\/","url_meta":{"origin":181,"position":5},"title":"Du club des jeunes \u00e0 la cantine scolaire","author":"Mairie Puycapel","date":"9 juin 2020","format":false,"excerpt":"","rel":"","context":"Article similaire","block_context":{"text":"Article similaire","link":""},"img":{"alt_text":"","src":"https:\/\/i0.wp.com\/puycapel.fr\/wp-content\/uploads\/2020\/06\/couverture-1.jpg?resize=350%2C200&ssl=1","width":350,"height":200},"classes":[]}],"_links":{"self":[{"href":"https:\/\/puycapel.fr\/index.php\/wp-json\/wp\/v2\/pages\/181","targetHints":{"allow":["GET"]}}],"collection":[{"href":"https:\/\/puycapel.fr\/index.php\/wp-json\/wp\/v2\/pages"}],"about":[{"href":"https:\/\/puycapel.fr\/index.php\/wp-json\/wp\/v2\/types\/page"}],"author":[{"embeddable":true,"href":"https:\/\/puycapel.fr\/index.php\/wp-json\/wp\/v2\/users\/3"}],"replies":[{"embeddable":true,"href":"https:\/\/puycapel.fr\/index.php\/wp-json\/wp\/v2\/comments?post=181"}],"version-history":[{"count":5,"href":"https:\/\/puycapel.fr\/index.php\/wp-json\/wp\/v2\/pages\/181\/revisions"}],"predecessor-version":[{"id":10934,"href":"https:\/\/puycapel.fr\/index.php\/wp-json\/wp\/v2\/pages\/181\/revisions\/10934"}],"up":[{"embeddable":true,"href":"https:\/\/puycapel.fr\/index.php\/wp-json\/wp\/v2\/pages\/183"}],"wp:attachment":[{"href":"https:\/\/puycapel.fr\/index.php\/wp-json\/wp\/v2\/media?parent=181"}],"curies":[{"name":"wp","href":"https:\/\/api.w.org\/{rel}","templated":true}]}}