{"id":183,"date":"2019-01-26T13:54:39","date_gmt":"2019-01-26T12:54:39","guid":{"rendered":"https:\/\/puycapel.fr\/?page_id=183"},"modified":"2019-03-18T16:00:49","modified_gmt":"2019-03-18T15:00:49","slug":"les-associations-de-puycapel","status":"publish","type":"page","link":"https:\/\/puycapel.fr\/index.php\/accueil\/les-associations-de-puycapel\/","title":{"rendered":"Les Associations"},"content":{"rendered":"\n<ul class=\"wp-block-list\"><li><a href=\"https:\/\/puycapel.fr\/index.php\/accueil\/les-associations-de-puycapel\/vivre-en-chataigneraie\/\">Vivre en Ch\u00e2taigneraie<\/a><\/li><li><a href=\"https:\/\/puycapel.fr\/index.php\/accueil\/les-associations-de-puycapel\/association-du-pelou\/\">Association du P\u00e9lou<\/a><\/li><li><a href=\"https:\/\/puycapel.fr\/index.php\/accueil\/les-associations-de-puycapel\/club-des-aines\/\">Club des A\u00een\u00e9s<\/a><\/li><li><a href=\"https:\/\/puycapel.fr\/index.php\/accueil\/les-associations-de-puycapel\/union-sportive-du-haut-cele-ushc\/\">Union sportive du Haut-C\u00e9l\u00e9 (USHC)<\/a><\/li><li><a href=\"https:\/\/puycapel.fr\/index.php\/accueil\/les-associations-de-puycapel\/association-des-parents-deleves\/\">Association des parents d\u2019\u00e9l\u00e8ves<\/a><\/li><li><a href=\"https:\/\/puycapel.fr\/index.php\/accueil\/les-associations-de-puycapel\/chasse-acca\/\">Chasse \/ ACCA<\/a><\/li><li><a href=\"https:\/\/puycapel.fr\/index.php\/accueil\/les-associations-de-puycapel\/admr-du-haut-cele\/\">ADMR du Haut C\u00e9l\u00e9<\/a><\/li><li><a href=\"https:\/\/puycapel.fr\/index.php\/accueil\/les-associations-de-puycapel\/les-cailloux-brulants\/\">Les cailloux Br\u00fblants<\/a><\/li><li><a href=\"https:\/\/puycapel.fr\/index.php\/accueil\/les-associations-de-puycapel\/le-tennis-club-de-la-chataigneraie\/\">Le Tennis Club de la Ch\u00e2taigneraie<\/a><\/li><li><a href=\"https:\/\/puycapel.fr\/index.php\/accueil\/les-associations-de-puycapel\/serfouette\/\">Serfouette<\/a><\/li><li><a href=\"https:\/\/puycapel.fr\/index.php\/accueil\/les-associations-de-puycapel\/latelier-de-marguelzearts\/\">L\u2019Atelier de Marguelz\u00e9\u2019ARTS<\/a><\/li><li><a href=\"https:\/\/puycapel.fr\/index.php\/accueil\/les-associations-de-puycapel\/comite-des-fetes-de-calvinet\/\">Comit\u00e9 des f\u00eates de Calvinet<\/a><\/li><li><a href=\"https:\/\/puycapel.fr\/index.php\/accueil\/les-associations-de-puycapel\/les-seniors-de-calvinet\/\">Les Seniors de Calvinet<\/a><\/li><li><a href=\"https:\/\/puycapel.fr\/index.php\/accueil\/les-associations-de-puycapel\/comite-danimation-de-calvinet\/\">Comit\u00e9 d\u2019animation de Calvinet<\/a><\/li><li><a href=\"https:\/\/puycapel.fr\/index.php\/accueil\/les-associations-de-puycapel\/calvinet-patrimoine\/\">Calvinet Patrimoine<\/a><\/li><li><a href=\"https:\/\/puycapel.fr\/index.php\/accueil\/les-associations-de-puycapel\/club-de-petanque\/\">Club de p\u00e9tanque<\/a><\/li><\/ul>\n","protected":false},"excerpt":{"rendered":"<p>Vivre en Ch\u00e2taigneraie Association du P\u00e9lou Club des A\u00een\u00e9s Union sportive du Haut-C\u00e9l\u00e9 (USHC) Association des parents d\u2019\u00e9l\u00e8ves Chasse \/ ACCA ADMR du Haut C\u00e9l\u00e9 Les cailloux Br\u00fblants Le Tennis Club de la Ch\u00e2taigneraie Serfouette L\u2019Atelier de Marguelz\u00e9\u2019ARTS Comit\u00e9 des f\u00eates de Calvinet Les Seniors de Calvinet Comit\u00e9 d\u2019animation de Calvinet Calvinet Patrimoine Club de [&hellip;]<\/p>\n","protected":false},"author":3,"featured_media":0,"parent":7,"menu_order":0,"comment_status":"closed","ping_status":"closed","template":"","meta":{"_exactmetrics_skip_tracking":false,"_exactmetrics_sitenote_active":false,"_exactmetrics_sitenote_note":"","_exactmetrics_sitenote_category":0,"jetpack_post_was_ever_published":false,"footnotes":""},"class_list":["post-183","page","type-page","status-publish","hentry"],"jetpack_sharing_enabled":true,"jetpack_shortlink":"https:\/\/wp.me\/PaADkW-2X","jetpack-related-posts":[{"id":198,"url":"https:\/\/puycapel.fr\/index.php\/accueil\/les-associations-de-puycapel\/admr-du-haut-cele\/","url_meta":{"origin":183,"position":0},"title":"ADMR du Haut C\u00e9l\u00e9","author":"Antoine Puech","date":"26 janvier 2019","format":false,"excerpt":"Forte de plus de 25 salari\u00e9s, l\u2019ADMR\u00a0 (Association d\u2019Aide \u00e0 Domicile en Milieux Rural) du Haut C\u00e9l\u00e9 \u00a0\u0153uvre depuis plus de 60 ans au service des personnes, des familles, pour un accompagnement, \u00e0 domicile, temporaire ou de longue dur\u00e9e, et du portage repas. L\u2019ADMR du Haut C\u00e9l\u00e9\u00a0 intervient \u00e0 Puycapel\u2026","rel":"","context":"Article similaire","block_context":{"text":"Article similaire","link":""},"img":{"alt_text":"","src":"https:\/\/i0.wp.com\/puycapel.fr\/wp-content\/uploads\/2026\/02\/AFFICHE-PR-HAUT-CELE_page-0001-1-1.jpg?resize=350%2C200&ssl=1","width":350,"height":200,"srcset":"https:\/\/i0.wp.com\/puycapel.fr\/wp-content\/uploads\/2026\/02\/AFFICHE-PR-HAUT-CELE_page-0001-1-1.jpg?resize=350%2C200&ssl=1 1x, https:\/\/i0.wp.com\/puycapel.fr\/wp-content\/uploads\/2026\/02\/AFFICHE-PR-HAUT-CELE_page-0001-1-1.jpg?resize=525%2C300&ssl=1 1.5x, https:\/\/i0.wp.com\/puycapel.fr\/wp-content\/uploads\/2026\/02\/AFFICHE-PR-HAUT-CELE_page-0001-1-1.jpg?resize=700%2C400&ssl=1 2x, https:\/\/i0.wp.com\/puycapel.fr\/wp-content\/uploads\/2026\/02\/AFFICHE-PR-HAUT-CELE_page-0001-1-1.jpg?resize=1050%2C600&ssl=1 3x"},"classes":[]},{"id":178,"url":"https:\/\/puycapel.fr\/index.php\/accueil\/les-associations-de-puycapel\/union-sportive-du-haut-cele-ushc\/","url_meta":{"origin":183,"position":1},"title":"Union sportive du Haut-C\u00e9l\u00e9 (USHC)","author":"Antoine Puech","date":"26 janvier 2019","format":false,"excerpt":"CALENDRIER (octobre\/novembre 25) --------------------------- Ce club a vu le jour lors de la saison 2013\/2014. Il est n\u00e9 de la fusion de l\u2019entente Mourjou\/ Cassaniouze et de Calvinet sportif. L\u2019\u00e9quipe 1\u00e8re entrain\u00e9e par Jean MAFFRE, \u00e9volue toujours cette ann\u00e9e en promotion d\u00e9partemental (poule A)\u00a0 et l\u2019\u00e9quipe r\u00e9serve en division 2\u2026","rel":"","context":"Article similaire","block_context":{"text":"Article similaire","link":""},"img":{"alt_text":"","src":"https:\/\/i0.wp.com\/puycapel.fr\/wp-content\/uploads\/2019\/01\/photo-equipe-2018-2019.jpg?resize=350%2C200&ssl=1","width":350,"height":200,"srcset":"https:\/\/i0.wp.com\/puycapel.fr\/wp-content\/uploads\/2019\/01\/photo-equipe-2018-2019.jpg?resize=350%2C200&ssl=1 1x, https:\/\/i0.wp.com\/puycapel.fr\/wp-content\/uploads\/2019\/01\/photo-equipe-2018-2019.jpg?resize=525%2C300&ssl=1 1.5x"},"classes":[]},{"id":181,"url":"https:\/\/puycapel.fr\/index.php\/accueil\/les-associations-de-puycapel\/club-des-aines\/","url_meta":{"origin":183,"position":2},"title":"Club des A\u00een\u00e9s du Haut-C\u00e9l\u00e9","author":"Antoine Puech","date":"26 janvier 2019","format":false,"excerpt":"Le club des A\u00een\u00e9s a \u00e9t\u00e9 cr\u00e9\u00e9 en 1979 et compte plus de 150 adh\u00e9rents. Son objectif est de permettre \u00e0 nos retrait\u00e9(e)s et sympathisants non retrait\u00e9s de se retrouver pour partager des moments conviviaux lors de nombreuses activit\u00e9s mises en place. Venez profiter tout au long de l\u2019ann\u00e9e des\u2026","rel":"","context":"Article similaire","block_context":{"text":"Article similaire","link":""},"img":{"alt_text":"","src":"","width":0,"height":0},"classes":[]},{"id":1059,"url":"https:\/\/puycapel.fr\/index.php\/associations-de-mourjou\/","url_meta":{"origin":183,"position":3},"title":"Associations de MOURJOU","author":"Mairie Puycapel","date":"23 mai 2019","format":false,"excerpt":"","rel":"","context":"Article similaire","block_context":{"text":"Article similaire","link":""},"img":{"alt_text":"","src":"","width":0,"height":0},"classes":[]},{"id":1065,"url":"https:\/\/puycapel.fr\/index.php\/associations-de-calvinet\/","url_meta":{"origin":183,"position":4},"title":"Associations de CALVINET","author":"Mairie Puycapel","date":"23 mai 2019","format":false,"excerpt":"","rel":"","context":"Article similaire","block_context":{"text":"Article similaire","link":""},"img":{"alt_text":"","src":"","width":0,"height":0},"classes":[]},{"id":1135,"url":"https:\/\/puycapel.fr\/index.php\/associations-de-puycapel\/","url_meta":{"origin":183,"position":5},"title":"Associations de PUYCAPEL","author":"Mairie Puycapel","date":"27 mai 2019","format":false,"excerpt":"","rel":"","context":"Article similaire","block_context":{"text":"Article similaire","link":""},"img":{"alt_text":"","src":"","width":0,"height":0},"classes":[]}],"_links":{"self":[{"href":"https:\/\/puycapel.fr\/index.php\/wp-json\/wp\/v2\/pages\/183","targetHints":{"allow":["GET"]}}],"collection":[{"href":"https:\/\/puycapel.fr\/index.php\/wp-json\/wp\/v2\/pages"}],"about":[{"href":"https:\/\/puycapel.fr\/index.php\/wp-json\/wp\/v2\/types\/page"}],"author":[{"embeddable":true,"href":"https:\/\/puycapel.fr\/index.php\/wp-json\/wp\/v2\/users\/3"}],"replies":[{"embeddable":true,"href":"https:\/\/puycapel.fr\/index.php\/wp-json\/wp\/v2\/comments?post=183"}],"version-history":[{"count":4,"href":"https:\/\/puycapel.fr\/index.php\/wp-json\/wp\/v2\/pages\/183\/revisions"}],"predecessor-version":[{"id":700,"href":"https:\/\/puycapel.fr\/index.php\/wp-json\/wp\/v2\/pages\/183\/revisions\/700"}],"up":[{"embeddable":true,"href":"https:\/\/puycapel.fr\/index.php\/wp-json\/wp\/v2\/pages\/7"}],"wp:attachment":[{"href":"https:\/\/puycapel.fr\/index.php\/wp-json\/wp\/v2\/media?parent=183"}],"curies":[{"name":"wp","href":"https:\/\/api.w.org\/{rel}","templated":true}]}}