{"id":198,"date":"2019-01-26T14:06:25","date_gmt":"2019-01-26T13:06:25","guid":{"rendered":"https:\/\/puycapel.fr\/?page_id=198"},"modified":"2026-02-23T10:30:49","modified_gmt":"2026-02-23T09:30:49","slug":"admr-du-haut-cele","status":"publish","type":"page","link":"https:\/\/puycapel.fr\/index.php\/accueil\/les-associations-de-puycapel\/admr-du-haut-cele\/","title":{"rendered":"ADMR du Haut C\u00e9l\u00e9"},"content":{"rendered":"<div class=\"wp-block-image\">\n<figure class=\"alignleft size-full is-resized\"><img data-recalc-dims=\"1\" loading=\"lazy\" decoding=\"async\" width=\"292\" height=\"79\" data-attachment-id=\"8994\" data-permalink=\"https:\/\/puycapel.fr\/index.php\/accueil\/les-associations-de-puycapel\/admr-du-haut-cele\/admr-3\/\" data-orig-file=\"https:\/\/i0.wp.com\/puycapel.fr\/wp-content\/uploads\/2024\/03\/ADMR.png?fit=292%2C79&amp;ssl=1\" data-orig-size=\"292,79\" data-comments-opened=\"0\" data-image-meta=\"{&quot;aperture&quot;:&quot;0&quot;,&quot;credit&quot;:&quot;&quot;,&quot;camera&quot;:&quot;&quot;,&quot;caption&quot;:&quot;&quot;,&quot;created_timestamp&quot;:&quot;0&quot;,&quot;copyright&quot;:&quot;&quot;,&quot;focal_length&quot;:&quot;0&quot;,&quot;iso&quot;:&quot;0&quot;,&quot;shutter_speed&quot;:&quot;0&quot;,&quot;title&quot;:&quot;&quot;,&quot;orientation&quot;:&quot;0&quot;}\" data-image-title=\"ADMR\" data-image-description=\"\" data-image-caption=\"\" data-large-file=\"https:\/\/i0.wp.com\/puycapel.fr\/wp-content\/uploads\/2024\/03\/ADMR.png?fit=292%2C79&amp;ssl=1\" src=\"https:\/\/i0.wp.com\/puycapel.fr\/wp-content\/uploads\/2024\/03\/ADMR.png?resize=292%2C79&#038;ssl=1\" alt=\"\" class=\"wp-image-8994\" style=\"width:283px;height:auto\"\/><\/figure>\n<\/div>\n\n\n<p>Forte de plus de 25 salari\u00e9s, <strong>l\u2019ADMR&nbsp; (Association d\u2019Aide \u00e0 Domicile en Milieux Rural) du Haut C\u00e9l\u00e9 <\/strong>&nbsp;\u0153uvre depuis plus de 60 ans au service des personnes, des familles, pour un accompagnement, \u00e0 domicile, temporaire ou de longue dur\u00e9e, et du portage repas.<\/p>\n\n\n\n<p>L\u2019ADMR du Haut C\u00e9l\u00e9&nbsp; intervient \u00e0 Puycapel et sur 8 autres communes environnantes (Cassaniouze, Senezergues, Junhac, Sansac Veinazes, Labesserette, Lapeyrugue, Montsalvy et Vieillevie). L\u2019activit\u00e9 portage de repas est aussi \u00e9tendue aux communes de Lafeuillade en Vezie,&nbsp; Ladinhac, Leucamp, Prunet, Teissi\u00e8res les Boulies.<\/p>\n\n\n\n<p class=\"has-luminous-vivid-orange-color has-text-color has-link-color wp-elements-37f795408fb83b4f816331917a158fb8\">Pour tout renseignement, nous vous accueillons \u00e0 <strong>notre bureau de Calvinet , situ\u00e9 6 place Jean de Bonnefon , 15 340 Puycapel<\/strong>, les lundis de 9 h \u00e0 12h30 et de 13h30 \u00e0 17 h et du mardi au vendredi de 9h \u00e0 12h30.&nbsp; Vous pouvez aussi nous joindre au <strong>04 71 49 69 94<\/strong> ou par courriel&nbsp; <a href=\"mailto:admr.calvinet@admr15.org\"><strong>admr.calvinet@admr15.org<\/strong><\/a><\/p>\n\n\n\n<p><strong>Les membres du conseil d\u2019administration sont&nbsp;:<\/strong><\/p>\n\n\n\n<p><strong>Bureau :&nbsp;<\/strong>Chantal DELOUVRIER, pr\u00e9sidente,&nbsp; Annie LACASSAGNE, secr\u00e9taire, Carole PUECH, tr\u00e9sori\u00e8re.<\/p>\n\n\n\n<p><strong>Membres du 1er coll\u00e8ge:&nbsp;<\/strong>Sylvie FONTANEL, Valentine PEREZ, L\u00e9a FAU, Th\u00e9r\u00e8se PLANTECOSTE.<\/p>\n\n\n\n<p><strong>Membres du 2\u00e8me coll\u00e8ge repr\u00e9sentant les salari\u00e9s:<\/strong>&nbsp;Marie-Claude TIBLE, Sarah MINELLI, .<\/p>\n\n\n\n<p>Devenez salari\u00e9 de l\u2019ADMR du Haut c\u00e9l\u00e9&nbsp;, un m\u00e9tier polyvalent et riche en relation humaine. Vous \u00eates en recherche d\u2019emploi, l\u2019ADMR recrute du personnel pour service \u00e0 la personne, avec ou sans qualification, adressez votre CV et une lettre de motivation, vous serez re\u00e7u pour un entretien pr\u00e9alable.<\/p>\n\n\n\n<p class=\"has-light-green-cyan-background-color has-background\"><strong>Devenez b\u00e9n\u00e9vole&nbsp;:&nbsp; vous aimez le contact, vous avez du temps libre, le sens du social&nbsp;: venez \u00e9toffer le conseil d\u2019administration.<\/strong><\/p>\n\n\n\n<p class=\"has-pale-cyan-blue-background-color has-background\"><strong>Devenez adh\u00e9rent&nbsp;: &nbsp;si vous b\u00e9n\u00e9ficiez des services de l\u2019association, si vous \u00eates sympathisants de notre action, soutenez-nous en devenant adh\u00e9rent. Vous serez invit\u00e9s \u00e0 l\u2019assembl\u00e9e g\u00e9n\u00e9rale.<\/strong><\/p>\n\n\n\n<p>&#8212;&#8212;&#8212;&#8212;&#8212;&#8212;&#8212;&#8212;&#8212;&#8212;&#8212;&#8212;&#8212;&#8212;&#8212;&#8212;&#8212;&#8212;&#8212;&#8212;&#8212;&#8212;&#8212;&#8212;&#8212;&#8212;&#8212;&#8212;&#8212;&#8212;&#8212;&#8212;&#8212;&#8212;&#8212;&#8212;&#8212;&#8212;&#8211;<\/p>\n\n\n\n<p>L\u2019ADMR du Haut C\u00e9l\u00e9 appartient au premier r\u00e9seau national associatif de service \u00e0 la personne<\/p>\n\n\n\n<p><em>L\u2019ADMR est le 1<sup>er<\/sup> r\u00e9seau de service \u00e0 la personne certifi\u00e9 NF <\/em><em>AFNOR\u00ab&nbsp;service aux personnes \u00e0 domicile&nbsp;\u00bb&nbsp;; <\/em><em>adh\u00e9sion&nbsp;&nbsp; \u00e0 la charte nationale qualit\u00e9 <\/em><em>\u00ab&nbsp;services \u00e0 la personne&nbsp;\u00bb<\/em><\/p>\n\n\n\n<hr class=\"wp-block-separator has-alpha-channel-opacity\"\/>\n\n\n\n<figure class=\"wp-block-image size-large\"><img data-recalc-dims=\"1\" loading=\"lazy\" decoding=\"async\" width=\"724\" height=\"1024\" data-attachment-id=\"10862\" data-permalink=\"https:\/\/puycapel.fr\/index.php\/accueil\/les-associations-de-puycapel\/admr-du-haut-cele\/affiche-pr-haut-cele_page-0001-1-2\/\" data-orig-file=\"https:\/\/i0.wp.com\/puycapel.fr\/wp-content\/uploads\/2026\/02\/AFFICHE-PR-HAUT-CELE_page-0001-1-1.jpg?fit=1241%2C1755&amp;ssl=1\" data-orig-size=\"1241,1755\" data-comments-opened=\"0\" data-image-meta=\"{&quot;aperture&quot;:&quot;0&quot;,&quot;credit&quot;:&quot;&quot;,&quot;camera&quot;:&quot;&quot;,&quot;caption&quot;:&quot;&quot;,&quot;created_timestamp&quot;:&quot;0&quot;,&quot;copyright&quot;:&quot;&quot;,&quot;focal_length&quot;:&quot;0&quot;,&quot;iso&quot;:&quot;0&quot;,&quot;shutter_speed&quot;:&quot;0&quot;,&quot;title&quot;:&quot;&quot;,&quot;orientation&quot;:&quot;0&quot;}\" data-image-title=\"AFFICHE PR HAUT CELE_page-0001 (1)\" data-image-description=\"\" data-image-caption=\"\" data-large-file=\"https:\/\/i0.wp.com\/puycapel.fr\/wp-content\/uploads\/2026\/02\/AFFICHE-PR-HAUT-CELE_page-0001-1-1.jpg?fit=724%2C1024&amp;ssl=1\" src=\"https:\/\/i0.wp.com\/puycapel.fr\/wp-content\/uploads\/2026\/02\/AFFICHE-PR-HAUT-CELE_page-0001-1-1.jpg?resize=724%2C1024&#038;ssl=1\" alt=\"\" class=\"wp-image-10862\" srcset=\"https:\/\/i0.wp.com\/puycapel.fr\/wp-content\/uploads\/2026\/02\/AFFICHE-PR-HAUT-CELE_page-0001-1-1.jpg?resize=724%2C1024&amp;ssl=1 724w, https:\/\/i0.wp.com\/puycapel.fr\/wp-content\/uploads\/2026\/02\/AFFICHE-PR-HAUT-CELE_page-0001-1-1.jpg?resize=212%2C300&amp;ssl=1 212w, https:\/\/i0.wp.com\/puycapel.fr\/wp-content\/uploads\/2026\/02\/AFFICHE-PR-HAUT-CELE_page-0001-1-1.jpg?resize=768%2C1086&amp;ssl=1 768w, https:\/\/i0.wp.com\/puycapel.fr\/wp-content\/uploads\/2026\/02\/AFFICHE-PR-HAUT-CELE_page-0001-1-1.jpg?resize=1086%2C1536&amp;ssl=1 1086w, https:\/\/i0.wp.com\/puycapel.fr\/wp-content\/uploads\/2026\/02\/AFFICHE-PR-HAUT-CELE_page-0001-1-1.jpg?w=1241&amp;ssl=1 1241w\" sizes=\"auto, (max-width: 724px) 100vw, 724px\" \/><\/figure>\n","protected":false},"excerpt":{"rendered":"<p>Forte de plus de 25 salari\u00e9s, l\u2019ADMR&nbsp; (Association d\u2019Aide \u00e0 Domicile en Milieux Rural) du Haut C\u00e9l\u00e9 &nbsp;\u0153uvre depuis plus de 60 ans au service des personnes, des familles, pour un accompagnement, \u00e0 domicile, temporaire ou de longue dur\u00e9e, et du portage repas. L\u2019ADMR du Haut C\u00e9l\u00e9&nbsp; intervient \u00e0 Puycapel et sur 8 autres communes [&hellip;]<\/p>\n","protected":false},"author":3,"featured_media":0,"parent":183,"menu_order":0,"comment_status":"closed","ping_status":"closed","template":"","meta":{"_exactmetrics_skip_tracking":false,"_exactmetrics_sitenote_active":false,"_exactmetrics_sitenote_note":"","_exactmetrics_sitenote_category":0,"jetpack_post_was_ever_published":false,"footnotes":""},"class_list":["post-198","page","type-page","status-publish","hentry"],"jetpack_sharing_enabled":true,"jetpack_shortlink":"https:\/\/wp.me\/PaADkW-3c","jetpack-related-posts":[{"id":183,"url":"https:\/\/puycapel.fr\/index.php\/accueil\/les-associations-de-puycapel\/","url_meta":{"origin":198,"position":0},"title":"Les Associations","author":"Antoine Puech","date":"26 janvier 2019","format":false,"excerpt":"Vivre en Ch\u00e2taigneraieAssociation du P\u00e9louClub des A\u00een\u00e9sUnion sportive du Haut-C\u00e9l\u00e9 (USHC)Association des parents d\u2019\u00e9l\u00e8vesChasse \/ ACCAADMR du Haut C\u00e9l\u00e9Les cailloux Br\u00fblantsLe Tennis Club de la Ch\u00e2taigneraieSerfouetteL\u2019Atelier de Marguelz\u00e9\u2019ARTSComit\u00e9 des f\u00eates de CalvinetLes Seniors de CalvinetComit\u00e9 d\u2019animation de CalvinetCalvinet PatrimoineClub de p\u00e9tanque","rel":"","context":"Article similaire","block_context":{"text":"Article similaire","link":""},"img":{"alt_text":"","src":"","width":0,"height":0},"classes":[]},{"id":656,"url":"https:\/\/puycapel.fr\/index.php\/les-bonnes-adresses\/commerces-et-services\/","url_meta":{"origin":198,"position":1},"title":"Commerces et services","author":"Mairie Puycapel","date":"18 mars 2019","format":false,"excerpt":"Agriculture Proxiel \u2013 aliment b\u00e9tail, engrais\u00a0: Rue du Colombier CALVINET Alimentation EPICERIE\u00a0: SARL ROUQUIER Sup\u00e9rette 8 \u00e0 8: Alimentation g\u00e9n\u00e9rale, produits r\u00e9gionaux et locaux, presse, fruits et l\u00e9gumes, fromage \u00e0 la coupe, charcuterie etc. \u2013 Rue de la Ch\u00e2taigneraie CALVINET T\u00e9l : \u00a004 71 49 91 65 ou sarl.rouquier@orange.fr BOULANGERIE:\u2026","rel":"","context":"Article similaire","block_context":{"text":"Article similaire","link":""},"img":{"alt_text":"","src":"","width":0,"height":0},"classes":[]},{"id":181,"url":"https:\/\/puycapel.fr\/index.php\/accueil\/les-associations-de-puycapel\/club-des-aines\/","url_meta":{"origin":198,"position":2},"title":"Club des A\u00een\u00e9s du Haut-C\u00e9l\u00e9","author":"Antoine Puech","date":"26 janvier 2019","format":false,"excerpt":"Le club des A\u00een\u00e9s a \u00e9t\u00e9 cr\u00e9\u00e9 en 1979 et compte plus de 150 adh\u00e9rents. Son objectif est de permettre \u00e0 nos retrait\u00e9(e)s et sympathisants non retrait\u00e9s de se retrouver pour partager des moments conviviaux lors de nombreuses activit\u00e9s mises en place. Venez profiter tout au long de l\u2019ann\u00e9e des\u2026","rel":"","context":"Article similaire","block_context":{"text":"Article similaire","link":""},"img":{"alt_text":"","src":"","width":0,"height":0},"classes":[]},{"id":178,"url":"https:\/\/puycapel.fr\/index.php\/accueil\/les-associations-de-puycapel\/union-sportive-du-haut-cele-ushc\/","url_meta":{"origin":198,"position":3},"title":"Union sportive du Haut-C\u00e9l\u00e9 (USHC)","author":"Antoine Puech","date":"26 janvier 2019","format":false,"excerpt":"CALENDRIER (octobre\/novembre 25) --------------------------- Ce club a vu le jour lors de la saison 2013\/2014. Il est n\u00e9 de la fusion de l\u2019entente Mourjou\/ Cassaniouze et de Calvinet sportif. L\u2019\u00e9quipe 1\u00e8re entrain\u00e9e par Jean MAFFRE, \u00e9volue toujours cette ann\u00e9e en promotion d\u00e9partemental (poule A)\u00a0 et l\u2019\u00e9quipe r\u00e9serve en division 2\u2026","rel":"","context":"Article similaire","block_context":{"text":"Article similaire","link":""},"img":{"alt_text":"","src":"https:\/\/i0.wp.com\/puycapel.fr\/wp-content\/uploads\/2019\/01\/photo-equipe-2018-2019.jpg?resize=350%2C200&ssl=1","width":350,"height":200,"srcset":"https:\/\/i0.wp.com\/puycapel.fr\/wp-content\/uploads\/2019\/01\/photo-equipe-2018-2019.jpg?resize=350%2C200&ssl=1 1x, https:\/\/i0.wp.com\/puycapel.fr\/wp-content\/uploads\/2019\/01\/photo-equipe-2018-2019.jpg?resize=525%2C300&ssl=1 1.5x"},"classes":[]},{"id":1916,"url":"https:\/\/puycapel.fr\/index.php\/envie-dune-petite-balade\/","url_meta":{"origin":198,"position":4},"title":"Envie d&#39;une petite balade?","author":"Mairie Puycapel","date":"13 janvier 2020","format":false,"excerpt":"Plusieurs parcours sont possibles au d\u00e9part de Mourjou et de Calvinet. Le Conseil d\u00e9partemental a class\u00e9 en 2021 au Plan D\u00e9partemental des Itin\u00e9raires de Promenade et de Randonn\u00e9e (PDIPR), l'itin\u00e9raire d\u00e9nomm\u00e9 \"Au coeur des ch\u00e2taigniers\". Il traverse les communes de Puycapel, Cassaniouze et S\u00e9nezergues, et est long de trente-cinq kilom\u00e8tres\u2026","rel":"","context":"Article similaire","block_context":{"text":"Article similaire","link":""},"img":{"alt_text":"","src":"https:\/\/i0.wp.com\/puycapel.fr\/wp-content\/uploads\/2020\/01\/sentier-mdcp1.jpg?resize=350%2C200&ssl=1","width":350,"height":200,"srcset":"https:\/\/i0.wp.com\/puycapel.fr\/wp-content\/uploads\/2020\/01\/sentier-mdcp1.jpg?resize=350%2C200&ssl=1 1x, https:\/\/i0.wp.com\/puycapel.fr\/wp-content\/uploads\/2020\/01\/sentier-mdcp1.jpg?resize=525%2C300&ssl=1 1.5x, https:\/\/i0.wp.com\/puycapel.fr\/wp-content\/uploads\/2020\/01\/sentier-mdcp1.jpg?resize=700%2C400&ssl=1 2x, https:\/\/i0.wp.com\/puycapel.fr\/wp-content\/uploads\/2020\/01\/sentier-mdcp1.jpg?resize=1050%2C600&ssl=1 3x"},"classes":[]},{"id":145,"url":"https:\/\/puycapel.fr\/index.php\/accueil\/contactez-nous\/formalites-administratives\/","url_meta":{"origin":198,"position":5},"title":"Formalit\u00e9s administratives","author":"Antoine Puech","date":"16 janvier 2019","format":false,"excerpt":"SECRETARIAT DE MAIRIE Tatiana MARIE et Nathalie ROBERT-MALVEZIN vous accueillent au secr\u00e9tariat \u00e0 Mourjou les matins de 9h00 \u00e0 12h00 (mardi, jeudi et vendredi) - T 04 71 49 96 37 et \u00e0 Calvinet les apr\u00e8s-midi de 13h30 \u00e0 16h30 (mardi, jeudi et vendredi) - T 04 71 49 94\u2026","rel":"","context":"Article similaire","block_context":{"text":"Article similaire","link":""},"img":{"alt_text":"","src":"","width":0,"height":0},"classes":[]}],"_links":{"self":[{"href":"https:\/\/puycapel.fr\/index.php\/wp-json\/wp\/v2\/pages\/198","targetHints":{"allow":["GET"]}}],"collection":[{"href":"https:\/\/puycapel.fr\/index.php\/wp-json\/wp\/v2\/pages"}],"about":[{"href":"https:\/\/puycapel.fr\/index.php\/wp-json\/wp\/v2\/types\/page"}],"author":[{"embeddable":true,"href":"https:\/\/puycapel.fr\/index.php\/wp-json\/wp\/v2\/users\/3"}],"replies":[{"embeddable":true,"href":"https:\/\/puycapel.fr\/index.php\/wp-json\/wp\/v2\/comments?post=198"}],"version-history":[{"count":27,"href":"https:\/\/puycapel.fr\/index.php\/wp-json\/wp\/v2\/pages\/198\/revisions"}],"predecessor-version":[{"id":10863,"href":"https:\/\/puycapel.fr\/index.php\/wp-json\/wp\/v2\/pages\/198\/revisions\/10863"}],"up":[{"embeddable":true,"href":"https:\/\/puycapel.fr\/index.php\/wp-json\/wp\/v2\/pages\/183"}],"wp:attachment":[{"href":"https:\/\/puycapel.fr\/index.php\/wp-json\/wp\/v2\/media?parent=198"}],"curies":[{"name":"wp","href":"https:\/\/api.w.org\/{rel}","templated":true}]}}