{"id":200,"date":"2019-01-26T14:08:24","date_gmt":"2019-01-26T13:08:24","guid":{"rendered":"https:\/\/puycapel.fr\/?page_id=200"},"modified":"2019-01-26T14:08:25","modified_gmt":"2019-01-26T13:08:25","slug":"chasse-acca","status":"publish","type":"page","link":"https:\/\/puycapel.fr\/index.php\/accueil\/les-associations-de-puycapel\/chasse-acca\/","title":{"rendered":"Chasse \/ ACCA"},"content":{"rendered":"\n<h2 class=\"wp-block-heading\">Secteur de Calvinet<\/h2>\n\n\n\n<p>La saison 2014-2015 est termin\u00e9e. La soci\u00e9t\u00e9 de chasse a constat\u00e9 une certaine stabilit\u00e9 du nombre d\u2019adh\u00e9rents avec la vente de 37 cartes.<\/p>\n\n\n\n<p>Le quota de 32 chevreuils impos\u00e9 par la F\u00e9d\u00e9ration pour cette campagne a \u00e9t\u00e9 respect\u00e9.<\/p>\n\n\n\n<p>L\u2019assembl\u00e9e g\u00e9n\u00e9rale s\u2019est tenue le dimanche 28 juin 2015, le Pr\u00e9sident, les membres du Conseil d\u2019Administration et les membres du Bureau ont \u00e9t\u00e9 reconduits dans leur fonction.<br><\/p>\n\n\n\n<h2 class=\"wp-block-heading\">Secteur de Mourjou<\/h2>\n","protected":false},"excerpt":{"rendered":"<p>Secteur de Calvinet La saison 2014-2015 est termin\u00e9e. La soci\u00e9t\u00e9 de chasse a constat\u00e9 une certaine stabilit\u00e9 du nombre d\u2019adh\u00e9rents avec la vente de 37 cartes. Le quota de 32 chevreuils impos\u00e9 par la F\u00e9d\u00e9ration pour cette campagne a \u00e9t\u00e9 respect\u00e9. L\u2019assembl\u00e9e g\u00e9n\u00e9rale s\u2019est tenue le dimanche 28 juin 2015, le Pr\u00e9sident, les membres du [&hellip;]<\/p>\n","protected":false},"author":3,"featured_media":0,"parent":183,"menu_order":0,"comment_status":"closed","ping_status":"closed","template":"","meta":{"_exactmetrics_skip_tracking":false,"_exactmetrics_sitenote_active":false,"_exactmetrics_sitenote_note":"","_exactmetrics_sitenote_category":0,"jetpack_post_was_ever_published":false,"footnotes":""},"class_list":["post-200","page","type-page","status-publish","hentry"],"jetpack_sharing_enabled":true,"jetpack_shortlink":"https:\/\/wp.me\/PaADkW-3e","jetpack-related-posts":[{"id":231,"url":"https:\/\/puycapel.fr\/index.php\/accueil\/les-associations-de-puycapel\/comite-danimation-de-calvinet\/","url_meta":{"origin":200,"position":0},"title":"Comit\u00e9 d&rsquo;animation de Calvinet","author":"Antoine Puech","date":"26 janvier 2019","format":false,"excerpt":"D\u00e9clar\u00e9e le\u00a0 28\/10\/2002 en Pr\u00e9fecture n\u00b0\u00a0:W151000836 Siege social\u00a0 mairie de CALVINET\u00a0 association r\u00e9gie par la loi de 1901 OBJET\u00a0 \/ Animations touristiques, organisation de f\u00eates et spectacles Principales activit\u00e9s\u00a0: *repas\u00a0\/vente choux farcis\u00a0 le 13 juillet \u00a0\u00a0\u00a0\u00a0\u00a0\u00a0\u00a0\u00a0\u00a0\u00a0\u00a0 \u00a0\u00a0\u00a0\u00a0\u00a0\u00a0\u00a0\u00a0\u00a0\u00a0\u00a0\u00a0\u00a0\u00a0\u00a0\u00a0\u00a0\u00a0\u00a0\u00a0\u00a0\u00a0\u00a0\u00a0\u00a0\u00a0\u00a0\u00a0\u00a0\u00a0\u00a0\u00a0\u00a0\u00a0 *pique nique g\u00e9ant le 14 \u00a0 Juillet\u00a0 terrain de foot \u00a0\u00a0\u00a0\u00a0\u00a0\u00a0\u00a0\u00a0\u00a0\u00a0\u00a0\u00a0\u00a0\u00a0\u00a0\u00a0\u00a0\u00a0\u00a0\u00a0\u00a0\u00a0\u00a0\u00a0\u00a0\u00a0\u00a0\u00a0\u00a0\u00a0\u00a0\u00a0\u00a0\u00a0\u00a0\u00a0\u00a0\u00a0\u00a0\u00a0\u00a0\u00a0\u00a0\u00a0\u00a0\u00a0 *d\u00e9cembre organisation\u2026","rel":"","context":"Article similaire","block_context":{"text":"Article similaire","link":""},"img":{"alt_text":"","src":"","width":0,"height":0},"classes":[]},{"id":198,"url":"https:\/\/puycapel.fr\/index.php\/accueil\/les-associations-de-puycapel\/admr-du-haut-cele\/","url_meta":{"origin":200,"position":1},"title":"ADMR du Haut C\u00e9l\u00e9","author":"Antoine Puech","date":"26 janvier 2019","format":false,"excerpt":"Forte de plus de 25 salari\u00e9s, l\u2019ADMR\u00a0 (Association d\u2019Aide \u00e0 Domicile en Milieux Rural) du Haut C\u00e9l\u00e9 \u00a0\u0153uvre depuis plus de 60 ans au service des personnes, des familles, pour un accompagnement, \u00e0 domicile, temporaire ou de longue dur\u00e9e, et du portage repas. L\u2019ADMR du Haut C\u00e9l\u00e9\u00a0 intervient \u00e0 Puycapel\u2026","rel":"","context":"Article similaire","block_context":{"text":"Article similaire","link":""},"img":{"alt_text":"","src":"https:\/\/i0.wp.com\/puycapel.fr\/wp-content\/uploads\/2026\/02\/AFFICHE-PR-HAUT-CELE_page-0001-1-1.jpg?resize=350%2C200&ssl=1","width":350,"height":200,"srcset":"https:\/\/i0.wp.com\/puycapel.fr\/wp-content\/uploads\/2026\/02\/AFFICHE-PR-HAUT-CELE_page-0001-1-1.jpg?resize=350%2C200&ssl=1 1x, https:\/\/i0.wp.com\/puycapel.fr\/wp-content\/uploads\/2026\/02\/AFFICHE-PR-HAUT-CELE_page-0001-1-1.jpg?resize=525%2C300&ssl=1 1.5x, https:\/\/i0.wp.com\/puycapel.fr\/wp-content\/uploads\/2026\/02\/AFFICHE-PR-HAUT-CELE_page-0001-1-1.jpg?resize=700%2C400&ssl=1 2x, https:\/\/i0.wp.com\/puycapel.fr\/wp-content\/uploads\/2026\/02\/AFFICHE-PR-HAUT-CELE_page-0001-1-1.jpg?resize=1050%2C600&ssl=1 3x"},"classes":[]},{"id":1757,"url":"https:\/\/puycapel.fr\/index.php\/liens-avec-la-principaute-de-monaco\/","url_meta":{"origin":200,"position":2},"title":"Liens avec la Principaut\u00e9 de Monaco","author":"Antoine Puech","date":"24 novembre 2019","format":false,"excerpt":"Les liens entre la Principaut\u00e9 de Monaco et la commune de Calvinet datent du XVII\u00e8me si\u00e8cle.Par le Trait\u00e9 de P\u00e9ronne du 14 septembre 1641, Honor\u00e9 II Grimaldi, Prince de Monaco, abandonne le protectorat de l\u2019Espagne pour se mettre sous la protection du roi de France Louis XIII, qui lui avait\u2026","rel":"","context":"Article similaire","block_context":{"text":"Article similaire","link":""},"img":{"alt_text":"","src":"","width":0,"height":0},"classes":[]},{"id":2883,"url":"https:\/\/puycapel.fr\/index.php\/urbanisme\/","url_meta":{"origin":200,"position":3},"title":"Urbanisme","author":"Mairie Puycapel","date":"4 septembre 2020","format":false,"excerpt":"--En priorit\u00e9 d\u00e9posez vos demandes d'urbanisme le mardi, jeudi matin (Mourjou) et vendredi apr\u00e8s-midi (Calvinet)- Les dossiers d'urbanisme sont enregistr\u00e9s en mairie et instruits ensuite par le Service ADS (Autorisation Droit des Sols) de la Communaut\u00e9 d'Agglom\u00e9ration du Bassin d'Aurillac. Pour toute demande de renseignements sur votre projet vous pouvez\u2026","rel":"","context":"Article similaire","block_context":{"text":"Article similaire","link":""},"img":{"alt_text":"","src":"","width":0,"height":0},"classes":[]},{"id":270,"url":"https:\/\/puycapel.fr\/index.php\/les-sites-remarquables-du-secteur\/","url_meta":{"origin":200,"position":4},"title":"Les sites remarquables du secteur","author":"Antoine Puech","date":"26 janvier 2019","format":false,"excerpt":"","rel":"","context":"Article similaire","block_context":{"text":"Article similaire","link":""},"img":{"alt_text":"","src":"","width":0,"height":0},"classes":[]},{"id":190,"url":"https:\/\/puycapel.fr\/index.php\/accueil\/les-associations-de-puycapel\/vivre-en-chataigneraie\/","url_meta":{"origin":200,"position":5},"title":"Vivre en Ch\u00e2taigneraie","author":"Antoine Puech","date":"26 janvier 2019","format":false,"excerpt":"Cette association a \u00e9t\u00e9 cr\u00e9\u00e9e avec l\u2019autorisation de 8 communes (Calvinet, Cassaniouze, Fournoul\u00e8s Leynhac, Mourjou, Marcol\u00e8s, Saint-Antoine, S\u00e9nezergues) sur trois cantons.Ses statuts lui permettent d\u2019acheter, vendre et animer.D\u00e8s le d\u00e9but elle s\u2019oriente vers le tourisme et r\u00e9alise divers projets: cr\u00e9ation de sentiers p\u00e9destres, conception du d\u00e9pliant \u00ab les chemins de\u2026","rel":"","context":"Article similaire","block_context":{"text":"Article similaire","link":""},"img":{"alt_text":"","src":"https:\/\/i0.wp.com\/puycapel.fr\/wp-content\/uploads\/2019\/01\/logovivireenchataigneraie.png?resize=350%2C200&ssl=1","width":350,"height":200},"classes":[]}],"_links":{"self":[{"href":"https:\/\/puycapel.fr\/index.php\/wp-json\/wp\/v2\/pages\/200","targetHints":{"allow":["GET"]}}],"collection":[{"href":"https:\/\/puycapel.fr\/index.php\/wp-json\/wp\/v2\/pages"}],"about":[{"href":"https:\/\/puycapel.fr\/index.php\/wp-json\/wp\/v2\/types\/page"}],"author":[{"embeddable":true,"href":"https:\/\/puycapel.fr\/index.php\/wp-json\/wp\/v2\/users\/3"}],"replies":[{"embeddable":true,"href":"https:\/\/puycapel.fr\/index.php\/wp-json\/wp\/v2\/comments?post=200"}],"version-history":[{"count":1,"href":"https:\/\/puycapel.fr\/index.php\/wp-json\/wp\/v2\/pages\/200\/revisions"}],"predecessor-version":[{"id":201,"href":"https:\/\/puycapel.fr\/index.php\/wp-json\/wp\/v2\/pages\/200\/revisions\/201"}],"up":[{"embeddable":true,"href":"https:\/\/puycapel.fr\/index.php\/wp-json\/wp\/v2\/pages\/183"}],"wp:attachment":[{"href":"https:\/\/puycapel.fr\/index.php\/wp-json\/wp\/v2\/media?parent=200"}],"curies":[{"name":"wp","href":"https:\/\/api.w.org\/{rel}","templated":true}]}}