{"id":2028,"date":"2020-02-16T20:18:14","date_gmt":"2020-02-16T19:18:14","guid":{"rendered":"https:\/\/puycapel.fr\/?page_id=2028"},"modified":"2020-02-16T20:18:16","modified_gmt":"2020-02-16T19:18:16","slug":"paiement-en-ligne-tipi","status":"publish","type":"page","link":"https:\/\/puycapel.fr\/index.php\/paiement-en-ligne-tipi\/","title":{"rendered":"Paiement en ligne TIPI"},"content":{"rendered":"\n<p>Ci dessous \u00e0 votre disposition, gratuitement, ce site internet s\u00e9curis\u00e9 pour faciliter le paiement de vos services publics locaux (Comme les frais de cantine par exemple.)<\/p>\n\n\n\n<div class=\"wp-block-image\"><figure class=\"aligncenter\"><a href=\"https:\/\/www.tipi.budget.gouv.fr\/tpa\/accueilportail.web\" target=\"_blank\" rel=\"noreferrer noopener\"><img loading=\"lazy\" decoding=\"async\" width=\"150\" height=\"150\" data-attachment-id=\"2025\" data-permalink=\"https:\/\/puycapel.fr\/index.php\/accueil\/contactez-nous\/lecole-de-puycapel-paiement-tipi\/tipi2-150x150-1\/\" data-orig-file=\"https:\/\/i0.wp.com\/puycapel.fr\/wp-content\/uploads\/2020\/02\/tipi2-150x150-1.jpg?fit=150%2C150&amp;ssl=1\" data-orig-size=\"150,150\" data-comments-opened=\"0\" data-image-meta=\"{&quot;aperture&quot;:&quot;0&quot;,&quot;credit&quot;:&quot;&quot;,&quot;camera&quot;:&quot;&quot;,&quot;caption&quot;:&quot;&quot;,&quot;created_timestamp&quot;:&quot;0&quot;,&quot;copyright&quot;:&quot;&quot;,&quot;focal_length&quot;:&quot;0&quot;,&quot;iso&quot;:&quot;0&quot;,&quot;shutter_speed&quot;:&quot;0&quot;,&quot;title&quot;:&quot;&quot;,&quot;orientation&quot;:&quot;0&quot;}\" data-image-title=\"tipi2-150&amp;#215;150-1\" data-image-description=\"\" data-image-caption=\"\" data-large-file=\"https:\/\/i0.wp.com\/puycapel.fr\/wp-content\/uploads\/2020\/02\/tipi2-150x150-1.jpg?fit=150%2C150&amp;ssl=1\" src=\"https:\/\/i0.wp.com\/puycapel.fr\/wp-content\/uploads\/2020\/02\/tipi2-150x150-1.jpg?ssl=1\" alt=\"\" class=\"wp-image-2025\"\/><\/a><\/figure><\/div>\n\n\n\n<div class=\"wp-block-image\"><figure class=\"aligncenter\"><a href=\"https:\/\/www.tipi.budget.gouv.fr\/tpa\/accueilportail.web\" target=\"_blank\" rel=\"noreferrer noopener\"><img loading=\"lazy\" decoding=\"async\" width=\"300\" height=\"29\" data-attachment-id=\"2026\" data-permalink=\"https:\/\/puycapel.fr\/index.php\/accueil\/contactez-nous\/lecole-de-puycapel-paiement-tipi\/tipi-300x29-1\/\" data-orig-file=\"https:\/\/i0.wp.com\/puycapel.fr\/wp-content\/uploads\/2020\/02\/tipi-300x29-1.jpg?fit=300%2C29&amp;ssl=1\" data-orig-size=\"300,29\" data-comments-opened=\"0\" data-image-meta=\"{&quot;aperture&quot;:&quot;0&quot;,&quot;credit&quot;:&quot;&quot;,&quot;camera&quot;:&quot;&quot;,&quot;caption&quot;:&quot;&quot;,&quot;created_timestamp&quot;:&quot;0&quot;,&quot;copyright&quot;:&quot;&quot;,&quot;focal_length&quot;:&quot;0&quot;,&quot;iso&quot;:&quot;0&quot;,&quot;shutter_speed&quot;:&quot;0&quot;,&quot;title&quot;:&quot;&quot;,&quot;orientation&quot;:&quot;0&quot;}\" data-image-title=\"tipi-300&amp;#215;29-1\" data-image-description=\"\" data-image-caption=\"\" data-large-file=\"https:\/\/i0.wp.com\/puycapel.fr\/wp-content\/uploads\/2020\/02\/tipi-300x29-1.jpg?fit=300%2C29&amp;ssl=1\" src=\"https:\/\/i2.wp.com\/puycapel.fr\/wp-content\/uploads\/2020\/02\/tipi-300x29-1.jpg?ssl=1\" alt=\"\" class=\"wp-image-2026\"\/><\/a><\/figure><\/div>\n\n\n\n<p>En haut a droite de l\u2019avis figure un num\u00e9ro d\u2019identifiant de collectivit\u00e9 qui doit \u00eatre renseign\u00e9, ainsi que&nbsp;la r\u00e9f\u00e9rence telle qu\u2019elle appara\u00eet sur votre avis des sommes \u00e0 payer en respectant son format; suivez ensuite les instructions.<\/p>\n\n\n\n<p>Vous avez 30jours pour payer votre facture sur internet, au del\u00e0, &nbsp;le&nbsp;r\u00e8glement&nbsp;est \u00e0 effectuer \u00e0 la Tr\u00e9sorerie de Maurs.<\/p>\n","protected":false},"excerpt":{"rendered":"<p>Ci dessous \u00e0 votre disposition, gratuitement, ce site internet s\u00e9curis\u00e9 pour faciliter le paiement de vos services publics locaux (Comme les frais de cantine par exemple.) En haut a droite de l\u2019avis figure un num\u00e9ro d\u2019identifiant de collectivit\u00e9 qui doit \u00eatre renseign\u00e9, ainsi que&nbsp;la r\u00e9f\u00e9rence telle qu\u2019elle appara\u00eet sur votre avis des sommes \u00e0 payer [&hellip;]<\/p>\n","protected":false},"author":3,"featured_media":0,"parent":0,"menu_order":0,"comment_status":"closed","ping_status":"closed","template":"","meta":{"_exactmetrics_skip_tracking":false,"_exactmetrics_sitenote_active":false,"_exactmetrics_sitenote_note":"","_exactmetrics_sitenote_category":0,"jetpack_post_was_ever_published":false,"footnotes":""},"class_list":["post-2028","page","type-page","status-publish","hentry"],"jetpack_sharing_enabled":true,"jetpack_shortlink":"https:\/\/wp.me\/PaADkW-wI","jetpack-related-posts":[{"id":411,"url":"https:\/\/puycapel.fr\/index.php\/accueil\/contactez-nous\/lecole-de-puycapel-paiement-tipi\/","url_meta":{"origin":2028,"position":0},"title":"L&rsquo;\u00e9cole de Puycapel","author":"Antoine Puech","date":"11 f\u00e9vrier 2019","format":false,"excerpt":"Restauration scolaire La cantine scolaire est \u00e0 la disposition des enfants de l\u2019\u00e9cole tout au long de l\u2019ann\u00e9e scolaire. Les d\u00e9jeuners sont pr\u00e9par\u00e9s par un agent communal, charg\u00e9 \u00e9galement de l\u2019approvisionnement des denr\u00e9es alimentaires. Nous privil\u00e9gions les commerces et producteurs de proximit\u00e9. Le prix du repas est de 2,90\u20ac\u00a0(Rentr\u00e9e 2024\/2025)\u2026","rel":"","context":"Article similaire","block_context":{"text":"Article similaire","link":""},"img":{"alt_text":"","src":"https:\/\/i0.wp.com\/puycapel.fr\/wp-content\/uploads\/2020\/02\/tipi2-150x150-1.jpg?resize=350%2C200&ssl=1","width":350,"height":200},"classes":[]},{"id":3801,"url":"https:\/\/puycapel.fr\/index.php\/biogaz-de-la-chataigneraie-cantalienne\/","url_meta":{"origin":2028,"position":1},"title":"BIOGAZ DE LA CHATAIGNERAIE CANTALIENNE","author":"Mairie Puycapel","date":"9 avril 2021","format":false,"excerpt":"L\u2019association BIOGAZ DE LA CHATAIGNERAIE CANTALIENNE a \u00e9t\u00e9 cr\u00e9\u00e9e le 12 janvier, \u00e0 l\u2019initiative de Boris WAHL, entrepreneur habitant \u00e0 PUYCAPEL. Son objet social est\u00a0: \u00ab Etudier l'opportunit\u00e9 et la faisabilit\u00e9 du d\u00e9veloppement d'une ou plusieurs unit\u00e9s de m\u00e9thanisation\u00a0sur le territoire de la Ch\u00e2taigneraie Cantalienne. La m\u00e9thanisation est un proc\u00e9d\u00e9\u2026","rel":"","context":"Article similaire","block_context":{"text":"Article similaire","link":""},"img":{"alt_text":"","src":"","width":0,"height":0},"classes":[]},{"id":1754,"url":"https:\/\/puycapel.fr\/index.php\/calvinet-et-eustache-de-beaumarchais\/","url_meta":{"origin":2028,"position":2},"title":"Calvinet et Eustache de Beaumarchais","author":"Antoine Puech","date":"24 novembre 2019","format":false,"excerpt":"Extrait de la notice historique sur le canton de Montsalvy, r\u00e9dig\u00e9e par Gabriel ESQUER (1876-1961), archiviste du d\u00e9partement du Cantal entre 1903 et 1909, publi\u00e9e dans les \u00e9ditions successives de l\u2019annuaire de l\u2019Association amicale des originaires du canton de Montsalvy. Le pr\u00e9sent extrait est tir\u00e9 de l\u2019\u00e9dition de cet annuaire\u2026","rel":"","context":"Article similaire","block_context":{"text":"Article similaire","link":""},"img":{"alt_text":"","src":"","width":0,"height":0},"classes":[]},{"id":3755,"url":"https:\/\/puycapel.fr\/index.php\/test-carte-terrains-a-vendre\/","url_meta":{"origin":2028,"position":3},"title":"Terrains \u00e0 vendre \u00e0 Puycapel","author":"Antoine Puech","date":"3 avril 2021","format":false,"excerpt":"Des terrains constructibles sont \u00e0 vendre \u00e0 PUYCAPEL. Pour tous renseignements contactez la mairie : MOURJOU (matin) 04 71 49 96 37 CALVINET (apr\u00e8s-midi) 04 71 49 94 32","rel":"","context":"Article similaire","block_context":{"text":"Article similaire","link":""},"img":{"alt_text":"","src":"","width":0,"height":0},"classes":[]},{"id":1748,"url":"https:\/\/puycapel.fr\/index.php\/le-chateau-de-lamothe\/","url_meta":{"origin":2028,"position":4},"title":"Le ch\u00e2teau de Lamothe","author":"Antoine Puech","date":"24 novembre 2019","format":false,"excerpt":"Le ch\u00e2teau de Lamothe est situ\u00e9 sur la route d\u00e9partementale D66 qui relie Calvinet \u00e0 Cassaniouze, \u00e0 environ 2 km de Calvinet. Description du ch\u00e2teau Le ch\u00e2teau de Lamothe, inscrit \u00e0 l\u2019Inventaire Suppl\u00e9mentaire des Monuments Historiques pr\u00e9sente un ensemble particuli\u00e8rement remarquable par l\u2019utilisation des b\u00e2timents d\u2019exploitation pour en valeur un\u2026","rel":"","context":"Article similaire","block_context":{"text":"Article similaire","link":""},"img":{"alt_text":"Lamothe 1","src":"https:\/\/i0.wp.com\/www.calvinet.fr\/wp-content\/uploads\/2015\/04\/Lamothe-1-300x205.jpg?resize=350%2C200","width":350,"height":200},"classes":[]},{"id":1751,"url":"https:\/\/puycapel.fr\/index.php\/notre-dame-de-lauriol\/","url_meta":{"origin":2028,"position":5},"title":"Notre Dame de Lauriol","author":"Antoine Puech","date":"24 novembre 2019","format":false,"excerpt":"NOTRE DAME DE LAURIOL 1.Histoire de la Vierge de Lauriol La vierge de Lauriol se trouve sur le territoire de Cassaniouze, dans un bois de sapin, \u00e0 droite du chemin qui m\u00e8ne \u00e0 Lauriol, quelques dizaines de m\u00e8tres apr\u00e8s le croisement du chemin qui m\u00e8ne \u00e0 Ayrolles-Vieilles. Cette vierge a\u2026","rel":"","context":"Article similaire","block_context":{"text":"Article similaire","link":""},"img":{"alt_text":"ndloriol2","src":"https:\/\/i0.wp.com\/www.calvinet.fr\/wp-content\/uploads\/2015\/10\/ndloriol2-225x300.jpg?resize=350%2C200","width":350,"height":200},"classes":[]}],"_links":{"self":[{"href":"https:\/\/puycapel.fr\/index.php\/wp-json\/wp\/v2\/pages\/2028","targetHints":{"allow":["GET"]}}],"collection":[{"href":"https:\/\/puycapel.fr\/index.php\/wp-json\/wp\/v2\/pages"}],"about":[{"href":"https:\/\/puycapel.fr\/index.php\/wp-json\/wp\/v2\/types\/page"}],"author":[{"embeddable":true,"href":"https:\/\/puycapel.fr\/index.php\/wp-json\/wp\/v2\/users\/3"}],"replies":[{"embeddable":true,"href":"https:\/\/puycapel.fr\/index.php\/wp-json\/wp\/v2\/comments?post=2028"}],"version-history":[{"count":1,"href":"https:\/\/puycapel.fr\/index.php\/wp-json\/wp\/v2\/pages\/2028\/revisions"}],"predecessor-version":[{"id":2030,"href":"https:\/\/puycapel.fr\/index.php\/wp-json\/wp\/v2\/pages\/2028\/revisions\/2030"}],"wp:attachment":[{"href":"https:\/\/puycapel.fr\/index.php\/wp-json\/wp\/v2\/media?parent=2028"}],"curies":[{"name":"wp","href":"https:\/\/api.w.org\/{rel}","templated":true}]}}