{"id":206,"date":"2019-01-26T14:13:41","date_gmt":"2019-01-26T13:13:41","guid":{"rendered":"https:\/\/puycapel.fr\/?page_id=206"},"modified":"2025-09-15T20:39:39","modified_gmt":"2025-09-15T18:39:39","slug":"association-des-parents-deleves","status":"publish","type":"page","link":"https:\/\/puycapel.fr\/index.php\/accueil\/les-associations-de-puycapel\/association-des-parents-deleves\/","title":{"rendered":"Association des parents d&rsquo;\u00e9l\u00e8ves"},"content":{"rendered":"\n<p>L\u2019association des parents d\u2019\u00e9l\u00e8ves concerne le R.P.I. Calvinet \/<a href=\"http:\/\/www.mourjou.com\/\" target=\"_blank\" rel=\"noreferrer noopener\">Mourjou&nbsp;<\/a>(qui&nbsp;compte cinquante et un enfants scolaris\u00e9s).<\/p>\n\n\n\n<p>Notre principale action est d\u2019encourager et de soutenir financi\u00e8rement les projets de l\u2019\u00e9cole (sortie p\u00e9dagogique, regroupement sportif, mat\u00e9riel\u2026) mais aussi de permettre \u00e0 tous les enfants du regroupement de b\u00e9n\u00e9ficier d\u2019activit\u00e9s ludiques et de pouvoir&nbsp; r\u00e9aliser diverses sorties&nbsp; (\u00e0 la piscine, au cin\u00e9ma, au cirque, pour le spectacle de No\u00ebl, le voyage scolaire\u2026).<\/p>\n\n\n\n<p>Pour financer cela, nous organisons plusieurs manifestations durant l\u2019ann\u00e9e scolaire; ces manifestations sont bien \u00e9videmment ouvertes \u00e0 tous et vous y \u00eates les bienvenus pour contribuer \u00e0 l\u2019\u00e9panouissement de nos enfants.<\/p>\n\n\n\n<p>Voici le nouveau bureau de l\u2019Association des Parents d\u2019\u00e9l\u00e8ves du regroupement scolaire Calvinet-Mourjou ( suite \u00e0 l&rsquo;AG 2025):<\/p>\n\n\n\n<p class=\"has-text-align-center\">Pr\u00e9sidente\u00a0:\u00a0No\u00e9mie MANHE<br>Vice-Pr\u00e9sident\u00a0:\u00a0Thomas LISSAC<br>Secr\u00e9taire\u00a0:\u00a0Tatiana MARIE<\/p>\n\n\n\n<p class=\"has-text-align-center\">Tr\u00e9sori\u00e8re\u00a0: Floriane NOEL<br>Vice-tr\u00e9sorier : Jonas CZAMAR<\/p>\n\n\n\n<p class=\"has-text-align-center\"><\/p>\n\n\n\n<p class=\"has-text-align-center\"><\/p>\n\n\n\n<p>N\u2019h\u00e9sitez pas \u00e0 nous faire part de vos remarques \u00e9ventuelles \u00e0 cette adresse, que ce soit une question ou une proposition d\u2019animation \u00e9ducative pour nos enfants : <a href=\"mailto:ape@puycapel.fr\">ape@puycapel.fr<\/a><\/p>\n","protected":false},"excerpt":{"rendered":"<p>L\u2019association des parents d\u2019\u00e9l\u00e8ves concerne le R.P.I. Calvinet \/Mourjou&nbsp;(qui&nbsp;compte cinquante et un enfants scolaris\u00e9s). Notre principale action est d\u2019encourager et de soutenir financi\u00e8rement les projets de l\u2019\u00e9cole (sortie p\u00e9dagogique, regroupement sportif, mat\u00e9riel\u2026) mais aussi de permettre \u00e0 tous les enfants du regroupement de b\u00e9n\u00e9ficier d\u2019activit\u00e9s ludiques et de pouvoir&nbsp; r\u00e9aliser diverses sorties&nbsp; (\u00e0 la piscine, [&hellip;]<\/p>\n","protected":false},"author":3,"featured_media":0,"parent":183,"menu_order":0,"comment_status":"closed","ping_status":"closed","template":"","meta":{"_exactmetrics_skip_tracking":false,"_exactmetrics_sitenote_active":false,"_exactmetrics_sitenote_note":"","_exactmetrics_sitenote_category":0,"jetpack_post_was_ever_published":false,"footnotes":""},"class_list":["post-206","page","type-page","status-publish","hentry"],"jetpack_sharing_enabled":true,"jetpack_shortlink":"https:\/\/wp.me\/PaADkW-3k","jetpack-related-posts":[{"id":185,"url":"https:\/\/puycapel.fr\/index.php\/accueil\/les-associations-de-puycapel\/association-du-pelou\/","url_meta":{"origin":206,"position":0},"title":"Association du P\u00e9lou","author":"Antoine Puech","date":"26 janvier 2019","format":false,"excerpt":"L\u2019association du P\u00e9lou a vu le jour en 1995 pour prendre en charge l\u2019organisation de la Foire de la ch\u00e2taigne de Mourjou, cr\u00e9\u00e9e en 1989 et organis\u00e9e jusque l\u00e0 par le comit\u00e9 des f\u00eates de Mourjou. Elle mobilise chaque ann\u00e9e plus de 200 b\u00e9n\u00e9voles pour l\u2019organisation, l\u2019avant dernier week-end d\u2019octobre,\u2026","rel":"","context":"Article similaire","block_context":{"text":"Article similaire","link":""},"img":{"alt_text":"","src":"https:\/\/i0.wp.com\/puycapel.fr\/wp-content\/uploads\/2019\/01\/pelou3.jpg?resize=350%2C200","width":350,"height":200,"srcset":"https:\/\/i0.wp.com\/puycapel.fr\/wp-content\/uploads\/2019\/01\/pelou3.jpg?resize=350%2C200 1x, https:\/\/i0.wp.com\/puycapel.fr\/wp-content\/uploads\/2019\/01\/pelou3.jpg?resize=525%2C300 1.5x, https:\/\/i0.wp.com\/puycapel.fr\/wp-content\/uploads\/2019\/01\/pelou3.jpg?resize=700%2C400 2x, https:\/\/i0.wp.com\/puycapel.fr\/wp-content\/uploads\/2019\/01\/pelou3.jpg?resize=1050%2C600 3x"},"classes":[]},{"id":183,"url":"https:\/\/puycapel.fr\/index.php\/accueil\/les-associations-de-puycapel\/","url_meta":{"origin":206,"position":1},"title":"Les Associations","author":"Antoine Puech","date":"26 janvier 2019","format":false,"excerpt":"Vivre en Ch\u00e2taigneraieAssociation du P\u00e9louClub des A\u00een\u00e9sUnion sportive du Haut-C\u00e9l\u00e9 (USHC)Association des parents d\u2019\u00e9l\u00e8vesChasse \/ ACCAADMR du Haut C\u00e9l\u00e9Les cailloux Br\u00fblantsLe Tennis Club de la Ch\u00e2taigneraieSerfouetteL\u2019Atelier de Marguelz\u00e9\u2019ARTSComit\u00e9 des f\u00eates de CalvinetLes Seniors de CalvinetComit\u00e9 d\u2019animation de CalvinetCalvinet PatrimoineClub de p\u00e9tanque","rel":"","context":"Article similaire","block_context":{"text":"Article similaire","link":""},"img":{"alt_text":"","src":"","width":0,"height":0},"classes":[]},{"id":236,"url":"https:\/\/puycapel.fr\/index.php\/accueil\/les-associations-de-puycapel\/les-seniors-de-calvinet\/","url_meta":{"origin":206,"position":2},"title":"Les Seniors de Calvinet","author":"Antoine Puech","date":"26 janvier 2019","format":false,"excerpt":"En 1977, le Club d\u2019Animation Populaire \u00e9tait un lieu de rencontres et d\u2019animation du village. Les activit\u00e9s \u00e9taient class\u00e9es en trois sections : Loisirs, Jeunes et 3\u00e8me \u00e2ge. C\u2019est Pierre Couderc, instituteur du village, qui pr\u00e9sidait ce club. De 1989 \u00e0 1994 Raymond Duproz prend la pr\u00e9sidence de la section\u2026","rel":"","context":"Article similaire","block_context":{"text":"Article similaire","link":""},"img":{"alt_text":"","src":"","width":0,"height":0},"classes":[]},{"id":411,"url":"https:\/\/puycapel.fr\/index.php\/accueil\/contactez-nous\/lecole-de-puycapel-paiement-tipi\/","url_meta":{"origin":206,"position":3},"title":"L&rsquo;\u00e9cole de Puycapel","author":"Antoine Puech","date":"11 f\u00e9vrier 2019","format":false,"excerpt":"Restauration scolaire La cantine scolaire est \u00e0 la disposition des enfants de l\u2019\u00e9cole tout au long de l\u2019ann\u00e9e scolaire. Les d\u00e9jeuners sont pr\u00e9par\u00e9s par un agent communal, charg\u00e9 \u00e9galement de l\u2019approvisionnement des denr\u00e9es alimentaires. Nous privil\u00e9gions les commerces et producteurs de proximit\u00e9. Le prix du repas est de 2,90\u20ac\u00a0(Rentr\u00e9e 2024\/2025)\u2026","rel":"","context":"Article similaire","block_context":{"text":"Article similaire","link":""},"img":{"alt_text":"","src":"https:\/\/i0.wp.com\/puycapel.fr\/wp-content\/uploads\/2020\/02\/tipi2-150x150-1.jpg?resize=350%2C200&ssl=1","width":350,"height":200},"classes":[]},{"id":242,"url":"https:\/\/puycapel.fr\/index.php\/accueil\/les-associations-de-puycapel\/serfouette\/","url_meta":{"origin":206,"position":4},"title":"Serfouette","author":"Antoine Puech","date":"26 janvier 2019","format":false,"excerpt":"-AVRIL 2021- Serfouette poursuit son action \"z\u00e9ro d\u00e9chet\" en offrant des poules \u00e0 celles et ceux qui s'engagent \u00e0 r\u00e9duire leurs d\u00e9chets. Informations au local Serfouette : 39 rue de la Chataigneraie, Calvinet, 15340 Puycapel Chaque mercredi de 18h \u00e0 20h et le 1er dimanche du mois de 10h \u00e0\u2026","rel":"","context":"Article similaire","block_context":{"text":"Article similaire","link":""},"img":{"alt_text":"","src":"","width":0,"height":0},"classes":[]},{"id":7995,"url":"https:\/\/puycapel.fr\/index.php\/transport-scolaire\/","url_meta":{"origin":206,"position":5},"title":"Transport scolaire","author":"Mairie Puycapel","date":"27 avril 2023","format":false,"excerpt":"-SERVICE ORGANISE LOCALEMENT PAR LA COMMUNAUTE DE COMMUNES- L\u2019inscription des enfants au transport scolaire organis\u00e9 par la R\u00e9gion Auvergne-Rh\u00f4ne-Alpes et localement par la Communaut\u00e9 de Communes de la Ch\u00e2taigneraie Cantalienne (GPTS\u00a0: Gestionnaire de Proximit\u00e9 des Transports Scolaires),\u00a0s\u2019effectue en ligne.\u00a0 La Communaut\u00e9 de Communes reste l\u2019interlocuteur privil\u00e9gi\u00e9 pour fournir tous les\u2026","rel":"","context":"Article similaire","block_context":{"text":"Article similaire","link":""},"img":{"alt_text":"","src":"","width":0,"height":0},"classes":[]}],"_links":{"self":[{"href":"https:\/\/puycapel.fr\/index.php\/wp-json\/wp\/v2\/pages\/206","targetHints":{"allow":["GET"]}}],"collection":[{"href":"https:\/\/puycapel.fr\/index.php\/wp-json\/wp\/v2\/pages"}],"about":[{"href":"https:\/\/puycapel.fr\/index.php\/wp-json\/wp\/v2\/types\/page"}],"author":[{"embeddable":true,"href":"https:\/\/puycapel.fr\/index.php\/wp-json\/wp\/v2\/users\/3"}],"replies":[{"embeddable":true,"href":"https:\/\/puycapel.fr\/index.php\/wp-json\/wp\/v2\/comments?post=206"}],"version-history":[{"count":17,"href":"https:\/\/puycapel.fr\/index.php\/wp-json\/wp\/v2\/pages\/206\/revisions"}],"predecessor-version":[{"id":10431,"href":"https:\/\/puycapel.fr\/index.php\/wp-json\/wp\/v2\/pages\/206\/revisions\/10431"}],"up":[{"embeddable":true,"href":"https:\/\/puycapel.fr\/index.php\/wp-json\/wp\/v2\/pages\/183"}],"wp:attachment":[{"href":"https:\/\/puycapel.fr\/index.php\/wp-json\/wp\/v2\/media?parent=206"}],"curies":[{"name":"wp","href":"https:\/\/api.w.org\/{rel}","templated":true}]}}