{"id":227,"date":"2019-01-26T14:16:53","date_gmt":"2019-01-26T13:16:53","guid":{"rendered":"https:\/\/puycapel.fr\/?page_id=227"},"modified":"2025-03-26T13:48:22","modified_gmt":"2025-03-26T12:48:22","slug":"calvinet-patrimoine","status":"publish","type":"page","link":"https:\/\/puycapel.fr\/index.php\/accueil\/les-associations-de-puycapel\/calvinet-patrimoine\/","title":{"rendered":"Calvinet Patrimoine"},"content":{"rendered":"\n<p>Fond\u00e9e en mars 2001, l\u2019association pour la sauvegarde de notre patrimoine, dite CALVINET-PATRIMOINE, a pour objet la sauvegarde du patrimoine b\u00e2ti, non b\u00e2ti et environnemental sur le territoire de la commune.<\/p>\n\n\n\n<p>Depuis sa cr\u00e9ation, l\u2019association a particip\u00e9&nbsp;:<\/p>\n\n\n\n<p>-\u00e0 la restauration de la vieille fontaine, rue du Pav\u00e9,<\/p>\n\n\n\n<p>-\u00e0 la r\u00e9alisation des plaques de rue et au financement du logo appos\u00e9 sur ces plaques,<\/p>\n\n\n\n<p>-\u00e0 la restauration du lavoir de Lasdailles,<\/p>\n\n\n\n<p>-\u00e0 la mise en valeur du lavoir de l\u2019Estanquiol,<\/p>\n\n\n\n<p>-au financement et \u00e0 l\u2019installation de la table d\u2019orientation du Puy Capel, ainsi que d\u2019une lunette binoculaire,<\/p>\n\n\n\n<p>-\u00e0 l\u2019entretien et au nettoyage du Puy Majou,<\/p>\n\n\n\n<p>-au financement de la toiture de l\u2019\u00e9glise, en \u00e9tant l\u2019interlocuteur privil\u00e9gi\u00e9 de la Fondation du Patrimoine-D\u00e9l\u00e9gation Auvergne,<\/p>\n\n\n\n<p>-aux Journ\u00e9es europ\u00e9ennes du Patrimoine.<\/p>\n\n\n\n<p>L\u2019association est pr\u00e9sid\u00e9e par Madame Catherine MARCENAC MERCIER.<\/p>\n\n\n\n<p><a href=\"http:\/\/www.auvergne.fondation-patrimoine.org\/\" target=\"_blank\" rel=\"noreferrer noopener\">Fondation du patrimoine \u2013 D\u00e9l\u00e9gation Auvergne www.auvergne.fondation-patrimoine.org<\/a><\/p>\n","protected":false},"excerpt":{"rendered":"<p>Fond\u00e9e en mars 2001, l\u2019association pour la sauvegarde de notre patrimoine, dite CALVINET-PATRIMOINE, a pour objet la sauvegarde du patrimoine b\u00e2ti, non b\u00e2ti et environnemental sur le territoire de la commune. Depuis sa cr\u00e9ation, l\u2019association a particip\u00e9&nbsp;: -\u00e0 la restauration de la vieille fontaine, rue du Pav\u00e9, -\u00e0 la r\u00e9alisation des plaques de rue et [&hellip;]<\/p>\n","protected":false},"author":3,"featured_media":0,"parent":183,"menu_order":0,"comment_status":"closed","ping_status":"closed","template":"","meta":{"_exactmetrics_skip_tracking":false,"_exactmetrics_sitenote_active":false,"_exactmetrics_sitenote_note":"","_exactmetrics_sitenote_category":0,"jetpack_post_was_ever_published":false,"footnotes":""},"class_list":["post-227","page","type-page","status-publish","hentry"],"jetpack_sharing_enabled":true,"jetpack_shortlink":"https:\/\/wp.me\/PaADkW-3F","jetpack-related-posts":[{"id":1761,"url":"https:\/\/puycapel.fr\/index.php\/calvinet-au-moyen-age\/","url_meta":{"origin":227,"position":0},"title":"Calvinet au moyen Age","author":"Antoine Puech","date":"24 novembre 2019","format":false,"excerpt":"La charte des habitants de Calvinet au Moyen Age Ci dessous, disponible en t\u00e9l\u00e9chargement, un expos\u00e9 de la \u00ab\u00a0Charte des habitants de calvinet\u00a0\u00bb qui a \u00e9t\u00e9 pr\u00e9sent\u00e9e\u00a0par Guy Ouillade le 7 Juillet 2017 \u00e0 la salle des f\u00eates de Calvinet. Calvinet-au-XIII-pr\u00e9sentation-imprimableT\u00e9l\u00e9charger Conf\u00e9rence sur Calvinet au Moyen Age Le support de\u2026","rel":"","context":"Article similaire","block_context":{"text":"Article similaire","link":""},"img":{"alt_text":"","src":"https:\/\/i0.wp.com\/www.calvinet.fr\/wp-content\/uploads\/2016\/10\/mail-Antoine-2-1-300x178.jpg?resize=350%2C200","width":350,"height":200},"classes":[]},{"id":183,"url":"https:\/\/puycapel.fr\/index.php\/accueil\/les-associations-de-puycapel\/","url_meta":{"origin":227,"position":1},"title":"Les Associations","author":"Antoine Puech","date":"26 janvier 2019","format":false,"excerpt":"Vivre en Ch\u00e2taigneraieAssociation du P\u00e9louClub des A\u00een\u00e9sUnion sportive du Haut-C\u00e9l\u00e9 (USHC)Association des parents d\u2019\u00e9l\u00e8vesChasse \/ ACCAADMR du Haut C\u00e9l\u00e9Les cailloux Br\u00fblantsLe Tennis Club de la Ch\u00e2taigneraieSerfouetteL\u2019Atelier de Marguelz\u00e9\u2019ARTSComit\u00e9 des f\u00eates de CalvinetLes Seniors de CalvinetComit\u00e9 d\u2019animation de CalvinetCalvinet PatrimoineClub de p\u00e9tanque","rel":"","context":"Article similaire","block_context":{"text":"Article similaire","link":""},"img":{"alt_text":"","src":"","width":0,"height":0},"classes":[]},{"id":190,"url":"https:\/\/puycapel.fr\/index.php\/accueil\/les-associations-de-puycapel\/vivre-en-chataigneraie\/","url_meta":{"origin":227,"position":2},"title":"Vivre en Ch\u00e2taigneraie","author":"Antoine Puech","date":"26 janvier 2019","format":false,"excerpt":"Cette association a \u00e9t\u00e9 cr\u00e9\u00e9e avec l\u2019autorisation de 8 communes (Calvinet, Cassaniouze, Fournoul\u00e8s Leynhac, Mourjou, Marcol\u00e8s, Saint-Antoine, S\u00e9nezergues) sur trois cantons.Ses statuts lui permettent d\u2019acheter, vendre et animer.D\u00e8s le d\u00e9but elle s\u2019oriente vers le tourisme et r\u00e9alise divers projets: cr\u00e9ation de sentiers p\u00e9destres, conception du d\u00e9pliant \u00ab les chemins de\u2026","rel":"","context":"Article similaire","block_context":{"text":"Article similaire","link":""},"img":{"alt_text":"","src":"https:\/\/i0.wp.com\/puycapel.fr\/wp-content\/uploads\/2019\/01\/logovivireenchataigneraie.png?resize=350%2C200&ssl=1","width":350,"height":200},"classes":[]},{"id":236,"url":"https:\/\/puycapel.fr\/index.php\/accueil\/les-associations-de-puycapel\/les-seniors-de-calvinet\/","url_meta":{"origin":227,"position":3},"title":"Les Seniors de Calvinet","author":"Antoine Puech","date":"26 janvier 2019","format":false,"excerpt":"En 1977, le Club d\u2019Animation Populaire \u00e9tait un lieu de rencontres et d\u2019animation du village. Les activit\u00e9s \u00e9taient class\u00e9es en trois sections : Loisirs, Jeunes et 3\u00e8me \u00e2ge. C\u2019est Pierre Couderc, instituteur du village, qui pr\u00e9sidait ce club. De 1989 \u00e0 1994 Raymond Duproz prend la pr\u00e9sidence de la section\u2026","rel":"","context":"Article similaire","block_context":{"text":"Article similaire","link":""},"img":{"alt_text":"","src":"","width":0,"height":0},"classes":[]},{"id":206,"url":"https:\/\/puycapel.fr\/index.php\/accueil\/les-associations-de-puycapel\/association-des-parents-deleves\/","url_meta":{"origin":227,"position":4},"title":"Association des parents d&rsquo;\u00e9l\u00e8ves","author":"Antoine Puech","date":"26 janvier 2019","format":false,"excerpt":"L\u2019association des parents d\u2019\u00e9l\u00e8ves concerne le R.P.I. Calvinet \/Mourjou\u00a0(qui\u00a0compte cinquante et un enfants scolaris\u00e9s). Notre principale action est d\u2019encourager et de soutenir financi\u00e8rement les projets de l\u2019\u00e9cole (sortie p\u00e9dagogique, regroupement sportif, mat\u00e9riel\u2026) mais aussi de permettre \u00e0 tous les enfants du regroupement de b\u00e9n\u00e9ficier d\u2019activit\u00e9s ludiques et de pouvoir\u00a0 r\u00e9aliser\u2026","rel":"","context":"Article similaire","block_context":{"text":"Article similaire","link":""},"img":{"alt_text":"","src":"","width":0,"height":0},"classes":[]},{"id":1073,"url":"https:\/\/puycapel.fr\/index.php\/site-remarquable-du-gout-mourjou-chataigneraie-cantalienne\/","url_meta":{"origin":227,"position":5},"title":"Site remarquable du go\u00fbt  Mourjou, Ch\u00e2taigneraie cantalienne","author":"Mairie Puycapel","date":"23 mai 2019","format":false,"excerpt":"La Ch\u00e2taigneraie cantalienne a rejoint fin 2018 les 70 sites fran\u00e7ais qui b\u00e9n\u00e9ficient du label \u00ab\u00a0Site remarquable du go\u00fbt\u00a0\u00bb, cr\u00e9\u00e9 en 1995 par les minist\u00e8res de la Culture, du Tourisme, de l\u2019Environnement et de l\u2019agriculture. C\u2019est \u00e9videmment pour son produit embl\u00e9matique qu\u2019est la ch\u00e2taigne que notre pays castanhaire a \u00e9t\u00e9\u2026","rel":"","context":"Article similaire","block_context":{"text":"Article similaire","link":""},"img":{"alt_text":"","src":"https:\/\/i0.wp.com\/puycapel.fr\/wp-content\/uploads\/2019\/05\/LABELOCTOBRE-1.jpg?resize=350%2C200&ssl=1","width":350,"height":200,"srcset":"https:\/\/i0.wp.com\/puycapel.fr\/wp-content\/uploads\/2019\/05\/LABELOCTOBRE-1.jpg?resize=350%2C200&ssl=1 1x, https:\/\/i0.wp.com\/puycapel.fr\/wp-content\/uploads\/2019\/05\/LABELOCTOBRE-1.jpg?resize=525%2C300&ssl=1 1.5x, https:\/\/i0.wp.com\/puycapel.fr\/wp-content\/uploads\/2019\/05\/LABELOCTOBRE-1.jpg?resize=700%2C400&ssl=1 2x, https:\/\/i0.wp.com\/puycapel.fr\/wp-content\/uploads\/2019\/05\/LABELOCTOBRE-1.jpg?resize=1050%2C600&ssl=1 3x, https:\/\/i0.wp.com\/puycapel.fr\/wp-content\/uploads\/2019\/05\/LABELOCTOBRE-1.jpg?resize=1400%2C800&ssl=1 4x"},"classes":[]}],"_links":{"self":[{"href":"https:\/\/puycapel.fr\/index.php\/wp-json\/wp\/v2\/pages\/227","targetHints":{"allow":["GET"]}}],"collection":[{"href":"https:\/\/puycapel.fr\/index.php\/wp-json\/wp\/v2\/pages"}],"about":[{"href":"https:\/\/puycapel.fr\/index.php\/wp-json\/wp\/v2\/types\/page"}],"author":[{"embeddable":true,"href":"https:\/\/puycapel.fr\/index.php\/wp-json\/wp\/v2\/users\/3"}],"replies":[{"embeddable":true,"href":"https:\/\/puycapel.fr\/index.php\/wp-json\/wp\/v2\/comments?post=227"}],"version-history":[{"count":2,"href":"https:\/\/puycapel.fr\/index.php\/wp-json\/wp\/v2\/pages\/227\/revisions"}],"predecessor-version":[{"id":9912,"href":"https:\/\/puycapel.fr\/index.php\/wp-json\/wp\/v2\/pages\/227\/revisions\/9912"}],"up":[{"embeddable":true,"href":"https:\/\/puycapel.fr\/index.php\/wp-json\/wp\/v2\/pages\/183"}],"wp:attachment":[{"href":"https:\/\/puycapel.fr\/index.php\/wp-json\/wp\/v2\/media?parent=227"}],"curies":[{"name":"wp","href":"https:\/\/api.w.org\/{rel}","templated":true}]}}