{"id":231,"date":"2019-01-26T14:17:19","date_gmt":"2019-01-26T13:17:19","guid":{"rendered":"https:\/\/puycapel.fr\/?page_id=231"},"modified":"2019-05-13T10:07:58","modified_gmt":"2019-05-13T08:07:58","slug":"comite-danimation-de-calvinet","status":"publish","type":"page","link":"https:\/\/puycapel.fr\/index.php\/accueil\/les-associations-de-puycapel\/comite-danimation-de-calvinet\/","title":{"rendered":"Comit\u00e9 d&rsquo;animation de Calvinet"},"content":{"rendered":"\n<p>D\u00e9clar\u00e9e le&nbsp;\n28\/10\/2002 en Pr\u00e9fecture n\u00b0&nbsp;:W151000836<\/p>\n\n\n\n<p>Siege social&nbsp; mairie\nde CALVINET&nbsp; association r\u00e9gie par la loi\nde 1901<\/p>\n\n\n\n<p>OBJET\u00a0 \/ Animations touristiques,  organisation de f\u00eates et spectacles<\/p>\n\n\n\n<p>Principales activit\u00e9s\u00a0:         *repas\u00a0\/vente choux farcis\u00a0 le 13 juillet<\/p>\n\n\n\n<p>\u00a0\u00a0\u00a0\u00a0\u00a0\u00a0\u00a0\u00a0\u00a0\u00a0\u00a0 \u00a0\u00a0\u00a0\u00a0\u00a0\u00a0\u00a0\u00a0\u00a0\u00a0\u00a0\u00a0\u00a0\u00a0\u00a0\u00a0\u00a0\u00a0\u00a0\u00a0\u00a0\u00a0\u00a0\u00a0\u00a0\u00a0\u00a0\u00a0\u00a0\u00a0\u00a0\u00a0\u00a0\u00a0 *pique nique g\u00e9ant le 14 \u00a0 Juillet\u00a0 terrain de foot<\/p>\n\n\n\n<p>\u00a0\u00a0\u00a0\u00a0\u00a0\u00a0\u00a0\u00a0\u00a0\u00a0\u00a0\u00a0\u00a0\u00a0\u00a0\u00a0\u00a0\u00a0\u00a0\u00a0\u00a0\u00a0\u00a0\u00a0\u00a0\u00a0\u00a0\u00a0\u00a0\u00a0\u00a0\u00a0\u00a0\u00a0\u00a0\u00a0\u00a0\u00a0\u00a0\u00a0\u00a0\u00a0\u00a0\u00a0\u00a0\u00a0 *d\u00e9cembre organisation MARCHE de NO\u00cbL<\/p>\n\n\n\n<p>Ressources\u00a0\u00a0 : cotisations des membres et subventions de la commune,  du d\u00e9partement et \u00e9tablissements publics et exceptionnellement \u00a0: tombola, concert, publications etc.<\/p>\n\n\n\n<p>Le conseil d\u2019administration  compte 6 \u00e0 18 membres \u00e9lus pour 3 ann\u00e9es et un bureau compos\u00e9  de 1 pr\u00e9sident , 1 secr\u00e9taire, 1 tr\u00e9sorier et des adjoints.<\/p>\n\n\n\n<p>Pr\u00e9sidents:<\/p>\n\n\n\n<p>2002 \/2014:\u00a0 Mr COUDERC PIERRE\u00a0 <\/p>\n\n\n\n<p>2014\/2015:\u00a0\u00a0 Mr GAILLOU\u00a0 CLAUDE\u00a0\u00a0\u00a0\u00a0\u00a0\u00a0\u00a0\u00a0\u00a0\u00a0\u00a0\u00a0\u00a0\u00a0\u00a0\u00a0\u00a0\u00a0\u00a0\u00a0\u00a0\u00a0\u00a0\u00a0\u00a0\u00a0\u00a0\u00a0\u00a0 <\/p>\n\n\n\n<p>2015\/2018:\u00a0 Mr BONNET\u00a0\u00a0 HENRI<\/p>\n\n\n\n<p>depuis 2018:\u00a0 Mme\u00a0 MERCADIER\u00a0 JOSETTE<\/p>\n","protected":false},"excerpt":{"rendered":"<p>D\u00e9clar\u00e9e le&nbsp; 28\/10\/2002 en Pr\u00e9fecture n\u00b0&nbsp;:W151000836 Siege social&nbsp; mairie de CALVINET&nbsp; association r\u00e9gie par la loi de 1901 OBJET\u00a0 \/ Animations touristiques, organisation de f\u00eates et spectacles Principales activit\u00e9s\u00a0: *repas\u00a0\/vente choux farcis\u00a0 le 13 juillet \u00a0\u00a0\u00a0\u00a0\u00a0\u00a0\u00a0\u00a0\u00a0\u00a0\u00a0 \u00a0\u00a0\u00a0\u00a0\u00a0\u00a0\u00a0\u00a0\u00a0\u00a0\u00a0\u00a0\u00a0\u00a0\u00a0\u00a0\u00a0\u00a0\u00a0\u00a0\u00a0\u00a0\u00a0\u00a0\u00a0\u00a0\u00a0\u00a0\u00a0\u00a0\u00a0\u00a0\u00a0\u00a0 *pique nique g\u00e9ant le 14 \u00a0 Juillet\u00a0 terrain de foot \u00a0\u00a0\u00a0\u00a0\u00a0\u00a0\u00a0\u00a0\u00a0\u00a0\u00a0\u00a0\u00a0\u00a0\u00a0\u00a0\u00a0\u00a0\u00a0\u00a0\u00a0\u00a0\u00a0\u00a0\u00a0\u00a0\u00a0\u00a0\u00a0\u00a0\u00a0\u00a0\u00a0\u00a0\u00a0\u00a0\u00a0\u00a0\u00a0\u00a0\u00a0\u00a0\u00a0\u00a0\u00a0\u00a0 *d\u00e9cembre organisation MARCHE de NO\u00cbL Ressources\u00a0\u00a0 : [&hellip;]<\/p>\n","protected":false},"author":3,"featured_media":0,"parent":183,"menu_order":0,"comment_status":"closed","ping_status":"closed","template":"","meta":{"_exactmetrics_skip_tracking":false,"_exactmetrics_sitenote_active":false,"_exactmetrics_sitenote_note":"","_exactmetrics_sitenote_category":0,"jetpack_post_was_ever_published":false,"footnotes":""},"class_list":["post-231","page","type-page","status-publish","hentry"],"jetpack_sharing_enabled":true,"jetpack_shortlink":"https:\/\/wp.me\/PaADkW-3J","jetpack-related-posts":[{"id":236,"url":"https:\/\/puycapel.fr\/index.php\/accueil\/les-associations-de-puycapel\/les-seniors-de-calvinet\/","url_meta":{"origin":231,"position":0},"title":"Les Seniors de Calvinet","author":"Antoine Puech","date":"26 janvier 2019","format":false,"excerpt":"En 1977, le Club d\u2019Animation Populaire \u00e9tait un lieu de rencontres et d\u2019animation du village. Les activit\u00e9s \u00e9taient class\u00e9es en trois sections : Loisirs, Jeunes et 3\u00e8me \u00e2ge. C\u2019est Pierre Couderc, instituteur du village, qui pr\u00e9sidait ce club. De 1989 \u00e0 1994 Raymond Duproz prend la pr\u00e9sidence de la section\u2026","rel":"","context":"Article similaire","block_context":{"text":"Article similaire","link":""},"img":{"alt_text":"","src":"","width":0,"height":0},"classes":[]},{"id":1761,"url":"https:\/\/puycapel.fr\/index.php\/calvinet-au-moyen-age\/","url_meta":{"origin":231,"position":1},"title":"Calvinet au moyen Age","author":"Antoine Puech","date":"24 novembre 2019","format":false,"excerpt":"La charte des habitants de Calvinet au Moyen Age Ci dessous, disponible en t\u00e9l\u00e9chargement, un expos\u00e9 de la \u00ab\u00a0Charte des habitants de calvinet\u00a0\u00bb qui a \u00e9t\u00e9 pr\u00e9sent\u00e9e\u00a0par Guy Ouillade le 7 Juillet 2017 \u00e0 la salle des f\u00eates de Calvinet. Calvinet-au-XIII-pr\u00e9sentation-imprimableT\u00e9l\u00e9charger Conf\u00e9rence sur Calvinet au Moyen Age Le support de\u2026","rel":"","context":"Article similaire","block_context":{"text":"Article similaire","link":""},"img":{"alt_text":"","src":"https:\/\/i0.wp.com\/www.calvinet.fr\/wp-content\/uploads\/2016\/10\/mail-Antoine-2-1-300x178.jpg?resize=350%2C200","width":350,"height":200},"classes":[]},{"id":183,"url":"https:\/\/puycapel.fr\/index.php\/accueil\/les-associations-de-puycapel\/","url_meta":{"origin":231,"position":2},"title":"Les Associations","author":"Antoine Puech","date":"26 janvier 2019","format":false,"excerpt":"Vivre en Ch\u00e2taigneraieAssociation du P\u00e9louClub des A\u00een\u00e9sUnion sportive du Haut-C\u00e9l\u00e9 (USHC)Association des parents d\u2019\u00e9l\u00e8vesChasse \/ ACCAADMR du Haut C\u00e9l\u00e9Les cailloux Br\u00fblantsLe Tennis Club de la Ch\u00e2taigneraieSerfouetteL\u2019Atelier de Marguelz\u00e9\u2019ARTSComit\u00e9 des f\u00eates de CalvinetLes Seniors de CalvinetComit\u00e9 d\u2019animation de CalvinetCalvinet PatrimoineClub de p\u00e9tanque","rel":"","context":"Article similaire","block_context":{"text":"Article similaire","link":""},"img":{"alt_text":"","src":"","width":0,"height":0},"classes":[]},{"id":544,"url":"https:\/\/puycapel.fr\/index.php\/un-peu-dhistoire\/jean-de-bonnefon\/","url_meta":{"origin":231,"position":3},"title":"Jean de Bonnefon","author":"Antoine Puech","date":"17 mars 2019","format":false,"excerpt":"\u00c0 L\u2019OCCASION DE LA PARUTION DE\u00a0L\u2019\u00c9trange Jean de Bonnefon ou le Journalisme \u00e0 l\u2019estomac\u00a0de Christian GURY aux \u00e9ditions ErosOnyX\u00a0et du 150\u00e8me\u00a0anniversaire\u00a0de la naissance de Jean de Bonnefon,\u00a0maire de Calvinet de 1908 \u00e0 1928,\u00a0une conf\u00e9rence sur\u00a0\u00ab\u00a0Jean de Bonnefon, un Cantalien de Paris\u00a0\u00bb, a \u00e9t\u00e9\u00a0donn\u00e9e par l\u2019auteur\u00a0\u00e0 la salle des F\u00eates de\u2026","rel":"","context":"Article similaire","block_context":{"text":"Article similaire","link":""},"img":{"alt_text":"","src":"https:\/\/i0.wp.com\/puycapel.fr\/wp-content\/uploads\/2019\/03\/jdbf4-600x419.jpg?resize=350%2C200&ssl=1","width":350,"height":200,"srcset":"https:\/\/i0.wp.com\/puycapel.fr\/wp-content\/uploads\/2019\/03\/jdbf4-600x419.jpg?resize=350%2C200&ssl=1 1x, https:\/\/i0.wp.com\/puycapel.fr\/wp-content\/uploads\/2019\/03\/jdbf4-600x419.jpg?resize=525%2C300&ssl=1 1.5x"},"classes":[]},{"id":3412,"url":"https:\/\/puycapel.fr\/index.php\/services-municipaux\/","url_meta":{"origin":231,"position":4},"title":"Services municipaux","author":"Mairie Puycapel","date":"18 janvier 2021","format":false,"excerpt":"Tatiana MARIE agent administratif affect\u00e9 au secr\u00e9tariat de Mairie Nathalie ROBERT-MALVEZIN Agent administratif affect\u00e9 au secr\u00e9tariat de mairie, animation, communication Christian CHARMES Agent technique Hubert MOLENAT Agent technique Brigitte BRU - animation des TAP et gestion de la m\u00e9diath\u00e8que Claudine LACASSAGNE -ATSEM Sandrine MAURY-LASSERONAgent administratif affect\u00e9 \u00e0 l'Agence Postale et\u2026","rel":"","context":"Article similaire","block_context":{"text":"Article similaire","link":""},"img":{"alt_text":"","src":"https:\/\/i0.wp.com\/puycapel.fr\/wp-content\/uploads\/2021\/01\/nath-scaled.jpg?resize=350%2C200&ssl=1","width":350,"height":200,"srcset":"https:\/\/i0.wp.com\/puycapel.fr\/wp-content\/uploads\/2021\/01\/nath-scaled.jpg?resize=350%2C200&ssl=1 1x, https:\/\/i0.wp.com\/puycapel.fr\/wp-content\/uploads\/2021\/01\/nath-scaled.jpg?resize=525%2C300&ssl=1 1.5x, https:\/\/i0.wp.com\/puycapel.fr\/wp-content\/uploads\/2021\/01\/nath-scaled.jpg?resize=700%2C400&ssl=1 2x, https:\/\/i0.wp.com\/puycapel.fr\/wp-content\/uploads\/2021\/01\/nath-scaled.jpg?resize=1050%2C600&ssl=1 3x, https:\/\/i0.wp.com\/puycapel.fr\/wp-content\/uploads\/2021\/01\/nath-scaled.jpg?resize=1400%2C800&ssl=1 4x"},"classes":[]},{"id":185,"url":"https:\/\/puycapel.fr\/index.php\/accueil\/les-associations-de-puycapel\/association-du-pelou\/","url_meta":{"origin":231,"position":5},"title":"Association du P\u00e9lou","author":"Antoine Puech","date":"26 janvier 2019","format":false,"excerpt":"L\u2019association du P\u00e9lou a vu le jour en 1995 pour prendre en charge l\u2019organisation de la Foire de la ch\u00e2taigne de Mourjou, cr\u00e9\u00e9e en 1989 et organis\u00e9e jusque l\u00e0 par le comit\u00e9 des f\u00eates de Mourjou. Elle mobilise chaque ann\u00e9e plus de 200 b\u00e9n\u00e9voles pour l\u2019organisation, l\u2019avant dernier week-end d\u2019octobre,\u2026","rel":"","context":"Article similaire","block_context":{"text":"Article similaire","link":""},"img":{"alt_text":"","src":"https:\/\/i0.wp.com\/puycapel.fr\/wp-content\/uploads\/2019\/01\/pelou3.jpg?resize=350%2C200","width":350,"height":200,"srcset":"https:\/\/i0.wp.com\/puycapel.fr\/wp-content\/uploads\/2019\/01\/pelou3.jpg?resize=350%2C200 1x, https:\/\/i0.wp.com\/puycapel.fr\/wp-content\/uploads\/2019\/01\/pelou3.jpg?resize=525%2C300 1.5x, https:\/\/i0.wp.com\/puycapel.fr\/wp-content\/uploads\/2019\/01\/pelou3.jpg?resize=700%2C400 2x, https:\/\/i0.wp.com\/puycapel.fr\/wp-content\/uploads\/2019\/01\/pelou3.jpg?resize=1050%2C600 3x"},"classes":[]}],"_links":{"self":[{"href":"https:\/\/puycapel.fr\/index.php\/wp-json\/wp\/v2\/pages\/231","targetHints":{"allow":["GET"]}}],"collection":[{"href":"https:\/\/puycapel.fr\/index.php\/wp-json\/wp\/v2\/pages"}],"about":[{"href":"https:\/\/puycapel.fr\/index.php\/wp-json\/wp\/v2\/types\/page"}],"author":[{"embeddable":true,"href":"https:\/\/puycapel.fr\/index.php\/wp-json\/wp\/v2\/users\/3"}],"replies":[{"embeddable":true,"href":"https:\/\/puycapel.fr\/index.php\/wp-json\/wp\/v2\/comments?post=231"}],"version-history":[{"count":3,"href":"https:\/\/puycapel.fr\/index.php\/wp-json\/wp\/v2\/pages\/231\/revisions"}],"predecessor-version":[{"id":987,"href":"https:\/\/puycapel.fr\/index.php\/wp-json\/wp\/v2\/pages\/231\/revisions\/987"}],"up":[{"embeddable":true,"href":"https:\/\/puycapel.fr\/index.php\/wp-json\/wp\/v2\/pages\/183"}],"wp:attachment":[{"href":"https:\/\/puycapel.fr\/index.php\/wp-json\/wp\/v2\/media?parent=231"}],"curies":[{"name":"wp","href":"https:\/\/api.w.org\/{rel}","templated":true}]}}