{"id":2324,"date":"2020-04-02T11:34:08","date_gmt":"2020-04-02T09:34:08","guid":{"rendered":"https:\/\/puycapel.fr\/?page_id=2324"},"modified":"2024-04-13T13:53:56","modified_gmt":"2024-04-13T11:53:56","slug":"ou-dormir","status":"publish","type":"page","link":"https:\/\/puycapel.fr\/index.php\/ou-dormir\/","title":{"rendered":"O\u00f9 dormir?"},"content":{"rendered":"\n<h2 class=\"wp-block-heading has-text-align-center\">Retrouvez ci-dessous quelques adresses d&rsquo;h\u00e9bergements touristiques \u00e0 <strong>Calvinet et Mourjou<\/strong><\/h2>\n\n\n\n<h2 class=\"wp-block-heading has-text-align-center\"><a href=\"https:\/\/puycapel.fr\/index.php\/location-de-vacances-a-puycapel\/\">Cette m\u00eame liste d&rsquo;h\u00e9bergement est disponible sous forme de tableau synth\u00e8tique en suivant ce lien<\/a><\/h2>\n\n\n\n<p class=\"has-text-align-center has-vivid-cyan-blue-color has-text-color\"><strong>Chambres d&rsquo;h\u00e9bergement et chambres d&rsquo;h\u00f4tes<\/strong><\/p>\n\n\n\n<p class=\"has-text-align-center\"><strong>Auberge de Mourjou:<\/strong> 4 chambres d&rsquo;h\u00f4tes -dont 1 pour personnes \u00e0 mobilit\u00e9 r\u00e9duite et 1 familiale. Renseignements au <a href=\"https:\/\/www.google.com\/search?client=firefox-b-d&amp;q=auberge+de+MOURJOU#\">04 71 48 25 47<\/a> <\/p>\n\n\n\n<p><strong>Chambres d&rsquo;h\u00f4tes : La Calmette Mourjou:<\/strong> 3 chambres. <strong>Capacit\u00e9 : 4 personnes<\/strong> (chacune). Contacts: Donald VERBRUUGGE, 06 80 93 18 34.<\/p>\n\n\n\n<p class=\"has-text-align-center has-vivid-cyan-blue-color has-text-color\"><strong>G\u00eetes et meubl\u00e9s de tourisme<\/strong><\/p>\n\n\n\n<ul class=\"wp-block-list\">\n<li><strong>Robert AITELLI,&nbsp;<\/strong> La Bar\u00e9sie Mourjou. Chambre d\u2019h\u00f4tes (ouvert juillet-ao\u00fbt). <strong>Capacit\u00e9&nbsp;: 2 personnes.<\/strong> Contacts&nbsp;: 06 74 50 80 79 ou <a href=\"mailto:aitelli.robert@orange.fr\">aitelli.robert@orange.fr<\/a><\/li>\n<\/ul>\n\n\n\n<ul class=\"wp-block-list\">\n<li><strong>Sylvain- Henri et Josette BONNET,<\/strong> Rue Eustache de Beaumarchais Calvinet. Meubl\u00e9 de tourisme. <strong>Capacit\u00e9&nbsp;: 4 personnes.<\/strong> Contacts&nbsp;: 04 71 49 97 42 ou <a href=\"mailto:josette.bonnet@gmail.com\">josette.bonnet@gmail.com<\/a><\/li>\n<\/ul>\n\n\n\n<ul class=\"wp-block-list\">\n<li><strong>Caro CHILDS,<\/strong> Lessal Mourjou. Meubl\u00e9 de tourisme. <strong>Capacit\u00e9&nbsp;: 6 personnes.<\/strong> Contacts&nbsp;: 09 65 32 63 14 ou <a href=\"mailto:caro.childs@gmail.com\">caro.childs@gmail.com<\/a>. Site internet <a href=\"http:\/\/www.chezcaro.co.uk\">www.chezcaro.co.uk<\/a><\/li>\n<\/ul>\n\n\n\n<ul class=\"wp-block-list\">\n<li><strong>Christiane CARRIERE, <\/strong>Le Mas Mourjou. Meubl\u00e9 de tourisme avec piscine. <strong>Capacit\u00e9&nbsp;: 6 \u2013 8 personnes.<\/strong> Contacts&nbsp;: 06 72 11&nbsp;84 99 ou <a href=\"mailto:christiane.vauche@orange.fr\">christiane.vauche@orange.fr<\/a><\/li>\n<\/ul>\n\n\n\n<ul class=\"wp-block-list\">\n<li><strong>Pierre et Annie COUDERC,<\/strong> Rue du Colombier D66 Calvinet. Meubl\u00e9 de tourisme ***. <strong>Capacit\u00e9&nbsp;: 5 \u00e0 10 personnes. <\/strong>Contacts&nbsp;: 04 71 49 94 34 ou <a href=\"mailto:anne-rose.couderc@wanadoo.fr\">anne-rose.couderc@wanadoo.fr<\/a>\/ site internet <a rel=\"noreferrer noopener\" href=\"https:\/\/emea01.safelinks.protection.outlook.com\/?url=https%3A%2F%2Fannie-couderc.pagesperso-orange.fr%2F&amp;data=04%7C01%7C%7C29dc037c932d41c83a0e08d9932077d1%7C84df9e7fe9f640afb435aaaaaaaaaaaa%7C1%7C0%7C637702589921523769%7CUnknown%7CTWFpbGZsb3d8eyJWIjoiMC4wLjAwMDAiLCJQIjoiV2luMzIiLCJBTiI6Ik1haWwiLCJXVCI6Mn0%3D%7C1000&amp;sdata=KF3B6XdR6EmzOVKOLaY%2F2u4s3v3rLAeklO7Ar5fYV2A%3D&amp;reserved=0\" target=\"_blank\">https:\/\/annie-couderc.pagesperso-orange.fr\/<\/a> autre site nature <a rel=\"noreferrer noopener\" href=\"https:\/\/pierrecalvinet.wixsite.com\/nature\" target=\"_blank\">https:\/\/pierrecalvinet.wixsite.com\/nature<\/a><\/li>\n<\/ul>\n\n\n\n<ul class=\"wp-block-list\">\n<li><strong>Josette DAUDE,<\/strong> Prentegarde Calvinet. G\u00eete. <strong>Capacit\u00e9&nbsp;: 6 personnes.<\/strong> Contacts&nbsp;: 04 71 49 25 06 ou <a href=\"mailto:sarl.rdaude@orange.fr\">sarl.rdaude@orange.fr<\/a><\/li>\n<\/ul>\n\n\n\n<ul class=\"wp-block-list\">\n<li><strong>Jeanne ESPEYSSE,<\/strong> Lacan Mourjou. G\u00eete de France. <strong>Capacit\u00e9&nbsp;: 4 personnes.<\/strong> Contact <a href=\"mailto:espeyssebenoit@wanadoo.fr\">espeyssebenoit@wanadoo.fr<\/a><\/li>\n<\/ul>\n\n\n\n<ul class=\"wp-block-list\">\n<li><strong>Marie-Christine GAZAL<\/strong>, le Mas Mourjou. Maison meubl\u00e9e. <strong>Capacit\u00e9 : 6 \u00e0 8 personnes.<\/strong> Contact <a rel=\"noreferrer noopener\" href=\"mailto:mcgazal@yahoo.fr\" target=\"_blank\">mcgazal@yahoo.fr ou <\/a>0695346566. <\/li>\n<\/ul>\n\n\n<div class=\"wp-block-image is-style-rounded\">\n<figure class=\"aligncenter size-large is-resized\"><img data-recalc-dims=\"1\" loading=\"lazy\" decoding=\"async\" width=\"1024\" height=\"768\" data-attachment-id=\"6306\" data-permalink=\"https:\/\/puycapel.fr\/index.php\/ou-dormir\/maison-mc-gazal-1\/\" data-orig-file=\"https:\/\/i0.wp.com\/puycapel.fr\/wp-content\/uploads\/2022\/01\/maison-MC-GAZAL-1-scaled.jpg?fit=2560%2C1920&amp;ssl=1\" data-orig-size=\"2560,1920\" data-comments-opened=\"0\" data-image-meta=\"{&quot;aperture&quot;:&quot;5.6&quot;,&quot;credit&quot;:&quot;&quot;,&quot;camera&quot;:&quot;DSC-P10&quot;,&quot;caption&quot;:&quot;&quot;,&quot;created_timestamp&quot;:&quot;1149550396&quot;,&quot;copyright&quot;:&quot;&quot;,&quot;focal_length&quot;:&quot;7.9&quot;,&quot;iso&quot;:&quot;100&quot;,&quot;shutter_speed&quot;:&quot;0.004&quot;,&quot;title&quot;:&quot;&quot;,&quot;orientation&quot;:&quot;1&quot;}\" data-image-title=\"maison-MC-GAZAL-1\" data-image-description=\"\" data-image-caption=\"\" data-large-file=\"https:\/\/i0.wp.com\/puycapel.fr\/wp-content\/uploads\/2022\/01\/maison-MC-GAZAL-1-scaled.jpg?fit=1024%2C768&amp;ssl=1\" src=\"https:\/\/i0.wp.com\/puycapel.fr\/wp-content\/uploads\/2022\/01\/maison-MC-GAZAL-1.jpg?resize=1024%2C768&#038;ssl=1\" alt=\"\" class=\"wp-image-6306\" style=\"width:338px;height:254px\" srcset=\"https:\/\/i0.wp.com\/puycapel.fr\/wp-content\/uploads\/2022\/01\/maison-MC-GAZAL-1-scaled.jpg?resize=1024%2C768&amp;ssl=1 1024w, https:\/\/i0.wp.com\/puycapel.fr\/wp-content\/uploads\/2022\/01\/maison-MC-GAZAL-1-scaled.jpg?resize=300%2C225&amp;ssl=1 300w, https:\/\/i0.wp.com\/puycapel.fr\/wp-content\/uploads\/2022\/01\/maison-MC-GAZAL-1-scaled.jpg?resize=768%2C576&amp;ssl=1 768w, https:\/\/i0.wp.com\/puycapel.fr\/wp-content\/uploads\/2022\/01\/maison-MC-GAZAL-1-scaled.jpg?resize=1536%2C1152&amp;ssl=1 1536w, https:\/\/i0.wp.com\/puycapel.fr\/wp-content\/uploads\/2022\/01\/maison-MC-GAZAL-1-scaled.jpg?resize=2048%2C1536&amp;ssl=1 2048w, https:\/\/i0.wp.com\/puycapel.fr\/wp-content\/uploads\/2022\/01\/maison-MC-GAZAL-1-scaled.jpg?resize=1320%2C990&amp;ssl=1 1320w\" sizes=\"auto, (max-width: 1000px) 100vw, 1000px\" \/><\/figure>\n<\/div>\n\n\n<ul class=\"wp-block-list\">\n<li><strong>Serge GOUTAL-BOULANGER,<\/strong> Ferme Lagane Calvinet. G\u00eete de France (3 \u00e9pis). <strong>Capacit\u00e9&nbsp;: 4 personnes. <\/strong>Contacts&nbsp;: 06 89 22 31 89 ou <a href=\"mailto:familygoutal@yahoo.fr\">familygoutal@yahoo.fr<\/a><\/li>\n<\/ul>\n\n\n\n<ul class=\"wp-block-list\">\n<li><strong>Huguette LAVIGNE \u00ab&nbsp;Chez Lili&nbsp;\u00bb<\/strong> La Dev\u00e8ze de Calvinet. G\u00eete de France (3 \u00e9pis). Capacit\u00e9 : 6 personnes. Contacts : <a href=\"tel:0628012510\">06 28 01 25 10<\/a> ou&nbsp;<a rel=\"noreferrer noopener\" href=\"mailto:15340chezlili@gmail.com\" target=\"_blank\">15340chezlili@gmail.com<\/a>&nbsp;et&nbsp; &nbsp;<a rel=\"noreferrer noopener\" href=\"http:\/\/www.chezlili.wixsite.com\/site\" target=\"_blank\">www.chezlili.wixsite.com\/site<\/a>&nbsp;<\/li>\n<\/ul>\n\n\n<div class=\"wp-block-image is-style-rounded\">\n<figure class=\"aligncenter size-large is-resized\"><img data-recalc-dims=\"1\" loading=\"lazy\" decoding=\"async\" width=\"1024\" height=\"768\" data-attachment-id=\"3202\" data-permalink=\"https:\/\/puycapel.fr\/index.php\/ou-dormir\/cof-2\/\" data-orig-file=\"https:\/\/i0.wp.com\/puycapel.fr\/wp-content\/uploads\/2020\/11\/terrasse-ombrag%C3%A9e-1-scaled.jpg?fit=2560%2C1920&amp;ssl=1\" data-orig-size=\"2560,1920\" data-comments-opened=\"0\" data-image-meta=\"{&quot;aperture&quot;:&quot;1.6&quot;,&quot;credit&quot;:&quot;&quot;,&quot;camera&quot;:&quot;BLA-L29&quot;,&quot;caption&quot;:&quot;cof&quot;,&quot;created_timestamp&quot;:&quot;1529061171&quot;,&quot;copyright&quot;:&quot;&quot;,&quot;focal_length&quot;:&quot;3.95&quot;,&quot;iso&quot;:&quot;50&quot;,&quot;shutter_speed&quot;:&quot;0.002464&quot;,&quot;title&quot;:&quot;cof&quot;,&quot;orientation&quot;:&quot;0&quot;}\" data-image-title=\"cof\" data-image-description=\"\" data-image-caption=\"&lt;p&gt;cof&lt;\/p&gt;\n\" data-large-file=\"https:\/\/i0.wp.com\/puycapel.fr\/wp-content\/uploads\/2020\/11\/terrasse-ombrag%C3%A9e-1-scaled.jpg?fit=1024%2C768&amp;ssl=1\" src=\"https:\/\/i0.wp.com\/puycapel.fr\/wp-content\/uploads\/2020\/11\/terrasse-ombrag%C3%A9e-1.jpg?resize=1024%2C768&#038;ssl=1\" alt=\"\" class=\"wp-image-3202\" style=\"width:328px;height:246px\" srcset=\"https:\/\/i0.wp.com\/puycapel.fr\/wp-content\/uploads\/2020\/11\/terrasse-ombrag%C3%A9e-1-scaled.jpg?resize=1024%2C768&amp;ssl=1 1024w, https:\/\/i0.wp.com\/puycapel.fr\/wp-content\/uploads\/2020\/11\/terrasse-ombrag%C3%A9e-1-scaled.jpg?resize=300%2C225&amp;ssl=1 300w, https:\/\/i0.wp.com\/puycapel.fr\/wp-content\/uploads\/2020\/11\/terrasse-ombrag%C3%A9e-1-scaled.jpg?resize=768%2C576&amp;ssl=1 768w, https:\/\/i0.wp.com\/puycapel.fr\/wp-content\/uploads\/2020\/11\/terrasse-ombrag%C3%A9e-1-scaled.jpg?resize=1536%2C1152&amp;ssl=1 1536w, https:\/\/i0.wp.com\/puycapel.fr\/wp-content\/uploads\/2020\/11\/terrasse-ombrag%C3%A9e-1-scaled.jpg?resize=2048%2C1536&amp;ssl=1 2048w, https:\/\/i0.wp.com\/puycapel.fr\/wp-content\/uploads\/2020\/11\/terrasse-ombrag%C3%A9e-1-scaled.jpg?resize=1320%2C990&amp;ssl=1 1320w\" sizes=\"auto, (max-width: 1000px) 100vw, 1000px\" \/><\/figure>\n<\/div>\n\n\n<ul class=\"wp-block-list\">\n<li><strong>Alain LISSAC,<\/strong> Rue du Baillage Calvinet. G\u00eete. <strong>Capacit\u00e9&nbsp;: 4 personnes. <\/strong>Contacts&nbsp;: 06 81 51 30 36 ou <a href=\"mailto:yvette.lissac@orange.fr\">yvette.lissac@orange.fr<\/a><\/li>\n<\/ul>\n\n\n\n<ul class=\"wp-block-list\">\n<li><strong>Claude et Yvonne LISSAC,<\/strong> SCI du Salamidou, Rue du Ch\u00eane Calvinet. G\u00eete Salamidou. <strong>Capacit\u00e9 4 personnes.<\/strong> Contacts&nbsp;: 06 19 69 46 99 ou <a href=\"mailto:gitesalamidou@gmail.com\">gitesalamidou@gmail.com<\/a><\/li>\n<\/ul>\n\n\n\n<ul class=\"wp-block-list\">\n<li><strong>Fran\u00e7oise MERLE,<\/strong> Le Mas Mourjou. G\u00eete de France -photo- <strong>Capacit\u00e9&nbsp;: 5 personnes.<\/strong> Contacts&nbsp;: 06 87 39 65 12 ou <a href=\"mailto:fmerle1516@gmail.com\">fmerle1516@gmail.com<\/a><\/li>\n<\/ul>\n\n\n<div class=\"wp-block-image is-style-rounded\">\n<figure class=\"aligncenter size-medium\"><img data-recalc-dims=\"1\" loading=\"lazy\" decoding=\"async\" width=\"300\" height=\"200\" data-attachment-id=\"2325\" data-permalink=\"https:\/\/puycapel.fr\/index.php\/ou-dormir\/lemas-1\/\" data-orig-file=\"https:\/\/i0.wp.com\/puycapel.fr\/wp-content\/uploads\/2020\/04\/lemas-1.jpg?fit=443%2C295&amp;ssl=1\" data-orig-size=\"443,295\" data-comments-opened=\"0\" data-image-meta=\"{&quot;aperture&quot;:&quot;5&quot;,&quot;credit&quot;:&quot;&quot;,&quot;camera&quot;:&quot;Canon EOS 5D&quot;,&quot;caption&quot;:&quot;&quot;,&quot;created_timestamp&quot;:&quot;1183804195&quot;,&quot;copyright&quot;:&quot;&quot;,&quot;focal_length&quot;:&quot;16&quot;,&quot;iso&quot;:&quot;100&quot;,&quot;shutter_speed&quot;:&quot;0.008&quot;,&quot;title&quot;:&quot;&quot;,&quot;orientation&quot;:&quot;1&quot;}\" data-image-title=\"lemas-1\" data-image-description=\"\" data-image-caption=\"\" data-large-file=\"https:\/\/i0.wp.com\/puycapel.fr\/wp-content\/uploads\/2020\/04\/lemas-1.jpg?fit=443%2C295&amp;ssl=1\" src=\"https:\/\/i0.wp.com\/puycapel.fr\/wp-content\/uploads\/2020\/04\/lemas-1.jpg?resize=300%2C200&#038;ssl=1\" alt=\"\" class=\"wp-image-2325\" srcset=\"https:\/\/i0.wp.com\/puycapel.fr\/wp-content\/uploads\/2020\/04\/lemas-1.jpg?resize=300%2C200&amp;ssl=1 300w, https:\/\/i0.wp.com\/puycapel.fr\/wp-content\/uploads\/2020\/04\/lemas-1.jpg?w=443&amp;ssl=1 443w\" sizes=\"auto, (max-width: 300px) 100vw, 300px\" \/><\/figure>\n<\/div>\n\n\n<ul class=\"wp-block-list\">\n<li><strong>Elisabeth ROMIGUIERE,<\/strong> Le Verdier Mourjou -photo- G\u00eete. <strong>Capacit\u00e9&nbsp;: 6\/7 personnes.<\/strong> Contacts&nbsp;: 06 75 32 97 13 ou <a href=\"mailto:babeth.romiguiere@wanadoo.fr\">babeth.romiguiere@wanadoo.f<\/a>r<\/li>\n<\/ul>\n\n\n<div class=\"wp-block-image is-style-rounded\">\n<figure class=\"aligncenter size-medium\"><img data-recalc-dims=\"1\" loading=\"lazy\" decoding=\"async\" width=\"300\" height=\"200\" data-attachment-id=\"2339\" data-permalink=\"https:\/\/puycapel.fr\/index.php\/ou-dormir\/img_9381-1-2\/\" data-orig-file=\"https:\/\/i0.wp.com\/puycapel.fr\/wp-content\/uploads\/2020\/04\/IMG_9381-1-2-scaled.jpg?fit=2560%2C1707&amp;ssl=1\" data-orig-size=\"2560,1707\" data-comments-opened=\"0\" data-image-meta=\"{&quot;aperture&quot;:&quot;22&quot;,&quot;credit&quot;:&quot;&quot;,&quot;camera&quot;:&quot;Canon EOS 1100D&quot;,&quot;caption&quot;:&quot;&quot;,&quot;created_timestamp&quot;:&quot;1567161205&quot;,&quot;copyright&quot;:&quot;&quot;,&quot;focal_length&quot;:&quot;18&quot;,&quot;iso&quot;:&quot;800&quot;,&quot;shutter_speed&quot;:&quot;0.005&quot;,&quot;title&quot;:&quot;&quot;,&quot;orientation&quot;:&quot;1&quot;}\" data-image-title=\"IMG_9381-1-2\" data-image-description=\"\" data-image-caption=\"\" data-large-file=\"https:\/\/i0.wp.com\/puycapel.fr\/wp-content\/uploads\/2020\/04\/IMG_9381-1-2-scaled.jpg?fit=1024%2C683&amp;ssl=1\" src=\"https:\/\/i0.wp.com\/puycapel.fr\/wp-content\/uploads\/2020\/04\/IMG_9381-1-2.jpg?resize=300%2C200&#038;ssl=1\" alt=\"\" class=\"wp-image-2339\" srcset=\"https:\/\/i0.wp.com\/puycapel.fr\/wp-content\/uploads\/2020\/04\/IMG_9381-1-2-scaled.jpg?resize=300%2C200&amp;ssl=1 300w, https:\/\/i0.wp.com\/puycapel.fr\/wp-content\/uploads\/2020\/04\/IMG_9381-1-2-scaled.jpg?resize=1024%2C683&amp;ssl=1 1024w, https:\/\/i0.wp.com\/puycapel.fr\/wp-content\/uploads\/2020\/04\/IMG_9381-1-2-scaled.jpg?resize=768%2C512&amp;ssl=1 768w, https:\/\/i0.wp.com\/puycapel.fr\/wp-content\/uploads\/2020\/04\/IMG_9381-1-2-scaled.jpg?resize=1536%2C1024&amp;ssl=1 1536w, https:\/\/i0.wp.com\/puycapel.fr\/wp-content\/uploads\/2020\/04\/IMG_9381-1-2-scaled.jpg?resize=2048%2C1365&amp;ssl=1 2048w, https:\/\/i0.wp.com\/puycapel.fr\/wp-content\/uploads\/2020\/04\/IMG_9381-1-2-scaled.jpg?resize=1320%2C880&amp;ssl=1 1320w\" sizes=\"auto, (max-width: 300px) 100vw, 300px\" \/><\/figure>\n<\/div>\n\n\n<ul class=\"wp-block-list\">\n<li><strong>Marie- France VAISSIERE<\/strong>, l&rsquo;Hermite Mourjou. Meubl\u00e9 de tourisme **. <strong>Capacit\u00e9 4 personnes<\/strong>. Contacts: 04 71 49 90 19 ou <a href=\"mailto:mariefrance.vaissiere@gmail.com\">mariefrance.vaissiere@gmail.com<\/a><\/li>\n<\/ul>\n\n\n\n<p><\/p>\n\n\n\n<ul class=\"wp-block-list\">\n<li><strong>Marie-Laure VIGIER,<\/strong> Place Jean de Bonnefon Calvinet -photo- G\u00eete de France (2 \u00e9pis). <strong>Capacit\u00e9&nbsp;: 2 personnes. <\/strong>Contacts&nbsp;: 06 43 18 08 89 ou <a href=\"mailto:marie-laure.vigier@wanadoo.fr\">marie-laure.vigier@wanadoo.fr<\/a><\/li>\n<\/ul>\n\n\n<div class=\"wp-block-image is-style-rounded\">\n<figure class=\"aligncenter size-medium\"><img data-recalc-dims=\"1\" loading=\"lazy\" decoding=\"async\" width=\"300\" height=\"225\" data-attachment-id=\"2347\" data-permalink=\"https:\/\/puycapel.fr\/index.php\/ou-dormir\/gite-vigier-ml-2\/\" data-orig-file=\"https:\/\/i0.wp.com\/puycapel.fr\/wp-content\/uploads\/2020\/04\/gite-Vigier-ML-2.jpg?fit=1024%2C768&amp;ssl=1\" data-orig-size=\"1024,768\" data-comments-opened=\"0\" data-image-meta=\"{&quot;aperture&quot;:&quot;0&quot;,&quot;credit&quot;:&quot;&quot;,&quot;camera&quot;:&quot;&quot;,&quot;caption&quot;:&quot;&quot;,&quot;created_timestamp&quot;:&quot;0&quot;,&quot;copyright&quot;:&quot;&quot;,&quot;focal_length&quot;:&quot;0&quot;,&quot;iso&quot;:&quot;0&quot;,&quot;shutter_speed&quot;:&quot;0&quot;,&quot;title&quot;:&quot;&quot;,&quot;orientation&quot;:&quot;0&quot;}\" data-image-title=\"gite-Vigier-ML-2\" data-image-description=\"\" data-image-caption=\"\" data-large-file=\"https:\/\/i0.wp.com\/puycapel.fr\/wp-content\/uploads\/2020\/04\/gite-Vigier-ML-2.jpg?fit=1024%2C768&amp;ssl=1\" src=\"https:\/\/i0.wp.com\/puycapel.fr\/wp-content\/uploads\/2020\/04\/gite-Vigier-ML-2.jpg?resize=300%2C225&#038;ssl=1\" alt=\"\" class=\"wp-image-2347\" srcset=\"https:\/\/i0.wp.com\/puycapel.fr\/wp-content\/uploads\/2020\/04\/gite-Vigier-ML-2.jpg?resize=300%2C225&amp;ssl=1 300w, https:\/\/i0.wp.com\/puycapel.fr\/wp-content\/uploads\/2020\/04\/gite-Vigier-ML-2.jpg?resize=768%2C576&amp;ssl=1 768w, https:\/\/i0.wp.com\/puycapel.fr\/wp-content\/uploads\/2020\/04\/gite-Vigier-ML-2.jpg?w=1024&amp;ssl=1 1024w\" sizes=\"auto, (max-width: 300px) 100vw, 300px\" \/><\/figure>\n<\/div>\n\n<div class=\"wp-block-image is-style-rounded\">\n<figure class=\"aligncenter size-medium\"><img data-recalc-dims=\"1\" loading=\"lazy\" decoding=\"async\" width=\"300\" height=\"225\" data-attachment-id=\"2348\" data-permalink=\"https:\/\/puycapel.fr\/index.php\/ou-dormir\/gite-vigier-ml\/\" data-orig-file=\"https:\/\/i0.wp.com\/puycapel.fr\/wp-content\/uploads\/2020\/04\/gite-Vigier-ML.jpg?fit=1024%2C768&amp;ssl=1\" data-orig-size=\"1024,768\" data-comments-opened=\"0\" data-image-meta=\"{&quot;aperture&quot;:&quot;0&quot;,&quot;credit&quot;:&quot;&quot;,&quot;camera&quot;:&quot;&quot;,&quot;caption&quot;:&quot;&quot;,&quot;created_timestamp&quot;:&quot;0&quot;,&quot;copyright&quot;:&quot;&quot;,&quot;focal_length&quot;:&quot;0&quot;,&quot;iso&quot;:&quot;0&quot;,&quot;shutter_speed&quot;:&quot;0&quot;,&quot;title&quot;:&quot;&quot;,&quot;orientation&quot;:&quot;0&quot;}\" data-image-title=\"gite-Vigier-ML\" data-image-description=\"\" data-image-caption=\"\" data-large-file=\"https:\/\/i0.wp.com\/puycapel.fr\/wp-content\/uploads\/2020\/04\/gite-Vigier-ML.jpg?fit=1024%2C768&amp;ssl=1\" src=\"https:\/\/i0.wp.com\/puycapel.fr\/wp-content\/uploads\/2020\/04\/gite-Vigier-ML.jpg?resize=300%2C225&#038;ssl=1\" alt=\"\" class=\"wp-image-2348\" srcset=\"https:\/\/i0.wp.com\/puycapel.fr\/wp-content\/uploads\/2020\/04\/gite-Vigier-ML.jpg?resize=300%2C225&amp;ssl=1 300w, https:\/\/i0.wp.com\/puycapel.fr\/wp-content\/uploads\/2020\/04\/gite-Vigier-ML.jpg?resize=768%2C576&amp;ssl=1 768w, https:\/\/i0.wp.com\/puycapel.fr\/wp-content\/uploads\/2020\/04\/gite-Vigier-ML.jpg?w=1024&amp;ssl=1 1024w\" sizes=\"auto, (max-width: 300px) 100vw, 300px\" \/><\/figure>\n<\/div>\n\n\n<p><\/p>\n\n\n\n<h2 class=\"wp-block-heading has-text-align-center\">Bon s\u00e9jour \u00e0 Puycapel<\/h2>\n","protected":false},"excerpt":{"rendered":"<p>Retrouvez ci-dessous quelques adresses d&rsquo;h\u00e9bergements touristiques \u00e0 Calvinet et Mourjou Cette m\u00eame liste d&rsquo;h\u00e9bergement est disponible sous forme de tableau synth\u00e8tique en suivant ce lien Chambres d&rsquo;h\u00e9bergement et chambres d&rsquo;h\u00f4tes Auberge de Mourjou: 4 chambres d&rsquo;h\u00f4tes -dont 1 pour personnes \u00e0 mobilit\u00e9 r\u00e9duite et 1 familiale. Renseignements au 04 71 48 25 47 Chambres d&rsquo;h\u00f4tes [&hellip;]<\/p>\n","protected":false},"author":2,"featured_media":0,"parent":0,"menu_order":0,"comment_status":"closed","ping_status":"closed","template":"","meta":{"_exactmetrics_skip_tracking":false,"_exactmetrics_sitenote_active":false,"_exactmetrics_sitenote_note":"","_exactmetrics_sitenote_category":0,"jetpack_post_was_ever_published":false,"footnotes":""},"class_list":["post-2324","page","type-page","status-publish","hentry"],"jetpack_sharing_enabled":true,"jetpack_shortlink":"https:\/\/wp.me\/PaADkW-Bu","jetpack-related-posts":[{"id":2370,"url":"https:\/\/puycapel.fr\/index.php\/location-de-vacances-a-puycapel\/","url_meta":{"origin":2324,"position":0},"title":"Locations de vacances \u00e0 Puycapel","author":"Antoine Puech","date":"7 avril 2020","format":false,"excerpt":"Chambres d'h\u00e9bergement: Auberge communale - Mourjou: 4 chambres d\u2019h\u00f4tes -dont 1 pour personnes \u00e0 mobilit\u00e9 r\u00e9duite et 1 familiale. Renseignements au 04 71 48 25 47 (https:\/\/www.facebook.com\/aubergedemourjou) G\u00eetes et meubl\u00e9s par ordre alphab\u00e9tique: trouvez dans ce tableau les liens email , sites web et t\u00e9l\u00e9phone lorsque disponibles Propri\u00e9taires - emailLocalisationSite\u2026","rel":"","context":"Article similaire","block_context":{"text":"Article similaire","link":""},"img":{"alt_text":"","src":"","width":0,"height":0},"classes":[]},{"id":2925,"url":"https:\/\/puycapel.fr\/index.php\/lauberge-de-mourjou\/","url_meta":{"origin":2324,"position":1},"title":"L&rsquo;auberge de Mourjou","author":"Antoine Puech","date":"16 septembre 2020","format":false,"excerpt":"Le bourg Mourjou 15340 PUYCAPEL Restaurant et 4 chambres d'h\u00f4tes T\u00e9l\u00e9phone: 04 71 48 25 47","rel":"","context":"Article similaire","block_context":{"text":"Article similaire","link":""},"img":{"alt_text":"","src":"https:\/\/i0.wp.com\/puycapel.fr\/wp-content\/uploads\/2020\/12\/IMG_1155-scaled.jpg?resize=350%2C200&ssl=1","width":350,"height":200,"srcset":"https:\/\/i0.wp.com\/puycapel.fr\/wp-content\/uploads\/2020\/12\/IMG_1155-scaled.jpg?resize=350%2C200&ssl=1 1x, https:\/\/i0.wp.com\/puycapel.fr\/wp-content\/uploads\/2020\/12\/IMG_1155-scaled.jpg?resize=525%2C300&ssl=1 1.5x, https:\/\/i0.wp.com\/puycapel.fr\/wp-content\/uploads\/2020\/12\/IMG_1155-scaled.jpg?resize=700%2C400&ssl=1 2x, https:\/\/i0.wp.com\/puycapel.fr\/wp-content\/uploads\/2020\/12\/IMG_1155-scaled.jpg?resize=1050%2C600&ssl=1 3x, https:\/\/i0.wp.com\/puycapel.fr\/wp-content\/uploads\/2020\/12\/IMG_1155-scaled.jpg?resize=1400%2C800&ssl=1 4x"},"classes":[]},{"id":656,"url":"https:\/\/puycapel.fr\/index.php\/les-bonnes-adresses\/commerces-et-services\/","url_meta":{"origin":2324,"position":2},"title":"Commerces et services","author":"Mairie Puycapel","date":"18 mars 2019","format":false,"excerpt":"Agriculture Proxiel \u2013 aliment b\u00e9tail, engrais\u00a0: Rue du Colombier CALVINET Alimentation EPICERIE\u00a0: SARL ROUQUIER Sup\u00e9rette 8 \u00e0 8: Alimentation g\u00e9n\u00e9rale, produits r\u00e9gionaux et locaux, presse, fruits et l\u00e9gumes, fromage \u00e0 la coupe, charcuterie etc. \u2013 Rue de la Ch\u00e2taigneraie CALVINET T\u00e9l : \u00a004 71 49 91 65 ou sarl.rouquier@orange.fr BOULANGERIE:\u2026","rel":"","context":"Article similaire","block_context":{"text":"Article similaire","link":""},"img":{"alt_text":"","src":"","width":0,"height":0},"classes":[]},{"id":9786,"url":"https:\/\/puycapel.fr\/index.php\/contacts-renseignements\/","url_meta":{"origin":2324,"position":3},"title":"Contacts &amp; renseignements","author":"Mairie Puycapel","date":"17 f\u00e9vrier 2025","format":false,"excerpt":"ADRESSES POSTALES MAIRIES Mairie si\u00e8ge CALVINET, 1 place Jean de Bonnefon CALVINET 15340 PUYCAPELMairie d\u00e9l\u00e9gu\u00e9e MOURJOU, Rue du P\u00e9lou MOURJOU 15340 PUYCAPEL HORAIRES D'OUVERTURE AU PUBLIC des MAIRIES: CALVINET : mardi, jeudi, vendredi 13h30 \u00e0 16h30 - T\u00e9l\u00e9phone: 04 71 49 94 32 MOURJOU : mardi, jeudi, vendredi 9h00 \u00e0\u2026","rel":"","context":"Article similaire","block_context":{"text":"Article similaire","link":""},"img":{"alt_text":"","src":"","width":0,"height":0},"classes":[]},{"id":1916,"url":"https:\/\/puycapel.fr\/index.php\/envie-dune-petite-balade\/","url_meta":{"origin":2324,"position":4},"title":"Envie d&#39;une petite balade?","author":"Mairie Puycapel","date":"13 janvier 2020","format":false,"excerpt":"Plusieurs parcours sont possibles au d\u00e9part de Mourjou et de Calvinet. Le Conseil d\u00e9partemental a class\u00e9 en 2021 au Plan D\u00e9partemental des Itin\u00e9raires de Promenade et de Randonn\u00e9e (PDIPR), l'itin\u00e9raire d\u00e9nomm\u00e9 \"Au coeur des ch\u00e2taigniers\". Il traverse les communes de Puycapel, Cassaniouze et S\u00e9nezergues, et est long de trente-cinq kilom\u00e8tres\u2026","rel":"","context":"Article similaire","block_context":{"text":"Article similaire","link":""},"img":{"alt_text":"","src":"https:\/\/i0.wp.com\/puycapel.fr\/wp-content\/uploads\/2020\/01\/sentier-mdcp1.jpg?resize=350%2C200&ssl=1","width":350,"height":200,"srcset":"https:\/\/i0.wp.com\/puycapel.fr\/wp-content\/uploads\/2020\/01\/sentier-mdcp1.jpg?resize=350%2C200&ssl=1 1x, https:\/\/i0.wp.com\/puycapel.fr\/wp-content\/uploads\/2020\/01\/sentier-mdcp1.jpg?resize=525%2C300&ssl=1 1.5x, https:\/\/i0.wp.com\/puycapel.fr\/wp-content\/uploads\/2020\/01\/sentier-mdcp1.jpg?resize=700%2C400&ssl=1 2x, https:\/\/i0.wp.com\/puycapel.fr\/wp-content\/uploads\/2020\/01\/sentier-mdcp1.jpg?resize=1050%2C600&ssl=1 3x"},"classes":[]},{"id":1141,"url":"https:\/\/puycapel.fr\/index.php\/les-equipements\/","url_meta":{"origin":2324,"position":5},"title":"Equipements et loisirs","author":"Mairie Puycapel","date":"27 mai 2019","format":false,"excerpt":"Toutes les infos touristiques\u00a0: CALVINET\u00a0: agence postale, MOURJOU\u00a0: m\u00e9diath\u00e8que ou https:\/\/chataigneraie-cantal.com\/ Bornes wifi\u00a0: CALVINET\u00a0: agence postale, MOURJOU parking devant la mairie et salle d\u2019activit\u00e9s Terrains de sport \u00e0 Calvinet et Mourjou Salles des f\u00eates \u00e0 Calvinet et Mourjou (grande capacit\u00e9). R\u00e9servation des salles aupr\u00e8s de la mairie. Tarifs : *\u2026","rel":"","context":"Article similaire","block_context":{"text":"Article similaire","link":""},"img":{"alt_text":"","src":"https:\/\/i0.wp.com\/puycapel.fr\/wp-content\/uploads\/2019\/05\/eau-calvinet.jpg?resize=350%2C200&ssl=1","width":350,"height":200},"classes":[]}],"_links":{"self":[{"href":"https:\/\/puycapel.fr\/index.php\/wp-json\/wp\/v2\/pages\/2324","targetHints":{"allow":["GET"]}}],"collection":[{"href":"https:\/\/puycapel.fr\/index.php\/wp-json\/wp\/v2\/pages"}],"about":[{"href":"https:\/\/puycapel.fr\/index.php\/wp-json\/wp\/v2\/types\/page"}],"author":[{"embeddable":true,"href":"https:\/\/puycapel.fr\/index.php\/wp-json\/wp\/v2\/users\/2"}],"replies":[{"embeddable":true,"href":"https:\/\/puycapel.fr\/index.php\/wp-json\/wp\/v2\/comments?post=2324"}],"version-history":[{"count":37,"href":"https:\/\/puycapel.fr\/index.php\/wp-json\/wp\/v2\/pages\/2324\/revisions"}],"predecessor-version":[{"id":9054,"href":"https:\/\/puycapel.fr\/index.php\/wp-json\/wp\/v2\/pages\/2324\/revisions\/9054"}],"wp:attachment":[{"href":"https:\/\/puycapel.fr\/index.php\/wp-json\/wp\/v2\/media?parent=2324"}],"curies":[{"name":"wp","href":"https:\/\/api.w.org\/{rel}","templated":true}]}}