{"id":235,"date":"2019-01-26T14:19:19","date_gmt":"2019-01-26T13:19:19","guid":{"rendered":"https:\/\/puycapel.fr\/?page_id=235"},"modified":"2021-07-07T09:03:33","modified_gmt":"2021-07-07T07:03:33","slug":"comite-des-fetes-de-calvinet","status":"publish","type":"page","link":"https:\/\/puycapel.fr\/index.php\/accueil\/les-associations-de-puycapel\/comite-des-fetes-de-calvinet\/","title":{"rendered":"Comit\u00e9 des f\u00eates de Calvinet"},"content":{"rendered":"\n<p>Le Comit\u00e9 des F\u00eates a tenu en octobre 2020, son assembl\u00e9e g\u00e9n\u00e9rale annuelle. <\/p>\n\n\n\n<p>\u00c0 cette occasion, le bureau a connu des modifications&nbsp;:<\/p>\n\n\n\n<p><br>Pr\u00e9sidente&nbsp;: Gonzales Lisa<\/p>\n\n\n\n<p>Vice Pr\u00e9sidente&nbsp;: Felgines Alexandra<\/p>\n\n\n\n<p>Tr\u00e9sorier&nbsp;: Albiol Louis<\/p>\n\n\n\n<p>Vice Tr\u00e9sorier&nbsp;: Chabut Simon<\/p>\n\n\n\n<p>Secr\u00e9taire&nbsp;: Gonzales Jade<\/p>\n\n\n\n<p>Vice Secr\u00e9taire&nbsp;: Martory Ambre<\/p>\n\n\n\n<p><br>Pour cette ann\u00e9e 2021, le comit\u00e9 des f\u00eates de Calvinet organise le 7 et 8 ao\u00fbt, la f\u00eate de Calvinet !\u00a0 Au programme\u00a0: p\u00eache, p\u00e9tanque, spectacle, repas, feu d\u2019artifice et d\u2019autres surprises. <a href=\"https:\/\/puycapel.fr\/wp-content\/uploads\/2021\/07\/Affiche-programme-PDF-A4.pdf\">D\u00e9couvrez le programme ici.<\/a><\/p>\n\n\n\n<p><br>Nous vous invitons \u00e0 suivre notre page Facebook et notre compte Instagram \u00ab&nbsp;Comit\u00e9 des f\u00eates de Calvinet&nbsp;\u00bb, afin de rester informer des derni\u00e8res actualit\u00e9s.<\/p>\n","protected":false},"excerpt":{"rendered":"<p>Le Comit\u00e9 des F\u00eates a tenu en octobre 2020, son assembl\u00e9e g\u00e9n\u00e9rale annuelle. \u00c0 cette occasion, le bureau a connu des modifications&nbsp;: Pr\u00e9sidente&nbsp;: Gonzales Lisa Vice Pr\u00e9sidente&nbsp;: Felgines Alexandra Tr\u00e9sorier&nbsp;: Albiol Louis Vice Tr\u00e9sorier&nbsp;: Chabut Simon Secr\u00e9taire&nbsp;: Gonzales Jade Vice Secr\u00e9taire&nbsp;: Martory Ambre Pour cette ann\u00e9e 2021, le comit\u00e9 des f\u00eates de Calvinet organise le [&hellip;]<\/p>\n","protected":false},"author":3,"featured_media":0,"parent":183,"menu_order":0,"comment_status":"closed","ping_status":"closed","template":"","meta":{"_exactmetrics_skip_tracking":false,"_exactmetrics_sitenote_active":false,"_exactmetrics_sitenote_note":"","_exactmetrics_sitenote_category":0,"jetpack_post_was_ever_published":false,"footnotes":""},"class_list":["post-235","page","type-page","status-publish","hentry"],"jetpack_sharing_enabled":true,"jetpack_shortlink":"https:\/\/wp.me\/PaADkW-3N","jetpack-related-posts":[{"id":1027,"url":"https:\/\/puycapel.fr\/index.php\/comite-des-fetes-de-mourjou\/","url_meta":{"origin":235,"position":0},"title":"Comit\u00e9 des f\u00eates de Mourjou","author":"Mairie Puycapel","date":"20 mai 2019","format":false,"excerpt":"Le bureau du comit\u00e9 des f\u00eates se compose de: Christian Charmes\/ Pr\u00e9sident et Julien Mol\u00e9nat\/ Vice-pr\u00e9sident Maud Fosset\/ Tr\u00e9sori\u00e8re et Fabien Puech\/ Tr\u00e9sorier adjoint Claire Causse\/ Secr\u00e9taire et Laetitia Gleyal\/ Secr\u00e9taire adjointe Le bureau et quelques membres -photo 2019- Son objectif est d'animer le village. Le comit\u00e9 a propos\u00e9 une\u2026","rel":"","context":"Article similaire","block_context":{"text":"Article similaire","link":""},"img":{"alt_text":"","src":"https:\/\/i0.wp.com\/puycapel.fr\/wp-content\/uploads\/2019\/05\/comite.jpg?resize=350%2C200&ssl=1","width":350,"height":200,"srcset":"https:\/\/i0.wp.com\/puycapel.fr\/wp-content\/uploads\/2019\/05\/comite.jpg?resize=350%2C200&ssl=1 1x, https:\/\/i0.wp.com\/puycapel.fr\/wp-content\/uploads\/2019\/05\/comite.jpg?resize=525%2C300&ssl=1 1.5x, https:\/\/i0.wp.com\/puycapel.fr\/wp-content\/uploads\/2019\/05\/comite.jpg?resize=700%2C400&ssl=1 2x, https:\/\/i0.wp.com\/puycapel.fr\/wp-content\/uploads\/2019\/05\/comite.jpg?resize=1050%2C600&ssl=1 3x, https:\/\/i0.wp.com\/puycapel.fr\/wp-content\/uploads\/2019\/05\/comite.jpg?resize=1400%2C800&ssl=1 4x"},"classes":[]},{"id":231,"url":"https:\/\/puycapel.fr\/index.php\/accueil\/les-associations-de-puycapel\/comite-danimation-de-calvinet\/","url_meta":{"origin":235,"position":1},"title":"Comit\u00e9 d&rsquo;animation de Calvinet","author":"Antoine Puech","date":"26 janvier 2019","format":false,"excerpt":"D\u00e9clar\u00e9e le\u00a0 28\/10\/2002 en Pr\u00e9fecture n\u00b0\u00a0:W151000836 Siege social\u00a0 mairie de CALVINET\u00a0 association r\u00e9gie par la loi de 1901 OBJET\u00a0 \/ Animations touristiques, organisation de f\u00eates et spectacles Principales activit\u00e9s\u00a0: *repas\u00a0\/vente choux farcis\u00a0 le 13 juillet \u00a0\u00a0\u00a0\u00a0\u00a0\u00a0\u00a0\u00a0\u00a0\u00a0\u00a0 \u00a0\u00a0\u00a0\u00a0\u00a0\u00a0\u00a0\u00a0\u00a0\u00a0\u00a0\u00a0\u00a0\u00a0\u00a0\u00a0\u00a0\u00a0\u00a0\u00a0\u00a0\u00a0\u00a0\u00a0\u00a0\u00a0\u00a0\u00a0\u00a0\u00a0\u00a0\u00a0\u00a0\u00a0 *pique nique g\u00e9ant le 14 \u00a0 Juillet\u00a0 terrain de foot \u00a0\u00a0\u00a0\u00a0\u00a0\u00a0\u00a0\u00a0\u00a0\u00a0\u00a0\u00a0\u00a0\u00a0\u00a0\u00a0\u00a0\u00a0\u00a0\u00a0\u00a0\u00a0\u00a0\u00a0\u00a0\u00a0\u00a0\u00a0\u00a0\u00a0\u00a0\u00a0\u00a0\u00a0\u00a0\u00a0\u00a0\u00a0\u00a0\u00a0\u00a0\u00a0\u00a0\u00a0\u00a0\u00a0 *d\u00e9cembre organisation\u2026","rel":"","context":"Article similaire","block_context":{"text":"Article similaire","link":""},"img":{"alt_text":"","src":"","width":0,"height":0},"classes":[]},{"id":264,"url":"https:\/\/puycapel.fr\/index.php\/accueil\/les-associations-de-puycapel\/club-de-petanque\/","url_meta":{"origin":235,"position":2},"title":"Club de p\u00e9tanque","author":"Antoine Puech","date":"26 janvier 2019","format":false,"excerpt":"Cr\u00e9\u00e9 le 12 mars 1960 au sein de l\u2019association CALVINET SPORTIF, le club de p\u00e9tanque s\u2019en est retir\u00e9 en 2011.\u00a0Il constitue d\u00e9sormais une association. La composition est la suivante\u00a0: Pr\u00e9sident\u00a0:\u00a0Louis GASTON Vice-Pr\u00e9sidents\u00a0:\u00a0Ren\u00e9 MAS et Gaston BOUQUIER Tr\u00e9sorier\u00a0:\u00a0Fran\u00e7ois GAILHAC Vice-Tr\u00e9sorier\u00a0:\u00a0 Donald VERBRUGGE Secr\u00e9taire\u00a0:\u00a0Lionel LACOSTE Secr\u00e9taire adjoint : Jean-Marc CELLIER Les membres\u2026","rel":"","context":"Article similaire","block_context":{"text":"Article similaire","link":""},"img":{"alt_text":"","src":"https:\/\/i0.wp.com\/puycapel.fr\/wp-content\/uploads\/2019\/03\/inauguration-p%C3%A9tanque-calvinet-puycapel-plaque.png?resize=350%2C200&ssl=1","width":350,"height":200},"classes":[]},{"id":206,"url":"https:\/\/puycapel.fr\/index.php\/accueil\/les-associations-de-puycapel\/association-des-parents-deleves\/","url_meta":{"origin":235,"position":3},"title":"Association des parents d&rsquo;\u00e9l\u00e8ves","author":"Antoine Puech","date":"26 janvier 2019","format":false,"excerpt":"L\u2019association des parents d\u2019\u00e9l\u00e8ves concerne le R.P.I. Calvinet \/Mourjou\u00a0(qui\u00a0compte cinquante et un enfants scolaris\u00e9s). Notre principale action est d\u2019encourager et de soutenir financi\u00e8rement les projets de l\u2019\u00e9cole (sortie p\u00e9dagogique, regroupement sportif, mat\u00e9riel\u2026) mais aussi de permettre \u00e0 tous les enfants du regroupement de b\u00e9n\u00e9ficier d\u2019activit\u00e9s ludiques et de pouvoir\u00a0 r\u00e9aliser\u2026","rel":"","context":"Article similaire","block_context":{"text":"Article similaire","link":""},"img":{"alt_text":"","src":"","width":0,"height":0},"classes":[]},{"id":1001,"url":"https:\/\/puycapel.fr\/index.php\/union-des-combattants-de-mourjou\/","url_meta":{"origin":235,"position":4},"title":"Union des combattants de Mourjou","author":"Mairie Puycapel","date":"17 mai 2019","format":false,"excerpt":"Association ayant pour but de maintenir les liens amicaux entre les anciens combattants et les veuves, leur venir en aide et surtout entretenir le devoir de m\u00e9moire pour les g\u00e9n\u00e9rations futures. L'association participe \u00e0 l'organisation des diff\u00e9rentes manifestations: *Pr\u00e9sident: Pierre CARRIERE *Vice-pr\u00e9sident: Emile GAUZENTES *Secr\u00e9taire-tr\u00e9sorier: Jeanne ESPEYSSE, Ren\u00e9 BOISSIE si\u00e8ge\u2026","rel":"","context":"Article similaire","block_context":{"text":"Article similaire","link":""},"img":{"alt_text":"","src":"","width":0,"height":0},"classes":[]},{"id":3801,"url":"https:\/\/puycapel.fr\/index.php\/biogaz-de-la-chataigneraie-cantalienne\/","url_meta":{"origin":235,"position":5},"title":"BIOGAZ DE LA CHATAIGNERAIE CANTALIENNE","author":"Mairie Puycapel","date":"9 avril 2021","format":false,"excerpt":"L\u2019association BIOGAZ DE LA CHATAIGNERAIE CANTALIENNE a \u00e9t\u00e9 cr\u00e9\u00e9e le 12 janvier, \u00e0 l\u2019initiative de Boris WAHL, entrepreneur habitant \u00e0 PUYCAPEL. Son objet social est\u00a0: \u00ab Etudier l'opportunit\u00e9 et la faisabilit\u00e9 du d\u00e9veloppement d'une ou plusieurs unit\u00e9s de m\u00e9thanisation\u00a0sur le territoire de la Ch\u00e2taigneraie Cantalienne. La m\u00e9thanisation est un proc\u00e9d\u00e9\u2026","rel":"","context":"Article similaire","block_context":{"text":"Article similaire","link":""},"img":{"alt_text":"","src":"","width":0,"height":0},"classes":[]}],"_links":{"self":[{"href":"https:\/\/puycapel.fr\/index.php\/wp-json\/wp\/v2\/pages\/235","targetHints":{"allow":["GET"]}}],"collection":[{"href":"https:\/\/puycapel.fr\/index.php\/wp-json\/wp\/v2\/pages"}],"about":[{"href":"https:\/\/puycapel.fr\/index.php\/wp-json\/wp\/v2\/types\/page"}],"author":[{"embeddable":true,"href":"https:\/\/puycapel.fr\/index.php\/wp-json\/wp\/v2\/users\/3"}],"replies":[{"embeddable":true,"href":"https:\/\/puycapel.fr\/index.php\/wp-json\/wp\/v2\/comments?post=235"}],"version-history":[{"count":6,"href":"https:\/\/puycapel.fr\/index.php\/wp-json\/wp\/v2\/pages\/235\/revisions"}],"predecessor-version":[{"id":4562,"href":"https:\/\/puycapel.fr\/index.php\/wp-json\/wp\/v2\/pages\/235\/revisions\/4562"}],"up":[{"embeddable":true,"href":"https:\/\/puycapel.fr\/index.php\/wp-json\/wp\/v2\/pages\/183"}],"wp:attachment":[{"href":"https:\/\/puycapel.fr\/index.php\/wp-json\/wp\/v2\/media?parent=235"}],"curies":[{"name":"wp","href":"https:\/\/api.w.org\/{rel}","templated":true}]}}