{"id":236,"date":"2019-01-26T14:18:54","date_gmt":"2019-01-26T13:18:54","guid":{"rendered":"https:\/\/puycapel.fr\/?page_id=236"},"modified":"2026-03-16T15:49:42","modified_gmt":"2026-03-16T14:49:42","slug":"les-seniors-de-calvinet","status":"publish","type":"page","link":"https:\/\/puycapel.fr\/index.php\/accueil\/les-associations-de-puycapel\/les-seniors-de-calvinet\/","title":{"rendered":"Les Seniors de Calvinet"},"content":{"rendered":"\n<p>En 1977, le Club d\u2019Animation Populaire \u00e9tait un lieu de rencontres et d\u2019animation du village. Les activit\u00e9s \u00e9taient class\u00e9es en trois sections : Loisirs, Jeunes et 3\u00e8me \u00e2ge. C\u2019est Pierre Couderc, instituteur du village, qui pr\u00e9sidait ce club. De 1989 \u00e0 1994 Raymond Duproz prend la pr\u00e9sidence de la section du 3\u00e8me \u00e2ge. En 1994, Raymond Lavigne le remplace et c\u2019est le 18 f\u00e9vrier 1998 que l\u2019association des \u00ab\u00a0A\u00een\u00e9s du Puy Majou\u00a0\u00bb est cr\u00e9\u00e9e. Cette section du club devient alors totalement autonome. En 1999, l\u2019association est d\u00e9nomm\u00e9e Les Seniors de Calvinet.Elle est pr\u00e9sid\u00e9e successivement par Pierre Couderc (1999-2011), Odile de Bonnafos (2011-2014), Annie Galliou (2014-2017) et Josette Mercadier de 2017 \u00e0 2026. Pr\u00e9sidente actuelle (depuis d\u00e9but 2026): Ludivine IGNASIAK<br>L\u2019association est un lieu de rencontres des A\u00een\u00e9s. Elle organise notamment les mardis apr\u00e8s-midi d\u2019hiver, des jeux de soci\u00e9t\u00e9 ou des activit\u00e9s artistiques.Durant l\u2019ann\u00e9e, presque chaque mois une activit\u00e9 est propos\u00e9e afin de permettre un regroupement des anciens, et surtout \u00e9viter l\u2019isolement.L\u2019association est rattach\u00e9e \u00e0 la F\u00e9d\u00e9ration nationale de \u00ab\u00a0G\u00e9n\u00e9rations Mouvements\u00a0\u00bb et la section d\u00e9partementale des \u00ab\u00a0A\u00een\u00e9s ruraux\u00a0\u00bb.Contact:\u00a0\u00a0<a href=\"mailto:lesseniors.calvinet@orange.fr\" target=\"_blank\" rel=\"noreferrer noopener\">lesseniors.calvinet@orange.fr<\/a><\/p>\n","protected":false},"excerpt":{"rendered":"<p>En 1977, le Club d\u2019Animation Populaire \u00e9tait un lieu de rencontres et d\u2019animation du village. Les activit\u00e9s \u00e9taient class\u00e9es en trois sections : Loisirs, Jeunes et 3\u00e8me \u00e2ge. C\u2019est Pierre Couderc, instituteur du village, qui pr\u00e9sidait ce club. De 1989 \u00e0 1994 Raymond Duproz prend la pr\u00e9sidence de la section du 3\u00e8me \u00e2ge. En 1994, [&hellip;]<\/p>\n","protected":false},"author":3,"featured_media":0,"parent":183,"menu_order":0,"comment_status":"closed","ping_status":"closed","template":"","meta":{"_exactmetrics_skip_tracking":false,"_exactmetrics_sitenote_active":false,"_exactmetrics_sitenote_note":"","_exactmetrics_sitenote_category":0,"jetpack_post_was_ever_published":false,"footnotes":""},"class_list":["post-236","page","type-page","status-publish","hentry"],"jetpack_sharing_enabled":true,"jetpack_shortlink":"https:\/\/wp.me\/PaADkW-3O","jetpack-related-posts":[{"id":183,"url":"https:\/\/puycapel.fr\/index.php\/accueil\/les-associations-de-puycapel\/","url_meta":{"origin":236,"position":0},"title":"Les Associations","author":"Antoine Puech","date":"26 janvier 2019","format":false,"excerpt":"Vivre en Ch\u00e2taigneraieAssociation du P\u00e9louClub des A\u00een\u00e9sUnion sportive du Haut-C\u00e9l\u00e9 (USHC)Association des parents d\u2019\u00e9l\u00e8vesChasse \/ ACCAADMR du Haut C\u00e9l\u00e9Les cailloux Br\u00fblantsLe Tennis Club de la Ch\u00e2taigneraieSerfouetteL\u2019Atelier de Marguelz\u00e9\u2019ARTSComit\u00e9 des f\u00eates de CalvinetLes Seniors de CalvinetComit\u00e9 d\u2019animation de CalvinetCalvinet PatrimoineClub de p\u00e9tanque","rel":"","context":"Article similaire","block_context":{"text":"Article similaire","link":""},"img":{"alt_text":"","src":"","width":0,"height":0},"classes":[]},{"id":181,"url":"https:\/\/puycapel.fr\/index.php\/accueil\/les-associations-de-puycapel\/club-des-aines\/","url_meta":{"origin":236,"position":1},"title":"Club des A\u00een\u00e9s du Haut-C\u00e9l\u00e9","author":"Antoine Puech","date":"26 janvier 2019","format":false,"excerpt":"Le club des A\u00een\u00e9s a \u00e9t\u00e9 cr\u00e9\u00e9 en 1979 et compte plus de 150 adh\u00e9rents. Son objectif est de permettre \u00e0 nos retrait\u00e9(e)s et sympathisants non retrait\u00e9s de se retrouver pour partager des moments conviviaux lors de nombreuses activit\u00e9s mises en place. Venez profiter tout au long de l\u2019ann\u00e9e des\u2026","rel":"","context":"Article similaire","block_context":{"text":"Article similaire","link":""},"img":{"alt_text":"","src":"","width":0,"height":0},"classes":[]},{"id":250,"url":"https:\/\/puycapel.fr\/index.php\/accueil\/les-associations-de-puycapel\/le-tennis-club-de-la-chataigneraie\/","url_meta":{"origin":236,"position":2},"title":"Le Tennis Club de la Ch\u00e2taigneraie","author":"Antoine Puech","date":"26 janvier 2019","format":false,"excerpt":"dispose en ext\u00e9rieur d'un court de tennis en quick. Il est situ\u00e9 dans un cadre agr\u00e9able de verdure pr\u00e8s du terrain de foot et du terrain de camping. Composition du bureau : Pr\u00e9sidente\u00a0: Danielle Lissac\u00a0; Vice-pr\u00e9sident : Edouard de Bonnafos Secr\u00e9taire\u00a0: Odile de Bonnafos\u00a0; Secr\u00e9taire adjoint\u00a0: Raymond Martory\u00a0; Tr\u00e9sori\u00e8re\u00a0: Aude\u2026","rel":"","context":"Article similaire","block_context":{"text":"Article similaire","link":""},"img":{"alt_text":"","src":"https:\/\/i0.wp.com\/puycapel.fr\/wp-content\/uploads\/2026\/03\/1000057755-1.jpg?resize=350%2C200&ssl=1","width":350,"height":200,"srcset":"https:\/\/i0.wp.com\/puycapel.fr\/wp-content\/uploads\/2026\/03\/1000057755-1.jpg?resize=350%2C200&ssl=1 1x, https:\/\/i0.wp.com\/puycapel.fr\/wp-content\/uploads\/2026\/03\/1000057755-1.jpg?resize=525%2C300&ssl=1 1.5x, https:\/\/i0.wp.com\/puycapel.fr\/wp-content\/uploads\/2026\/03\/1000057755-1.jpg?resize=700%2C400&ssl=1 2x, https:\/\/i0.wp.com\/puycapel.fr\/wp-content\/uploads\/2026\/03\/1000057755-1.jpg?resize=1050%2C600&ssl=1 3x, https:\/\/i0.wp.com\/puycapel.fr\/wp-content\/uploads\/2026\/03\/1000057755-1.jpg?resize=1400%2C800&ssl=1 4x"},"classes":[]},{"id":231,"url":"https:\/\/puycapel.fr\/index.php\/accueil\/les-associations-de-puycapel\/comite-danimation-de-calvinet\/","url_meta":{"origin":236,"position":3},"title":"Comit\u00e9 d&rsquo;animation de Calvinet","author":"Antoine Puech","date":"26 janvier 2019","format":false,"excerpt":"D\u00e9clar\u00e9e le\u00a0 28\/10\/2002 en Pr\u00e9fecture n\u00b0\u00a0:W151000836 Siege social\u00a0 mairie de CALVINET\u00a0 association r\u00e9gie par la loi de 1901 OBJET\u00a0 \/ Animations touristiques, organisation de f\u00eates et spectacles Principales activit\u00e9s\u00a0: *repas\u00a0\/vente choux farcis\u00a0 le 13 juillet \u00a0\u00a0\u00a0\u00a0\u00a0\u00a0\u00a0\u00a0\u00a0\u00a0\u00a0 \u00a0\u00a0\u00a0\u00a0\u00a0\u00a0\u00a0\u00a0\u00a0\u00a0\u00a0\u00a0\u00a0\u00a0\u00a0\u00a0\u00a0\u00a0\u00a0\u00a0\u00a0\u00a0\u00a0\u00a0\u00a0\u00a0\u00a0\u00a0\u00a0\u00a0\u00a0\u00a0\u00a0\u00a0 *pique nique g\u00e9ant le 14 \u00a0 Juillet\u00a0 terrain de foot \u00a0\u00a0\u00a0\u00a0\u00a0\u00a0\u00a0\u00a0\u00a0\u00a0\u00a0\u00a0\u00a0\u00a0\u00a0\u00a0\u00a0\u00a0\u00a0\u00a0\u00a0\u00a0\u00a0\u00a0\u00a0\u00a0\u00a0\u00a0\u00a0\u00a0\u00a0\u00a0\u00a0\u00a0\u00a0\u00a0\u00a0\u00a0\u00a0\u00a0\u00a0\u00a0\u00a0\u00a0\u00a0\u00a0 *d\u00e9cembre organisation\u2026","rel":"","context":"Article similaire","block_context":{"text":"Article similaire","link":""},"img":{"alt_text":"","src":"","width":0,"height":0},"classes":[]},{"id":190,"url":"https:\/\/puycapel.fr\/index.php\/accueil\/les-associations-de-puycapel\/vivre-en-chataigneraie\/","url_meta":{"origin":236,"position":4},"title":"Vivre en Ch\u00e2taigneraie","author":"Antoine Puech","date":"26 janvier 2019","format":false,"excerpt":"Cette association a \u00e9t\u00e9 cr\u00e9\u00e9e avec l\u2019autorisation de 8 communes (Calvinet, Cassaniouze, Fournoul\u00e8s Leynhac, Mourjou, Marcol\u00e8s, Saint-Antoine, S\u00e9nezergues) sur trois cantons.Ses statuts lui permettent d\u2019acheter, vendre et animer.D\u00e8s le d\u00e9but elle s\u2019oriente vers le tourisme et r\u00e9alise divers projets: cr\u00e9ation de sentiers p\u00e9destres, conception du d\u00e9pliant \u00ab les chemins de\u2026","rel":"","context":"Article similaire","block_context":{"text":"Article similaire","link":""},"img":{"alt_text":"","src":"https:\/\/i0.wp.com\/puycapel.fr\/wp-content\/uploads\/2019\/01\/logovivireenchataigneraie.png?resize=350%2C200&ssl=1","width":350,"height":200},"classes":[]},{"id":1178,"url":"https:\/\/puycapel.fr\/index.php\/maison-de-la-chataigne\/","url_meta":{"origin":236,"position":5},"title":"Maison de la ch\u00e2taigne","author":"Mairie Puycapel","date":"3 juin 2019","format":false,"excerpt":"Depuis 1990 la Foire de la Ch\u00e2taigne, la Fi\u00e8ra de la Castanha, anime la commune l\u2019avant-dernier week-end d\u2019octobre. L\u2019association du P\u00e9lou et tout le village se mobilisent pour accueillir plus de 20 000 visiteurs venus de la r\u00e9gion et de beaucoup plus loin. C\u2019est pour unir hier et aujourd\u2019hui que\u2026","rel":"","context":"Article similaire","block_context":{"text":"Article similaire","link":""},"img":{"alt_text":"","src":"https:\/\/i0.wp.com\/puycapel.fr\/wp-content\/uploads\/2019\/06\/epicerie-site-1.jpg?resize=350%2C200&ssl=1","width":350,"height":200},"classes":[]}],"_links":{"self":[{"href":"https:\/\/puycapel.fr\/index.php\/wp-json\/wp\/v2\/pages\/236","targetHints":{"allow":["GET"]}}],"collection":[{"href":"https:\/\/puycapel.fr\/index.php\/wp-json\/wp\/v2\/pages"}],"about":[{"href":"https:\/\/puycapel.fr\/index.php\/wp-json\/wp\/v2\/types\/page"}],"author":[{"embeddable":true,"href":"https:\/\/puycapel.fr\/index.php\/wp-json\/wp\/v2\/users\/3"}],"replies":[{"embeddable":true,"href":"https:\/\/puycapel.fr\/index.php\/wp-json\/wp\/v2\/comments?post=236"}],"version-history":[{"count":2,"href":"https:\/\/puycapel.fr\/index.php\/wp-json\/wp\/v2\/pages\/236\/revisions"}],"predecessor-version":[{"id":10931,"href":"https:\/\/puycapel.fr\/index.php\/wp-json\/wp\/v2\/pages\/236\/revisions\/10931"}],"up":[{"embeddable":true,"href":"https:\/\/puycapel.fr\/index.php\/wp-json\/wp\/v2\/pages\/183"}],"wp:attachment":[{"href":"https:\/\/puycapel.fr\/index.php\/wp-json\/wp\/v2\/media?parent=236"}],"curies":[{"name":"wp","href":"https:\/\/api.w.org\/{rel}","templated":true}]}}