{"id":2370,"date":"2020-04-07T21:44:59","date_gmt":"2020-04-07T19:44:59","guid":{"rendered":"https:\/\/puycapel.fr\/?page_id=2370"},"modified":"2024-04-13T13:55:24","modified_gmt":"2024-04-13T11:55:24","slug":"location-de-vacances-a-puycapel","status":"publish","type":"page","link":"https:\/\/puycapel.fr\/index.php\/location-de-vacances-a-puycapel\/","title":{"rendered":"Locations de vacances \u00e0 Puycapel"},"content":{"rendered":"\n<p class=\"has-text-align-center\"><\/p>\n\n\n\n<h2 class=\"wp-block-heading has-text-align-center\"><strong>Chambres d&rsquo;h\u00e9bergement:<\/strong><\/h2>\n\n\n\n<p class=\"has-text-align-center\"><strong>Auberge communale &#8211; Mourjou:<\/strong> 4 chambres d\u2019h\u00f4tes -dont 1 pour personnes \u00e0 mobilit\u00e9 r\u00e9duite et 1 familiale. Renseignements au <a href=\"https:\/\/www.google.com\/search?client=firefox-b-d&amp;q=auberge+de+MOURJOU#\">04 71 48 25 47<\/a> (<a rel=\"noreferrer noopener\" href=\"https:\/\/www.facebook.com\/aubergedemourjou\" target=\"_blank\">https:\/\/www.facebook.com\/aubergedemourjou<\/a>)<\/p>\n\n\n\n<h2 class=\"wp-block-heading has-text-align-center\"><strong>G\u00eetes et meubl\u00e9s par ordre alphab\u00e9tique: <\/strong><\/h2>\n\n\n\n<p>trouvez dans ce tableau les liens email , sites web et t\u00e9l\u00e9phone lorsque disponibles<\/p>\n\n\n\n<figure class=\"wp-block-table is-style-stripes\"><table><tbody><tr><td class=\"has-text-align-center\" data-align=\"center\"><strong>Propri\u00e9taires &#8211; email<\/strong><\/td><td class=\"has-text-align-center\" data-align=\"center\"><strong>Localisation<\/strong><br><strong>Site web<\/strong><\/td><td class=\"has-text-align-center\" data-align=\"center\"><strong>Capacit\u00e9<br>max<\/strong><\/td><td class=\"has-text-align-center\" data-align=\"center\"><strong>Tel<\/strong><\/td><\/tr><tr><td class=\"has-text-align-center\" data-align=\"center\"><a href=\"mailto:aitelli.robert@orange.fr\">Robert AITELLI<\/a><\/td><td class=\"has-text-align-center\" data-align=\"center\">La Bar\u00e9sie Mourjou<\/td><td class=\"has-text-align-center\" data-align=\"center\">2<\/td><td class=\"has-text-align-center\" data-align=\"center\"><a href=\"tel:+33674508079\">tel<\/a><\/td><\/tr><tr><td class=\"has-text-align-center\" data-align=\"center\"><a href=\"mailto:josette.bonnet@gmail.com\">Sylvain- Henri et Josette BONNET<\/a><\/td><td class=\"has-text-align-center\" data-align=\"center\">Rue Eustache de Beaumarchais Calvinet<\/td><td class=\"has-text-align-center\" data-align=\"center\">4<\/td><td class=\"has-text-align-center\" data-align=\"center\"><a href=\"tel:+33471499742\">tel<\/a><\/td><\/tr><tr><td class=\"has-text-align-center\" data-align=\"center\"><a href=\"mailto:caro.childs@gmail.com\">Caro CHILDS<\/a><\/td><td class=\"has-text-align-center\" data-align=\"center\"><a href=\"http:\/\/www.chezcaro.co.uk\"><span style=\"text-decoration: underline;\">Lessal Mourjou<\/span><\/a><\/td><td class=\"has-text-align-center\" data-align=\"center\">6<\/td><td class=\"has-text-align-center\" data-align=\"center\"><a href=\"tel:+33965326314\">tel<\/a><\/td><\/tr><tr><td class=\"has-text-align-center\" data-align=\"center\"><a href=\"mailto:christiane.vauche@orange.fr\">Christiane CARRIERE<\/a><\/td><td class=\"has-text-align-center\" data-align=\"center\">Le Mas Mourjou<\/td><td class=\"has-text-align-center\" data-align=\"center\">6 \u00e0 8<\/td><td class=\"has-text-align-center\" data-align=\"center\"><a href=\"tel:+33 06 72 11 84 99\">tel<\/a> <\/td><\/tr><tr><td class=\"has-text-align-center\" data-align=\"center\"><a href=\"mailto:anne-rose.couderc@wanadoo.fr\"><\/a><a href=\"mailto:anne-rose.couderc@wanadoo.fr\">Pierre et Annie COUDERC<\/a><\/td><td class=\"has-text-align-center\" data-align=\"center\">Rue du Colombier D66 Calvinet<br><a rel=\"noreferrer noopener\" href=\"https:\/\/emea01.safelinks.protection.outlook.com\/?url=https%3A%2F%2Fannie-couderc.pagesperso-orange.fr%2F&amp;data=04%7C01%7C%7C29dc037c932d41c83a0e08d9932077d1%7C84df9e7fe9f640afb435aaaaaaaaaaaa%7C1%7C0%7C637702589921523769%7CUnknown%7CTWFpbGZsb3d8eyJWIjoiMC4wLjAwMDAiLCJQIjoiV2luMzIiLCJBTiI6Ik1haWwiLCJXVCI6Mn0%3D%7C1000&amp;sdata=KF3B6XdR6EmzOVKOLaY%2F2u4s3v3rLAeklO7Ar5fYV2A%3D&amp;reserved=0\" target=\"_blank\">https:\/\/annie-couderc.pagesperso-orange.fr\/<\/a><\/td><td class=\"has-text-align-center\" data-align=\"center\">5 \u00e0 10<\/td><td class=\"has-text-align-center\" data-align=\"center\"><a href=\"tel:+330471499434\/\">tel<\/a><\/td><\/tr><tr><td class=\"has-text-align-center\" data-align=\"center\"><a href=\"mailto:sarl.rdaude@orange.fr\">Josette DAUDE<\/a><\/td><td class=\"has-text-align-center\" data-align=\"center\">Prentegarde Calvinet<\/td><td class=\"has-text-align-center\" data-align=\"center\">6<\/td><td class=\"has-text-align-center\" data-align=\"center\"><a href=\"tel:+330471492506\/\">tel<\/a><\/td><\/tr><tr><td class=\"has-text-align-center\" data-align=\"center\"><a href=\"mailto:espeyssebenoit@wanadoo.fr\">Jeanne ESPEYSSE<\/a><\/td><td class=\"has-text-align-center\" data-align=\"center\">Lacan Mourjou<\/td><td class=\"has-text-align-center\" data-align=\"center\">4<\/td><td class=\"has-text-align-center\" data-align=\"center\"><\/td><\/tr><tr><td class=\"has-text-align-center\" data-align=\"center\"><a href=\"mailto: mcgazal@yahoo.fr\" data-type=\"page\">Marie-Christine GAZAL<\/a><\/td><td class=\"has-text-align-center\" data-align=\"center\">Le Mas Mourjou<\/td><td class=\"has-text-align-center\" data-align=\"center\">6 \u00e0 8<\/td><td class=\"has-text-align-center\" data-align=\"center\"><a href=\"tel:+330695346566\">tel<\/a><\/td><\/tr><tr><td class=\"has-text-align-center\" data-align=\"center\"><a href=\"mailto:familygoutal@yahoo.fr\">Serge GOUTAL-BOULANGER<\/a><\/td><td class=\"has-text-align-center\" data-align=\"center\">Ferme Lagane Calvinet<\/td><td class=\"has-text-align-center\" data-align=\"center\">4<\/td><td class=\"has-text-align-center\" data-align=\"center\"><a href=\"tel:+330689223189\">tel<\/a><\/td><\/tr><tr><td class=\"has-text-align-center\" data-align=\"center\"><a href=\"mailto:15340chezlili@gmail.com\">Huguette LAVIGNE<\/a><\/td><td class=\"has-text-align-center\" data-align=\"center\">La Dev\u00e8ze Calvinet <a href=\"https:\/\/chezlili.wixsite.com\/\">Chez Lili<\/a><\/td><td class=\"has-text-align-center\" data-align=\"center\">6<\/td><td class=\"has-text-align-center\" data-align=\"center\"><a href=\"tel:+330628012510\">tel<\/a><\/td><\/tr><tr><td class=\"has-text-align-center\" data-align=\"center\"><a href=\"mailto:yvette.lissac@orange.fr\">Alain LISSAC<\/a><\/td><td class=\"has-text-align-center\" data-align=\"center\">Rue du Baillage Calvinet<\/td><td class=\"has-text-align-center\" data-align=\"center\">4<\/td><td class=\"has-text-align-center\" data-align=\"center\"><a href=\"tel:+330681513036\">tel<\/a><\/td><\/tr><tr><td class=\"has-text-align-center\" data-align=\"center\"><a href=\"mailto: gitesalamidou@gmail.com\">Claude et Yvonne LISSAC<\/a><\/td><td class=\"has-text-align-center\" data-align=\"center\">Rue du Ch\u00eane Calvinet<\/td><td class=\"has-text-align-center\" data-align=\"center\">4<\/td><td class=\"has-text-align-center\" data-align=\"center\"><a href=\"tel:+330619694699\">tel<\/a><\/td><\/tr><tr><td class=\"has-text-align-center\" data-align=\"center\"><a href=\"mailto:fmerle1516@gmail.com\">Fran\u00e7oise MERLE<\/a><\/td><td class=\"has-text-align-center\" data-align=\"center\">Le Mas Mourjou<\/td><td class=\"has-text-align-center\" data-align=\"center\">5<\/td><td class=\"has-text-align-center\" data-align=\"center\"><a href=\"tel:+330687396512\">tel<\/a><\/td><\/tr><tr><td class=\"has-text-align-center\" data-align=\"center\"><\/td><td class=\"has-text-align-center\" data-align=\"center\"><\/td><td class=\"has-text-align-center\" data-align=\"center\"><\/td><td class=\"has-text-align-center\" data-align=\"center\"><\/td><\/tr><tr><td class=\"has-text-align-center\" data-align=\"center\"><a href=\"mailto:babeth.romiguiere@wanadoo.fr\">Elisabeth ROMIGUIERE<\/a><\/td><td class=\"has-text-align-center\" data-align=\"center\">Le Verdier Mourjou<\/td><td class=\"has-text-align-center\" data-align=\"center\">6 \u00e0 7<\/td><td class=\"has-text-align-center\" data-align=\"center\"><a href=\"tel:+330675329713\">tel<\/a><\/td><\/tr><tr><td class=\"has-text-align-center\" data-align=\"center\"><a href=\"mailto:marie-laure.vigier@wanadoo.fr\">Marie-Laure VIGIER<\/a><\/td><td class=\"has-text-align-center\" data-align=\"center\">Place Jean de Bonnefon Calvinet<\/td><td class=\"has-text-align-center\" data-align=\"center\">2<\/td><td class=\"has-text-align-center\" data-align=\"center\"><a href=\"tel:0643180889\">tel<\/a><\/td><\/tr><tr><td class=\"has-text-align-center\" data-align=\"center\"><a href=\"mariefrance.vaissiere@gmail.com\" data-type=\"URL\" data-id=\"mariefrance.vaissiere@gmail.com\">Marie-France VAISSIERE<\/a><\/td><td class=\"has-text-align-center\" data-align=\"center\">l&rsquo;Hermite Mourjou<\/td><td class=\"has-text-align-center\" data-align=\"center\">4<\/td><td class=\"has-text-align-center\" data-align=\"center\"><a href=\"tel:+330471499019\">tel<\/a><\/td><\/tr><tr><td class=\"has-text-align-center\" data-align=\"center\"><a href=\"https:\/\/puycapel.fr\/wp-admin\/info@commechezmoi.fr\">Donald VERBRUUGGE<\/a><\/td><td class=\"has-text-align-center\" data-align=\"center\">La Calmette Mourjou 3 chambres (capacit\u00e9 4 personnes \/ chambre)<\/td><td class=\"has-text-align-center\" data-align=\"center\"><\/td><td class=\"has-text-align-center\" data-align=\"center\"><a href=\"http:\/\/+33:0680931834\/\">tel<\/a><\/td><\/tr><tr><td class=\"has-text-align-center\" data-align=\"center\"><a href=\"mailto:puechtroyes@aol.com\">Pierre Puech<\/a><\/td><td class=\"has-text-align-center\" data-align=\"center\">La Rouquette, La Ferme Basse<\/td><td class=\"has-text-align-center\" data-align=\"center\">10\/12<\/td><td class=\"has-text-align-center\" data-align=\"center\"><a href=\"tel:0609384232\">tel<\/a><\/td><\/tr><tr><td class=\"has-text-align-center\" data-align=\"center\"><\/td><td class=\"has-text-align-center\" data-align=\"center\"><\/td><td class=\"has-text-align-center\" data-align=\"center\"><\/td><td class=\"has-text-align-center\" data-align=\"center\"><\/td><\/tr><\/tbody><\/table><\/figure>\n\n\n\n<div class=\"wp-block-group\"><div class=\"wp-block-group__inner-container is-layout-flow wp-block-group-is-layout-flow\">\n<div class=\"wp-block-group\"><div class=\"wp-block-group__inner-container is-layout-flow wp-block-group-is-layout-flow\">\n<p><\/p>\n<\/div><\/div>\n\n\n\n<p><\/p>\n<\/div><\/div>\n","protected":false},"excerpt":{"rendered":"<p>Chambres d&rsquo;h\u00e9bergement: Auberge communale &#8211; Mourjou: 4 chambres d\u2019h\u00f4tes -dont 1 pour personnes \u00e0 mobilit\u00e9 r\u00e9duite et 1 familiale. Renseignements au 04 71 48 25 47 (https:\/\/www.facebook.com\/aubergedemourjou) G\u00eetes et meubl\u00e9s par ordre alphab\u00e9tique: trouvez dans ce tableau les liens email , sites web et t\u00e9l\u00e9phone lorsque disponibles Propri\u00e9taires &#8211; email LocalisationSite web Capacit\u00e9max Tel Robert [&hellip;]<\/p>\n","protected":false},"author":3,"featured_media":0,"parent":0,"menu_order":0,"comment_status":"closed","ping_status":"closed","template":"","meta":{"_exactmetrics_skip_tracking":false,"_exactmetrics_sitenote_active":false,"_exactmetrics_sitenote_note":"","_exactmetrics_sitenote_category":0,"jetpack_post_was_ever_published":false,"footnotes":""},"class_list":["post-2370","page","type-page","status-publish","hentry"],"jetpack_sharing_enabled":true,"jetpack_shortlink":"https:\/\/wp.me\/PaADkW-Ce","jetpack-related-posts":[{"id":2324,"url":"https:\/\/puycapel.fr\/index.php\/ou-dormir\/","url_meta":{"origin":2370,"position":0},"title":"O\u00f9 dormir?","author":"Mairie Puycapel","date":"2 avril 2020","format":false,"excerpt":"Retrouvez ci-dessous quelques adresses d'h\u00e9bergements touristiques \u00e0 Calvinet et Mourjou Cette m\u00eame liste d'h\u00e9bergement est disponible sous forme de tableau synth\u00e8tique en suivant ce lien Chambres d'h\u00e9bergement et chambres d'h\u00f4tes Auberge de Mourjou: 4 chambres d'h\u00f4tes -dont 1 pour personnes \u00e0 mobilit\u00e9 r\u00e9duite et 1 familiale. Renseignements au 04 71\u2026","rel":"","context":"Article similaire","block_context":{"text":"Article similaire","link":""},"img":{"alt_text":"","src":"https:\/\/i0.wp.com\/puycapel.fr\/wp-content\/uploads\/2022\/01\/maison-MC-GAZAL-1-scaled.jpg?resize=350%2C200&ssl=1","width":350,"height":200,"srcset":"https:\/\/i0.wp.com\/puycapel.fr\/wp-content\/uploads\/2022\/01\/maison-MC-GAZAL-1-scaled.jpg?resize=350%2C200&ssl=1 1x, https:\/\/i0.wp.com\/puycapel.fr\/wp-content\/uploads\/2022\/01\/maison-MC-GAZAL-1-scaled.jpg?resize=525%2C300&ssl=1 1.5x, https:\/\/i0.wp.com\/puycapel.fr\/wp-content\/uploads\/2022\/01\/maison-MC-GAZAL-1-scaled.jpg?resize=700%2C400&ssl=1 2x, https:\/\/i0.wp.com\/puycapel.fr\/wp-content\/uploads\/2022\/01\/maison-MC-GAZAL-1-scaled.jpg?resize=1050%2C600&ssl=1 3x, https:\/\/i0.wp.com\/puycapel.fr\/wp-content\/uploads\/2022\/01\/maison-MC-GAZAL-1-scaled.jpg?resize=1400%2C800&ssl=1 4x"},"classes":[]},{"id":2925,"url":"https:\/\/puycapel.fr\/index.php\/lauberge-de-mourjou\/","url_meta":{"origin":2370,"position":1},"title":"L&rsquo;auberge de Mourjou","author":"Antoine Puech","date":"16 septembre 2020","format":false,"excerpt":"Le bourg Mourjou 15340 PUYCAPEL Restaurant et 4 chambres d'h\u00f4tes T\u00e9l\u00e9phone: 04 71 48 25 47","rel":"","context":"Article similaire","block_context":{"text":"Article similaire","link":""},"img":{"alt_text":"","src":"https:\/\/i0.wp.com\/puycapel.fr\/wp-content\/uploads\/2020\/12\/IMG_1155-scaled.jpg?resize=350%2C200&ssl=1","width":350,"height":200,"srcset":"https:\/\/i0.wp.com\/puycapel.fr\/wp-content\/uploads\/2020\/12\/IMG_1155-scaled.jpg?resize=350%2C200&ssl=1 1x, https:\/\/i0.wp.com\/puycapel.fr\/wp-content\/uploads\/2020\/12\/IMG_1155-scaled.jpg?resize=525%2C300&ssl=1 1.5x, https:\/\/i0.wp.com\/puycapel.fr\/wp-content\/uploads\/2020\/12\/IMG_1155-scaled.jpg?resize=700%2C400&ssl=1 2x, https:\/\/i0.wp.com\/puycapel.fr\/wp-content\/uploads\/2020\/12\/IMG_1155-scaled.jpg?resize=1050%2C600&ssl=1 3x, https:\/\/i0.wp.com\/puycapel.fr\/wp-content\/uploads\/2020\/12\/IMG_1155-scaled.jpg?resize=1400%2C800&ssl=1 4x"},"classes":[]},{"id":656,"url":"https:\/\/puycapel.fr\/index.php\/les-bonnes-adresses\/commerces-et-services\/","url_meta":{"origin":2370,"position":2},"title":"Commerces et services","author":"Mairie Puycapel","date":"18 mars 2019","format":false,"excerpt":"Agriculture Proxiel \u2013 aliment b\u00e9tail, engrais\u00a0: Rue du Colombier CALVINET Alimentation EPICERIE\u00a0: SARL ROUQUIER Sup\u00e9rette 8 \u00e0 8: Alimentation g\u00e9n\u00e9rale, produits r\u00e9gionaux et locaux, presse, fruits et l\u00e9gumes, fromage \u00e0 la coupe, charcuterie etc. \u2013 Rue de la Ch\u00e2taigneraie CALVINET T\u00e9l : \u00a004 71 49 91 65 ou sarl.rouquier@orange.fr BOULANGERIE:\u2026","rel":"","context":"Article similaire","block_context":{"text":"Article similaire","link":""},"img":{"alt_text":"","src":"","width":0,"height":0},"classes":[]},{"id":231,"url":"https:\/\/puycapel.fr\/index.php\/accueil\/les-associations-de-puycapel\/comite-danimation-de-calvinet\/","url_meta":{"origin":2370,"position":3},"title":"Comit\u00e9 d&rsquo;animation de Calvinet","author":"Antoine Puech","date":"26 janvier 2019","format":false,"excerpt":"D\u00e9clar\u00e9e le\u00a0 28\/10\/2002 en Pr\u00e9fecture n\u00b0\u00a0:W151000836 Siege social\u00a0 mairie de CALVINET\u00a0 association r\u00e9gie par la loi de 1901 OBJET\u00a0 \/ Animations touristiques, organisation de f\u00eates et spectacles Principales activit\u00e9s\u00a0: *repas\u00a0\/vente choux farcis\u00a0 le 13 juillet \u00a0\u00a0\u00a0\u00a0\u00a0\u00a0\u00a0\u00a0\u00a0\u00a0\u00a0 \u00a0\u00a0\u00a0\u00a0\u00a0\u00a0\u00a0\u00a0\u00a0\u00a0\u00a0\u00a0\u00a0\u00a0\u00a0\u00a0\u00a0\u00a0\u00a0\u00a0\u00a0\u00a0\u00a0\u00a0\u00a0\u00a0\u00a0\u00a0\u00a0\u00a0\u00a0\u00a0\u00a0\u00a0 *pique nique g\u00e9ant le 14 \u00a0 Juillet\u00a0 terrain de foot \u00a0\u00a0\u00a0\u00a0\u00a0\u00a0\u00a0\u00a0\u00a0\u00a0\u00a0\u00a0\u00a0\u00a0\u00a0\u00a0\u00a0\u00a0\u00a0\u00a0\u00a0\u00a0\u00a0\u00a0\u00a0\u00a0\u00a0\u00a0\u00a0\u00a0\u00a0\u00a0\u00a0\u00a0\u00a0\u00a0\u00a0\u00a0\u00a0\u00a0\u00a0\u00a0\u00a0\u00a0\u00a0\u00a0 *d\u00e9cembre organisation\u2026","rel":"","context":"Article similaire","block_context":{"text":"Article similaire","link":""},"img":{"alt_text":"","src":"","width":0,"height":0},"classes":[]},{"id":3022,"url":"https:\/\/puycapel.fr\/index.php\/revue-de-presse\/","url_meta":{"origin":2370,"position":4},"title":"Revue de presse","author":"Mairie Puycapel","date":"8 octobre 2020","format":false,"excerpt":"La Montagne - 08\/10\/2020: Visite du Pr\u00e9fet du Cantal \u00e0 INTERLAB Visite-du-Prefet-du-Cantal-\u00e0-Interlab-1T\u00e9l\u00e9charger La Montagne - 21\/11\/2020: Nouvelle voie d'acc\u00e8s vers Jalenques Article-voie-acc\u00e8s-JalenquesT\u00e9l\u00e9charger","rel":"","context":"Article similaire","block_context":{"text":"Article similaire","link":""},"img":{"alt_text":"","src":"","width":0,"height":0},"classes":[]},{"id":5945,"url":"https:\/\/puycapel.fr\/index.php\/extension-de-lusine-interlab-participation-du-public-par-voie-electronique\/","url_meta":{"origin":2370,"position":5},"title":"EXTENSION DE L&rsquo;USINE INTERLAB &#8211; PARTICIPATION DU PUBLIC PAR VOIE ELECTRONIQUE","author":"Antoine Puech","date":"27 octobre 2021","format":false,"excerpt":"Avis-dinformation-du-public-defrichementT\u00e9l\u00e9charger Avis-dinformation-du-public-PCT\u00e9l\u00e9charger PC-EXTENSION-USINE-INTERLAB-procedure-de-participation-du-public-par-voie-electroniqueT\u00e9l\u00e9charger DOCUMENTS MIS A DISPOSITION DU PUBLIC\u00a0\u00bb\u00a0- Publication du 12 novembre 2021 1-Arrete-douverture-de-la-participation-du-public-par-voie-electroniqueT\u00e9l\u00e9charger 2-Avis-douverture-de-la-procedure-de-PVE-du-PublicT\u00e9l\u00e9charger 3-INT2_PC1_Plan-de-SituationT\u00e9l\u00e9charger 3-INT2_PC2.1_A1_Plan-de-masse-ExistantT\u00e9l\u00e9charger 3-INT2_PC2.2_A1_Plan-de-masse-ProjetT\u00e9l\u00e9charger 3-INT2_PC3_A3_Coupes-sur-terrainT\u00e9l\u00e9charger 3-INT2_PC4_Notice-ArchitecturaleT\u00e9l\u00e9charger 3-INT2_PC5_Batiment-ProductionT\u00e9l\u00e9charger 3-INT2_PC5_Batiment-StockageT\u00e9l\u00e9charger 3-INT2_PC5_Locaux-TechniquesT\u00e9l\u00e9charger 3-INT2_PC6_Insertion-ProjetT\u00e9l\u00e9charger 3-INT2_PC7-8_PhotosT\u00e9l\u00e9charger 3-INT2_PC11-3_Conformite-ANCT\u00e9l\u00e9charger 3-INT2_PC21_Reglementation-ThermiqueT\u00e9l\u00e9charger 3-INT2_PC24_Autorisation-Defrichement_RecepisseT\u00e9l\u00e9charger 3-INT2_PC25_ICPET\u00e9l\u00e9charger 3-INT2_PC32_Division-parcellaireT\u00e9l\u00e9charger 4-ETUDE-DIMPACT-ENVIRONNEMENTALT\u00e9l\u00e9charger 5-DECISION-DE-LAUTORITE-ENVIRONNEMENTALET\u00e9l\u00e9charger 6-AVIS-MISSION-REGIONALE-DAUTORITE-ENVIRONNEMENTALET\u00e9l\u00e9charger 7-REPONSE-A-AVIS-DE-LA-MISSION-REGIONALE-DAUTORITE-ENVIRONNEMENTALET\u00e9l\u00e9charger Publication du 24\/12\/2021 BILAN-PVE-DU-23-12-2021T\u00e9l\u00e9charger ANNEXE-1-Arrete-douverture-de-la-participation-du-public-par-voie-electroniqueT\u00e9l\u00e9charger ANNEXES-2-ANNEXE-6-ANNEXE-8certificat-affichageT\u00e9l\u00e9charger ANNEXE-3-Captures-decran-Site-InternetT\u00e9l\u00e9charger ANNEXE-4-Avis-douverture-de-la-procedure-de-PVE-du-PublicT\u00e9l\u00e9charger ANNEXE-4-1-Avis-dinformation-La-MontagneT\u00e9l\u00e9charger ANNEXE-4-2Avis-dinformation-UART\u00e9l\u00e9charger ANNEXE-5-Affichage-PVE-MAIRIET\u00e9l\u00e9charger Annexe-6-certificat-daffichage-en-date-du-16-decembre-2021T\u00e9l\u00e9charger ANNEXE-7-affichage-a-lusine-IINTERLABT\u00e9l\u00e9charger Annexe-8-certificat-daffichage-en-date-du-16-decembre-2021T\u00e9l\u00e9charger","rel":"","context":"Article similaire","block_context":{"text":"Article similaire","link":""},"img":{"alt_text":"","src":"","width":0,"height":0},"classes":[]}],"_links":{"self":[{"href":"https:\/\/puycapel.fr\/index.php\/wp-json\/wp\/v2\/pages\/2370","targetHints":{"allow":["GET"]}}],"collection":[{"href":"https:\/\/puycapel.fr\/index.php\/wp-json\/wp\/v2\/pages"}],"about":[{"href":"https:\/\/puycapel.fr\/index.php\/wp-json\/wp\/v2\/types\/page"}],"author":[{"embeddable":true,"href":"https:\/\/puycapel.fr\/index.php\/wp-json\/wp\/v2\/users\/3"}],"replies":[{"embeddable":true,"href":"https:\/\/puycapel.fr\/index.php\/wp-json\/wp\/v2\/comments?post=2370"}],"version-history":[{"count":45,"href":"https:\/\/puycapel.fr\/index.php\/wp-json\/wp\/v2\/pages\/2370\/revisions"}],"predecessor-version":[{"id":9056,"href":"https:\/\/puycapel.fr\/index.php\/wp-json\/wp\/v2\/pages\/2370\/revisions\/9056"}],"wp:attachment":[{"href":"https:\/\/puycapel.fr\/index.php\/wp-json\/wp\/v2\/media?parent=2370"}],"curies":[{"name":"wp","href":"https:\/\/api.w.org\/{rel}","templated":true}]}}