{"id":242,"date":"2019-01-26T14:23:26","date_gmt":"2019-01-26T13:23:26","guid":{"rendered":"https:\/\/puycapel.fr\/?page_id=242"},"modified":"2023-10-01T21:07:04","modified_gmt":"2023-10-01T19:07:04","slug":"serfouette","status":"publish","type":"page","link":"https:\/\/puycapel.fr\/index.php\/accueil\/les-associations-de-puycapel\/serfouette\/","title":{"rendered":"Serfouette"},"content":{"rendered":"\n<p>-AVRIL 2021- <\/p>\n\n\n\n<p>Serfouette poursuit son action \u00ab\u00a0z\u00e9ro d\u00e9chet\u00a0\u00bb en offrant des poules \u00e0 celles et ceux qui s&rsquo;engagent \u00e0 r\u00e9duire leurs d\u00e9chets. <\/p>\n\n\n\n<p>Informations au local Serfouette : 39 rue de la Chataigneraie, Calvinet, 15340 Puycapel<\/p>\n\n\n\n<p>Chaque mercredi de 18h \u00e0 20h et le 1er dimanche du mois de 10h \u00e0 12h<\/p>\n\n\n\n<p>Voici notre adresse si vous souhaitez davantage d&rsquo;informations:\u00a0<a rel=\"noreferrer noopener\" href=\"https:\/\/webmail1f.orange.fr\/webmail\/fr_FR\/read.html?FOLDER=SF_INBOX&amp;IDMSG=19329&amp;check=&amp;SORTBY=1#\" target=\"_blank\">15340serfouette@gmail.com<\/a> <\/p>\n\n\n\n<p>Vous pourrez aussi retrouver ces informations sur la page Serfouette du site internet de Puycapel.\u00a0<\/p>\n\n\n\n<p class=\"has-text-align-center\">&#8212;&#8212;&#8212;&#8212;&#8212;&#8212;&#8212;&#8211;<\/p>\n\n\n\n<p>( juin 2020) L\u2019association est engag\u00e9e sur un projet de r\u00e9duction des d\u00e9chets \u00e0 une \u00e9chelle locale, les actions ont pris un peu de retard avec le confinement mais nous sommes actuellement pr\u00eats \u00e0 reprendre nos activit\u00e9s&nbsp;!<\/p>\n\n\n\n<p>&nbsp;En effet, le traitement des d\u00e9chets g\u00e9n\u00e8re des pollutions ainsi qu\u2019un co\u00fbt important pour l\u2019ensemble de la communaut\u00e9. C\u2019est pourquoi, notre association va proposer dans les semaines \u00e0 venir plusieurs actions pour \u00e9viter que la part organique des d\u00e9chets&nbsp;(c\u2019est-\u00e0-dire les \u00e9pluchures, la tonte d\u2019herbes, les feuilles mortes, les restes de repas ou d\u2019autres produits d\u2019origine v\u00e9g\u00e9tale comme les mouchoirs ou le papier absorbant, le marc de caf\u00e9, les sachets de th\u00e9 ou d\u2019infusion \u2026) se retrouvent dans nos poubelles. Cette part organique repr\u00e9sente plus ou moins 30% de la poubelle moyenne d\u2019un foyer alors qu\u2019elle pourrait facilement \u00eatre valoris\u00e9e avec le compostage\u2026 ou encore les poules&nbsp;!&nbsp;<\/p>\n\n\n\n<p>L\u2019association proposera ainsi des composteurs \u00e0 prix r\u00e9duit et offrira des poules pour celles et ceux qui s\u2019engageront \u00e0 valoriser ces d\u00e9chets organiques puisqu\u2019une poule consomme l\u2019\u00e9quivalent de 150 kg de v\u00e9g\u00e9taux et de restes alimentaires \u00e0 l\u2019ann\u00e9e. &nbsp; L\u2019objectif est de nourrir les poules avec les \u00e9pluchures&nbsp;et les restes de repas et ainsi, diminuer de 20 \u00e0 30 % la quantit\u00e9 de d\u00e9chets jet\u00e9s \u00e0 la poubelle. &nbsp; L\u2019op\u00e9ration de distribution de composteurs et de poules aura lieu dans l\u2019\u00e9t\u00e9. Nous vous invitons donc \u00e0 nous contacter afin de participer ensemble \u00e0 cette r\u00e9duction des d\u00e9chets car nous avons tous \u00e0 y gagner&nbsp;! Vous pouvez nous envoyer un mail \u00e0 l\u2019adresse suivante&nbsp;: <a href=\"mailto:15340serfouette@gmail.com\">15340serfouette@gmail.com<\/a>, consulter le site internet de la commune ou prendre contact avec un des membres du bureau afin de vous inscrire. Cette op\u00e9ration est destin\u00e9e \u00e0 l\u2019ensemble des habitants de la commune de Puycapel.<\/p>\n\n\n\n<p>Par ailleurs, les manifestations pour soutenir l\u2019appel des Coquelicots qui demande le retrait de tous les pesticides de synth\u00e8se ont repris le vendredi 5 juin. Nous vous invitons \u00e9galement \u00e0 nous rejoindre devant la mairie chaque premier vendredi du mois \u00e0 18h30.<\/p>\n\n\n\n<p>Enfin, au vu de la situation sanitaire in\u00e9dite, nous r\u00e9fl\u00e9chissons \u00e0 ce que nous pourrons proposer pour notre march\u00e9 du dernier week-end de juillet, renomm\u00e9 l\u2019ann\u00e9e derni\u00e8re la \u00ab&nbsp;F\u00eate autrement&nbsp;\u00bb. Nous vous tiendrons rapidement au courant quant \u00e0 la formule choisie&nbsp;!<\/p>\n\n\n\n<p class=\"has-text-align-center\">______________________________<\/p>\n\n\n\n<p>Face \u00e0 l\u2019urgence climatique tr\u00e8s m\u00e9diatis\u00e9e ces derniers mois, \u201cSerfouette &amp; Compagnie\u201d cherche \u00e0 sensibiliser la population locale au d\u00e9veloppement durable, \u00e0 l\u2019\u00e9cologie et \u00e0 la mise en place d&rsquo;\u00e9co-gestes au quotidien afin de pr\u00e9server notre environnement tout en poursuivant un soutien aux producteurs en agriculture biologique install\u00e9s sur notre territoire et en favorisant les circuits courts.<\/p>\n\n\n\n<p>Plusieurs actions sont organis\u00e9es en fonction des besoins ou des demandes des membres de l&rsquo;association.<\/p>\n\n\n\n<p>L&rsquo;association organise par exemple des trocs de plantes\/boutures\/graines.. g\u00e9n\u00e9ralement une version printani\u00e8re, le premier dimanche du mois de mai ainsi qu&rsquo;une version automnale vers le mois de novembre.<\/p>\n\n\n\n<p>Notre association propose tous les ans, le dernier week-end de juillet un  March\u00e9 bio, artisanal et \u00e9cologique. Nous avons fait le choix de renommer cette manifestation : la \u201cF\u00eate autrement\u201d dans le but d\u2019insister sur le \u201cfaire\u201d autrement qui s\u2019impose \u00e0 nous comme un choix \u00e9clair\u00e9 et \u00e9vident. C&rsquo;est l&rsquo;occasion de proposer des ateliers gratuits \u00e0 destination du public : cours de cuisine, atelier de poterie, incitation au compostage et au tri des d\u00e9chets, ateliers autour de la \u201cr\u00e9cup\u201d et du \u201cz\u00e9ro d\u00e9chet\u201d, fabrication de produits naturels&#8230;&nbsp;<\/p>\n\n\n\n<p>&nbsp;Cette manifestation est \u00e9galement l\u2019occasion de mettre en avant les acteurs et actrices locaux d\u2019un point de vue artistique et culturel (musiciens, conteurs\u2026) pour le plus grand plaisir des personnes pr\u00e9sentes et afin de conserver le c\u00f4t\u00e9 festif et familial de cette f\u00eate interg\u00e9n\u00e9rationnelle.<\/p>\n\n\n\n<p>Notre association est \u00e9galement active sur un autre projet: celui de la r\u00e9duction des d\u00e9chets, dans une d\u00e9marche visant le \u00ab\u00a0Z\u00e9ro d\u00e9chet\u00a0\u00bb&#8230;<\/p>\n","protected":false},"excerpt":{"rendered":"<p>-AVRIL 2021- Serfouette poursuit son action \u00ab\u00a0z\u00e9ro d\u00e9chet\u00a0\u00bb en offrant des poules \u00e0 celles et ceux qui s&rsquo;engagent \u00e0 r\u00e9duire leurs d\u00e9chets. Informations au local Serfouette : 39 rue de la Chataigneraie, Calvinet, 15340 Puycapel Chaque mercredi de 18h \u00e0 20h et le 1er dimanche du mois de 10h \u00e0 12h Voici notre adresse si [&hellip;]<\/p>\n","protected":false},"author":3,"featured_media":0,"parent":183,"menu_order":0,"comment_status":"closed","ping_status":"closed","template":"","meta":{"_exactmetrics_skip_tracking":false,"_exactmetrics_sitenote_active":false,"_exactmetrics_sitenote_note":"","_exactmetrics_sitenote_category":0,"jetpack_post_was_ever_published":false,"footnotes":""},"class_list":["post-242","page","type-page","status-publish","hentry"],"jetpack_sharing_enabled":true,"jetpack_shortlink":"https:\/\/wp.me\/PaADkW-3U","jetpack-related-posts":[{"id":183,"url":"https:\/\/puycapel.fr\/index.php\/accueil\/les-associations-de-puycapel\/","url_meta":{"origin":242,"position":0},"title":"Les Associations","author":"Antoine Puech","date":"26 janvier 2019","format":false,"excerpt":"Vivre en Ch\u00e2taigneraieAssociation du P\u00e9louClub des A\u00een\u00e9sUnion sportive du Haut-C\u00e9l\u00e9 (USHC)Association des parents d\u2019\u00e9l\u00e8vesChasse \/ ACCAADMR du Haut C\u00e9l\u00e9Les cailloux Br\u00fblantsLe Tennis Club de la Ch\u00e2taigneraieSerfouetteL\u2019Atelier de Marguelz\u00e9\u2019ARTSComit\u00e9 des f\u00eates de CalvinetLes Seniors de CalvinetComit\u00e9 d\u2019animation de CalvinetCalvinet PatrimoineClub de p\u00e9tanque","rel":"","context":"Article similaire","block_context":{"text":"Article similaire","link":""},"img":{"alt_text":"","src":"","width":0,"height":0},"classes":[]},{"id":4051,"url":"https:\/\/puycapel.fr\/index.php\/gestion-des-dechets\/","url_meta":{"origin":242,"position":1},"title":"Gestion des d\u00e9chets","author":"Antoine Puech","date":"13 mai 2021","format":false,"excerpt":"carte de localisation des points de collecte :","rel":"","context":"Article similaire","block_context":{"text":"Article similaire","link":""},"img":{"alt_text":"","src":"","width":0,"height":0},"classes":[]},{"id":3801,"url":"https:\/\/puycapel.fr\/index.php\/biogaz-de-la-chataigneraie-cantalienne\/","url_meta":{"origin":242,"position":2},"title":"BIOGAZ DE LA CHATAIGNERAIE CANTALIENNE","author":"Mairie Puycapel","date":"9 avril 2021","format":false,"excerpt":"L\u2019association BIOGAZ DE LA CHATAIGNERAIE CANTALIENNE a \u00e9t\u00e9 cr\u00e9\u00e9e le 12 janvier, \u00e0 l\u2019initiative de Boris WAHL, entrepreneur habitant \u00e0 PUYCAPEL. Son objet social est\u00a0: \u00ab Etudier l'opportunit\u00e9 et la faisabilit\u00e9 du d\u00e9veloppement d'une ou plusieurs unit\u00e9s de m\u00e9thanisation\u00a0sur le territoire de la Ch\u00e2taigneraie Cantalienne. La m\u00e9thanisation est un proc\u00e9d\u00e9\u2026","rel":"","context":"Article similaire","block_context":{"text":"Article similaire","link":""},"img":{"alt_text":"","src":"","width":0,"height":0},"classes":[]},{"id":715,"url":"https:\/\/puycapel.fr\/index.php\/les-animations-2019\/","url_meta":{"origin":242,"position":3},"title":"Les animations 2025","author":"Mairie Puycapel","date":"20 mars 2019","format":false,"excerpt":"D\u00e9couvrez le riche programme de la nouvelle saison d'animations 2025 \u00e0 la Maison de la ch\u00e2taigne : PROGRAMME 2025 Toutes les informations https:\/\/maisondelachataigne.com\/","rel":"","context":"Article similaire","block_context":{"text":"Article similaire","link":""},"img":{"alt_text":"","src":"","width":0,"height":0},"classes":[]},{"id":8264,"url":"https:\/\/puycapel.fr\/index.php\/fiche-outil-compostage\/","url_meta":{"origin":242,"position":4},"title":"FICHES OUTIL COMPOSTAGE","author":"Antoine Puech","date":"13 juillet 2023","format":false,"excerpt":"FICHE-01-LE-DE-DETERMINATION-AVEC-EXPLICATIONST\u00e9l\u00e9charger FICHE-02-fiche-jardin-naturel-utiliser-son-compostT\u00e9l\u00e9charger FICHE-03-fiche-le-compagnonageT\u00e9l\u00e9charger FICHE-04-fiche-paillageT\u00e9l\u00e9charger FICHE-05-fiche-soigner-les-plantes-par-les-plantesT\u00e9l\u00e9charger FICHE-06-fiche-jardin-naturel-utiliser-son-compost-35T\u00e9l\u00e9charger FICHE-07-guide-reussir-compostT\u00e9l\u00e9charger FICHE-12-STOP-AUX-IDEES-RECUEST\u00e9l\u00e9charger FICHE-11-sol-compost-les-beneficesT\u00e9l\u00e9charger FICHE-14-reduire-ses-dechets-vertsT\u00e9l\u00e9charger FICHE-17-principes-compostageT\u00e9l\u00e9charger","rel":"","context":"Article similaire","block_context":{"text":"Article similaire","link":""},"img":{"alt_text":"","src":"","width":0,"height":0},"classes":[]},{"id":7147,"url":"https:\/\/puycapel.fr\/index.php\/donnees-personnelles\/","url_meta":{"origin":242,"position":5},"title":"Donn\u00e9es personnelles","author":"Antoine Puech","date":"5 ao\u00fbt 2022","format":false,"excerpt":"Politique de protection des donn\u00e9es La commune de Puycapel s'engage \u00e0 ce que les traitements de donn\u00e9es personnelles\u00a0effectu\u00e9s sur puycapel.fr et sur la commune de puycapel, avec notamment les dispositifs de vid\u00e9oprotection, soient conformes au r\u00e8glement g\u00e9n\u00e9ral sur la protection des donn\u00e9es (RGPD) et \u00e0 la loi Informatique et Libert\u00e9s.\u2026","rel":"","context":"Article similaire","block_context":{"text":"Article similaire","link":""},"img":{"alt_text":"","src":"","width":0,"height":0},"classes":[]}],"_links":{"self":[{"href":"https:\/\/puycapel.fr\/index.php\/wp-json\/wp\/v2\/pages\/242","targetHints":{"allow":["GET"]}}],"collection":[{"href":"https:\/\/puycapel.fr\/index.php\/wp-json\/wp\/v2\/pages"}],"about":[{"href":"https:\/\/puycapel.fr\/index.php\/wp-json\/wp\/v2\/types\/page"}],"author":[{"embeddable":true,"href":"https:\/\/puycapel.fr\/index.php\/wp-json\/wp\/v2\/users\/3"}],"replies":[{"embeddable":true,"href":"https:\/\/puycapel.fr\/index.php\/wp-json\/wp\/v2\/comments?post=242"}],"version-history":[{"count":5,"href":"https:\/\/puycapel.fr\/index.php\/wp-json\/wp\/v2\/pages\/242\/revisions"}],"predecessor-version":[{"id":8473,"href":"https:\/\/puycapel.fr\/index.php\/wp-json\/wp\/v2\/pages\/242\/revisions\/8473"}],"up":[{"embeddable":true,"href":"https:\/\/puycapel.fr\/index.php\/wp-json\/wp\/v2\/pages\/183"}],"wp:attachment":[{"href":"https:\/\/puycapel.fr\/index.php\/wp-json\/wp\/v2\/media?parent=242"}],"curies":[{"name":"wp","href":"https:\/\/api.w.org\/{rel}","templated":true}]}}