{"id":253,"date":"2019-01-26T14:27:32","date_gmt":"2019-01-26T13:27:32","guid":{"rendered":"https:\/\/puycapel.fr\/?page_id=253"},"modified":"2019-01-26T14:36:38","modified_gmt":"2019-01-26T13:36:38","slug":"les-cailloux-brulants","status":"publish","type":"page","link":"https:\/\/puycapel.fr\/index.php\/accueil\/les-associations-de-puycapel\/les-cailloux-brulants\/","title":{"rendered":"Les cailloux Br\u00fblants"},"content":{"rendered":"\n<p><em>La compagnie Les Cailloux Br\u00fblants, implant\u00e9e \u00e0 Calvinet depuis 2015, propose des spectacles adress\u00e9s en particulier au jeune public, ainsi que diverses interventions cont\u00e9es pour le tout public. A sa t\u00eate, C\u00e9cile Demaison s\u2019entoure de coll\u00e8gues crois\u00e9s sur les routes, avec qui elle d\u00e9sire cr\u00e9er des spectacles. La compagnie intervient \u00e9galement dans le cadre d\u2019ateliers th\u00e9\u00e2tre, contes ou marionnettes.&nbsp;<\/em><em>Pour en savoir davantage :<\/em><em><a href=\"http:\/\/www.lescaillouxbrulants.fr\/\" target=\"_blank\" rel=\"noreferrer noopener\">www.lescaillouxbrulants.fr<\/a><\/em><em>Pour nous contacter :&nbsp;<\/em><em><a href=\"mailto:lescaillouxbrulants@gmail.com\" target=\"_blank\" rel=\"noreferrer noopener\">lescaillouxbrulants@gmail.com<\/a><\/em><em><a href=\"tel:06%2050%2049%2098%2014\" target=\"_blank\" rel=\"noreferrer noopener\">06 50 49 98 14<\/a><\/em><\/p>\n\n\n\n<figure class=\"wp-block-image is-resized\"><img data-recalc-dims=\"1\" loading=\"lazy\" decoding=\"async\" data-attachment-id=\"254\" data-permalink=\"https:\/\/puycapel.fr\/index.php\/accueil\/les-associations-de-puycapel\/les-cailloux-brulants\/cailloux-brulants\/\" data-orig-file=\"https:\/\/i0.wp.com\/puycapel.fr\/wp-content\/uploads\/2019\/01\/cailloux-brulants.jpg?fit=300%2C149&amp;ssl=1\" data-orig-size=\"300,149\" data-comments-opened=\"0\" data-image-meta=\"{&quot;aperture&quot;:&quot;0&quot;,&quot;credit&quot;:&quot;&quot;,&quot;camera&quot;:&quot;&quot;,&quot;caption&quot;:&quot;&quot;,&quot;created_timestamp&quot;:&quot;0&quot;,&quot;copyright&quot;:&quot;&quot;,&quot;focal_length&quot;:&quot;0&quot;,&quot;iso&quot;:&quot;0&quot;,&quot;shutter_speed&quot;:&quot;0&quot;,&quot;title&quot;:&quot;&quot;,&quot;orientation&quot;:&quot;0&quot;}\" data-image-title=\"cailloux-brulants\" data-image-description=\"\" data-image-caption=\"\" data-large-file=\"https:\/\/i0.wp.com\/puycapel.fr\/wp-content\/uploads\/2019\/01\/cailloux-brulants.jpg?fit=300%2C149&amp;ssl=1\" src=\"https:\/\/i0.wp.com\/puycapel.fr\/wp-content\/uploads\/2019\/01\/cailloux-brulants.jpg?resize=668%2C331&#038;ssl=1\" alt=\"\" class=\"wp-image-254\" width=\"668\" height=\"331\"\/><\/figure>\n","protected":false},"excerpt":{"rendered":"<p>La compagnie Les Cailloux Br\u00fblants, implant\u00e9e \u00e0 Calvinet depuis 2015, propose des spectacles adress\u00e9s en particulier au jeune public, ainsi que diverses interventions cont\u00e9es pour le tout public. A sa t\u00eate, C\u00e9cile Demaison s\u2019entoure de coll\u00e8gues crois\u00e9s sur les routes, avec qui elle d\u00e9sire cr\u00e9er des spectacles. La compagnie intervient \u00e9galement dans le cadre d\u2019ateliers [&hellip;]<\/p>\n","protected":false},"author":3,"featured_media":0,"parent":183,"menu_order":0,"comment_status":"closed","ping_status":"closed","template":"","meta":{"_exactmetrics_skip_tracking":false,"_exactmetrics_sitenote_active":false,"_exactmetrics_sitenote_note":"","_exactmetrics_sitenote_category":0,"jetpack_post_was_ever_published":false,"footnotes":""},"class_list":["post-253","page","type-page","status-publish","hentry"],"jetpack_sharing_enabled":true,"jetpack_shortlink":"https:\/\/wp.me\/PaADkW-45","jetpack-related-posts":[{"id":183,"url":"https:\/\/puycapel.fr\/index.php\/accueil\/les-associations-de-puycapel\/","url_meta":{"origin":253,"position":0},"title":"Les Associations","author":"Antoine Puech","date":"26 janvier 2019","format":false,"excerpt":"Vivre en Ch\u00e2taigneraieAssociation du P\u00e9louClub des A\u00een\u00e9sUnion sportive du Haut-C\u00e9l\u00e9 (USHC)Association des parents d\u2019\u00e9l\u00e8vesChasse \/ ACCAADMR du Haut C\u00e9l\u00e9Les cailloux Br\u00fblantsLe Tennis Club de la Ch\u00e2taigneraieSerfouetteL\u2019Atelier de Marguelz\u00e9\u2019ARTSComit\u00e9 des f\u00eates de CalvinetLes Seniors de CalvinetComit\u00e9 d\u2019animation de CalvinetCalvinet PatrimoineClub de p\u00e9tanque","rel":"","context":"Article similaire","block_context":{"text":"Article similaire","link":""},"img":{"alt_text":"","src":"","width":0,"height":0},"classes":[]},{"id":850,"url":"https:\/\/puycapel.fr\/index.php\/la-mediatheque\/","url_meta":{"origin":253,"position":1},"title":"La m\u00e9diath\u00e8que","author":"Mairie Puycapel","date":"18 avril 2019","format":false,"excerpt":"Tel: 04 71 49 69 34 Le Mas Mourjou 15340 Puycapelmediathequemourjou@orange.fr Depuis 1993, date de sa cr\u00e9ation, la m\u00e9diath\u00e8que est devenue un lieu de vie incontournable. En 2003, les locaux se sont agrandis. Plus spacieux, ils permettent \u00e0 chacun de trouver son espace, du c\u00f4t\u00e9 de la ludoth\u00e8que pour les\u2026","rel":"","context":"Article similaire","block_context":{"text":"Article similaire","link":""},"img":{"alt_text":"","src":"https:\/\/i0.wp.com\/puycapel.fr\/wp-content\/uploads\/2019\/04\/ph-bib3.jpg?resize=350%2C200&ssl=1","width":350,"height":200,"srcset":"https:\/\/i0.wp.com\/puycapel.fr\/wp-content\/uploads\/2019\/04\/ph-bib3.jpg?resize=350%2C200&ssl=1 1x, https:\/\/i0.wp.com\/puycapel.fr\/wp-content\/uploads\/2019\/04\/ph-bib3.jpg?resize=525%2C300&ssl=1 1.5x, https:\/\/i0.wp.com\/puycapel.fr\/wp-content\/uploads\/2019\/04\/ph-bib3.jpg?resize=700%2C400&ssl=1 2x, https:\/\/i0.wp.com\/puycapel.fr\/wp-content\/uploads\/2019\/04\/ph-bib3.jpg?resize=1050%2C600&ssl=1 3x, https:\/\/i0.wp.com\/puycapel.fr\/wp-content\/uploads\/2019\/04\/ph-bib3.jpg?resize=1400%2C800&ssl=1 4x"},"classes":[]},{"id":231,"url":"https:\/\/puycapel.fr\/index.php\/accueil\/les-associations-de-puycapel\/comite-danimation-de-calvinet\/","url_meta":{"origin":253,"position":2},"title":"Comit\u00e9 d&rsquo;animation de Calvinet","author":"Antoine Puech","date":"26 janvier 2019","format":false,"excerpt":"D\u00e9clar\u00e9e le\u00a0 28\/10\/2002 en Pr\u00e9fecture n\u00b0\u00a0:W151000836 Siege social\u00a0 mairie de CALVINET\u00a0 association r\u00e9gie par la loi de 1901 OBJET\u00a0 \/ Animations touristiques, organisation de f\u00eates et spectacles Principales activit\u00e9s\u00a0: *repas\u00a0\/vente choux farcis\u00a0 le 13 juillet \u00a0\u00a0\u00a0\u00a0\u00a0\u00a0\u00a0\u00a0\u00a0\u00a0\u00a0 \u00a0\u00a0\u00a0\u00a0\u00a0\u00a0\u00a0\u00a0\u00a0\u00a0\u00a0\u00a0\u00a0\u00a0\u00a0\u00a0\u00a0\u00a0\u00a0\u00a0\u00a0\u00a0\u00a0\u00a0\u00a0\u00a0\u00a0\u00a0\u00a0\u00a0\u00a0\u00a0\u00a0\u00a0 *pique nique g\u00e9ant le 14 \u00a0 Juillet\u00a0 terrain de foot \u00a0\u00a0\u00a0\u00a0\u00a0\u00a0\u00a0\u00a0\u00a0\u00a0\u00a0\u00a0\u00a0\u00a0\u00a0\u00a0\u00a0\u00a0\u00a0\u00a0\u00a0\u00a0\u00a0\u00a0\u00a0\u00a0\u00a0\u00a0\u00a0\u00a0\u00a0\u00a0\u00a0\u00a0\u00a0\u00a0\u00a0\u00a0\u00a0\u00a0\u00a0\u00a0\u00a0\u00a0\u00a0\u00a0 *d\u00e9cembre organisation\u2026","rel":"","context":"Article similaire","block_context":{"text":"Article similaire","link":""},"img":{"alt_text":"","src":"","width":0,"height":0},"classes":[]},{"id":5945,"url":"https:\/\/puycapel.fr\/index.php\/extension-de-lusine-interlab-participation-du-public-par-voie-electronique\/","url_meta":{"origin":253,"position":3},"title":"EXTENSION DE L&rsquo;USINE INTERLAB &#8211; PARTICIPATION DU PUBLIC PAR VOIE ELECTRONIQUE","author":"Antoine Puech","date":"27 octobre 2021","format":false,"excerpt":"Avis-dinformation-du-public-defrichementT\u00e9l\u00e9charger Avis-dinformation-du-public-PCT\u00e9l\u00e9charger PC-EXTENSION-USINE-INTERLAB-procedure-de-participation-du-public-par-voie-electroniqueT\u00e9l\u00e9charger DOCUMENTS MIS A DISPOSITION DU PUBLIC\u00a0\u00bb\u00a0- Publication du 12 novembre 2021 1-Arrete-douverture-de-la-participation-du-public-par-voie-electroniqueT\u00e9l\u00e9charger 2-Avis-douverture-de-la-procedure-de-PVE-du-PublicT\u00e9l\u00e9charger 3-INT2_PC1_Plan-de-SituationT\u00e9l\u00e9charger 3-INT2_PC2.1_A1_Plan-de-masse-ExistantT\u00e9l\u00e9charger 3-INT2_PC2.2_A1_Plan-de-masse-ProjetT\u00e9l\u00e9charger 3-INT2_PC3_A3_Coupes-sur-terrainT\u00e9l\u00e9charger 3-INT2_PC4_Notice-ArchitecturaleT\u00e9l\u00e9charger 3-INT2_PC5_Batiment-ProductionT\u00e9l\u00e9charger 3-INT2_PC5_Batiment-StockageT\u00e9l\u00e9charger 3-INT2_PC5_Locaux-TechniquesT\u00e9l\u00e9charger 3-INT2_PC6_Insertion-ProjetT\u00e9l\u00e9charger 3-INT2_PC7-8_PhotosT\u00e9l\u00e9charger 3-INT2_PC11-3_Conformite-ANCT\u00e9l\u00e9charger 3-INT2_PC21_Reglementation-ThermiqueT\u00e9l\u00e9charger 3-INT2_PC24_Autorisation-Defrichement_RecepisseT\u00e9l\u00e9charger 3-INT2_PC25_ICPET\u00e9l\u00e9charger 3-INT2_PC32_Division-parcellaireT\u00e9l\u00e9charger 4-ETUDE-DIMPACT-ENVIRONNEMENTALT\u00e9l\u00e9charger 5-DECISION-DE-LAUTORITE-ENVIRONNEMENTALET\u00e9l\u00e9charger 6-AVIS-MISSION-REGIONALE-DAUTORITE-ENVIRONNEMENTALET\u00e9l\u00e9charger 7-REPONSE-A-AVIS-DE-LA-MISSION-REGIONALE-DAUTORITE-ENVIRONNEMENTALET\u00e9l\u00e9charger Publication du 24\/12\/2021 BILAN-PVE-DU-23-12-2021T\u00e9l\u00e9charger ANNEXE-1-Arrete-douverture-de-la-participation-du-public-par-voie-electroniqueT\u00e9l\u00e9charger ANNEXES-2-ANNEXE-6-ANNEXE-8certificat-affichageT\u00e9l\u00e9charger ANNEXE-3-Captures-decran-Site-InternetT\u00e9l\u00e9charger ANNEXE-4-Avis-douverture-de-la-procedure-de-PVE-du-PublicT\u00e9l\u00e9charger ANNEXE-4-1-Avis-dinformation-La-MontagneT\u00e9l\u00e9charger ANNEXE-4-2Avis-dinformation-UART\u00e9l\u00e9charger ANNEXE-5-Affichage-PVE-MAIRIET\u00e9l\u00e9charger Annexe-6-certificat-daffichage-en-date-du-16-decembre-2021T\u00e9l\u00e9charger ANNEXE-7-affichage-a-lusine-IINTERLABT\u00e9l\u00e9charger Annexe-8-certificat-daffichage-en-date-du-16-decembre-2021T\u00e9l\u00e9charger","rel":"","context":"Article similaire","block_context":{"text":"Article similaire","link":""},"img":{"alt_text":"","src":"","width":0,"height":0},"classes":[]},{"id":235,"url":"https:\/\/puycapel.fr\/index.php\/accueil\/les-associations-de-puycapel\/comite-des-fetes-de-calvinet\/","url_meta":{"origin":253,"position":4},"title":"Comit\u00e9 des f\u00eates de Calvinet","author":"Antoine Puech","date":"26 janvier 2019","format":false,"excerpt":"Le Comit\u00e9 des F\u00eates a tenu en octobre 2020, son assembl\u00e9e g\u00e9n\u00e9rale annuelle. \u00c0 cette occasion, le bureau a connu des modifications\u00a0: Pr\u00e9sidente\u00a0: Gonzales Lisa Vice Pr\u00e9sidente\u00a0: Felgines Alexandra Tr\u00e9sorier\u00a0: Albiol Louis Vice Tr\u00e9sorier\u00a0: Chabut Simon Secr\u00e9taire\u00a0: Gonzales Jade Vice Secr\u00e9taire\u00a0: Martory Ambre Pour cette ann\u00e9e 2021, le comit\u00e9 des\u2026","rel":"","context":"Article similaire","block_context":{"text":"Article similaire","link":""},"img":{"alt_text":"","src":"","width":0,"height":0},"classes":[]},{"id":206,"url":"https:\/\/puycapel.fr\/index.php\/accueil\/les-associations-de-puycapel\/association-des-parents-deleves\/","url_meta":{"origin":253,"position":5},"title":"Association des parents d&rsquo;\u00e9l\u00e8ves","author":"Antoine Puech","date":"26 janvier 2019","format":false,"excerpt":"L\u2019association des parents d\u2019\u00e9l\u00e8ves concerne le R.P.I. Calvinet \/Mourjou\u00a0(qui\u00a0compte cinquante et un enfants scolaris\u00e9s). Notre principale action est d\u2019encourager et de soutenir financi\u00e8rement les projets de l\u2019\u00e9cole (sortie p\u00e9dagogique, regroupement sportif, mat\u00e9riel\u2026) mais aussi de permettre \u00e0 tous les enfants du regroupement de b\u00e9n\u00e9ficier d\u2019activit\u00e9s ludiques et de pouvoir\u00a0 r\u00e9aliser\u2026","rel":"","context":"Article similaire","block_context":{"text":"Article similaire","link":""},"img":{"alt_text":"","src":"","width":0,"height":0},"classes":[]}],"_links":{"self":[{"href":"https:\/\/puycapel.fr\/index.php\/wp-json\/wp\/v2\/pages\/253","targetHints":{"allow":["GET"]}}],"collection":[{"href":"https:\/\/puycapel.fr\/index.php\/wp-json\/wp\/v2\/pages"}],"about":[{"href":"https:\/\/puycapel.fr\/index.php\/wp-json\/wp\/v2\/types\/page"}],"author":[{"embeddable":true,"href":"https:\/\/puycapel.fr\/index.php\/wp-json\/wp\/v2\/users\/3"}],"replies":[{"embeddable":true,"href":"https:\/\/puycapel.fr\/index.php\/wp-json\/wp\/v2\/comments?post=253"}],"version-history":[{"count":1,"href":"https:\/\/puycapel.fr\/index.php\/wp-json\/wp\/v2\/pages\/253\/revisions"}],"predecessor-version":[{"id":255,"href":"https:\/\/puycapel.fr\/index.php\/wp-json\/wp\/v2\/pages\/253\/revisions\/255"}],"up":[{"embeddable":true,"href":"https:\/\/puycapel.fr\/index.php\/wp-json\/wp\/v2\/pages\/183"}],"wp:attachment":[{"href":"https:\/\/puycapel.fr\/index.php\/wp-json\/wp\/v2\/media?parent=253"}],"curies":[{"name":"wp","href":"https:\/\/api.w.org\/{rel}","templated":true}]}}