{"id":2574,"date":"2020-06-09T16:29:14","date_gmt":"2020-06-09T14:29:14","guid":{"rendered":"https:\/\/puycapel.fr\/?page_id=2574"},"modified":"2020-06-09T16:31:06","modified_gmt":"2020-06-09T14:31:06","slug":"du-club-des-jeunes-a-la-cantine-scolaire","status":"publish","type":"page","link":"https:\/\/puycapel.fr\/index.php\/du-club-des-jeunes-a-la-cantine-scolaire\/","title":{"rendered":"Du club des jeunes \u00e0 la cantine scolaire"},"content":{"rendered":"\n<div class=\"wp-block-image\"><figure class=\"aligncenter size-large\"><a href=\"https:\/\/puycapel.fr\/wp-content\/uploads\/2020\/06\/Du-club-\u00e0-la-cantine-scolaire.pdf\"><img data-recalc-dims=\"1\" loading=\"lazy\" decoding=\"async\" width=\"482\" height=\"681\" data-attachment-id=\"2575\" data-permalink=\"https:\/\/puycapel.fr\/index.php\/du-club-des-jeunes-a-la-cantine-scolaire\/couverture-1\/\" data-orig-file=\"https:\/\/i0.wp.com\/puycapel.fr\/wp-content\/uploads\/2020\/06\/couverture-1.jpg?fit=482%2C681&amp;ssl=1\" data-orig-size=\"482,681\" data-comments-opened=\"0\" data-image-meta=\"{&quot;aperture&quot;:&quot;0&quot;,&quot;credit&quot;:&quot;&quot;,&quot;camera&quot;:&quot;&quot;,&quot;caption&quot;:&quot;&quot;,&quot;created_timestamp&quot;:&quot;0&quot;,&quot;copyright&quot;:&quot;&quot;,&quot;focal_length&quot;:&quot;0&quot;,&quot;iso&quot;:&quot;0&quot;,&quot;shutter_speed&quot;:&quot;0&quot;,&quot;title&quot;:&quot;&quot;,&quot;orientation&quot;:&quot;0&quot;}\" data-image-title=\"couverture-1\" data-image-description=\"\" data-image-caption=\"\" data-medium-file=\"https:\/\/i0.wp.com\/puycapel.fr\/wp-content\/uploads\/2020\/06\/couverture-1.jpg?fit=212%2C300&amp;ssl=1\" data-large-file=\"https:\/\/i0.wp.com\/puycapel.fr\/wp-content\/uploads\/2020\/06\/couverture-1.jpg?fit=482%2C681&amp;ssl=1\" src=\"https:\/\/i0.wp.com\/puycapel.fr\/wp-content\/uploads\/2020\/06\/couverture-1.jpg?resize=482%2C681&#038;ssl=1\" alt=\"\" class=\"wp-image-2575\" srcset=\"https:\/\/i0.wp.com\/puycapel.fr\/wp-content\/uploads\/2020\/06\/couverture-1.jpg?w=482&amp;ssl=1 482w, https:\/\/i0.wp.com\/puycapel.fr\/wp-content\/uploads\/2020\/06\/couverture-1.jpg?resize=212%2C300&amp;ssl=1 212w\" sizes=\"auto, (max-width: 482px) 100vw, 482px\" \/><\/a><\/figure><\/div>\n","protected":false},"excerpt":{"rendered":"","protected":false},"author":2,"featured_media":0,"parent":0,"menu_order":0,"comment_status":"closed","ping_status":"closed","template":"","meta":{"_exactmetrics_skip_tracking":false,"_exactmetrics_sitenote_active":false,"_exactmetrics_sitenote_note":"","_exactmetrics_sitenote_category":0,"jetpack_post_was_ever_published":false,"footnotes":""},"class_list":["post-2574","page","type-page","status-publish","hentry"],"jetpack_sharing_enabled":true,"jetpack_shortlink":"https:\/\/wp.me\/PaADkW-Fw","jetpack-related-posts":[{"id":411,"url":"https:\/\/puycapel.fr\/index.php\/accueil\/contactez-nous\/lecole-de-puycapel-paiement-tipi\/","url_meta":{"origin":2574,"position":0},"title":"L&rsquo;\u00e9cole de Puycapel","author":"Antoine Puech","date":"11 f\u00e9vrier 2019","format":false,"excerpt":"Restauration scolaire La cantine scolaire est \u00e0 la disposition des enfants de l\u2019\u00e9cole tout au long de l\u2019ann\u00e9e scolaire. Les d\u00e9jeuners sont pr\u00e9par\u00e9s par un agent communal, charg\u00e9 \u00e9galement de l\u2019approvisionnement des denr\u00e9es alimentaires. Nous privil\u00e9gions les commerces et producteurs de proximit\u00e9. Le prix du repas est de 2,90\u20ac\u00a0(Rentr\u00e9e 2024\/2025)\u2026","rel":"","context":"Article similaire","block_context":{"text":"Article similaire","link":""},"img":{"alt_text":"","src":"https:\/\/i0.wp.com\/puycapel.fr\/wp-content\/uploads\/2020\/02\/tipi2-150x150-1.jpg?resize=350%2C200&ssl=1","width":350,"height":200},"classes":[]},{"id":236,"url":"https:\/\/puycapel.fr\/index.php\/accueil\/les-associations-de-puycapel\/les-seniors-de-calvinet\/","url_meta":{"origin":2574,"position":1},"title":"Les Seniors de Calvinet","author":"Antoine Puech","date":"26 janvier 2019","format":false,"excerpt":"En 1977, le Club d\u2019Animation Populaire \u00e9tait un lieu de rencontres et d\u2019animation du village. Les activit\u00e9s \u00e9taient class\u00e9es en trois sections : Loisirs, Jeunes et 3\u00e8me \u00e2ge. C\u2019est Pierre Couderc, instituteur du village, qui pr\u00e9sidait ce club. De 1989 \u00e0 1994 Raymond Duproz prend la pr\u00e9sidence de la section\u2026","rel":"","context":"Article similaire","block_context":{"text":"Article similaire","link":""},"img":{"alt_text":"","src":"","width":0,"height":0},"classes":[]},{"id":1462,"url":"https:\/\/puycapel.fr\/index.php\/les-menus-de-la-cantine\/","url_meta":{"origin":2574,"position":2},"title":"Menus de la cantine","author":"Mairie Puycapel","date":"2 septembre 2019","format":false,"excerpt":"","rel":"","context":"Article similaire","block_context":{"text":"Article similaire","link":""},"img":{"alt_text":"","src":"https:\/\/i0.wp.com\/puycapel.fr\/wp-content\/uploads\/2026\/03\/Yellow-And-Brown-Playful-Fun-Little-Chef-Flyer-1.png?resize=350%2C200","width":350,"height":200,"srcset":"https:\/\/i0.wp.com\/puycapel.fr\/wp-content\/uploads\/2026\/03\/Yellow-And-Brown-Playful-Fun-Little-Chef-Flyer-1.png?resize=350%2C200 1x, https:\/\/i0.wp.com\/puycapel.fr\/wp-content\/uploads\/2026\/03\/Yellow-And-Brown-Playful-Fun-Little-Chef-Flyer-1.png?resize=525%2C300 1.5x, https:\/\/i0.wp.com\/puycapel.fr\/wp-content\/uploads\/2026\/03\/Yellow-And-Brown-Playful-Fun-Little-Chef-Flyer-1.png?resize=700%2C400 2x, https:\/\/i0.wp.com\/puycapel.fr\/wp-content\/uploads\/2026\/03\/Yellow-And-Brown-Playful-Fun-Little-Chef-Flyer-1.png?resize=1050%2C600 3x, https:\/\/i0.wp.com\/puycapel.fr\/wp-content\/uploads\/2026\/03\/Yellow-And-Brown-Playful-Fun-Little-Chef-Flyer-1.png?resize=1400%2C800 4x"},"classes":[]},{"id":3412,"url":"https:\/\/puycapel.fr\/index.php\/services-municipaux\/","url_meta":{"origin":2574,"position":3},"title":"Services municipaux","author":"Mairie Puycapel","date":"18 janvier 2021","format":false,"excerpt":"Tatiana MARIE agent administratif affect\u00e9 au secr\u00e9tariat de Mairie Nathalie ROBERT-MALVEZIN Agent administratif affect\u00e9 au secr\u00e9tariat de mairie, animation, communication Christian CHARMES Agent technique Hubert MOLENAT Agent technique Brigitte BRU - animation des TAP et gestion de la m\u00e9diath\u00e8que Claudine LACASSAGNE -ATSEM Sandrine MAURY-LASSERONAgent administratif affect\u00e9 \u00e0 l'Agence Postale et\u2026","rel":"","context":"Article similaire","block_context":{"text":"Article similaire","link":""},"img":{"alt_text":"","src":"https:\/\/i0.wp.com\/puycapel.fr\/wp-content\/uploads\/2021\/01\/nath-scaled.jpg?resize=350%2C200&ssl=1","width":350,"height":200,"srcset":"https:\/\/i0.wp.com\/puycapel.fr\/wp-content\/uploads\/2021\/01\/nath-scaled.jpg?resize=350%2C200&ssl=1 1x, https:\/\/i0.wp.com\/puycapel.fr\/wp-content\/uploads\/2021\/01\/nath-scaled.jpg?resize=525%2C300&ssl=1 1.5x, https:\/\/i0.wp.com\/puycapel.fr\/wp-content\/uploads\/2021\/01\/nath-scaled.jpg?resize=700%2C400&ssl=1 2x, https:\/\/i0.wp.com\/puycapel.fr\/wp-content\/uploads\/2021\/01\/nath-scaled.jpg?resize=1050%2C600&ssl=1 3x, https:\/\/i0.wp.com\/puycapel.fr\/wp-content\/uploads\/2021\/01\/nath-scaled.jpg?resize=1400%2C800&ssl=1 4x"},"classes":[]},{"id":178,"url":"https:\/\/puycapel.fr\/index.php\/accueil\/les-associations-de-puycapel\/union-sportive-du-haut-cele-ushc\/","url_meta":{"origin":2574,"position":4},"title":"Union sportive du Haut-C\u00e9l\u00e9 (USHC)","author":"Antoine Puech","date":"26 janvier 2019","format":false,"excerpt":"CALENDRIER (octobre\/novembre 25) --------------------------- Ce club a vu le jour lors de la saison 2013\/2014. Il est n\u00e9 de la fusion de l\u2019entente Mourjou\/ Cassaniouze et de Calvinet sportif. L\u2019\u00e9quipe 1\u00e8re entrain\u00e9e par Jean MAFFRE, \u00e9volue toujours cette ann\u00e9e en promotion d\u00e9partemental (poule A)\u00a0 et l\u2019\u00e9quipe r\u00e9serve en division 2\u2026","rel":"","context":"Article similaire","block_context":{"text":"Article similaire","link":""},"img":{"alt_text":"","src":"https:\/\/i0.wp.com\/puycapel.fr\/wp-content\/uploads\/2019\/01\/photo-equipe-2018-2019.jpg?resize=350%2C200&ssl=1","width":350,"height":200,"srcset":"https:\/\/i0.wp.com\/puycapel.fr\/wp-content\/uploads\/2019\/01\/photo-equipe-2018-2019.jpg?resize=350%2C200&ssl=1 1x, https:\/\/i0.wp.com\/puycapel.fr\/wp-content\/uploads\/2019\/01\/photo-equipe-2018-2019.jpg?resize=525%2C300&ssl=1 1.5x"},"classes":[]},{"id":264,"url":"https:\/\/puycapel.fr\/index.php\/accueil\/les-associations-de-puycapel\/club-de-petanque\/","url_meta":{"origin":2574,"position":5},"title":"Club de p\u00e9tanque","author":"Antoine Puech","date":"26 janvier 2019","format":false,"excerpt":"Cr\u00e9\u00e9 le 12 mars 1960 au sein de l\u2019association CALVINET SPORTIF, le club de p\u00e9tanque s\u2019en est retir\u00e9 en 2011.\u00a0Il constitue d\u00e9sormais une association. La composition est la suivante\u00a0: Pr\u00e9sident\u00a0:\u00a0Louis GASTON Vice-Pr\u00e9sidents\u00a0:\u00a0Ren\u00e9 MAS et Gaston BOUQUIER Tr\u00e9sorier\u00a0:\u00a0Fran\u00e7ois GAILHAC Vice-Tr\u00e9sorier\u00a0:\u00a0 Donald VERBRUGGE Secr\u00e9taire\u00a0:\u00a0Lionel LACOSTE Secr\u00e9taire adjoint : Jean-Marc CELLIER Les membres\u2026","rel":"","context":"Article similaire","block_context":{"text":"Article similaire","link":""},"img":{"alt_text":"","src":"https:\/\/i0.wp.com\/puycapel.fr\/wp-content\/uploads\/2019\/03\/inauguration-p%C3%A9tanque-calvinet-puycapel-plaque.png?resize=350%2C200&ssl=1","width":350,"height":200},"classes":[]}],"_links":{"self":[{"href":"https:\/\/puycapel.fr\/index.php\/wp-json\/wp\/v2\/pages\/2574","targetHints":{"allow":["GET"]}}],"collection":[{"href":"https:\/\/puycapel.fr\/index.php\/wp-json\/wp\/v2\/pages"}],"about":[{"href":"https:\/\/puycapel.fr\/index.php\/wp-json\/wp\/v2\/types\/page"}],"author":[{"embeddable":true,"href":"https:\/\/puycapel.fr\/index.php\/wp-json\/wp\/v2\/users\/2"}],"replies":[{"embeddable":true,"href":"https:\/\/puycapel.fr\/index.php\/wp-json\/wp\/v2\/comments?post=2574"}],"version-history":[{"count":2,"href":"https:\/\/puycapel.fr\/index.php\/wp-json\/wp\/v2\/pages\/2574\/revisions"}],"predecessor-version":[{"id":2578,"href":"https:\/\/puycapel.fr\/index.php\/wp-json\/wp\/v2\/pages\/2574\/revisions\/2578"}],"wp:attachment":[{"href":"https:\/\/puycapel.fr\/index.php\/wp-json\/wp\/v2\/media?parent=2574"}],"curies":[{"name":"wp","href":"https:\/\/api.w.org\/{rel}","templated":true}]}}