{"id":264,"date":"2019-01-26T14:31:23","date_gmt":"2019-01-26T13:31:23","guid":{"rendered":"https:\/\/puycapel.fr\/?page_id=264"},"modified":"2024-01-23T15:29:05","modified_gmt":"2024-01-23T14:29:05","slug":"club-de-petanque","status":"publish","type":"page","link":"https:\/\/puycapel.fr\/index.php\/accueil\/les-associations-de-puycapel\/club-de-petanque\/","title":{"rendered":"Club de p\u00e9tanque"},"content":{"rendered":"\n<p>Cr\u00e9\u00e9 le 12 mars 1960 au sein de l\u2019association CALVINET SPORTIF, le club de p\u00e9tanque s\u2019en est retir\u00e9 en 2011.&nbsp;Il constitue d\u00e9sormais une association.<\/p>\n\n\n<div class=\"wp-block-image\">\n<figure class=\"aligncenter\"><img data-recalc-dims=\"1\" loading=\"lazy\" decoding=\"async\" width=\"361\" height=\"378\" data-attachment-id=\"491\" data-permalink=\"https:\/\/puycapel.fr\/inauguration-petanque-calvinet-puycapel-plaque\/\" data-orig-file=\"https:\/\/i0.wp.com\/puycapel.fr\/wp-content\/uploads\/2019\/03\/inauguration-p%C3%A9tanque-calvinet-puycapel-plaque.png?fit=361%2C378&amp;ssl=1\" data-orig-size=\"361,378\" data-comments-opened=\"0\" data-image-meta=\"{&quot;aperture&quot;:&quot;0&quot;,&quot;credit&quot;:&quot;&quot;,&quot;camera&quot;:&quot;&quot;,&quot;caption&quot;:&quot;&quot;,&quot;created_timestamp&quot;:&quot;0&quot;,&quot;copyright&quot;:&quot;&quot;,&quot;focal_length&quot;:&quot;0&quot;,&quot;iso&quot;:&quot;0&quot;,&quot;shutter_speed&quot;:&quot;0&quot;,&quot;title&quot;:&quot;&quot;,&quot;orientation&quot;:&quot;0&quot;}\" data-image-title=\"inauguration p\u00e9tanque calvinet puycapel plaque\" data-image-description=\"\" data-image-caption=\"\" data-large-file=\"https:\/\/i0.wp.com\/puycapel.fr\/wp-content\/uploads\/2019\/03\/inauguration-p%C3%A9tanque-calvinet-puycapel-plaque.png?fit=361%2C378&amp;ssl=1\" src=\"https:\/\/i0.wp.com\/puycapel.fr\/wp-content\/uploads\/2019\/03\/inauguration-p%C3%A9tanque-calvinet-puycapel-plaque.png?resize=361%2C378&#038;ssl=1\" alt=\"\" class=\"wp-image-491\" srcset=\"https:\/\/i0.wp.com\/puycapel.fr\/wp-content\/uploads\/2019\/03\/inauguration-p%C3%A9tanque-calvinet-puycapel-plaque.png?w=361&amp;ssl=1 361w, https:\/\/i0.wp.com\/puycapel.fr\/wp-content\/uploads\/2019\/03\/inauguration-p%C3%A9tanque-calvinet-puycapel-plaque.png?resize=287%2C300&amp;ssl=1 287w\" sizes=\"auto, (max-width: 361px) 100vw, 361px\" \/><\/figure>\n<\/div>\n\n\n<h2 class=\"wp-block-heading\">La composition est la suivante&nbsp;:<\/h2>\n\n\n\n<p><strong>Pr\u00e9sident\u00a0:<\/strong>\u00a0Louis GASTON<\/p>\n\n\n\n<p><strong>Vice-Pr\u00e9sidents\u00a0:<\/strong>\u00a0Ren\u00e9 MAS et Gaston BOUQUIER<\/p>\n\n\n\n<p><strong>Tr\u00e9sorier\u00a0:<\/strong>\u00a0Fran\u00e7ois GAILHAC<\/p>\n\n\n\n<p><strong>Vice-Tr\u00e9sorier\u00a0:<\/strong>\u00a0 Donald VERBRUGGE<\/p>\n\n\n\n<p><strong>Secr\u00e9taire\u00a0:<\/strong>\u00a0Lionel LACOSTE<\/p>\n\n\n\n<p><strong>Secr\u00e9taire adjoint :<\/strong> Jean-Marc CELLIER<\/p>\n\n\n\n<p>Les membres participent \u00e0 diff\u00e9rentes comp\u00e9titions&nbsp;: championnat des cinquante-cinq ans et plus, championnat promotion, coupe du Cantal.<\/p>\n\n\n\n<p>La licence est obligatoire pour participer \u00e0 ces concours.<\/p>\n\n\n\n<p>Il est possible de jouer \u00e0 la p\u00e9tanque Place Jean de Bonnefon ou sur le terrain situ\u00e9 \u00e0 proximit\u00e9 de l\u2019atelier communal, qui est ouvert \u00e0 tous, licenci\u00e9s comme non licenci\u00e9s.<\/p>\n\n\n<div class=\"wp-block-image\">\n<figure class=\"aligncenter\"><img data-recalc-dims=\"1\" loading=\"lazy\" decoding=\"async\" width=\"611\" height=\"391\" data-attachment-id=\"492\" data-permalink=\"https:\/\/puycapel.fr\/inauguration-petanque-calvinet-puycapel\/\" data-orig-file=\"https:\/\/i0.wp.com\/puycapel.fr\/wp-content\/uploads\/2019\/03\/inauguration-p%C3%A9tanque-calvinet-puycapel.png?fit=611%2C391&amp;ssl=1\" data-orig-size=\"611,391\" data-comments-opened=\"0\" data-image-meta=\"{&quot;aperture&quot;:&quot;0&quot;,&quot;credit&quot;:&quot;&quot;,&quot;camera&quot;:&quot;&quot;,&quot;caption&quot;:&quot;&quot;,&quot;created_timestamp&quot;:&quot;0&quot;,&quot;copyright&quot;:&quot;&quot;,&quot;focal_length&quot;:&quot;0&quot;,&quot;iso&quot;:&quot;0&quot;,&quot;shutter_speed&quot;:&quot;0&quot;,&quot;title&quot;:&quot;&quot;,&quot;orientation&quot;:&quot;0&quot;}\" data-image-title=\"inauguration p\u00e9tanque calvinet puycapel\" data-image-description=\"\" data-image-caption=\"\" data-large-file=\"https:\/\/i0.wp.com\/puycapel.fr\/wp-content\/uploads\/2019\/03\/inauguration-p%C3%A9tanque-calvinet-puycapel.png?fit=611%2C391&amp;ssl=1\" src=\"https:\/\/i0.wp.com\/puycapel.fr\/wp-content\/uploads\/2019\/03\/inauguration-p%C3%A9tanque-calvinet-puycapel.png?resize=611%2C391&#038;ssl=1\" alt=\"\" class=\"wp-image-492\" srcset=\"https:\/\/i0.wp.com\/puycapel.fr\/wp-content\/uploads\/2019\/03\/inauguration-p%C3%A9tanque-calvinet-puycapel.png?w=611&amp;ssl=1 611w, https:\/\/i0.wp.com\/puycapel.fr\/wp-content\/uploads\/2019\/03\/inauguration-p%C3%A9tanque-calvinet-puycapel.png?resize=300%2C192&amp;ssl=1 300w\" sizes=\"auto, (max-width: 611px) 100vw, 611px\" \/><\/figure>\n<\/div>","protected":false},"excerpt":{"rendered":"<p>Cr\u00e9\u00e9 le 12 mars 1960 au sein de l\u2019association CALVINET SPORTIF, le club de p\u00e9tanque s\u2019en est retir\u00e9 en 2011.&nbsp;Il constitue d\u00e9sormais une association. La composition est la suivante&nbsp;: Pr\u00e9sident\u00a0:\u00a0Louis GASTON Vice-Pr\u00e9sidents\u00a0:\u00a0Ren\u00e9 MAS et Gaston BOUQUIER Tr\u00e9sorier\u00a0:\u00a0Fran\u00e7ois GAILHAC Vice-Tr\u00e9sorier\u00a0:\u00a0 Donald VERBRUGGE Secr\u00e9taire\u00a0:\u00a0Lionel LACOSTE Secr\u00e9taire adjoint : Jean-Marc CELLIER Les membres participent \u00e0 diff\u00e9rentes comp\u00e9titions&nbsp;: championnat [&hellip;]<\/p>\n","protected":false},"author":3,"featured_media":0,"parent":183,"menu_order":0,"comment_status":"closed","ping_status":"closed","template":"","meta":{"_exactmetrics_skip_tracking":false,"_exactmetrics_sitenote_active":false,"_exactmetrics_sitenote_note":"","_exactmetrics_sitenote_category":0,"jetpack_post_was_ever_published":false,"footnotes":""},"class_list":["post-264","page","type-page","status-publish","hentry"],"jetpack_sharing_enabled":true,"jetpack_shortlink":"https:\/\/wp.me\/PaADkW-4g","jetpack-related-posts":[{"id":235,"url":"https:\/\/puycapel.fr\/index.php\/accueil\/les-associations-de-puycapel\/comite-des-fetes-de-calvinet\/","url_meta":{"origin":264,"position":0},"title":"Comit\u00e9 des f\u00eates de Calvinet","author":"Antoine Puech","date":"26 janvier 2019","format":false,"excerpt":"Le Comit\u00e9 des F\u00eates a tenu en octobre 2020, son assembl\u00e9e g\u00e9n\u00e9rale annuelle. \u00c0 cette occasion, le bureau a connu des modifications\u00a0: Pr\u00e9sidente\u00a0: Gonzales Lisa Vice Pr\u00e9sidente\u00a0: Felgines Alexandra Tr\u00e9sorier\u00a0: Albiol Louis Vice Tr\u00e9sorier\u00a0: Chabut Simon Secr\u00e9taire\u00a0: Gonzales Jade Vice Secr\u00e9taire\u00a0: Martory Ambre Pour cette ann\u00e9e 2021, le comit\u00e9 des\u2026","rel":"","context":"Article similaire","block_context":{"text":"Article similaire","link":""},"img":{"alt_text":"","src":"","width":0,"height":0},"classes":[]},{"id":1001,"url":"https:\/\/puycapel.fr\/index.php\/union-des-combattants-de-mourjou\/","url_meta":{"origin":264,"position":1},"title":"Union des combattants de Mourjou","author":"Mairie Puycapel","date":"17 mai 2019","format":false,"excerpt":"Association ayant pour but de maintenir les liens amicaux entre les anciens combattants et les veuves, leur venir en aide et surtout entretenir le devoir de m\u00e9moire pour les g\u00e9n\u00e9rations futures. L'association participe \u00e0 l'organisation des diff\u00e9rentes manifestations: *Pr\u00e9sident: Pierre CARRIERE *Vice-pr\u00e9sident: Emile GAUZENTES *Secr\u00e9taire-tr\u00e9sorier: Jeanne ESPEYSSE, Ren\u00e9 BOISSIE si\u00e8ge\u2026","rel":"","context":"Article similaire","block_context":{"text":"Article similaire","link":""},"img":{"alt_text":"","src":"","width":0,"height":0},"classes":[]},{"id":206,"url":"https:\/\/puycapel.fr\/index.php\/accueil\/les-associations-de-puycapel\/association-des-parents-deleves\/","url_meta":{"origin":264,"position":2},"title":"Association des parents d&rsquo;\u00e9l\u00e8ves","author":"Antoine Puech","date":"26 janvier 2019","format":false,"excerpt":"L\u2019association des parents d\u2019\u00e9l\u00e8ves concerne le R.P.I. Calvinet \/Mourjou\u00a0(qui\u00a0compte cinquante et un enfants scolaris\u00e9s). Notre principale action est d\u2019encourager et de soutenir financi\u00e8rement les projets de l\u2019\u00e9cole (sortie p\u00e9dagogique, regroupement sportif, mat\u00e9riel\u2026) mais aussi de permettre \u00e0 tous les enfants du regroupement de b\u00e9n\u00e9ficier d\u2019activit\u00e9s ludiques et de pouvoir\u00a0 r\u00e9aliser\u2026","rel":"","context":"Article similaire","block_context":{"text":"Article similaire","link":""},"img":{"alt_text":"","src":"","width":0,"height":0},"classes":[]},{"id":250,"url":"https:\/\/puycapel.fr\/index.php\/accueil\/les-associations-de-puycapel\/le-tennis-club-de-la-chataigneraie\/","url_meta":{"origin":264,"position":3},"title":"Le Tennis Club de la Ch\u00e2taigneraie","author":"Antoine Puech","date":"26 janvier 2019","format":false,"excerpt":"dispose en ext\u00e9rieur d'un court de tennis en quick. Il est situ\u00e9 dans un cadre agr\u00e9able de verdure pr\u00e8s du terrain de foot et du terrain de camping. Composition du bureau : Pr\u00e9sidente\u00a0: Danielle Lissac\u00a0; Vice-pr\u00e9sident : Edouard de Bonnafos Secr\u00e9taire\u00a0: Odile de Bonnafos\u00a0; Secr\u00e9taire adjoint\u00a0: Raymond Martory\u00a0; Tr\u00e9sori\u00e8re\u00a0: Aude\u2026","rel":"","context":"Article similaire","block_context":{"text":"Article similaire","link":""},"img":{"alt_text":"","src":"https:\/\/i0.wp.com\/puycapel.fr\/wp-content\/uploads\/2026\/03\/1000057755-1.jpg?resize=350%2C200&ssl=1","width":350,"height":200,"srcset":"https:\/\/i0.wp.com\/puycapel.fr\/wp-content\/uploads\/2026\/03\/1000057755-1.jpg?resize=350%2C200&ssl=1 1x, https:\/\/i0.wp.com\/puycapel.fr\/wp-content\/uploads\/2026\/03\/1000057755-1.jpg?resize=525%2C300&ssl=1 1.5x, https:\/\/i0.wp.com\/puycapel.fr\/wp-content\/uploads\/2026\/03\/1000057755-1.jpg?resize=700%2C400&ssl=1 2x, https:\/\/i0.wp.com\/puycapel.fr\/wp-content\/uploads\/2026\/03\/1000057755-1.jpg?resize=1050%2C600&ssl=1 3x, https:\/\/i0.wp.com\/puycapel.fr\/wp-content\/uploads\/2026\/03\/1000057755-1.jpg?resize=1400%2C800&ssl=1 4x"},"classes":[]},{"id":1027,"url":"https:\/\/puycapel.fr\/index.php\/comite-des-fetes-de-mourjou\/","url_meta":{"origin":264,"position":4},"title":"Comit\u00e9 des f\u00eates de Mourjou","author":"Mairie Puycapel","date":"20 mai 2019","format":false,"excerpt":"Le bureau du comit\u00e9 des f\u00eates se compose de: Christian Charmes\/ Pr\u00e9sident et Julien Mol\u00e9nat\/ Vice-pr\u00e9sident Maud Fosset\/ Tr\u00e9sori\u00e8re et Fabien Puech\/ Tr\u00e9sorier adjoint Claire Causse\/ Secr\u00e9taire et Laetitia Gleyal\/ Secr\u00e9taire adjointe Le bureau et quelques membres -photo 2019- Son objectif est d'animer le village. Le comit\u00e9 a propos\u00e9 une\u2026","rel":"","context":"Article similaire","block_context":{"text":"Article similaire","link":""},"img":{"alt_text":"","src":"https:\/\/i0.wp.com\/puycapel.fr\/wp-content\/uploads\/2019\/05\/comite.jpg?resize=350%2C200&ssl=1","width":350,"height":200,"srcset":"https:\/\/i0.wp.com\/puycapel.fr\/wp-content\/uploads\/2019\/05\/comite.jpg?resize=350%2C200&ssl=1 1x, https:\/\/i0.wp.com\/puycapel.fr\/wp-content\/uploads\/2019\/05\/comite.jpg?resize=525%2C300&ssl=1 1.5x, https:\/\/i0.wp.com\/puycapel.fr\/wp-content\/uploads\/2019\/05\/comite.jpg?resize=700%2C400&ssl=1 2x, https:\/\/i0.wp.com\/puycapel.fr\/wp-content\/uploads\/2019\/05\/comite.jpg?resize=1050%2C600&ssl=1 3x, https:\/\/i0.wp.com\/puycapel.fr\/wp-content\/uploads\/2019\/05\/comite.jpg?resize=1400%2C800&ssl=1 4x"},"classes":[]},{"id":3801,"url":"https:\/\/puycapel.fr\/index.php\/biogaz-de-la-chataigneraie-cantalienne\/","url_meta":{"origin":264,"position":5},"title":"BIOGAZ DE LA CHATAIGNERAIE CANTALIENNE","author":"Mairie Puycapel","date":"9 avril 2021","format":false,"excerpt":"L\u2019association BIOGAZ DE LA CHATAIGNERAIE CANTALIENNE a \u00e9t\u00e9 cr\u00e9\u00e9e le 12 janvier, \u00e0 l\u2019initiative de Boris WAHL, entrepreneur habitant \u00e0 PUYCAPEL. Son objet social est\u00a0: \u00ab Etudier l'opportunit\u00e9 et la faisabilit\u00e9 du d\u00e9veloppement d'une ou plusieurs unit\u00e9s de m\u00e9thanisation\u00a0sur le territoire de la Ch\u00e2taigneraie Cantalienne. La m\u00e9thanisation est un proc\u00e9d\u00e9\u2026","rel":"","context":"Article similaire","block_context":{"text":"Article similaire","link":""},"img":{"alt_text":"","src":"","width":0,"height":0},"classes":[]}],"_links":{"self":[{"href":"https:\/\/puycapel.fr\/index.php\/wp-json\/wp\/v2\/pages\/264","targetHints":{"allow":["GET"]}}],"collection":[{"href":"https:\/\/puycapel.fr\/index.php\/wp-json\/wp\/v2\/pages"}],"about":[{"href":"https:\/\/puycapel.fr\/index.php\/wp-json\/wp\/v2\/types\/page"}],"author":[{"embeddable":true,"href":"https:\/\/puycapel.fr\/index.php\/wp-json\/wp\/v2\/users\/3"}],"replies":[{"embeddable":true,"href":"https:\/\/puycapel.fr\/index.php\/wp-json\/wp\/v2\/comments?post=264"}],"version-history":[{"count":4,"href":"https:\/\/puycapel.fr\/index.php\/wp-json\/wp\/v2\/pages\/264\/revisions"}],"predecessor-version":[{"id":8791,"href":"https:\/\/puycapel.fr\/index.php\/wp-json\/wp\/v2\/pages\/264\/revisions\/8791"}],"up":[{"embeddable":true,"href":"https:\/\/puycapel.fr\/index.php\/wp-json\/wp\/v2\/pages\/183"}],"wp:attachment":[{"href":"https:\/\/puycapel.fr\/index.php\/wp-json\/wp\/v2\/media?parent=264"}],"curies":[{"name":"wp","href":"https:\/\/api.w.org\/{rel}","templated":true}]}}