{"id":273,"date":"2019-01-26T15:04:25","date_gmt":"2019-01-26T14:04:25","guid":{"rendered":"https:\/\/puycapel.fr\/?page_id=273"},"modified":"2019-01-26T15:04:29","modified_gmt":"2019-01-26T14:04:29","slug":"un-peu-dhistoire","status":"publish","type":"page","link":"https:\/\/puycapel.fr\/index.php\/un-peu-dhistoire\/","title":{"rendered":"Un peu d&rsquo;histoire"},"content":{"rendered":"","protected":false},"excerpt":{"rendered":"","protected":false},"author":3,"featured_media":0,"parent":0,"menu_order":0,"comment_status":"closed","ping_status":"closed","template":"","meta":{"_exactmetrics_skip_tracking":false,"_exactmetrics_sitenote_active":false,"_exactmetrics_sitenote_note":"","_exactmetrics_sitenote_category":0,"jetpack_post_was_ever_published":false,"footnotes":""},"class_list":["post-273","page","type-page","status-publish","hentry"],"jetpack_sharing_enabled":true,"jetpack_shortlink":"https:\/\/wp.me\/PaADkW-4p","jetpack-related-posts":[{"id":541,"url":"https:\/\/puycapel.fr\/index.php\/un-peu-dhistoire\/lhistoire-de-la-croix\/","url_meta":{"origin":273,"position":0},"title":"L\u2019Histoire de la croix","author":"Antoine Puech","date":"17 mars 2019","format":false,"excerpt":"LE REMPLACEMENT DE LA CROIX SURPLOMBANT LA FONTAINE DU FOIRAIL, PAR UNE STATUE DE LA LIBERTE ECLAIRANT LE MONDE Ce fait de l\u2019histoire du village s\u2019explique en partie par le contexte politique de la France du d\u00e9but du vingti\u00e8me si\u00e8cle. En 1908, le Pr\u00e9sident de la R\u00e9publique est Armand Falli\u00e8res,\u2026","rel":"","context":"Article similaire","block_context":{"text":"Article similaire","link":""},"img":{"alt_text":"","src":"","width":0,"height":0},"classes":[]},{"id":559,"url":"https:\/\/puycapel.fr\/index.php\/un-peu-dhistoire\/monographies\/","url_meta":{"origin":273,"position":1},"title":"Monographies","author":"Antoine Puech","date":"17 mars 2019","format":false,"excerpt":"Calvinet est le sujet de Deux Monographies r\u00e9dig\u00e9es par Jean-Marie Gaston et Antoine Trin Monographies r\u00e9dig\u00e9es par Annie Couderc","rel":"","context":"Article similaire","block_context":{"text":"Article similaire","link":""},"img":{"alt_text":"","src":"https:\/\/i0.wp.com\/puycapel.fr\/wp-content\/uploads\/2019\/03\/monographie-Jean-Marie-Gaston-225x300.jpg?resize=350%2C200","width":350,"height":200},"classes":[]},{"id":572,"url":"https:\/\/puycapel.fr\/index.php\/un-peu-dhistoire\/anviennes-photo\/","url_meta":{"origin":273,"position":2},"title":"Anciennes photos","author":"Antoine Puech","date":"17 mars 2019","format":false,"excerpt":"Si vous souhaitez partager des photos anciennes de Calvinet et Mourjou, merci de nous les transmettre par email. Nous sommes \u00e9galement en mesure de les num\u00e9riser, dans ce cas, nous le ferons ensemble. MOURJOU","rel":"","context":"Article similaire","block_context":{"text":"Article similaire","link":""},"img":{"alt_text":"","src":"https:\/\/i0.wp.com\/puycapel.fr\/wp-content\/uploads\/2019\/03\/puycapel-calvinet-photo-ancienne-1.jpg?resize=350%2C200","width":350,"height":200,"srcset":"https:\/\/i0.wp.com\/puycapel.fr\/wp-content\/uploads\/2019\/03\/puycapel-calvinet-photo-ancienne-1.jpg?resize=350%2C200 1x, https:\/\/i0.wp.com\/puycapel.fr\/wp-content\/uploads\/2019\/03\/puycapel-calvinet-photo-ancienne-1.jpg?resize=525%2C300 1.5x, https:\/\/i0.wp.com\/puycapel.fr\/wp-content\/uploads\/2019\/03\/puycapel-calvinet-photo-ancienne-1.jpg?resize=700%2C400 2x, https:\/\/i0.wp.com\/puycapel.fr\/wp-content\/uploads\/2019\/03\/puycapel-calvinet-photo-ancienne-1.jpg?resize=1050%2C600 3x"},"classes":[]},{"id":544,"url":"https:\/\/puycapel.fr\/index.php\/un-peu-dhistoire\/jean-de-bonnefon\/","url_meta":{"origin":273,"position":3},"title":"Jean de Bonnefon","author":"Antoine Puech","date":"17 mars 2019","format":false,"excerpt":"\u00c0 L\u2019OCCASION DE LA PARUTION DE\u00a0L\u2019\u00c9trange Jean de Bonnefon ou le Journalisme \u00e0 l\u2019estomac\u00a0de Christian GURY aux \u00e9ditions ErosOnyX\u00a0et du 150\u00e8me\u00a0anniversaire\u00a0de la naissance de Jean de Bonnefon,\u00a0maire de Calvinet de 1908 \u00e0 1928,\u00a0une conf\u00e9rence sur\u00a0\u00ab\u00a0Jean de Bonnefon, un Cantalien de Paris\u00a0\u00bb, a \u00e9t\u00e9\u00a0donn\u00e9e par l\u2019auteur\u00a0\u00e0 la salle des F\u00eates de\u2026","rel":"","context":"Article similaire","block_context":{"text":"Article similaire","link":""},"img":{"alt_text":"","src":"https:\/\/i0.wp.com\/puycapel.fr\/wp-content\/uploads\/2019\/03\/jdbf4-600x419.jpg?resize=350%2C200&ssl=1","width":350,"height":200,"srcset":"https:\/\/i0.wp.com\/puycapel.fr\/wp-content\/uploads\/2019\/03\/jdbf4-600x419.jpg?resize=350%2C200&ssl=1 1x, https:\/\/i0.wp.com\/puycapel.fr\/wp-content\/uploads\/2019\/03\/jdbf4-600x419.jpg?resize=525%2C300&ssl=1 1.5x"},"classes":[]},{"id":696,"url":"https:\/\/puycapel.fr\/index.php\/la-maison-de-la-chataigne\/","url_meta":{"origin":273,"position":4},"title":"La Maison de la ch\u00e2taigne","author":"Mairie Puycapel","date":"18 mars 2019","format":false,"excerpt":"La Maison de la\u00a0Ch\u00e2taigne MOURJOU T\u00e9l\u00e9phone: 04.71.49.98.00 email: maisondelachataigne@gmail.com www.maisondelachataigne.com Facebook.com\/maisondela.chataigne Pr\u00e9sentation de la maison de la ch\u00e2taigne D\u00e9couvrez dans cet espace de d\u00e9couverte ludique l\u2019histoire du ch\u00e2taignier et de la r\u00e9gion qui porte son nom : la Ch\u00e2taigneraie. Entrez dans un monde couleur ch\u00e2taigne, bourr\u00e9 d\u2019images et de sons,\u2026","rel":"","context":"Article similaire","block_context":{"text":"Article similaire","link":""},"img":{"alt_text":"","src":"https:\/\/i0.wp.com\/puycapel.fr\/wp-content\/uploads\/2019\/03\/2017-08-03-20.17.30.jpg?resize=350%2C200","width":350,"height":200,"srcset":"https:\/\/i0.wp.com\/puycapel.fr\/wp-content\/uploads\/2019\/03\/2017-08-03-20.17.30.jpg?resize=350%2C200 1x, https:\/\/i0.wp.com\/puycapel.fr\/wp-content\/uploads\/2019\/03\/2017-08-03-20.17.30.jpg?resize=525%2C300 1.5x, https:\/\/i0.wp.com\/puycapel.fr\/wp-content\/uploads\/2019\/03\/2017-08-03-20.17.30.jpg?resize=700%2C400 2x, https:\/\/i0.wp.com\/puycapel.fr\/wp-content\/uploads\/2019\/03\/2017-08-03-20.17.30.jpg?resize=1050%2C600 3x, https:\/\/i0.wp.com\/puycapel.fr\/wp-content\/uploads\/2019\/03\/2017-08-03-20.17.30.jpg?resize=1400%2C800 4x"},"classes":[]},{"id":1748,"url":"https:\/\/puycapel.fr\/index.php\/le-chateau-de-lamothe\/","url_meta":{"origin":273,"position":5},"title":"Le ch\u00e2teau de Lamothe","author":"Antoine Puech","date":"24 novembre 2019","format":false,"excerpt":"Le ch\u00e2teau de Lamothe est situ\u00e9 sur la route d\u00e9partementale D66 qui relie Calvinet \u00e0 Cassaniouze, \u00e0 environ 2 km de Calvinet. Description du ch\u00e2teau Le ch\u00e2teau de Lamothe, inscrit \u00e0 l\u2019Inventaire Suppl\u00e9mentaire des Monuments Historiques pr\u00e9sente un ensemble particuli\u00e8rement remarquable par l\u2019utilisation des b\u00e2timents d\u2019exploitation pour en valeur un\u2026","rel":"","context":"Article similaire","block_context":{"text":"Article similaire","link":""},"img":{"alt_text":"Lamothe 1","src":"https:\/\/i0.wp.com\/www.calvinet.fr\/wp-content\/uploads\/2015\/04\/Lamothe-1-300x205.jpg?resize=350%2C200","width":350,"height":200},"classes":[]}],"_links":{"self":[{"href":"https:\/\/puycapel.fr\/index.php\/wp-json\/wp\/v2\/pages\/273","targetHints":{"allow":["GET"]}}],"collection":[{"href":"https:\/\/puycapel.fr\/index.php\/wp-json\/wp\/v2\/pages"}],"about":[{"href":"https:\/\/puycapel.fr\/index.php\/wp-json\/wp\/v2\/types\/page"}],"author":[{"embeddable":true,"href":"https:\/\/puycapel.fr\/index.php\/wp-json\/wp\/v2\/users\/3"}],"replies":[{"embeddable":true,"href":"https:\/\/puycapel.fr\/index.php\/wp-json\/wp\/v2\/comments?post=273"}],"version-history":[{"count":1,"href":"https:\/\/puycapel.fr\/index.php\/wp-json\/wp\/v2\/pages\/273\/revisions"}],"predecessor-version":[{"id":275,"href":"https:\/\/puycapel.fr\/index.php\/wp-json\/wp\/v2\/pages\/273\/revisions\/275"}],"wp:attachment":[{"href":"https:\/\/puycapel.fr\/index.php\/wp-json\/wp\/v2\/media?parent=273"}],"curies":[{"name":"wp","href":"https:\/\/api.w.org\/{rel}","templated":true}]}}