{"id":2828,"date":"2022-02-03T13:10:00","date_gmt":"2022-02-03T12:10:00","guid":{"rendered":"https:\/\/puycapel.fr\/?page_id=2828"},"modified":"2022-02-03T13:39:05","modified_gmt":"2022-02-03T12:39:05","slug":"atlas-de-la-biodiversite","status":"publish","type":"page","link":"https:\/\/puycapel.fr\/index.php\/atlas-de-la-biodiversite\/","title":{"rendered":"ATLAS DE LA BIODIVERSITE- MOURJOU"},"content":{"rendered":"\n<p>Consultez l&rsquo; Atlas de la Biodiversit\u00e9 de Mourjou, r\u00e9alis\u00e9 en  2014.<\/p>\n\n\n\n<div class=\"wp-block-image\"><figure class=\"aligncenter size-large\"><a href=\"https:\/\/puycapel.fr\/wp-content\/uploads\/2022\/02\/Rendu_final_ABC_Mourjou_complet-dec2014_relu_PUBLIABLE_compresse.pdf\"><img data-recalc-dims=\"1\" loading=\"lazy\" decoding=\"async\" width=\"1024\" height=\"724\" src=\"https:\/\/i0.wp.com\/puycapel.fr\/wp-content\/uploads\/2022\/02\/Rendu_final_ABC_Mourjou_complet-dec2014_relu_PUBLIABLE_compresse-1-pdf.jpg?resize=1024%2C724&#038;ssl=1\" alt=\"\" class=\"wp-image-6349\"\/><\/a><\/figure><\/div>\n","protected":false},"excerpt":{"rendered":"<p>Consultez l&rsquo; Atlas de la Biodiversit\u00e9 de Mourjou, r\u00e9alis\u00e9 en 2014.<\/p>\n","protected":false},"author":2,"featured_media":0,"parent":0,"menu_order":0,"comment_status":"closed","ping_status":"closed","template":"","meta":{"_exactmetrics_skip_tracking":false,"_exactmetrics_sitenote_active":false,"_exactmetrics_sitenote_note":"","_exactmetrics_sitenote_category":0,"jetpack_post_was_ever_published":false,"footnotes":""},"class_list":["post-2828","page","type-page","status-publish","hentry"],"jetpack_sharing_enabled":true,"jetpack_shortlink":"https:\/\/wp.me\/PaADkW-JC","jetpack-related-posts":[{"id":3651,"url":"https:\/\/puycapel.fr\/index.php\/atlas-de-la-biodiversite-de-puycapel\/","url_meta":{"origin":2828,"position":0},"title":"ATLAS DE LA BIODIVERSITE 2021\/2023- RAPPORT TECHNIQUE","author":"Mairie Puycapel","date":"12 mars 2021","format":false,"excerpt":"Rapport-technique-ABC-PUYCAPEL_compressed-1T\u00e9l\u00e9charger","rel":"","context":"Article similaire","block_context":{"text":"Article similaire","link":""},"img":{"alt_text":"","src":"","width":0,"height":0},"classes":[]},{"id":4394,"url":"https:\/\/puycapel.fr\/index.php\/signalement-biodiversite\/","url_meta":{"origin":2828,"position":1},"title":"signalement biodiversit\u00e9","author":"Antoine Puech","date":"2 juin 2021","format":false,"excerpt":"","rel":"","context":"Article similaire","block_context":{"text":"Article similaire","link":""},"img":{"alt_text":"","src":"","width":0,"height":0},"classes":[]},{"id":3675,"url":"https:\/\/puycapel.fr\/index.php\/inventaire-de-la-biodiversite-de-puycapel\/","url_meta":{"origin":2828,"position":2},"title":"Inventaire de la biodiversit\u00e9 de Puycapel","author":"Antoine Puech","date":"13 mars 2021","format":false,"excerpt":"acc\u00e9s au formulaire en ligne en cliquant ici","rel":"","context":"Article similaire","block_context":{"text":"Article similaire","link":""},"img":{"alt_text":"","src":"","width":0,"height":0},"classes":[]},{"id":9153,"url":"https:\/\/puycapel.fr\/index.php\/abc-2021-2023-livret-biodiversite\/","url_meta":{"origin":2828,"position":3},"title":"ABC 2021\/2023 &#8211; LIVRET BIODIVERSITE","author":"Mairie Puycapel","date":"22 mai 2024","format":false,"excerpt":"LIVRET-ABC-PUYCAPEL_compressed-1T\u00e9l\u00e9charger","rel":"","context":"Article similaire","block_context":{"text":"Article similaire","link":""},"img":{"alt_text":"","src":"","width":0,"height":0},"classes":[]},{"id":1141,"url":"https:\/\/puycapel.fr\/index.php\/les-equipements\/","url_meta":{"origin":2828,"position":4},"title":"Equipements et loisirs","author":"Mairie Puycapel","date":"27 mai 2019","format":false,"excerpt":"Toutes les infos touristiques\u00a0: CALVINET\u00a0: agence postale, MOURJOU\u00a0: m\u00e9diath\u00e8que ou https:\/\/chataigneraie-cantal.com\/ Bornes wifi\u00a0: CALVINET\u00a0: agence postale, MOURJOU parking devant la mairie et salle d\u2019activit\u00e9s Terrains de sport \u00e0 Calvinet et Mourjou Salles des f\u00eates \u00e0 Calvinet et Mourjou (grande capacit\u00e9). R\u00e9servation des salles aupr\u00e8s de la mairie. Tarifs : *\u2026","rel":"","context":"Article similaire","block_context":{"text":"Article similaire","link":""},"img":{"alt_text":"","src":"https:\/\/i0.wp.com\/puycapel.fr\/wp-content\/uploads\/2019\/05\/eau-calvinet.jpg?resize=350%2C200&ssl=1","width":350,"height":200},"classes":[]},{"id":200,"url":"https:\/\/puycapel.fr\/index.php\/accueil\/les-associations-de-puycapel\/chasse-acca\/","url_meta":{"origin":2828,"position":5},"title":"Chasse \/ ACCA","author":"Antoine Puech","date":"26 janvier 2019","format":false,"excerpt":"Secteur de Calvinet La saison 2014-2015 est termin\u00e9e. La soci\u00e9t\u00e9 de chasse a constat\u00e9 une certaine stabilit\u00e9 du nombre d\u2019adh\u00e9rents avec la vente de 37 cartes. Le quota de 32 chevreuils impos\u00e9 par la F\u00e9d\u00e9ration pour cette campagne a \u00e9t\u00e9 respect\u00e9. L\u2019assembl\u00e9e g\u00e9n\u00e9rale s\u2019est tenue le dimanche 28 juin 2015,\u2026","rel":"","context":"Article similaire","block_context":{"text":"Article similaire","link":""},"img":{"alt_text":"","src":"","width":0,"height":0},"classes":[]}],"_links":{"self":[{"href":"https:\/\/puycapel.fr\/index.php\/wp-json\/wp\/v2\/pages\/2828","targetHints":{"allow":["GET"]}}],"collection":[{"href":"https:\/\/puycapel.fr\/index.php\/wp-json\/wp\/v2\/pages"}],"about":[{"href":"https:\/\/puycapel.fr\/index.php\/wp-json\/wp\/v2\/types\/page"}],"author":[{"embeddable":true,"href":"https:\/\/puycapel.fr\/index.php\/wp-json\/wp\/v2\/users\/2"}],"replies":[{"embeddable":true,"href":"https:\/\/puycapel.fr\/index.php\/wp-json\/wp\/v2\/comments?post=2828"}],"version-history":[{"count":8,"href":"https:\/\/puycapel.fr\/index.php\/wp-json\/wp\/v2\/pages\/2828\/revisions"}],"predecessor-version":[{"id":6351,"href":"https:\/\/puycapel.fr\/index.php\/wp-json\/wp\/v2\/pages\/2828\/revisions\/6351"}],"wp:attachment":[{"href":"https:\/\/puycapel.fr\/index.php\/wp-json\/wp\/v2\/media?parent=2828"}],"curies":[{"name":"wp","href":"https:\/\/api.w.org\/{rel}","templated":true}]}}