{"id":2883,"date":"2020-09-04T10:06:24","date_gmt":"2020-09-04T08:06:24","guid":{"rendered":"https:\/\/puycapel.fr\/?page_id=2883"},"modified":"2026-03-20T09:28:51","modified_gmt":"2026-03-20T08:28:51","slug":"urbanisme","status":"publish","type":"page","link":"https:\/\/puycapel.fr\/index.php\/urbanisme\/","title":{"rendered":"Urbanisme"},"content":{"rendered":"\n<p><strong>&#8211;En priorit\u00e9 d\u00e9posez vos demandes d&rsquo;urbanisme le mardi, jeudi matin (Mourjou) et vendredi apr\u00e8s-midi (Calvinet)-<\/strong><\/p>\n\n\n\n<p>Les dossiers d&rsquo;urbanisme sont enregistr\u00e9s en mairie et instruits ensuite  par le Service ADS  (Autorisation Droit des Sols) de la Communaut\u00e9 d&rsquo;Agglom\u00e9ration du Bassin d&rsquo;Aurillac. Pour toute demande de renseignements sur votre projet vous pouvez contacter le service urbanisme de la CABA au <a href=\"tel:0471456014\">04 71 45 60 14<\/a> ou le secr\u00e9tariat de mairie, des permanences sont assur\u00e9es par les instructrices de la CABA sur le secteur.<\/p>\n\n\n\n<p class=\"has-pale-cyan-blue-background-color has-background\"><strong>Dates des permanences \u00e0 venir, <a href=\"https:\/\/puycapel.fr\/wp-content\/uploads\/2026\/01\/permanences-ADS.pdf\">cliquez ici<\/a>. <\/strong><\/p>\n\n\n\n<p>Avant de d\u00e9poser votre d\u00e9claration pr\u00e9alable ou permis de construire consultez le PLUI du secteur de Montsalvy (voir ci-dessous). <\/p>\n\n\n\n<p class=\"has-text-align-center\">**************<\/p>\n\n\n\n<p>Depuis le 1er janvier 2022, il est possible de d\u00e9poser les dossiers d&rsquo;urbanisme, complet, par voie \u00e9lectronique (<strong>il est obligatoire de d\u00e9poser ce document avec un accus\u00e9 de r\u00e9ception \u00e9lectronique<\/strong> &#8211; pas de traitement de dossier dans le cas contraire). <\/p>\n\n\n\n<p>Pour d\u00e9poser votre dossier en ligne voici le lien vers le t\u00e9l\u00e9service mis \u00e0 votre disposition : &nbsp;<a rel=\"noreferrer noopener\" href=\"https:\/\/public-ads.caba.fr\/Login\/Particulier\" target=\"_blank\">https:\/\/public-ads.caba.fr\/Login\/Particulier<\/a><\/p>\n\n\n\n<p class=\"has-text-align-center\">******************<\/p>\n\n\n\n<p>TAXES D&rsquo;URBANISME: quelles d\u00e9marches devez-vous accomplir?<\/p>\n\n\n\n<div data-wp-interactive=\"core\/file\" class=\"wp-block-file\"><object data-wp-bind--hidden=\"!state.hasPdfPreview\" hidden class=\"wp-block-file__embed\" data=\"https:\/\/puycapel.fr\/wp-content\/uploads\/2025\/09\/Les-autorisations-durbanisme-et-les-taxes-sept-2025.pdf\" type=\"application\/pdf\" style=\"width:100%;height:600px\" aria-label=\"Contenu embarqu\u00e9 Les autorisations d\u2019urbanisme et les taxes -sept 2025.\"><\/object><a id=\"wp-block-file--media-7dd84f3d-780b-44d9-9f2b-578483df9b57\" href=\"https:\/\/puycapel.fr\/wp-content\/uploads\/2025\/09\/Les-autorisations-durbanisme-et-les-taxes-sept-2025.pdf\">Les autorisations d\u2019urbanisme et les taxes -sept 2025<\/a><a href=\"https:\/\/puycapel.fr\/wp-content\/uploads\/2025\/09\/Les-autorisations-durbanisme-et-les-taxes-sept-2025.pdf\" class=\"wp-block-file__button wp-element-button\" download aria-describedby=\"wp-block-file--media-7dd84f3d-780b-44d9-9f2b-578483df9b57\">T\u00e9l\u00e9charger<\/a><\/div>\n\n\n\n\n\n<p class=\"has-text-align-center\">****************** <\/p>\n\n\n\n<h2 class=\"wp-block-heading has-text-align-center\">CALVINET <\/h2>\n\n\n\n<div class=\"wp-block-file\"><a id=\"wp-block-file--media-2875101c-6bbf-46ca-8adc-3a6844611626\" href=\"https:\/\/puycapel.fr\/wp-content\/uploads\/2021\/05\/Reglement-MONTSALVY.pdf\">Reglement &#8211; PLUI<\/a><a href=\"https:\/\/puycapel.fr\/wp-content\/uploads\/2021\/05\/Reglement-MONTSALVY.pdf\" class=\"wp-block-file__button wp-element-button\" download aria-describedby=\"wp-block-file--media-2875101c-6bbf-46ca-8adc-3a6844611626\">T\u00e9l\u00e9charger<\/a><\/div>\n\n\n\n<div class=\"wp-block-file\"><a id=\"wp-block-file--media-265249e5-08da-4be2-82b9-ce712a058bde\" href=\"https:\/\/puycapel.fr\/wp-content\/uploads\/2021\/05\/PLAN-DE-ZONAGE-CALVINET-1.pdf\">PLAN-DE-ZONAGE-secteur CALVINET-1<\/a><a href=\"https:\/\/puycapel.fr\/wp-content\/uploads\/2021\/05\/PLAN-DE-ZONAGE-CALVINET-1.pdf\" class=\"wp-block-file__button wp-element-button\" download aria-describedby=\"wp-block-file--media-265249e5-08da-4be2-82b9-ce712a058bde\">T\u00e9l\u00e9charger<\/a><\/div>\n\n\n\n<p><\/p>\n\n\n\n<h2 class=\"wp-block-heading has-text-align-center\">MOURJOU<\/h2>\n\n\n\n<p>PLUI du Pays de Maurs applicable depuis f\u00e9vrier 2026.<\/p>\n","protected":false},"excerpt":{"rendered":"<p>&#8211;En priorit\u00e9 d\u00e9posez vos demandes d&rsquo;urbanisme le mardi, jeudi matin (Mourjou) et vendredi apr\u00e8s-midi (Calvinet)- Les dossiers d&rsquo;urbanisme sont enregistr\u00e9s en mairie et instruits ensuite par le Service ADS (Autorisation Droit des Sols) de la Communaut\u00e9 d&rsquo;Agglom\u00e9ration du Bassin d&rsquo;Aurillac. Pour toute demande de renseignements sur votre projet vous pouvez contacter le service urbanisme de [&hellip;]<\/p>\n","protected":false},"author":2,"featured_media":0,"parent":0,"menu_order":0,"comment_status":"closed","ping_status":"closed","template":"","meta":{"_exactmetrics_skip_tracking":false,"_exactmetrics_sitenote_active":false,"_exactmetrics_sitenote_note":"","_exactmetrics_sitenote_category":0,"footnotes":""},"class_list":["post-2883","page","type-page","status-publish","hentry"],"jetpack_sharing_enabled":true,"jetpack_shortlink":"https:\/\/wp.me\/PaADkW-Kv","jetpack-related-posts":[{"id":92,"url":"https:\/\/puycapel.fr\/index.php\/poitique-de-confidentialite\/","url_meta":{"origin":2883,"position":0},"title":"Politique de Confidentialit\u00e9 et Mentions l\u00e9gales","author":"admin5620","date":"3 janvier 2019","format":false,"excerpt":"Qui sommes-nous\u00a0? L\u2019adresse de notre site Web est\u00a0: https:\/\/www.puycapel.fr. Directeur de la publication : Mr\u00a0Fran\u00e7ois Danemans et Mr Raymond Delcamp Editeur : Mairie de Puycapel H\u00e9bergeur :\u00a0OVH Le contenu est fourni \u00e0 titre informatif et peut contenir des erreurs , nous faisons tout pour y rem\u00e9dier. N\u2019h\u00e9sitez pas \u00e0 nous\u2026","rel":"","context":"Article similaire","block_context":{"text":"Article similaire","link":""},"img":{"alt_text":"","src":"","width":0,"height":0},"classes":[]},{"id":136,"url":"https:\/\/puycapel.fr\/index.php\/accueil\/contactez-nous\/presentation-du-conseil-municipal-de-puycapel-2019\/","url_meta":{"origin":2883,"position":1},"title":"Pr\u00e9sentation du conseil municipal de Puycapel","author":"Antoine Puech","date":"13 janvier 2019","format":false,"excerpt":"Permanence du Maire Emmanuel BILLOT, Maire de Puycapel, tient des permanences ouvertes au public, sans rendez-vous : \u00a0- Le 1er samedi de chaque mois de 9h00 \u00e0 12h00 \u00e0 la mairie de Mourjou \u00a0- les autres samedis de 9h00 \u00e0 12h00 \u00e0 la mairie de Calvinet. ----------------------------------------------------------------- Suite \u00e0 la\u2026","rel":"","context":"Article similaire","block_context":{"text":"Article similaire","link":""},"img":{"alt_text":"","src":"https:\/\/i0.wp.com\/puycapel.fr\/wp-content\/uploads\/2026\/03\/CM-26-A-32.png?resize=350%2C200&ssl=1","width":350,"height":200},"classes":[]},{"id":9786,"url":"https:\/\/puycapel.fr\/index.php\/contacts-renseignements\/","url_meta":{"origin":2883,"position":2},"title":"Contacts &amp; renseignements","author":"Mairie Puycapel","date":"17 f\u00e9vrier 2025","format":false,"excerpt":"Permanence du Maire Emmanuel BILLOT, Maire de Puycapel, tient des permanences ouvertes au public, sans rendez-vous : \u00a0- Le 1er samedi de chaque mois de 9h00 \u00e0 12h00 \u00e0 la mairie de Mourjou \u00a0- les autres samedis de 9h00 \u00e0 12h00 \u00e0 la mairie de Calvinet. ------------------------------------- ADRESSES POSTALES MAIRIES\u2026","rel":"","context":"Article similaire","block_context":{"text":"Article similaire","link":""},"img":{"alt_text":"","src":"","width":0,"height":0},"classes":[]},{"id":145,"url":"https:\/\/puycapel.fr\/index.php\/accueil\/contactez-nous\/formalites-administratives\/","url_meta":{"origin":2883,"position":3},"title":"Formalit\u00e9s administratives","author":"Antoine Puech","date":"16 janvier 2019","format":false,"excerpt":"SECRETARIAT DE MAIRIE Tatiana MARIE et Nathalie ROBERT-MALVEZIN vous accueillent au secr\u00e9tariat \u00e0 Mourjou les matins de 9h00 \u00e0 12h00 (mardi, jeudi et vendredi) - T 04 71 49 96 37 et \u00e0 Calvinet les apr\u00e8s-midi de 13h30 \u00e0 16h30 (mardi, jeudi et vendredi) - T 04 71 49 94\u2026","rel":"","context":"Article similaire","block_context":{"text":"Article similaire","link":""},"img":{"alt_text":"","src":"","width":0,"height":0},"classes":[]},{"id":7147,"url":"https:\/\/puycapel.fr\/index.php\/donnees-personnelles\/","url_meta":{"origin":2883,"position":4},"title":"Donn\u00e9es personnelles","author":"Antoine Puech","date":"5 ao\u00fbt 2022","format":false,"excerpt":"Politique de protection des donn\u00e9es La commune de Puycapel s'engage \u00e0 ce que les traitements de donn\u00e9es personnelles\u00a0effectu\u00e9s sur puycapel.fr et sur la commune de puycapel, avec notamment les dispositifs de vid\u00e9oprotection, soient conformes au r\u00e8glement g\u00e9n\u00e9ral sur la protection des donn\u00e9es (RGPD) et \u00e0 la loi Informatique et Libert\u00e9s.\u2026","rel":"","context":"Article similaire","block_context":{"text":"Article similaire","link":""},"img":{"alt_text":"","src":"","width":0,"height":0},"classes":[]},{"id":3412,"url":"https:\/\/puycapel.fr\/index.php\/services-municipaux\/","url_meta":{"origin":2883,"position":5},"title":"Services municipaux","author":"Mairie Puycapel","date":"18 janvier 2021","format":false,"excerpt":"Tatiana MARIE agent administratif affect\u00e9 au secr\u00e9tariat de Mairie Nathalie ROBERT-MALVEZIN Agent administratif affect\u00e9 au secr\u00e9tariat de mairie, animation, communication Christian CHARMES Agent technique Hubert MOLENAT Agent technique Brigitte BRU - animation des TAP et gestion de la m\u00e9diath\u00e8que Claudine LACASSAGNE -ATSEM Sandrine MAURY-LASSERONAgent administratif affect\u00e9 \u00e0 l'Agence Postale et\u2026","rel":"","context":"Article similaire","block_context":{"text":"Article similaire","link":""},"img":{"alt_text":"","src":"https:\/\/i0.wp.com\/puycapel.fr\/wp-content\/uploads\/2021\/01\/nath-scaled.jpg?resize=350%2C200&ssl=1","width":350,"height":200,"srcset":"https:\/\/i0.wp.com\/puycapel.fr\/wp-content\/uploads\/2021\/01\/nath-scaled.jpg?resize=350%2C200&ssl=1 1x, https:\/\/i0.wp.com\/puycapel.fr\/wp-content\/uploads\/2021\/01\/nath-scaled.jpg?resize=525%2C300&ssl=1 1.5x, https:\/\/i0.wp.com\/puycapel.fr\/wp-content\/uploads\/2021\/01\/nath-scaled.jpg?resize=700%2C400&ssl=1 2x, https:\/\/i0.wp.com\/puycapel.fr\/wp-content\/uploads\/2021\/01\/nath-scaled.jpg?resize=1050%2C600&ssl=1 3x, https:\/\/i0.wp.com\/puycapel.fr\/wp-content\/uploads\/2021\/01\/nath-scaled.jpg?resize=1400%2C800&ssl=1 4x"},"classes":[]}],"_links":{"self":[{"href":"https:\/\/puycapel.fr\/index.php\/wp-json\/wp\/v2\/pages\/2883","targetHints":{"allow":["GET"]}}],"collection":[{"href":"https:\/\/puycapel.fr\/index.php\/wp-json\/wp\/v2\/pages"}],"about":[{"href":"https:\/\/puycapel.fr\/index.php\/wp-json\/wp\/v2\/types\/page"}],"author":[{"embeddable":true,"href":"https:\/\/puycapel.fr\/index.php\/wp-json\/wp\/v2\/users\/2"}],"replies":[{"embeddable":true,"href":"https:\/\/puycapel.fr\/index.php\/wp-json\/wp\/v2\/comments?post=2883"}],"version-history":[{"count":25,"href":"https:\/\/puycapel.fr\/index.php\/wp-json\/wp\/v2\/pages\/2883\/revisions"}],"predecessor-version":[{"id":10966,"href":"https:\/\/puycapel.fr\/index.php\/wp-json\/wp\/v2\/pages\/2883\/revisions\/10966"}],"wp:attachment":[{"href":"https:\/\/puycapel.fr\/index.php\/wp-json\/wp\/v2\/media?parent=2883"}],"curies":[{"name":"wp","href":"https:\/\/api.w.org\/{rel}","templated":true}]}}