{"id":2925,"date":"2020-09-16T21:28:26","date_gmt":"2020-09-16T19:28:26","guid":{"rendered":"https:\/\/puycapel.fr\/?page_id=2925"},"modified":"2024-02-23T09:50:39","modified_gmt":"2024-02-23T08:50:39","slug":"lauberge-de-mourjou","status":"publish","type":"page","link":"https:\/\/puycapel.fr\/index.php\/lauberge-de-mourjou\/","title":{"rendered":"L&rsquo;auberge de Mourjou"},"content":{"rendered":"\n<p class=\"has-text-align-center\">Le bourg Mourjou 15340 PUYCAPEL<\/p>\n\n\n\n<p class=\"has-text-align-center\">Restaurant et 4 chambres d&rsquo;h\u00f4tes<\/p>\n\n\n\n<p class=\"has-text-align-center\"><strong>T\u00e9l\u00e9phone: 04 71 48 25 47<\/strong><\/p>\n\n\n<div class=\"wp-block-image\">\n<figure class=\"aligncenter size-large is-resized\"><img data-recalc-dims=\"1\" loading=\"lazy\" decoding=\"async\" width=\"1024\" height=\"768\" data-attachment-id=\"3275\" data-permalink=\"https:\/\/puycapel.fr\/index.php\/lauberge-de-mourjou\/img_1155-3\/\" data-orig-file=\"https:\/\/i0.wp.com\/puycapel.fr\/wp-content\/uploads\/2020\/12\/IMG_1155-scaled.jpg?fit=2560%2C1920&amp;ssl=1\" data-orig-size=\"2560,1920\" data-comments-opened=\"0\" data-image-meta=\"{&quot;aperture&quot;:&quot;5&quot;,&quot;credit&quot;:&quot;&quot;,&quot;camera&quot;:&quot;Canon IXUS 172&quot;,&quot;caption&quot;:&quot;&quot;,&quot;created_timestamp&quot;:&quot;1491833387&quot;,&quot;copyright&quot;:&quot;&quot;,&quot;focal_length&quot;:&quot;13.118&quot;,&quot;iso&quot;:&quot;200&quot;,&quot;shutter_speed&quot;:&quot;0.002&quot;,&quot;title&quot;:&quot;&quot;,&quot;orientation&quot;:&quot;1&quot;}\" data-image-title=\"IMG_1155\" data-image-description=\"\" data-image-caption=\"\" data-large-file=\"https:\/\/i0.wp.com\/puycapel.fr\/wp-content\/uploads\/2020\/12\/IMG_1155-scaled.jpg?fit=1024%2C768&amp;ssl=1\" src=\"https:\/\/i0.wp.com\/puycapel.fr\/wp-content\/uploads\/2020\/12\/IMG_1155.jpg?resize=1024%2C768&#038;ssl=1\" alt=\"\" class=\"wp-image-3275\" style=\"width:441px;height:331px\" srcset=\"https:\/\/i0.wp.com\/puycapel.fr\/wp-content\/uploads\/2020\/12\/IMG_1155-scaled.jpg?resize=1024%2C768&amp;ssl=1 1024w, https:\/\/i0.wp.com\/puycapel.fr\/wp-content\/uploads\/2020\/12\/IMG_1155-scaled.jpg?resize=300%2C225&amp;ssl=1 300w, https:\/\/i0.wp.com\/puycapel.fr\/wp-content\/uploads\/2020\/12\/IMG_1155-scaled.jpg?resize=768%2C576&amp;ssl=1 768w, https:\/\/i0.wp.com\/puycapel.fr\/wp-content\/uploads\/2020\/12\/IMG_1155-scaled.jpg?resize=1536%2C1152&amp;ssl=1 1536w, https:\/\/i0.wp.com\/puycapel.fr\/wp-content\/uploads\/2020\/12\/IMG_1155-scaled.jpg?resize=2048%2C1536&amp;ssl=1 2048w, https:\/\/i0.wp.com\/puycapel.fr\/wp-content\/uploads\/2020\/12\/IMG_1155-scaled.jpg?resize=1320%2C990&amp;ssl=1 1320w\" sizes=\"auto, (max-width: 1000px) 100vw, 1000px\" \/><\/figure>\n<\/div>","protected":false},"excerpt":{"rendered":"<p>Le bourg Mourjou 15340 PUYCAPEL Restaurant et 4 chambres d&rsquo;h\u00f4tes T\u00e9l\u00e9phone: 04 71 48 25 47<\/p>\n","protected":false},"author":3,"featured_media":0,"parent":0,"menu_order":0,"comment_status":"closed","ping_status":"closed","template":"","meta":{"_exactmetrics_skip_tracking":false,"_exactmetrics_sitenote_active":false,"_exactmetrics_sitenote_note":"","_exactmetrics_sitenote_category":0,"jetpack_post_was_ever_published":false,"footnotes":""},"class_list":["post-2925","page","type-page","status-publish","hentry"],"jetpack_sharing_enabled":true,"jetpack_shortlink":"https:\/\/wp.me\/PaADkW-Lb","jetpack-related-posts":[{"id":656,"url":"https:\/\/puycapel.fr\/index.php\/les-bonnes-adresses\/commerces-et-services\/","url_meta":{"origin":2925,"position":0},"title":"Commerces et services","author":"Mairie Puycapel","date":"18 mars 2019","format":false,"excerpt":"Agriculture Proxiel \u2013 aliment b\u00e9tail, engrais\u00a0: Rue du Colombier CALVINET Alimentation EPICERIE\u00a0: SARL ROUQUIER Sup\u00e9rette 8 \u00e0 8: Alimentation g\u00e9n\u00e9rale, produits r\u00e9gionaux et locaux, presse, fruits et l\u00e9gumes, fromage \u00e0 la coupe, charcuterie etc. \u2013 Rue de la Ch\u00e2taigneraie CALVINET T\u00e9l : \u00a004 71 49 91 65 ou sarl.rouquier@orange.fr BOULANGERIE:\u2026","rel":"","context":"Article similaire","block_context":{"text":"Article similaire","link":""},"img":{"alt_text":"","src":"","width":0,"height":0},"classes":[]},{"id":2370,"url":"https:\/\/puycapel.fr\/index.php\/location-de-vacances-a-puycapel\/","url_meta":{"origin":2925,"position":1},"title":"Locations de vacances \u00e0 Puycapel","author":"Antoine Puech","date":"7 avril 2020","format":false,"excerpt":"Chambres d'h\u00e9bergement: Auberge communale - Mourjou: 4 chambres d\u2019h\u00f4tes -dont 1 pour personnes \u00e0 mobilit\u00e9 r\u00e9duite et 1 familiale. Renseignements au 04 71 48 25 47 (https:\/\/www.facebook.com\/aubergedemourjou) G\u00eetes et meubl\u00e9s par ordre alphab\u00e9tique: trouvez dans ce tableau les liens email , sites web et t\u00e9l\u00e9phone lorsque disponibles Propri\u00e9taires - emailLocalisationSite\u2026","rel":"","context":"Article similaire","block_context":{"text":"Article similaire","link":""},"img":{"alt_text":"","src":"","width":0,"height":0},"classes":[]},{"id":2324,"url":"https:\/\/puycapel.fr\/index.php\/ou-dormir\/","url_meta":{"origin":2925,"position":2},"title":"O\u00f9 dormir?","author":"Mairie Puycapel","date":"2 avril 2020","format":false,"excerpt":"Retrouvez ci-dessous quelques adresses d'h\u00e9bergements touristiques \u00e0 Calvinet et Mourjou Cette m\u00eame liste d'h\u00e9bergement est disponible sous forme de tableau synth\u00e8tique en suivant ce lien Chambres d'h\u00e9bergement et chambres d'h\u00f4tes Auberge de Mourjou: 4 chambres d'h\u00f4tes -dont 1 pour personnes \u00e0 mobilit\u00e9 r\u00e9duite et 1 familiale. Renseignements au 04 71\u2026","rel":"","context":"Article similaire","block_context":{"text":"Article similaire","link":""},"img":{"alt_text":"","src":"https:\/\/i0.wp.com\/puycapel.fr\/wp-content\/uploads\/2022\/01\/maison-MC-GAZAL-1-scaled.jpg?resize=350%2C200&ssl=1","width":350,"height":200,"srcset":"https:\/\/i0.wp.com\/puycapel.fr\/wp-content\/uploads\/2022\/01\/maison-MC-GAZAL-1-scaled.jpg?resize=350%2C200&ssl=1 1x, https:\/\/i0.wp.com\/puycapel.fr\/wp-content\/uploads\/2022\/01\/maison-MC-GAZAL-1-scaled.jpg?resize=525%2C300&ssl=1 1.5x, https:\/\/i0.wp.com\/puycapel.fr\/wp-content\/uploads\/2022\/01\/maison-MC-GAZAL-1-scaled.jpg?resize=700%2C400&ssl=1 2x, https:\/\/i0.wp.com\/puycapel.fr\/wp-content\/uploads\/2022\/01\/maison-MC-GAZAL-1-scaled.jpg?resize=1050%2C600&ssl=1 3x, https:\/\/i0.wp.com\/puycapel.fr\/wp-content\/uploads\/2022\/01\/maison-MC-GAZAL-1-scaled.jpg?resize=1400%2C800&ssl=1 4x"},"classes":[]},{"id":9786,"url":"https:\/\/puycapel.fr\/index.php\/contacts-renseignements\/","url_meta":{"origin":2925,"position":3},"title":"Contacts &amp; renseignements","author":"Mairie Puycapel","date":"17 f\u00e9vrier 2025","format":false,"excerpt":"ADRESSES POSTALES MAIRIES Mairie si\u00e8ge CALVINET, 1 place Jean de Bonnefon CALVINET 15340 PUYCAPELMairie d\u00e9l\u00e9gu\u00e9e MOURJOU, Rue du P\u00e9lou MOURJOU 15340 PUYCAPEL HORAIRES D'OUVERTURE AU PUBLIC des MAIRIES: CALVINET : mardi, jeudi, vendredi 13h30 \u00e0 16h30 - T\u00e9l\u00e9phone: 04 71 49 94 32 MOURJOU : mardi, jeudi, vendredi 9h00 \u00e0\u2026","rel":"","context":"Article similaire","block_context":{"text":"Article similaire","link":""},"img":{"alt_text":"","src":"","width":0,"height":0},"classes":[]},{"id":631,"url":"https:\/\/puycapel.fr\/index.php\/les-bonnes-adresses\/les-entreprises\/","url_meta":{"origin":2925,"position":4},"title":"Les entreprises","author":"Mairie Puycapel","date":"18 mars 2019","format":false,"excerpt":"Brocante-\u00e9b\u00e9nisterie Jany St\u00e9phane \u2013 Impasse des Clarine CALVINET T\u00e9l\u00a0: 04 71 49 91 33 et www.brocante-antiquites-jany.com Electricit\u00e9 \/ Plomberie\u00a0\/ Chauffage: BRU Laurent \u2013 Rue des Prades CALVINET T\u00e9l\u00a0: 04 71 49 99 77 et 06 80 17 31 11 et bru-laurent@wanadoo.fr Salon de coiffure Le Salon d'Alice CALVINET : 0471624958\u2026","rel":"","context":"Article similaire","block_context":{"text":"Article similaire","link":""},"img":{"alt_text":"","src":"","width":0,"height":0},"classes":[]},{"id":420,"url":"https:\/\/puycapel.fr\/index.php\/les-bonnes-adresses\/","url_meta":{"origin":2925,"position":5},"title":"Les bonnes adresses","author":"Antoine Puech","date":"11 f\u00e9vrier 2019","format":false,"excerpt":"Pierre-Jean BOUQUIER Entreprise de travaux agricoles : enrubannage \/ ensilage herbe et ma\u00efs \/ moisson \/ pressage en bottes carr\u00e9esroute de Jalenques 15340 Mourjou\u0096T\u00e9l 04 71 49 95 80 ou 06 70 10 19 65 SARL BOUQUIER Patrick et Pierre-Jean Entreprise de travaux agricoles \u2013 N\u00e9goce paille \/ fourrageroute de\u2026","rel":"","context":"Article similaire","block_context":{"text":"Article similaire","link":""},"img":{"alt_text":"","src":"","width":0,"height":0},"classes":[]}],"_links":{"self":[{"href":"https:\/\/puycapel.fr\/index.php\/wp-json\/wp\/v2\/pages\/2925","targetHints":{"allow":["GET"]}}],"collection":[{"href":"https:\/\/puycapel.fr\/index.php\/wp-json\/wp\/v2\/pages"}],"about":[{"href":"https:\/\/puycapel.fr\/index.php\/wp-json\/wp\/v2\/types\/page"}],"author":[{"embeddable":true,"href":"https:\/\/puycapel.fr\/index.php\/wp-json\/wp\/v2\/users\/3"}],"replies":[{"embeddable":true,"href":"https:\/\/puycapel.fr\/index.php\/wp-json\/wp\/v2\/comments?post=2925"}],"version-history":[{"count":17,"href":"https:\/\/puycapel.fr\/index.php\/wp-json\/wp\/v2\/pages\/2925\/revisions"}],"predecessor-version":[{"id":8878,"href":"https:\/\/puycapel.fr\/index.php\/wp-json\/wp\/v2\/pages\/2925\/revisions\/8878"}],"wp:attachment":[{"href":"https:\/\/puycapel.fr\/index.php\/wp-json\/wp\/v2\/media?parent=2925"}],"curies":[{"name":"wp","href":"https:\/\/api.w.org\/{rel}","templated":true}]}}