{"id":3022,"date":"2020-10-08T13:24:24","date_gmt":"2020-10-08T11:24:24","guid":{"rendered":"https:\/\/puycapel.fr\/?page_id=3022"},"modified":"2020-11-23T10:06:32","modified_gmt":"2020-11-23T09:06:32","slug":"revue-de-presse","status":"publish","type":"page","link":"https:\/\/puycapel.fr\/index.php\/revue-de-presse\/","title":{"rendered":"Revue de presse"},"content":{"rendered":"\n<p>La Montagne &#8211; 08\/10\/2020: Visite du Pr\u00e9fet du Cantal \u00e0 INTERLAB<\/p>\n\n\n\n<div class=\"wp-block-file\"><a href=\"https:\/\/puycapel.fr\/wp-content\/uploads\/2020\/10\/Visite-du-Prefet-du-Cantal-\u00e0-Interlab-1.pdf\">Visite-du-Prefet-du-Cantal-\u00e0-Interlab-1<\/a><a href=\"https:\/\/puycapel.fr\/wp-content\/uploads\/2020\/10\/Visite-du-Prefet-du-Cantal-\u00e0-Interlab-1.pdf\" class=\"wp-block-file__button\" download>T\u00e9l\u00e9charger<\/a><\/div>\n\n\n\n<p>La Montagne &#8211; 21\/11\/2020: Nouvelle voie d&rsquo;acc\u00e8s vers Jalenques<\/p>\n\n\n\n<div class=\"wp-block-file\"><a href=\"https:\/\/puycapel.fr\/wp-content\/uploads\/2020\/11\/Article-voie-acc\u00e8s-Jalenques-scaled.bmp\">Article-voie-acc\u00e8s-Jalenques<\/a><a href=\"https:\/\/puycapel.fr\/wp-content\/uploads\/2020\/11\/Article-voie-acc\u00e8s-Jalenques-scaled.bmp\" class=\"wp-block-file__button\" download>T\u00e9l\u00e9charger<\/a><\/div>\n","protected":false},"excerpt":{"rendered":"<p>La Montagne &#8211; 08\/10\/2020: Visite du Pr\u00e9fet du Cantal \u00e0 INTERLAB La Montagne &#8211; 21\/11\/2020: Nouvelle voie d&rsquo;acc\u00e8s vers Jalenques<\/p>\n","protected":false},"author":2,"featured_media":0,"parent":0,"menu_order":0,"comment_status":"closed","ping_status":"closed","template":"","meta":{"_exactmetrics_skip_tracking":false,"_exactmetrics_sitenote_active":false,"_exactmetrics_sitenote_note":"","_exactmetrics_sitenote_category":0,"jetpack_post_was_ever_published":false,"footnotes":""},"class_list":["post-3022","page","type-page","status-publish","hentry"],"jetpack_sharing_enabled":true,"jetpack_shortlink":"https:\/\/wp.me\/PaADkW-MK","jetpack-related-posts":[{"id":5945,"url":"https:\/\/puycapel.fr\/index.php\/extension-de-lusine-interlab-participation-du-public-par-voie-electronique\/","url_meta":{"origin":3022,"position":0},"title":"EXTENSION DE L&rsquo;USINE INTERLAB &#8211; PARTICIPATION DU PUBLIC PAR VOIE ELECTRONIQUE","author":"Antoine Puech","date":"27 octobre 2021","format":false,"excerpt":"Avis-dinformation-du-public-defrichementT\u00e9l\u00e9charger Avis-dinformation-du-public-PCT\u00e9l\u00e9charger PC-EXTENSION-USINE-INTERLAB-procedure-de-participation-du-public-par-voie-electroniqueT\u00e9l\u00e9charger DOCUMENTS MIS A DISPOSITION DU PUBLIC\u00a0\u00bb\u00a0- Publication du 12 novembre 2021 1-Arrete-douverture-de-la-participation-du-public-par-voie-electroniqueT\u00e9l\u00e9charger 2-Avis-douverture-de-la-procedure-de-PVE-du-PublicT\u00e9l\u00e9charger 3-INT2_PC1_Plan-de-SituationT\u00e9l\u00e9charger 3-INT2_PC2.1_A1_Plan-de-masse-ExistantT\u00e9l\u00e9charger 3-INT2_PC2.2_A1_Plan-de-masse-ProjetT\u00e9l\u00e9charger 3-INT2_PC3_A3_Coupes-sur-terrainT\u00e9l\u00e9charger 3-INT2_PC4_Notice-ArchitecturaleT\u00e9l\u00e9charger 3-INT2_PC5_Batiment-ProductionT\u00e9l\u00e9charger 3-INT2_PC5_Batiment-StockageT\u00e9l\u00e9charger 3-INT2_PC5_Locaux-TechniquesT\u00e9l\u00e9charger 3-INT2_PC6_Insertion-ProjetT\u00e9l\u00e9charger 3-INT2_PC7-8_PhotosT\u00e9l\u00e9charger 3-INT2_PC11-3_Conformite-ANCT\u00e9l\u00e9charger 3-INT2_PC21_Reglementation-ThermiqueT\u00e9l\u00e9charger 3-INT2_PC24_Autorisation-Defrichement_RecepisseT\u00e9l\u00e9charger 3-INT2_PC25_ICPET\u00e9l\u00e9charger 3-INT2_PC32_Division-parcellaireT\u00e9l\u00e9charger 4-ETUDE-DIMPACT-ENVIRONNEMENTALT\u00e9l\u00e9charger 5-DECISION-DE-LAUTORITE-ENVIRONNEMENTALET\u00e9l\u00e9charger 6-AVIS-MISSION-REGIONALE-DAUTORITE-ENVIRONNEMENTALET\u00e9l\u00e9charger 7-REPONSE-A-AVIS-DE-LA-MISSION-REGIONALE-DAUTORITE-ENVIRONNEMENTALET\u00e9l\u00e9charger Publication du 24\/12\/2021 BILAN-PVE-DU-23-12-2021T\u00e9l\u00e9charger ANNEXE-1-Arrete-douverture-de-la-participation-du-public-par-voie-electroniqueT\u00e9l\u00e9charger ANNEXES-2-ANNEXE-6-ANNEXE-8certificat-affichageT\u00e9l\u00e9charger ANNEXE-3-Captures-decran-Site-InternetT\u00e9l\u00e9charger ANNEXE-4-Avis-douverture-de-la-procedure-de-PVE-du-PublicT\u00e9l\u00e9charger ANNEXE-4-1-Avis-dinformation-La-MontagneT\u00e9l\u00e9charger ANNEXE-4-2Avis-dinformation-UART\u00e9l\u00e9charger ANNEXE-5-Affichage-PVE-MAIRIET\u00e9l\u00e9charger Annexe-6-certificat-daffichage-en-date-du-16-decembre-2021T\u00e9l\u00e9charger ANNEXE-7-affichage-a-lusine-IINTERLABT\u00e9l\u00e9charger Annexe-8-certificat-daffichage-en-date-du-16-decembre-2021T\u00e9l\u00e9charger","rel":"","context":"Article similaire","block_context":{"text":"Article similaire","link":""},"img":{"alt_text":"","src":"","width":0,"height":0},"classes":[]},{"id":420,"url":"https:\/\/puycapel.fr\/index.php\/les-bonnes-adresses\/","url_meta":{"origin":3022,"position":1},"title":"Les bonnes adresses","author":"Antoine Puech","date":"11 f\u00e9vrier 2019","format":false,"excerpt":"Pierre-Jean BOUQUIER Entreprise de travaux agricoles : enrubannage \/ ensilage herbe et ma\u00efs \/ moisson \/ pressage en bottes carr\u00e9esroute de Jalenques 15340 Mourjou\u0096T\u00e9l 04 71 49 95 80 ou 06 70 10 19 65 SARL BOUQUIER Patrick et Pierre-Jean Entreprise de travaux agricoles \u2013 N\u00e9goce paille \/ fourrageroute de\u2026","rel":"","context":"Article similaire","block_context":{"text":"Article similaire","link":""},"img":{"alt_text":"","src":"","width":0,"height":0},"classes":[]},{"id":541,"url":"https:\/\/puycapel.fr\/index.php\/un-peu-dhistoire\/lhistoire-de-la-croix\/","url_meta":{"origin":3022,"position":2},"title":"L\u2019Histoire de la croix","author":"Antoine Puech","date":"17 mars 2019","format":false,"excerpt":"LE REMPLACEMENT DE LA CROIX SURPLOMBANT LA FONTAINE DU FOIRAIL, PAR UNE STATUE DE LA LIBERTE ECLAIRANT LE MONDE Ce fait de l\u2019histoire du village s\u2019explique en partie par le contexte politique de la France du d\u00e9but du vingti\u00e8me si\u00e8cle. En 1908, le Pr\u00e9sident de la R\u00e9publique est Armand Falli\u00e8res,\u2026","rel":"","context":"Article similaire","block_context":{"text":"Article similaire","link":""},"img":{"alt_text":"","src":"","width":0,"height":0},"classes":[]},{"id":631,"url":"https:\/\/puycapel.fr\/index.php\/les-bonnes-adresses\/les-entreprises\/","url_meta":{"origin":3022,"position":3},"title":"Les entreprises","author":"Mairie Puycapel","date":"18 mars 2019","format":false,"excerpt":"Brocante-\u00e9b\u00e9nisterie Jany St\u00e9phane \u2013 Impasse des Clarine CALVINET T\u00e9l\u00a0: 04 71 49 91 33 et www.brocante-antiquites-jany.com Electricit\u00e9 \/ Plomberie\u00a0\/ Chauffage: BRU Laurent \u2013 Rue des Prades CALVINET T\u00e9l\u00a0: 04 71 49 99 77 et 06 80 17 31 11 et bru-laurent@wanadoo.fr Salon de coiffure Le Salon d'Alice CALVINET : 0471624958\u2026","rel":"","context":"Article similaire","block_context":{"text":"Article similaire","link":""},"img":{"alt_text":"","src":"","width":0,"height":0},"classes":[]},{"id":1757,"url":"https:\/\/puycapel.fr\/index.php\/liens-avec-la-principaute-de-monaco\/","url_meta":{"origin":3022,"position":4},"title":"Liens avec la Principaut\u00e9 de Monaco","author":"Antoine Puech","date":"24 novembre 2019","format":false,"excerpt":"Les liens entre la Principaut\u00e9 de Monaco et la commune de Calvinet datent du XVII\u00e8me si\u00e8cle.Par le Trait\u00e9 de P\u00e9ronne du 14 septembre 1641, Honor\u00e9 II Grimaldi, Prince de Monaco, abandonne le protectorat de l\u2019Espagne pour se mettre sous la protection du roi de France Louis XIII, qui lui avait\u2026","rel":"","context":"Article similaire","block_context":{"text":"Article similaire","link":""},"img":{"alt_text":"","src":"","width":0,"height":0},"classes":[]},{"id":9605,"url":"https:\/\/puycapel.fr\/index.php\/declaration-daccessibilite\/","url_meta":{"origin":3022,"position":5},"title":"D\u00e9claration d\u2019accessibilit\u00e9","author":"Antoine Puech","date":"27 novembre 2024","format":false,"excerpt":"EN COURS DE CONSTRUCTION La commune de Puycapel\u00a0s\u2019engage \u00e0 rendre ses sites internet, intranet, extranet et ses progiciels accessibles (et ses applications mobiles et mobilier urbain num\u00e9rique) conform\u00e9ment \u00e0 l\u2019article 47 de la loi n\u00b02005-102 du 11 f\u00e9vrier 2005. \u00c0 cette fin, elle met en \u0153uvre la strat\u00e9gie et les\u2026","rel":"","context":"Article similaire","block_context":{"text":"Article similaire","link":""},"img":{"alt_text":"","src":"","width":0,"height":0},"classes":[]}],"_links":{"self":[{"href":"https:\/\/puycapel.fr\/index.php\/wp-json\/wp\/v2\/pages\/3022","targetHints":{"allow":["GET"]}}],"collection":[{"href":"https:\/\/puycapel.fr\/index.php\/wp-json\/wp\/v2\/pages"}],"about":[{"href":"https:\/\/puycapel.fr\/index.php\/wp-json\/wp\/v2\/types\/page"}],"author":[{"embeddable":true,"href":"https:\/\/puycapel.fr\/index.php\/wp-json\/wp\/v2\/users\/2"}],"replies":[{"embeddable":true,"href":"https:\/\/puycapel.fr\/index.php\/wp-json\/wp\/v2\/comments?post=3022"}],"version-history":[{"count":6,"href":"https:\/\/puycapel.fr\/index.php\/wp-json\/wp\/v2\/pages\/3022\/revisions"}],"predecessor-version":[{"id":3237,"href":"https:\/\/puycapel.fr\/index.php\/wp-json\/wp\/v2\/pages\/3022\/revisions\/3237"}],"wp:attachment":[{"href":"https:\/\/puycapel.fr\/index.php\/wp-json\/wp\/v2\/media?parent=3022"}],"curies":[{"name":"wp","href":"https:\/\/api.w.org\/{rel}","templated":true}]}}