{"id":336,"date":"2019-01-31T18:39:23","date_gmt":"2019-01-31T17:39:23","guid":{"rendered":"https:\/\/puycapel.fr\/?page_id=336"},"modified":"2019-01-31T23:34:59","modified_gmt":"2019-01-31T22:34:59","slug":"actualites","status":"publish","type":"page","link":"https:\/\/puycapel.fr\/index.php\/actualites\/","title":{"rendered":"Actualit\u00e9s"},"content":{"rendered":"<p><title>Redirection en HTML<\/title><br \/>\n<meta http-equiv=\"refresh\" content=\"0; URL=https:\/\/puycapel.fr\/index.php\/category\/actuellement\/\"><\/p>\n","protected":false},"excerpt":{"rendered":"<p>Redirection en HTML<\/p>\n","protected":false},"author":3,"featured_media":0,"parent":0,"menu_order":0,"comment_status":"closed","ping_status":"closed","template":"","meta":{"_exactmetrics_skip_tracking":false,"_exactmetrics_sitenote_active":false,"_exactmetrics_sitenote_note":"","_exactmetrics_sitenote_category":0,"jetpack_post_was_ever_published":false,"footnotes":""},"class_list":["post-336","page","type-page","status-publish","hentry"],"jetpack_sharing_enabled":true,"jetpack_shortlink":"https:\/\/wp.me\/PaADkW-5q","jetpack-related-posts":[{"id":7,"url":"https:\/\/puycapel.fr\/index.php\/accueil\/","url_meta":{"origin":336,"position":0},"title":"Accueil 2","author":"admin5620","date":"1 janvier 2019","format":false,"excerpt":"Bienvenue sur le site de Puycapel,\u00a0 commune nouvelle issue\u00a0 du regroupement des communes de Calvinet et Mourjou. Ancien site web de calvinet ( n'est plus mis \u00e0 jour) Site de Mourjou Actualit\u00e9s de Puycapel","rel":"","context":"Article similaire","block_context":{"text":"Article similaire","link":""},"img":{"alt_text":"","src":"","width":0,"height":0},"classes":[]},{"id":235,"url":"https:\/\/puycapel.fr\/index.php\/accueil\/les-associations-de-puycapel\/comite-des-fetes-de-calvinet\/","url_meta":{"origin":336,"position":1},"title":"Comit\u00e9 des f\u00eates de Calvinet","author":"Antoine Puech","date":"26 janvier 2019","format":false,"excerpt":"Le Comit\u00e9 des F\u00eates a tenu en octobre 2020, son assembl\u00e9e g\u00e9n\u00e9rale annuelle. \u00c0 cette occasion, le bureau a connu des modifications\u00a0: Pr\u00e9sidente\u00a0: Gonzales Lisa Vice Pr\u00e9sidente\u00a0: Felgines Alexandra Tr\u00e9sorier\u00a0: Albiol Louis Vice Tr\u00e9sorier\u00a0: Chabut Simon Secr\u00e9taire\u00a0: Gonzales Jade Vice Secr\u00e9taire\u00a0: Martory Ambre Pour cette ann\u00e9e 2021, le comit\u00e9 des\u2026","rel":"","context":"Article similaire","block_context":{"text":"Article similaire","link":""},"img":{"alt_text":"","src":"","width":0,"height":0},"classes":[]}],"_links":{"self":[{"href":"https:\/\/puycapel.fr\/index.php\/wp-json\/wp\/v2\/pages\/336","targetHints":{"allow":["GET"]}}],"collection":[{"href":"https:\/\/puycapel.fr\/index.php\/wp-json\/wp\/v2\/pages"}],"about":[{"href":"https:\/\/puycapel.fr\/index.php\/wp-json\/wp\/v2\/types\/page"}],"author":[{"embeddable":true,"href":"https:\/\/puycapel.fr\/index.php\/wp-json\/wp\/v2\/users\/3"}],"replies":[{"embeddable":true,"href":"https:\/\/puycapel.fr\/index.php\/wp-json\/wp\/v2\/comments?post=336"}],"version-history":[{"count":15,"href":"https:\/\/puycapel.fr\/index.php\/wp-json\/wp\/v2\/pages\/336\/revisions"}],"predecessor-version":[{"id":3730,"href":"https:\/\/puycapel.fr\/index.php\/wp-json\/wp\/v2\/pages\/336\/revisions\/3730"}],"wp:attachment":[{"href":"https:\/\/puycapel.fr\/index.php\/wp-json\/wp\/v2\/media?parent=336"}],"curies":[{"name":"wp","href":"https:\/\/api.w.org\/{rel}","templated":true}]}}