{"id":3543,"date":"2021-02-15T15:06:29","date_gmt":"2021-02-15T14:06:29","guid":{"rendered":"https:\/\/puycapel.fr\/?page_id=3543"},"modified":"2021-02-15T16:12:14","modified_gmt":"2021-02-15T15:12:14","slug":"1909-une-association-de-tir-pour-occuper-les-jeunes","status":"publish","type":"page","link":"https:\/\/puycapel.fr\/index.php\/1909-une-association-de-tir-pour-occuper-les-jeunes\/","title":{"rendered":"1909, une association de tir \u00e0 la carabine, pour r\u00e9unir les jeunes de Calvinet!"},"content":{"rendered":"\n<p>Documents retrouv\u00e9s dans les papiers de famille de Jospeh Justin LAVIGNE, menuisier, pr\u00e9s de l&rsquo;ancienne gendarmerie de Calvinet.<\/p>\n\n\n\n<div class=\"wp-block-file\"><a href=\"https:\/\/puycapel.fr\/wp-content\/uploads\/2021\/02\/1909-une-association-de-tir-a-Calvinet.pdf\">1909-une-association-de-tir-a-Calvinet<\/a><a href=\"https:\/\/puycapel.fr\/wp-content\/uploads\/2021\/02\/1909-une-association-de-tir-a-Calvinet.pdf\" class=\"wp-block-file__button\" download>T\u00e9l\u00e9charger<\/a><\/div>\n","protected":false},"excerpt":{"rendered":"<p>Documents retrouv\u00e9s dans les papiers de famille de Jospeh Justin LAVIGNE, menuisier, pr\u00e9s de l&rsquo;ancienne gendarmerie de Calvinet.<\/p>\n","protected":false},"author":2,"featured_media":0,"parent":0,"menu_order":0,"comment_status":"closed","ping_status":"closed","template":"","meta":{"_exactmetrics_skip_tracking":false,"_exactmetrics_sitenote_active":false,"_exactmetrics_sitenote_note":"","_exactmetrics_sitenote_category":0,"jetpack_post_was_ever_published":false,"footnotes":""},"class_list":["post-3543","page","type-page","status-publish","hentry"],"jetpack_sharing_enabled":true,"jetpack_shortlink":"https:\/\/wp.me\/PaADkW-V9","jetpack-related-posts":[{"id":227,"url":"https:\/\/puycapel.fr\/index.php\/accueil\/les-associations-de-puycapel\/calvinet-patrimoine\/","url_meta":{"origin":3543,"position":0},"title":"Calvinet Patrimoine","author":"Antoine Puech","date":"26 janvier 2019","format":false,"excerpt":"Fond\u00e9e en mars 2001, l\u2019association pour la sauvegarde de notre patrimoine, dite CALVINET-PATRIMOINE, a pour objet la sauvegarde du patrimoine b\u00e2ti, non b\u00e2ti et environnemental sur le territoire de la commune. Depuis sa cr\u00e9ation, l\u2019association a particip\u00e9\u00a0: -\u00e0 la restauration de la vieille fontaine, rue du Pav\u00e9, -\u00e0 la r\u00e9alisation\u2026","rel":"","context":"Article similaire","block_context":{"text":"Article similaire","link":""},"img":{"alt_text":"","src":"","width":0,"height":0},"classes":[]},{"id":1065,"url":"https:\/\/puycapel.fr\/index.php\/associations-de-calvinet\/","url_meta":{"origin":3543,"position":1},"title":"Associations de CALVINET","author":"Mairie Puycapel","date":"23 mai 2019","format":false,"excerpt":"","rel":"","context":"Article similaire","block_context":{"text":"Article similaire","link":""},"img":{"alt_text":"","src":"","width":0,"height":0},"classes":[]},{"id":183,"url":"https:\/\/puycapel.fr\/index.php\/accueil\/les-associations-de-puycapel\/","url_meta":{"origin":3543,"position":2},"title":"Les Associations","author":"Antoine Puech","date":"26 janvier 2019","format":false,"excerpt":"Vivre en Ch\u00e2taigneraieAssociation du P\u00e9louClub des A\u00een\u00e9sUnion sportive du Haut-C\u00e9l\u00e9 (USHC)Association des parents d\u2019\u00e9l\u00e8vesChasse \/ ACCAADMR du Haut C\u00e9l\u00e9Les cailloux Br\u00fblantsLe Tennis Club de la Ch\u00e2taigneraieSerfouetteL\u2019Atelier de Marguelz\u00e9\u2019ARTSComit\u00e9 des f\u00eates de CalvinetLes Seniors de CalvinetComit\u00e9 d\u2019animation de CalvinetCalvinet PatrimoineClub de p\u00e9tanque","rel":"","context":"Article similaire","block_context":{"text":"Article similaire","link":""},"img":{"alt_text":"","src":"","width":0,"height":0},"classes":[]},{"id":235,"url":"https:\/\/puycapel.fr\/index.php\/accueil\/les-associations-de-puycapel\/comite-des-fetes-de-calvinet\/","url_meta":{"origin":3543,"position":3},"title":"Comit\u00e9 des f\u00eates de Calvinet","author":"Antoine Puech","date":"26 janvier 2019","format":false,"excerpt":"Le Comit\u00e9 des F\u00eates a tenu en octobre 2020, son assembl\u00e9e g\u00e9n\u00e9rale annuelle. \u00c0 cette occasion, le bureau a connu des modifications\u00a0: Pr\u00e9sidente\u00a0: Gonzales Lisa Vice Pr\u00e9sidente\u00a0: Felgines Alexandra Tr\u00e9sorier\u00a0: Albiol Louis Vice Tr\u00e9sorier\u00a0: Chabut Simon Secr\u00e9taire\u00a0: Gonzales Jade Vice Secr\u00e9taire\u00a0: Martory Ambre Pour cette ann\u00e9e 2021, le comit\u00e9 des\u2026","rel":"","context":"Article similaire","block_context":{"text":"Article similaire","link":""},"img":{"alt_text":"","src":"","width":0,"height":0},"classes":[]},{"id":206,"url":"https:\/\/puycapel.fr\/index.php\/accueil\/les-associations-de-puycapel\/association-des-parents-deleves\/","url_meta":{"origin":3543,"position":4},"title":"Association des parents d&rsquo;\u00e9l\u00e8ves","author":"Antoine Puech","date":"26 janvier 2019","format":false,"excerpt":"L\u2019association des parents d\u2019\u00e9l\u00e8ves concerne le R.P.I. Calvinet \/Mourjou\u00a0(qui\u00a0compte cinquante et un enfants scolaris\u00e9s). Notre principale action est d\u2019encourager et de soutenir financi\u00e8rement les projets de l\u2019\u00e9cole (sortie p\u00e9dagogique, regroupement sportif, mat\u00e9riel\u2026) mais aussi de permettre \u00e0 tous les enfants du regroupement de b\u00e9n\u00e9ficier d\u2019activit\u00e9s ludiques et de pouvoir\u00a0 r\u00e9aliser\u2026","rel":"","context":"Article similaire","block_context":{"text":"Article similaire","link":""},"img":{"alt_text":"","src":"","width":0,"height":0},"classes":[]},{"id":236,"url":"https:\/\/puycapel.fr\/index.php\/accueil\/les-associations-de-puycapel\/les-seniors-de-calvinet\/","url_meta":{"origin":3543,"position":5},"title":"Les Seniors de Calvinet","author":"Antoine Puech","date":"26 janvier 2019","format":false,"excerpt":"En 1977, le Club d\u2019Animation Populaire \u00e9tait un lieu de rencontres et d\u2019animation du village. Les activit\u00e9s \u00e9taient class\u00e9es en trois sections : Loisirs, Jeunes et 3\u00e8me \u00e2ge. C\u2019est Pierre Couderc, instituteur du village, qui pr\u00e9sidait ce club. De 1989 \u00e0 1994 Raymond Duproz prend la pr\u00e9sidence de la section\u2026","rel":"","context":"Article similaire","block_context":{"text":"Article similaire","link":""},"img":{"alt_text":"","src":"","width":0,"height":0},"classes":[]}],"_links":{"self":[{"href":"https:\/\/puycapel.fr\/index.php\/wp-json\/wp\/v2\/pages\/3543","targetHints":{"allow":["GET"]}}],"collection":[{"href":"https:\/\/puycapel.fr\/index.php\/wp-json\/wp\/v2\/pages"}],"about":[{"href":"https:\/\/puycapel.fr\/index.php\/wp-json\/wp\/v2\/types\/page"}],"author":[{"embeddable":true,"href":"https:\/\/puycapel.fr\/index.php\/wp-json\/wp\/v2\/users\/2"}],"replies":[{"embeddable":true,"href":"https:\/\/puycapel.fr\/index.php\/wp-json\/wp\/v2\/comments?post=3543"}],"version-history":[{"count":3,"href":"https:\/\/puycapel.fr\/index.php\/wp-json\/wp\/v2\/pages\/3543\/revisions"}],"predecessor-version":[{"id":3548,"href":"https:\/\/puycapel.fr\/index.php\/wp-json\/wp\/v2\/pages\/3543\/revisions\/3548"}],"wp:attachment":[{"href":"https:\/\/puycapel.fr\/index.php\/wp-json\/wp\/v2\/media?parent=3543"}],"curies":[{"name":"wp","href":"https:\/\/api.w.org\/{rel}","templated":true}]}}