{"id":3651,"date":"2021-03-12T09:55:10","date_gmt":"2021-03-12T08:55:10","guid":{"rendered":"https:\/\/puycapel.fr\/?page_id=3651"},"modified":"2024-05-22T10:37:47","modified_gmt":"2024-05-22T08:37:47","slug":"atlas-de-la-biodiversite-de-puycapel","status":"publish","type":"page","link":"https:\/\/puycapel.fr\/index.php\/atlas-de-la-biodiversite-de-puycapel\/","title":{"rendered":"ATLAS DE LA BIODIVERSITE 2021\/2023- RAPPORT TECHNIQUE"},"content":{"rendered":"\n<div data-wp-interactive=\"core\/file\" class=\"wp-block-file\"><object data-wp-bind--hidden=\"!state.hasPdfPreview\" hidden class=\"wp-block-file__embed\" data=\"https:\/\/puycapel.fr\/wp-content\/uploads\/2024\/05\/Rapport-technique-ABC-PUYCAPEL_compressed-1.pdf\" type=\"application\/pdf\" style=\"width:100%;height:600px\" aria-label=\"Contenu embarqu\u00e9 Rapport-technique-ABC-PUYCAPEL_compressed-1.\"><\/object><a id=\"wp-block-file--media-ffb008ba-90f5-4aa0-8eab-6645ee409432\" href=\"https:\/\/puycapel.fr\/wp-content\/uploads\/2024\/05\/Rapport-technique-ABC-PUYCAPEL_compressed-1.pdf\">Rapport-technique-ABC-PUYCAPEL_compressed-1<\/a><a href=\"https:\/\/puycapel.fr\/wp-content\/uploads\/2024\/05\/Rapport-technique-ABC-PUYCAPEL_compressed-1.pdf\" class=\"wp-block-file__button wp-element-button\" download aria-describedby=\"wp-block-file--media-ffb008ba-90f5-4aa0-8eab-6645ee409432\">T\u00e9l\u00e9charger<\/a><\/div>\n","protected":false},"excerpt":{"rendered":"","protected":false},"author":2,"featured_media":0,"parent":0,"menu_order":0,"comment_status":"closed","ping_status":"closed","template":"","meta":{"_exactmetrics_skip_tracking":false,"_exactmetrics_sitenote_active":false,"_exactmetrics_sitenote_note":"","_exactmetrics_sitenote_category":0,"jetpack_post_was_ever_published":false,"footnotes":""},"class_list":["post-3651","page","type-page","status-publish","hentry"],"jetpack_sharing_enabled":true,"jetpack_shortlink":"https:\/\/wp.me\/PaADkW-WT","jetpack-related-posts":[{"id":9153,"url":"https:\/\/puycapel.fr\/index.php\/abc-2021-2023-livret-biodiversite\/","url_meta":{"origin":3651,"position":0},"title":"ABC 2021\/2023 &#8211; LIVRET BIODIVERSITE","author":"Mairie Puycapel","date":"22 mai 2024","format":false,"excerpt":"LIVRET-ABC-PUYCAPEL_compressed-1T\u00e9l\u00e9charger","rel":"","context":"Article similaire","block_context":{"text":"Article similaire","link":""},"img":{"alt_text":"","src":"","width":0,"height":0},"classes":[]},{"id":2828,"url":"https:\/\/puycapel.fr\/index.php\/atlas-de-la-biodiversite\/","url_meta":{"origin":3651,"position":1},"title":"ATLAS DE LA BIODIVERSITE- MOURJOU","author":"Mairie Puycapel","date":"3 f\u00e9vrier 2022","format":false,"excerpt":"Consultez l' Atlas de la Biodiversit\u00e9 de Mourjou, r\u00e9alis\u00e9 en 2014.","rel":"","context":"Article similaire","block_context":{"text":"Article similaire","link":""},"img":{"alt_text":"","src":"https:\/\/i0.wp.com\/puycapel.fr\/wp-content\/uploads\/2022\/02\/Rendu_final_ABC_Mourjou_complet-dec2014_relu_PUBLIABLE_compresse-1-pdf-1024x724.jpg?resize=350%2C200&ssl=1","width":350,"height":200,"srcset":"https:\/\/i0.wp.com\/puycapel.fr\/wp-content\/uploads\/2022\/02\/Rendu_final_ABC_Mourjou_complet-dec2014_relu_PUBLIABLE_compresse-1-pdf-1024x724.jpg?resize=350%2C200&ssl=1 1x, https:\/\/i0.wp.com\/puycapel.fr\/wp-content\/uploads\/2022\/02\/Rendu_final_ABC_Mourjou_complet-dec2014_relu_PUBLIABLE_compresse-1-pdf-1024x724.jpg?resize=525%2C300&ssl=1 1.5x, https:\/\/i0.wp.com\/puycapel.fr\/wp-content\/uploads\/2022\/02\/Rendu_final_ABC_Mourjou_complet-dec2014_relu_PUBLIABLE_compresse-1-pdf-1024x724.jpg?resize=700%2C400&ssl=1 2x"},"classes":[]},{"id":3412,"url":"https:\/\/puycapel.fr\/index.php\/services-municipaux\/","url_meta":{"origin":3651,"position":2},"title":"Services municipaux","author":"Mairie Puycapel","date":"18 janvier 2021","format":false,"excerpt":"Tatiana MARIE agent administratif affect\u00e9 au secr\u00e9tariat de Mairie Nathalie ROBERT-MALVEZIN Agent administratif affect\u00e9 au secr\u00e9tariat de mairie, animation, communication Christian CHARMES Agent technique Hubert MOLENAT Agent technique Brigitte BRU - animation des TAP et gestion de la m\u00e9diath\u00e8que Claudine LACASSAGNE -ATSEM Sandrine MAURY-LASSERONAgent administratif affect\u00e9 \u00e0 l'Agence Postale et\u2026","rel":"","context":"Article similaire","block_context":{"text":"Article similaire","link":""},"img":{"alt_text":"","src":"https:\/\/i0.wp.com\/puycapel.fr\/wp-content\/uploads\/2021\/01\/nath-scaled.jpg?resize=350%2C200&ssl=1","width":350,"height":200,"srcset":"https:\/\/i0.wp.com\/puycapel.fr\/wp-content\/uploads\/2021\/01\/nath-scaled.jpg?resize=350%2C200&ssl=1 1x, https:\/\/i0.wp.com\/puycapel.fr\/wp-content\/uploads\/2021\/01\/nath-scaled.jpg?resize=525%2C300&ssl=1 1.5x, https:\/\/i0.wp.com\/puycapel.fr\/wp-content\/uploads\/2021\/01\/nath-scaled.jpg?resize=700%2C400&ssl=1 2x, https:\/\/i0.wp.com\/puycapel.fr\/wp-content\/uploads\/2021\/01\/nath-scaled.jpg?resize=1050%2C600&ssl=1 3x, https:\/\/i0.wp.com\/puycapel.fr\/wp-content\/uploads\/2021\/01\/nath-scaled.jpg?resize=1400%2C800&ssl=1 4x"},"classes":[]},{"id":4394,"url":"https:\/\/puycapel.fr\/index.php\/signalement-biodiversite\/","url_meta":{"origin":3651,"position":3},"title":"signalement biodiversit\u00e9","author":"Antoine Puech","date":"2 juin 2021","format":false,"excerpt":"","rel":"","context":"Article similaire","block_context":{"text":"Article similaire","link":""},"img":{"alt_text":"","src":"","width":0,"height":0},"classes":[]},{"id":5945,"url":"https:\/\/puycapel.fr\/index.php\/extension-de-lusine-interlab-participation-du-public-par-voie-electronique\/","url_meta":{"origin":3651,"position":4},"title":"EXTENSION DE L&rsquo;USINE INTERLAB &#8211; PARTICIPATION DU PUBLIC PAR VOIE ELECTRONIQUE","author":"Antoine Puech","date":"27 octobre 2021","format":false,"excerpt":"Avis-dinformation-du-public-defrichementT\u00e9l\u00e9charger Avis-dinformation-du-public-PCT\u00e9l\u00e9charger PC-EXTENSION-USINE-INTERLAB-procedure-de-participation-du-public-par-voie-electroniqueT\u00e9l\u00e9charger DOCUMENTS MIS A DISPOSITION DU PUBLIC\u00a0\u00bb\u00a0- Publication du 12 novembre 2021 1-Arrete-douverture-de-la-participation-du-public-par-voie-electroniqueT\u00e9l\u00e9charger 2-Avis-douverture-de-la-procedure-de-PVE-du-PublicT\u00e9l\u00e9charger 3-INT2_PC1_Plan-de-SituationT\u00e9l\u00e9charger 3-INT2_PC2.1_A1_Plan-de-masse-ExistantT\u00e9l\u00e9charger 3-INT2_PC2.2_A1_Plan-de-masse-ProjetT\u00e9l\u00e9charger 3-INT2_PC3_A3_Coupes-sur-terrainT\u00e9l\u00e9charger 3-INT2_PC4_Notice-ArchitecturaleT\u00e9l\u00e9charger 3-INT2_PC5_Batiment-ProductionT\u00e9l\u00e9charger 3-INT2_PC5_Batiment-StockageT\u00e9l\u00e9charger 3-INT2_PC5_Locaux-TechniquesT\u00e9l\u00e9charger 3-INT2_PC6_Insertion-ProjetT\u00e9l\u00e9charger 3-INT2_PC7-8_PhotosT\u00e9l\u00e9charger 3-INT2_PC11-3_Conformite-ANCT\u00e9l\u00e9charger 3-INT2_PC21_Reglementation-ThermiqueT\u00e9l\u00e9charger 3-INT2_PC24_Autorisation-Defrichement_RecepisseT\u00e9l\u00e9charger 3-INT2_PC25_ICPET\u00e9l\u00e9charger 3-INT2_PC32_Division-parcellaireT\u00e9l\u00e9charger 4-ETUDE-DIMPACT-ENVIRONNEMENTALT\u00e9l\u00e9charger 5-DECISION-DE-LAUTORITE-ENVIRONNEMENTALET\u00e9l\u00e9charger 6-AVIS-MISSION-REGIONALE-DAUTORITE-ENVIRONNEMENTALET\u00e9l\u00e9charger 7-REPONSE-A-AVIS-DE-LA-MISSION-REGIONALE-DAUTORITE-ENVIRONNEMENTALET\u00e9l\u00e9charger Publication du 24\/12\/2021 BILAN-PVE-DU-23-12-2021T\u00e9l\u00e9charger ANNEXE-1-Arrete-douverture-de-la-participation-du-public-par-voie-electroniqueT\u00e9l\u00e9charger ANNEXES-2-ANNEXE-6-ANNEXE-8certificat-affichageT\u00e9l\u00e9charger ANNEXE-3-Captures-decran-Site-InternetT\u00e9l\u00e9charger ANNEXE-4-Avis-douverture-de-la-procedure-de-PVE-du-PublicT\u00e9l\u00e9charger ANNEXE-4-1-Avis-dinformation-La-MontagneT\u00e9l\u00e9charger ANNEXE-4-2Avis-dinformation-UART\u00e9l\u00e9charger ANNEXE-5-Affichage-PVE-MAIRIET\u00e9l\u00e9charger Annexe-6-certificat-daffichage-en-date-du-16-decembre-2021T\u00e9l\u00e9charger ANNEXE-7-affichage-a-lusine-IINTERLABT\u00e9l\u00e9charger Annexe-8-certificat-daffichage-en-date-du-16-decembre-2021T\u00e9l\u00e9charger","rel":"","context":"Article similaire","block_context":{"text":"Article similaire","link":""},"img":{"alt_text":"","src":"","width":0,"height":0},"classes":[]},{"id":3675,"url":"https:\/\/puycapel.fr\/index.php\/inventaire-de-la-biodiversite-de-puycapel\/","url_meta":{"origin":3651,"position":5},"title":"Inventaire de la biodiversit\u00e9 de Puycapel","author":"Antoine Puech","date":"13 mars 2021","format":false,"excerpt":"acc\u00e9s au formulaire en ligne en cliquant ici","rel":"","context":"Article similaire","block_context":{"text":"Article similaire","link":""},"img":{"alt_text":"","src":"","width":0,"height":0},"classes":[]}],"_links":{"self":[{"href":"https:\/\/puycapel.fr\/index.php\/wp-json\/wp\/v2\/pages\/3651","targetHints":{"allow":["GET"]}}],"collection":[{"href":"https:\/\/puycapel.fr\/index.php\/wp-json\/wp\/v2\/pages"}],"about":[{"href":"https:\/\/puycapel.fr\/index.php\/wp-json\/wp\/v2\/types\/page"}],"author":[{"embeddable":true,"href":"https:\/\/puycapel.fr\/index.php\/wp-json\/wp\/v2\/users\/2"}],"replies":[{"embeddable":true,"href":"https:\/\/puycapel.fr\/index.php\/wp-json\/wp\/v2\/comments?post=3651"}],"version-history":[{"count":24,"href":"https:\/\/puycapel.fr\/index.php\/wp-json\/wp\/v2\/pages\/3651\/revisions"}],"predecessor-version":[{"id":9160,"href":"https:\/\/puycapel.fr\/index.php\/wp-json\/wp\/v2\/pages\/3651\/revisions\/9160"}],"wp:attachment":[{"href":"https:\/\/puycapel.fr\/index.php\/wp-json\/wp\/v2\/media?parent=3651"}],"curies":[{"name":"wp","href":"https:\/\/api.w.org\/{rel}","templated":true}]}}