{"id":3675,"date":"2021-03-13T11:18:18","date_gmt":"2021-03-13T10:18:18","guid":{"rendered":"https:\/\/puycapel.fr\/?page_id=3675"},"modified":"2021-05-31T23:32:45","modified_gmt":"2021-05-31T21:32:45","slug":"inventaire-de-la-biodiversite-de-puycapel","status":"publish","type":"page","link":"https:\/\/puycapel.fr\/index.php\/inventaire-de-la-biodiversite-de-puycapel\/","title":{"rendered":"Inventaire de la biodiversit\u00e9 de Puycapel"},"content":{"rendered":"\n<h2 class=\"wp-block-heading\"><a href=\"https:\/\/atlas.puycapel.fr\/atlasbiodiversite\">acc\u00e9s au formulaire en ligne en cliquant ici<\/a><\/h2>\n","protected":false},"excerpt":{"rendered":"<p>acc\u00e9s au formulaire en ligne en cliquant ici<\/p>\n","protected":false},"author":3,"featured_media":0,"parent":0,"menu_order":0,"comment_status":"closed","ping_status":"closed","template":"","meta":{"_exactmetrics_skip_tracking":false,"_exactmetrics_sitenote_active":false,"_exactmetrics_sitenote_note":"","_exactmetrics_sitenote_category":0,"jetpack_post_was_ever_published":false,"footnotes":""},"class_list":["post-3675","page","type-page","status-publish","hentry"],"jetpack_sharing_enabled":true,"jetpack_shortlink":"https:\/\/wp.me\/PaADkW-Xh","jetpack-related-posts":[{"id":4394,"url":"https:\/\/puycapel.fr\/index.php\/signalement-biodiversite\/","url_meta":{"origin":3675,"position":0},"title":"signalement biodiversit\u00e9","author":"Antoine Puech","date":"2 juin 2021","format":false,"excerpt":"","rel":"","context":"Article similaire","block_context":{"text":"Article similaire","link":""},"img":{"alt_text":"","src":"","width":0,"height":0},"classes":[]},{"id":2828,"url":"https:\/\/puycapel.fr\/index.php\/atlas-de-la-biodiversite\/","url_meta":{"origin":3675,"position":1},"title":"ATLAS DE LA BIODIVERSITE- MOURJOU","author":"Mairie Puycapel","date":"3 f\u00e9vrier 2022","format":false,"excerpt":"Consultez l' Atlas de la Biodiversit\u00e9 de Mourjou, r\u00e9alis\u00e9 en 2014.","rel":"","context":"Article similaire","block_context":{"text":"Article similaire","link":""},"img":{"alt_text":"","src":"https:\/\/i0.wp.com\/puycapel.fr\/wp-content\/uploads\/2022\/02\/Rendu_final_ABC_Mourjou_complet-dec2014_relu_PUBLIABLE_compresse-1-pdf-1024x724.jpg?resize=350%2C200&ssl=1","width":350,"height":200,"srcset":"https:\/\/i0.wp.com\/puycapel.fr\/wp-content\/uploads\/2022\/02\/Rendu_final_ABC_Mourjou_complet-dec2014_relu_PUBLIABLE_compresse-1-pdf-1024x724.jpg?resize=350%2C200&ssl=1 1x, https:\/\/i0.wp.com\/puycapel.fr\/wp-content\/uploads\/2022\/02\/Rendu_final_ABC_Mourjou_complet-dec2014_relu_PUBLIABLE_compresse-1-pdf-1024x724.jpg?resize=525%2C300&ssl=1 1.5x, https:\/\/i0.wp.com\/puycapel.fr\/wp-content\/uploads\/2022\/02\/Rendu_final_ABC_Mourjou_complet-dec2014_relu_PUBLIABLE_compresse-1-pdf-1024x724.jpg?resize=700%2C400&ssl=1 2x"},"classes":[]},{"id":3651,"url":"https:\/\/puycapel.fr\/index.php\/atlas-de-la-biodiversite-de-puycapel\/","url_meta":{"origin":3675,"position":2},"title":"ATLAS DE LA BIODIVERSITE 2021\/2023- RAPPORT TECHNIQUE","author":"Mairie Puycapel","date":"12 mars 2021","format":false,"excerpt":"Rapport-technique-ABC-PUYCAPEL_compressed-1T\u00e9l\u00e9charger","rel":"","context":"Article similaire","block_context":{"text":"Article similaire","link":""},"img":{"alt_text":"","src":"","width":0,"height":0},"classes":[]},{"id":9153,"url":"https:\/\/puycapel.fr\/index.php\/abc-2021-2023-livret-biodiversite\/","url_meta":{"origin":3675,"position":3},"title":"ABC 2021\/2023 &#8211; LIVRET BIODIVERSITE","author":"Mairie Puycapel","date":"22 mai 2024","format":false,"excerpt":"LIVRET-ABC-PUYCAPEL_compressed-1T\u00e9l\u00e9charger","rel":"","context":"Article similaire","block_context":{"text":"Article similaire","link":""},"img":{"alt_text":"","src":"","width":0,"height":0},"classes":[]},{"id":7995,"url":"https:\/\/puycapel.fr\/index.php\/transport-scolaire\/","url_meta":{"origin":3675,"position":4},"title":"Transport scolaire","author":"Mairie Puycapel","date":"27 avril 2023","format":false,"excerpt":"-SERVICE ORGANISE LOCALEMENT PAR LA COMMUNAUTE DE COMMUNES- L\u2019inscription des enfants au transport scolaire organis\u00e9 par la R\u00e9gion Auvergne-Rh\u00f4ne-Alpes et localement par la Communaut\u00e9 de Communes de la Ch\u00e2taigneraie Cantalienne (GPTS\u00a0: Gestionnaire de Proximit\u00e9 des Transports Scolaires),\u00a0s\u2019effectue en ligne.\u00a0 La Communaut\u00e9 de Communes reste l\u2019interlocuteur privil\u00e9gi\u00e9 pour fournir tous les\u2026","rel":"","context":"Article similaire","block_context":{"text":"Article similaire","link":""},"img":{"alt_text":"","src":"","width":0,"height":0},"classes":[]},{"id":3022,"url":"https:\/\/puycapel.fr\/index.php\/revue-de-presse\/","url_meta":{"origin":3675,"position":5},"title":"Revue de presse","author":"Mairie Puycapel","date":"8 octobre 2020","format":false,"excerpt":"La Montagne - 08\/10\/2020: Visite du Pr\u00e9fet du Cantal \u00e0 INTERLAB Visite-du-Prefet-du-Cantal-\u00e0-Interlab-1T\u00e9l\u00e9charger La Montagne - 21\/11\/2020: Nouvelle voie d'acc\u00e8s vers Jalenques Article-voie-acc\u00e8s-JalenquesT\u00e9l\u00e9charger","rel":"","context":"Article similaire","block_context":{"text":"Article similaire","link":""},"img":{"alt_text":"","src":"","width":0,"height":0},"classes":[]}],"_links":{"self":[{"href":"https:\/\/puycapel.fr\/index.php\/wp-json\/wp\/v2\/pages\/3675","targetHints":{"allow":["GET"]}}],"collection":[{"href":"https:\/\/puycapel.fr\/index.php\/wp-json\/wp\/v2\/pages"}],"about":[{"href":"https:\/\/puycapel.fr\/index.php\/wp-json\/wp\/v2\/types\/page"}],"author":[{"embeddable":true,"href":"https:\/\/puycapel.fr\/index.php\/wp-json\/wp\/v2\/users\/3"}],"replies":[{"embeddable":true,"href":"https:\/\/puycapel.fr\/index.php\/wp-json\/wp\/v2\/comments?post=3675"}],"version-history":[{"count":7,"href":"https:\/\/puycapel.fr\/index.php\/wp-json\/wp\/v2\/pages\/3675\/revisions"}],"predecessor-version":[{"id":4393,"href":"https:\/\/puycapel.fr\/index.php\/wp-json\/wp\/v2\/pages\/3675\/revisions\/4393"}],"wp:attachment":[{"href":"https:\/\/puycapel.fr\/index.php\/wp-json\/wp\/v2\/media?parent=3675"}],"curies":[{"name":"wp","href":"https:\/\/api.w.org\/{rel}","templated":true}]}}