{"id":3801,"date":"2021-04-09T09:06:10","date_gmt":"2021-04-09T07:06:10","guid":{"rendered":"https:\/\/puycapel.fr\/?page_id=3801"},"modified":"2021-04-09T09:06:11","modified_gmt":"2021-04-09T07:06:11","slug":"biogaz-de-la-chataigneraie-cantalienne","status":"publish","type":"page","link":"https:\/\/puycapel.fr\/index.php\/biogaz-de-la-chataigneraie-cantalienne\/","title":{"rendered":"BIOGAZ DE LA CHATAIGNERAIE CANTALIENNE"},"content":{"rendered":"\n<p>L\u2019association BIOGAZ DE LA CHATAIGNERAIE CANTALIENNE a \u00e9t\u00e9 cr\u00e9\u00e9e le 12 janvier, \u00e0 l\u2019initiative de Boris WAHL, entrepreneur habitant \u00e0 PUYCAPEL.<\/p>\n\n\n\n<p>Son objet social est&nbsp;:<\/p>\n\n\n\n<p><em>\u00ab Etudier l&rsquo;opportunit\u00e9 et la faisabilit\u00e9 du d\u00e9veloppement d&rsquo;une ou plusieurs unit\u00e9s de m\u00e9thanisation\u00a0sur le territoire de la Ch\u00e2taigneraie Cantalienne.<\/em> <\/p>\n\n\n\n<p><em>La m\u00e9thanisation est un proc\u00e9d\u00e9 vertueux pour&nbsp;l&rsquo;environnement et l&rsquo;\u00e9conomie locale visant \u00e0 :<\/em><\/p>\n\n\n\n<p><em>&#8211; valoriser les d\u00e9chets agricoles et autres biod\u00e9chets\u00a0produits par le territoire<\/em>;<\/p>\n\n\n\n<p><em>&#8211; produire une \u00e9nergie renouvelable pilotable, alternative aux combustibles&nbsp;fossiles : le biogaz ;<\/em><\/p>\n\n\n\n<p><em>&#8211; produire un amendement et un fertilisant naturels : le digestat ;<\/em><strong><\/strong><\/p>\n\n\n\n<p><em>&#8211; dynamiser une&nbsp;\u00e9conomie circulaire au profit des acteurs du territoire. \u00bb <\/em>Son si\u00e8ge social est&nbsp;: place Jean de Bonnefon, Calvinet \u2013 15340&nbsp; PUYCAPEL.<\/p>\n\n\n\n<p>Le bureau est compos\u00e9 de :<\/p>\n\n\n\n<p>Pr\u00e9sident : Boris Wahl (Entrepreneur habitant \u00e0 Puycapel),<\/p>\n\n\n\n<p>Vice-Pr\u00e9sident : Jean-Claude Lacoste (Agriculteur \u00e0 Qu\u00e9zac),<\/p>\n\n\n\n<p>Secr\u00e9taire : St\u00e9phane Lacoste (Agriculteur \u00e0 St Constant)<\/p>\n\n\n\n<p>Tr\u00e9sorier : Cyrille Ginalhac (Agriculteur \u00e0 Leynhac).<\/p>\n\n\n\n<p>Le site internet&nbsp;<a href=\"https:\/\/emea01.safelinks.protection.outlook.com\/?url=https%3A%2F%2Fbiogaz-chataigneraie.fr%2F&amp;data=04%7C01%7C%7C98fba34e1da5450da09c08d8c5c9650d%7C84df9e7fe9f640afb435aaaaaaaaaaaa%7C1%7C0%7C637476816054457053%7CUnknown%7CTWFpbGZsb3d8eyJWIjoiMC4wLjAwMDAiLCJQIjoiV2luMzIiLCJBTiI6Ik1haWwiLCJXVCI6Mn0%3D%7C1000&amp;sdata=kzZZl8pga27d9f68FK7Yx3wK8he%2FjQ2hCMgGywyIzU8%3D&amp;reserved=0\">https:\/\/biogaz-chataigneraie.fr\/<\/a>&nbsp;<\/p>\n\n\n\n<p>d\u00e9crit le projet. Il est actualis\u00e9 en permanence.<br>Le montant de l\u2019adh\u00e9sion \u00e0 l\u2019association a \u00e9t\u00e9 fix\u00e9 \u00e0 50\u20ac. il est possible d&rsquo;adh\u00e9rer en ligne sur le site :&nbsp;<a href=\"https:\/\/emea01.safelinks.protection.outlook.com\/?url=https%3A%2F%2Fbiogaz-chataigneraie.fr%2Fqui-sommes-nous%2Fparticiper%2F&amp;data=04%7C01%7C%7C98fba34e1da5450da09c08d8c5c9650d%7C84df9e7fe9f640afb435aaaaaaaaaaaa%7C1%7C0%7C637476816054467022%7CUnknown%7CTWFpbGZsb3d8eyJWIjoiMC4wLjAwMDAiLCJQIjoiV2luMzIiLCJBTiI6Ik1haWwiLCJXVCI6Mn0%3D%7C1000&amp;sdata=AjS6nvNeEbksyGHyNxAaxW8uftYAH9H1Yap1a62jyAE%3D&amp;reserved=0\">https:\/\/biogaz-chataigneraie.fr\/qui-sommes-nous\/participer\/.<\/a><\/p>\n\n\n\n<p>Le montant des adh\u00e9sions et dons serviront \u00e0 contribuer \u00e0 payer l&rsquo;\u00e9tude de faisabilit\u00e9.<strong><\/strong><\/p>\n","protected":false},"excerpt":{"rendered":"<p>L\u2019association BIOGAZ DE LA CHATAIGNERAIE CANTALIENNE a \u00e9t\u00e9 cr\u00e9\u00e9e le 12 janvier, \u00e0 l\u2019initiative de Boris WAHL, entrepreneur habitant \u00e0 PUYCAPEL. Son objet social est&nbsp;: \u00ab Etudier l&rsquo;opportunit\u00e9 et la faisabilit\u00e9 du d\u00e9veloppement d&rsquo;une ou plusieurs unit\u00e9s de m\u00e9thanisation\u00a0sur le territoire de la Ch\u00e2taigneraie Cantalienne. La m\u00e9thanisation est un proc\u00e9d\u00e9 vertueux pour&nbsp;l&rsquo;environnement et l&rsquo;\u00e9conomie locale [&hellip;]<\/p>\n","protected":false},"author":2,"featured_media":0,"parent":0,"menu_order":0,"comment_status":"closed","ping_status":"closed","template":"","meta":{"_exactmetrics_skip_tracking":false,"_exactmetrics_sitenote_active":false,"_exactmetrics_sitenote_note":"","_exactmetrics_sitenote_category":0,"jetpack_post_was_ever_published":false,"footnotes":""},"class_list":["post-3801","page","type-page","status-publish","hentry"],"jetpack_sharing_enabled":true,"jetpack_shortlink":"https:\/\/wp.me\/PaADkW-Zj","jetpack-related-posts":[{"id":1073,"url":"https:\/\/puycapel.fr\/index.php\/site-remarquable-du-gout-mourjou-chataigneraie-cantalienne\/","url_meta":{"origin":3801,"position":0},"title":"Site remarquable du go\u00fbt  Mourjou, Ch\u00e2taigneraie cantalienne","author":"Mairie Puycapel","date":"23 mai 2019","format":false,"excerpt":"La Ch\u00e2taigneraie cantalienne a rejoint fin 2018 les 70 sites fran\u00e7ais qui b\u00e9n\u00e9ficient du label \u00ab\u00a0Site remarquable du go\u00fbt\u00a0\u00bb, cr\u00e9\u00e9 en 1995 par les minist\u00e8res de la Culture, du Tourisme, de l\u2019Environnement et de l\u2019agriculture. C\u2019est \u00e9videmment pour son produit embl\u00e9matique qu\u2019est la ch\u00e2taigne que notre pays castanhaire a \u00e9t\u00e9\u2026","rel":"","context":"Article similaire","block_context":{"text":"Article similaire","link":""},"img":{"alt_text":"","src":"https:\/\/i0.wp.com\/puycapel.fr\/wp-content\/uploads\/2019\/05\/LABELOCTOBRE-1.jpg?resize=350%2C200&ssl=1","width":350,"height":200,"srcset":"https:\/\/i0.wp.com\/puycapel.fr\/wp-content\/uploads\/2019\/05\/LABELOCTOBRE-1.jpg?resize=350%2C200&ssl=1 1x, https:\/\/i0.wp.com\/puycapel.fr\/wp-content\/uploads\/2019\/05\/LABELOCTOBRE-1.jpg?resize=525%2C300&ssl=1 1.5x, https:\/\/i0.wp.com\/puycapel.fr\/wp-content\/uploads\/2019\/05\/LABELOCTOBRE-1.jpg?resize=700%2C400&ssl=1 2x, https:\/\/i0.wp.com\/puycapel.fr\/wp-content\/uploads\/2019\/05\/LABELOCTOBRE-1.jpg?resize=1050%2C600&ssl=1 3x, https:\/\/i0.wp.com\/puycapel.fr\/wp-content\/uploads\/2019\/05\/LABELOCTOBRE-1.jpg?resize=1400%2C800&ssl=1 4x"},"classes":[]},{"id":6027,"url":"https:\/\/puycapel.fr\/index.php\/propositions-culturelles\/","url_meta":{"origin":3801,"position":1},"title":"Propositions culturelles autour de Puycapel","author":"Mairie Puycapel","date":"12 novembre 2021","format":false,"excerpt":"Saison culturelle de la Ch\u00e2taigneraie Cantalienne - saison 2025-2026 Quelques id\u00e9es pour sortir (liste non exhaustive!): Office de tourisme de la Ch\u00e2taigneraie Cantalienne Office de tourisme du Pays d'Aurillac Th\u00e9\u00e2tre municipal de la Ville d'Aurillac cin\u00e9ma \u00e0 Aurillac ou Decazeville","rel":"","context":"Article similaire","block_context":{"text":"Article similaire","link":""},"img":{"alt_text":"","src":"https:\/\/i0.wp.com\/puycapel.fr\/wp-content\/uploads\/2025\/11\/SAISON_LOUP_LOUP-scaled.png?resize=350%2C200&ssl=1","width":350,"height":200,"srcset":"https:\/\/i0.wp.com\/puycapel.fr\/wp-content\/uploads\/2025\/11\/SAISON_LOUP_LOUP-scaled.png?resize=350%2C200&ssl=1 1x, https:\/\/i0.wp.com\/puycapel.fr\/wp-content\/uploads\/2025\/11\/SAISON_LOUP_LOUP-scaled.png?resize=525%2C300&ssl=1 1.5x, https:\/\/i0.wp.com\/puycapel.fr\/wp-content\/uploads\/2025\/11\/SAISON_LOUP_LOUP-scaled.png?resize=700%2C400&ssl=1 2x"},"classes":[]},{"id":7995,"url":"https:\/\/puycapel.fr\/index.php\/transport-scolaire\/","url_meta":{"origin":3801,"position":2},"title":"Transport scolaire","author":"Mairie Puycapel","date":"27 avril 2023","format":false,"excerpt":"-SERVICE ORGANISE LOCALEMENT PAR LA COMMUNAUTE DE COMMUNES- L\u2019inscription des enfants au transport scolaire organis\u00e9 par la R\u00e9gion Auvergne-Rh\u00f4ne-Alpes et localement par la Communaut\u00e9 de Communes de la Ch\u00e2taigneraie Cantalienne (GPTS\u00a0: Gestionnaire de Proximit\u00e9 des Transports Scolaires),\u00a0s\u2019effectue en ligne.\u00a0 La Communaut\u00e9 de Communes reste l\u2019interlocuteur privil\u00e9gi\u00e9 pour fournir tous les\u2026","rel":"","context":"Article similaire","block_context":{"text":"Article similaire","link":""},"img":{"alt_text":"","src":"","width":0,"height":0},"classes":[]},{"id":190,"url":"https:\/\/puycapel.fr\/index.php\/accueil\/les-associations-de-puycapel\/vivre-en-chataigneraie\/","url_meta":{"origin":3801,"position":3},"title":"Vivre en Ch\u00e2taigneraie","author":"Antoine Puech","date":"26 janvier 2019","format":false,"excerpt":"Cette association a \u00e9t\u00e9 cr\u00e9\u00e9e avec l\u2019autorisation de 8 communes (Calvinet, Cassaniouze, Fournoul\u00e8s Leynhac, Mourjou, Marcol\u00e8s, Saint-Antoine, S\u00e9nezergues) sur trois cantons.Ses statuts lui permettent d\u2019acheter, vendre et animer.D\u00e8s le d\u00e9but elle s\u2019oriente vers le tourisme et r\u00e9alise divers projets: cr\u00e9ation de sentiers p\u00e9destres, conception du d\u00e9pliant \u00ab les chemins de\u2026","rel":"","context":"Article similaire","block_context":{"text":"Article similaire","link":""},"img":{"alt_text":"","src":"https:\/\/i0.wp.com\/puycapel.fr\/wp-content\/uploads\/2019\/01\/logovivireenchataigneraie.png?resize=350%2C200&ssl=1","width":350,"height":200},"classes":[]},{"id":828,"url":"https:\/\/puycapel.fr\/","url_meta":{"origin":3801,"position":4},"title":"Bienvenue sur le site internet de Puycapel","author":"Mairie Puycapel","date":"18 avril 2019","format":false,"excerpt":"Bienvenue sur le site officiel de la commune de Puycapel. N\u00e9e du regroupement des communes de Calvinet et de Mourjou, Puycapel, situ\u00e9e en Ch\u00e2taigneraie cantalienne, canton de Maurs, est une commune nouvelle (depuis le 1er janvier 2019) qui rassemble pr\u00e8s de 800 habitants. Sur ce site internet retrouvez toutes les\u2026","rel":"","context":"Article similaire","block_context":{"text":"Article similaire","link":""},"img":{"alt_text":"","src":"https:\/\/i0.wp.com\/puycapel.fr\/wp-content\/uploads\/2021\/12\/image-neige-village.jpg?resize=350%2C200&ssl=1","width":350,"height":200,"srcset":"https:\/\/i0.wp.com\/puycapel.fr\/wp-content\/uploads\/2021\/12\/image-neige-village.jpg?resize=350%2C200&ssl=1 1x, https:\/\/i0.wp.com\/puycapel.fr\/wp-content\/uploads\/2021\/12\/image-neige-village.jpg?resize=525%2C300&ssl=1 1.5x, https:\/\/i0.wp.com\/puycapel.fr\/wp-content\/uploads\/2021\/12\/image-neige-village.jpg?resize=700%2C400&ssl=1 2x, https:\/\/i0.wp.com\/puycapel.fr\/wp-content\/uploads\/2021\/12\/image-neige-village.jpg?resize=1050%2C600&ssl=1 3x, https:\/\/i0.wp.com\/puycapel.fr\/wp-content\/uploads\/2021\/12\/image-neige-village.jpg?resize=1400%2C800&ssl=1 4x"},"classes":[]},{"id":185,"url":"https:\/\/puycapel.fr\/index.php\/accueil\/les-associations-de-puycapel\/association-du-pelou\/","url_meta":{"origin":3801,"position":5},"title":"Association du P\u00e9lou","author":"Antoine Puech","date":"26 janvier 2019","format":false,"excerpt":"L\u2019association du P\u00e9lou a vu le jour en 1995 pour prendre en charge l\u2019organisation de la Foire de la ch\u00e2taigne de Mourjou, cr\u00e9\u00e9e en 1989 et organis\u00e9e jusque l\u00e0 par le comit\u00e9 des f\u00eates de Mourjou. Elle mobilise chaque ann\u00e9e plus de 200 b\u00e9n\u00e9voles pour l\u2019organisation, l\u2019avant dernier week-end d\u2019octobre,\u2026","rel":"","context":"Article similaire","block_context":{"text":"Article similaire","link":""},"img":{"alt_text":"","src":"https:\/\/i0.wp.com\/puycapel.fr\/wp-content\/uploads\/2019\/01\/pelou3.jpg?resize=350%2C200","width":350,"height":200,"srcset":"https:\/\/i0.wp.com\/puycapel.fr\/wp-content\/uploads\/2019\/01\/pelou3.jpg?resize=350%2C200 1x, https:\/\/i0.wp.com\/puycapel.fr\/wp-content\/uploads\/2019\/01\/pelou3.jpg?resize=525%2C300 1.5x, https:\/\/i0.wp.com\/puycapel.fr\/wp-content\/uploads\/2019\/01\/pelou3.jpg?resize=700%2C400 2x, https:\/\/i0.wp.com\/puycapel.fr\/wp-content\/uploads\/2019\/01\/pelou3.jpg?resize=1050%2C600 3x"},"classes":[]}],"_links":{"self":[{"href":"https:\/\/puycapel.fr\/index.php\/wp-json\/wp\/v2\/pages\/3801","targetHints":{"allow":["GET"]}}],"collection":[{"href":"https:\/\/puycapel.fr\/index.php\/wp-json\/wp\/v2\/pages"}],"about":[{"href":"https:\/\/puycapel.fr\/index.php\/wp-json\/wp\/v2\/types\/page"}],"author":[{"embeddable":true,"href":"https:\/\/puycapel.fr\/index.php\/wp-json\/wp\/v2\/users\/2"}],"replies":[{"embeddable":true,"href":"https:\/\/puycapel.fr\/index.php\/wp-json\/wp\/v2\/comments?post=3801"}],"version-history":[{"count":1,"href":"https:\/\/puycapel.fr\/index.php\/wp-json\/wp\/v2\/pages\/3801\/revisions"}],"predecessor-version":[{"id":3803,"href":"https:\/\/puycapel.fr\/index.php\/wp-json\/wp\/v2\/pages\/3801\/revisions\/3803"}],"wp:attachment":[{"href":"https:\/\/puycapel.fr\/index.php\/wp-json\/wp\/v2\/media?parent=3801"}],"curies":[{"name":"wp","href":"https:\/\/api.w.org\/{rel}","templated":true}]}}