{"id":3827,"date":"2021-04-14T19:30:39","date_gmt":"2021-04-14T17:30:39","guid":{"rendered":"https:\/\/puycapel.fr\/?page_id=3827"},"modified":"2021-04-17T21:17:05","modified_gmt":"2021-04-17T19:17:05","slug":"webcams-de-puycapel","status":"publish","type":"page","link":"https:\/\/puycapel.fr\/index.php\/webcams-de-puycapel\/","title":{"rendered":"Webcams sur la commune de Puycapel"},"content":{"rendered":"\n<p><a href=\"https:\/\/puycapel.fr\/index.php\/webcam-chez-lili\/\" data-type=\"page\" data-id=\"3831\">Webcam du G\u00eete : Chez Lili<\/a><\/p>\n\n\n\n<p><\/p>\n","protected":false},"excerpt":{"rendered":"<p>Webcam du G\u00eete : Chez Lili<\/p>\n","protected":false},"author":3,"featured_media":0,"parent":0,"menu_order":0,"comment_status":"closed","ping_status":"closed","template":"","meta":{"_exactmetrics_skip_tracking":false,"_exactmetrics_sitenote_active":false,"_exactmetrics_sitenote_note":"","_exactmetrics_sitenote_category":0,"jetpack_post_was_ever_published":false,"footnotes":""},"class_list":["post-3827","page","type-page","status-publish","hentry"],"jetpack_sharing_enabled":true,"jetpack_shortlink":"https:\/\/wp.me\/PaADkW-ZJ","jetpack-related-posts":[{"id":3831,"url":"https:\/\/puycapel.fr\/index.php\/webcam-chez-lili\/","url_meta":{"origin":3827,"position":0},"title":"Webcam \u00ab\u00a0Chez Lili\u00a0\u00bb &#8211; g\u00eete de France","author":"Antoine Puech","date":"14 avril 2021","format":false,"excerpt":"Le G\u00eete Chez Lili est ouvert 7 jours sur 7. Pour tout renseignement, contactez nous au 06 28 01 25 10 ou par mail 15340chezlili@gmail.com Lien vers le site Web du gite \"chez Lili\" Lien vers le site Web du gite \"chez Lili\"","rel":"","context":"Article similaire","block_context":{"text":"Article similaire","link":""},"img":{"alt_text":"","src":"","width":0,"height":0},"classes":[]},{"id":2324,"url":"https:\/\/puycapel.fr\/index.php\/ou-dormir\/","url_meta":{"origin":3827,"position":1},"title":"O\u00f9 dormir?","author":"Mairie Puycapel","date":"2 avril 2020","format":false,"excerpt":"Retrouvez ci-dessous quelques adresses d'h\u00e9bergements touristiques \u00e0 Calvinet et Mourjou Cette m\u00eame liste d'h\u00e9bergement est disponible sous forme de tableau synth\u00e8tique en suivant ce lien Chambres d'h\u00e9bergement et chambres d'h\u00f4tes Auberge de Mourjou: 4 chambres d'h\u00f4tes -dont 1 pour personnes \u00e0 mobilit\u00e9 r\u00e9duite et 1 familiale. Renseignements au 04 71\u2026","rel":"","context":"Article similaire","block_context":{"text":"Article similaire","link":""},"img":{"alt_text":"","src":"https:\/\/i0.wp.com\/puycapel.fr\/wp-content\/uploads\/2022\/01\/maison-MC-GAZAL-1-scaled.jpg?resize=350%2C200&ssl=1","width":350,"height":200,"srcset":"https:\/\/i0.wp.com\/puycapel.fr\/wp-content\/uploads\/2022\/01\/maison-MC-GAZAL-1-scaled.jpg?resize=350%2C200&ssl=1 1x, https:\/\/i0.wp.com\/puycapel.fr\/wp-content\/uploads\/2022\/01\/maison-MC-GAZAL-1-scaled.jpg?resize=525%2C300&ssl=1 1.5x, https:\/\/i0.wp.com\/puycapel.fr\/wp-content\/uploads\/2022\/01\/maison-MC-GAZAL-1-scaled.jpg?resize=700%2C400&ssl=1 2x, https:\/\/i0.wp.com\/puycapel.fr\/wp-content\/uploads\/2022\/01\/maison-MC-GAZAL-1-scaled.jpg?resize=1050%2C600&ssl=1 3x, https:\/\/i0.wp.com\/puycapel.fr\/wp-content\/uploads\/2022\/01\/maison-MC-GAZAL-1-scaled.jpg?resize=1400%2C800&ssl=1 4x"},"classes":[]},{"id":2370,"url":"https:\/\/puycapel.fr\/index.php\/location-de-vacances-a-puycapel\/","url_meta":{"origin":3827,"position":2},"title":"Locations de vacances \u00e0 Puycapel","author":"Antoine Puech","date":"7 avril 2020","format":false,"excerpt":"Chambres d'h\u00e9bergement: Auberge communale - Mourjou: 4 chambres d\u2019h\u00f4tes -dont 1 pour personnes \u00e0 mobilit\u00e9 r\u00e9duite et 1 familiale. Renseignements au 04 71 48 25 47 (https:\/\/www.facebook.com\/aubergedemourjou) G\u00eetes et meubl\u00e9s par ordre alphab\u00e9tique: trouvez dans ce tableau les liens email , sites web et t\u00e9l\u00e9phone lorsque disponibles Propri\u00e9taires - emailLocalisationSite\u2026","rel":"","context":"Article similaire","block_context":{"text":"Article similaire","link":""},"img":{"alt_text":"","src":"","width":0,"height":0},"classes":[]},{"id":828,"url":"https:\/\/puycapel.fr\/","url_meta":{"origin":3827,"position":3},"title":"Bienvenue sur le site internet de Puycapel","author":"Mairie Puycapel","date":"18 avril 2019","format":false,"excerpt":"Bienvenue sur le site officiel de la commune de Puycapel. N\u00e9e du regroupement des communes de Calvinet et de Mourjou, Puycapel, situ\u00e9e en Ch\u00e2taigneraie cantalienne, canton de Maurs, est une commune nouvelle (depuis le 1er janvier 2019) qui rassemble pr\u00e8s de 800 habitants. Sur ce site internet retrouvez toutes les\u2026","rel":"","context":"Article similaire","block_context":{"text":"Article similaire","link":""},"img":{"alt_text":"","src":"https:\/\/i0.wp.com\/puycapel.fr\/wp-content\/uploads\/2021\/12\/image-neige-village.jpg?resize=350%2C200&ssl=1","width":350,"height":200,"srcset":"https:\/\/i0.wp.com\/puycapel.fr\/wp-content\/uploads\/2021\/12\/image-neige-village.jpg?resize=350%2C200&ssl=1 1x, https:\/\/i0.wp.com\/puycapel.fr\/wp-content\/uploads\/2021\/12\/image-neige-village.jpg?resize=525%2C300&ssl=1 1.5x, https:\/\/i0.wp.com\/puycapel.fr\/wp-content\/uploads\/2021\/12\/image-neige-village.jpg?resize=700%2C400&ssl=1 2x, https:\/\/i0.wp.com\/puycapel.fr\/wp-content\/uploads\/2021\/12\/image-neige-village.jpg?resize=1050%2C600&ssl=1 3x, https:\/\/i0.wp.com\/puycapel.fr\/wp-content\/uploads\/2021\/12\/image-neige-village.jpg?resize=1400%2C800&ssl=1 4x"},"classes":[]},{"id":4153,"url":"https:\/\/puycapel.fr\/index.php\/adressage-de-la-commune-de-puycapel\/","url_meta":{"origin":3827,"position":4},"title":"Adressage de la commune de Puycapel","author":"Antoine Puech","date":"31 mai 2021","format":false,"excerpt":"Suite \u00e0 la mise en place de l'adressage sur notre commune, si ce n'est pas d\u00e9j\u00e0 fait, pensez \u00e0 communiquer votre nouvelle adresses \u00e0 vos organismes : banque, t\u00e9l\u00e9phonie, Energie, URSAFF, ETC... Pour faire les d\u00e9marches de communication de votre nouvelle adresse, vous pouvez utiliser ce lien qui permet de\u2026","rel":"","context":"Article similaire","block_context":{"text":"Article similaire","link":""},"img":{"alt_text":"","src":"https:\/\/i0.wp.com\/puycapel.fr\/wp-content\/uploads\/2023\/12\/image.png?resize=350%2C200&ssl=1","width":350,"height":200,"srcset":"https:\/\/i0.wp.com\/puycapel.fr\/wp-content\/uploads\/2023\/12\/image.png?resize=350%2C200&ssl=1 1x, https:\/\/i0.wp.com\/puycapel.fr\/wp-content\/uploads\/2023\/12\/image.png?resize=525%2C300&ssl=1 1.5x, https:\/\/i0.wp.com\/puycapel.fr\/wp-content\/uploads\/2023\/12\/image.png?resize=700%2C400&ssl=1 2x, https:\/\/i0.wp.com\/puycapel.fr\/wp-content\/uploads\/2023\/12\/image.png?resize=1050%2C600&ssl=1 3x"},"classes":[]},{"id":7,"url":"https:\/\/puycapel.fr\/index.php\/accueil\/","url_meta":{"origin":3827,"position":5},"title":"Accueil 2","author":"admin5620","date":"1 janvier 2019","format":false,"excerpt":"Bienvenue sur le site de Puycapel,\u00a0 commune nouvelle issue\u00a0 du regroupement des communes de Calvinet et Mourjou. Ancien site web de calvinet ( n'est plus mis \u00e0 jour) Site de Mourjou Actualit\u00e9s de Puycapel","rel":"","context":"Article similaire","block_context":{"text":"Article similaire","link":""},"img":{"alt_text":"","src":"","width":0,"height":0},"classes":[]}],"_links":{"self":[{"href":"https:\/\/puycapel.fr\/index.php\/wp-json\/wp\/v2\/pages\/3827","targetHints":{"allow":["GET"]}}],"collection":[{"href":"https:\/\/puycapel.fr\/index.php\/wp-json\/wp\/v2\/pages"}],"about":[{"href":"https:\/\/puycapel.fr\/index.php\/wp-json\/wp\/v2\/types\/page"}],"author":[{"embeddable":true,"href":"https:\/\/puycapel.fr\/index.php\/wp-json\/wp\/v2\/users\/3"}],"replies":[{"embeddable":true,"href":"https:\/\/puycapel.fr\/index.php\/wp-json\/wp\/v2\/comments?post=3827"}],"version-history":[{"count":7,"href":"https:\/\/puycapel.fr\/index.php\/wp-json\/wp\/v2\/pages\/3827\/revisions"}],"predecessor-version":[{"id":3883,"href":"https:\/\/puycapel.fr\/index.php\/wp-json\/wp\/v2\/pages\/3827\/revisions\/3883"}],"wp:attachment":[{"href":"https:\/\/puycapel.fr\/index.php\/wp-json\/wp\/v2\/media?parent=3827"}],"curies":[{"name":"wp","href":"https:\/\/api.w.org\/{rel}","templated":true}]}}