{"id":4051,"date":"2021-05-13T08:53:44","date_gmt":"2021-05-13T06:53:44","guid":{"rendered":"https:\/\/puycapel.fr\/?page_id=4051"},"modified":"2021-05-13T09:10:12","modified_gmt":"2021-05-13T07:10:12","slug":"gestion-des-dechets","status":"publish","type":"page","link":"https:\/\/puycapel.fr\/index.php\/gestion-des-dechets\/","title":{"rendered":"Gestion des d\u00e9chets"},"content":{"rendered":"\n<p>carte de localisation des points de collecte :<\/p>\n\n\n\n<iframe loading=\"lazy\" width=\"560\" height=\"315\" src=\"https:\/\/macarte.ign.fr\/carte\/7028ab0483a7d63670ebc079cb9db4e4\/Gestion_des_dechets?ifs=medium\" frameborder=\"0\" marginheight=\"0\" marginwidth=\"0\"><\/iframe>\n","protected":false},"excerpt":{"rendered":"<p>carte de localisation des points de collecte :<\/p>\n","protected":false},"author":3,"featured_media":0,"parent":0,"menu_order":0,"comment_status":"closed","ping_status":"closed","template":"","meta":{"_exactmetrics_skip_tracking":false,"_exactmetrics_sitenote_active":false,"_exactmetrics_sitenote_note":"","_exactmetrics_sitenote_category":0,"jetpack_post_was_ever_published":false,"footnotes":""},"class_list":["post-4051","page","type-page","status-publish","hentry"],"jetpack_sharing_enabled":true,"jetpack_shortlink":"https:\/\/wp.me\/PaADkW-13l","jetpack-related-posts":[{"id":242,"url":"https:\/\/puycapel.fr\/index.php\/accueil\/les-associations-de-puycapel\/serfouette\/","url_meta":{"origin":4051,"position":0},"title":"Serfouette","author":"Antoine Puech","date":"26 janvier 2019","format":false,"excerpt":"-AVRIL 2021- Serfouette poursuit son action \"z\u00e9ro d\u00e9chet\" en offrant des poules \u00e0 celles et ceux qui s'engagent \u00e0 r\u00e9duire leurs d\u00e9chets. Informations au local Serfouette : 39 rue de la Chataigneraie, Calvinet, 15340 Puycapel Chaque mercredi de 18h \u00e0 20h et le 1er dimanche du mois de 10h \u00e0\u2026","rel":"","context":"Article similaire","block_context":{"text":"Article similaire","link":""},"img":{"alt_text":"","src":"","width":0,"height":0},"classes":[]},{"id":3755,"url":"https:\/\/puycapel.fr\/index.php\/test-carte-terrains-a-vendre\/","url_meta":{"origin":4051,"position":1},"title":"Terrains \u00e0 vendre \u00e0 Puycapel","author":"Antoine Puech","date":"3 avril 2021","format":false,"excerpt":"Des terrains constructibles sont \u00e0 vendre \u00e0 PUYCAPEL. Pour tous renseignements contactez la mairie : MOURJOU (matin) 04 71 49 96 37 CALVINET (apr\u00e8s-midi) 04 71 49 94 32","rel":"","context":"Article similaire","block_context":{"text":"Article similaire","link":""},"img":{"alt_text":"","src":"","width":0,"height":0},"classes":[]},{"id":8264,"url":"https:\/\/puycapel.fr\/index.php\/fiche-outil-compostage\/","url_meta":{"origin":4051,"position":2},"title":"FICHES OUTIL COMPOSTAGE","author":"Antoine Puech","date":"13 juillet 2023","format":false,"excerpt":"FICHE-01-LE-DE-DETERMINATION-AVEC-EXPLICATIONST\u00e9l\u00e9charger FICHE-02-fiche-jardin-naturel-utiliser-son-compostT\u00e9l\u00e9charger FICHE-03-fiche-le-compagnonageT\u00e9l\u00e9charger FICHE-04-fiche-paillageT\u00e9l\u00e9charger FICHE-05-fiche-soigner-les-plantes-par-les-plantesT\u00e9l\u00e9charger FICHE-06-fiche-jardin-naturel-utiliser-son-compost-35T\u00e9l\u00e9charger FICHE-07-guide-reussir-compostT\u00e9l\u00e9charger FICHE-12-STOP-AUX-IDEES-RECUEST\u00e9l\u00e9charger FICHE-11-sol-compost-les-beneficesT\u00e9l\u00e9charger FICHE-14-reduire-ses-dechets-vertsT\u00e9l\u00e9charger FICHE-17-principes-compostageT\u00e9l\u00e9charger","rel":"","context":"Article similaire","block_context":{"text":"Article similaire","link":""},"img":{"alt_text":"","src":"","width":0,"height":0},"classes":[]},{"id":145,"url":"https:\/\/puycapel.fr\/index.php\/accueil\/contactez-nous\/formalites-administratives\/","url_meta":{"origin":4051,"position":3},"title":"Formalit\u00e9s administratives","author":"Antoine Puech","date":"16 janvier 2019","format":false,"excerpt":"SECRETARIAT DE MAIRIE Tatiana MARIE et Nathalie ROBERT-MALVEZIN vous accueillent au secr\u00e9tariat \u00e0 Mourjou les matins de 9h00 \u00e0 12h00 (mardi, jeudi et vendredi) - T 04 71 49 96 37 et \u00e0 Calvinet les apr\u00e8s-midi de 13h30 \u00e0 16h30 (mardi, jeudi et vendredi) - T 04 71 49 94\u2026","rel":"","context":"Article similaire","block_context":{"text":"Article similaire","link":""},"img":{"alt_text":"","src":"","width":0,"height":0},"classes":[]},{"id":7147,"url":"https:\/\/puycapel.fr\/index.php\/donnees-personnelles\/","url_meta":{"origin":4051,"position":4},"title":"Donn\u00e9es personnelles","author":"Antoine Puech","date":"5 ao\u00fbt 2022","format":false,"excerpt":"Politique de protection des donn\u00e9es La commune de Puycapel s'engage \u00e0 ce que les traitements de donn\u00e9es personnelles\u00a0effectu\u00e9s sur puycapel.fr et sur la commune de puycapel, avec notamment les dispositifs de vid\u00e9oprotection, soient conformes au r\u00e8glement g\u00e9n\u00e9ral sur la protection des donn\u00e9es (RGPD) et \u00e0 la loi Informatique et Libert\u00e9s.\u2026","rel":"","context":"Article similaire","block_context":{"text":"Article similaire","link":""},"img":{"alt_text":"","src":"","width":0,"height":0},"classes":[]},{"id":92,"url":"https:\/\/puycapel.fr\/index.php\/poitique-de-confidentialite\/","url_meta":{"origin":4051,"position":5},"title":"Politique de Confidentialit\u00e9 et Mentions l\u00e9gales","author":"admin5620","date":"3 janvier 2019","format":false,"excerpt":"Qui sommes-nous\u00a0? L\u2019adresse de notre site Web est\u00a0: https:\/\/www.puycapel.fr. Directeur de la publication : Mr\u00a0Fran\u00e7ois Danemans et Mr Raymond Delcamp Editeur : Mairie de Puycapel H\u00e9bergeur :\u00a0OVH Le contenu est fourni \u00e0 titre informatif et peut contenir des erreurs , nous faisons tout pour y rem\u00e9dier. N\u2019h\u00e9sitez pas \u00e0 nous\u2026","rel":"","context":"Article similaire","block_context":{"text":"Article similaire","link":""},"img":{"alt_text":"","src":"","width":0,"height":0},"classes":[]}],"_links":{"self":[{"href":"https:\/\/puycapel.fr\/index.php\/wp-json\/wp\/v2\/pages\/4051","targetHints":{"allow":["GET"]}}],"collection":[{"href":"https:\/\/puycapel.fr\/index.php\/wp-json\/wp\/v2\/pages"}],"about":[{"href":"https:\/\/puycapel.fr\/index.php\/wp-json\/wp\/v2\/types\/page"}],"author":[{"embeddable":true,"href":"https:\/\/puycapel.fr\/index.php\/wp-json\/wp\/v2\/users\/3"}],"replies":[{"embeddable":true,"href":"https:\/\/puycapel.fr\/index.php\/wp-json\/wp\/v2\/comments?post=4051"}],"version-history":[{"count":3,"href":"https:\/\/puycapel.fr\/index.php\/wp-json\/wp\/v2\/pages\/4051\/revisions"}],"predecessor-version":[{"id":4055,"href":"https:\/\/puycapel.fr\/index.php\/wp-json\/wp\/v2\/pages\/4051\/revisions\/4055"}],"wp:attachment":[{"href":"https:\/\/puycapel.fr\/index.php\/wp-json\/wp\/v2\/media?parent=4051"}],"curies":[{"name":"wp","href":"https:\/\/api.w.org\/{rel}","templated":true}]}}