{"id":411,"date":"2019-02-11T20:57:47","date_gmt":"2019-02-11T19:57:47","guid":{"rendered":"https:\/\/puycapel.fr\/?page_id=411"},"modified":"2025-09-08T10:07:00","modified_gmt":"2025-09-08T08:07:00","slug":"lecole-de-puycapel-paiement-tipi","status":"publish","type":"page","link":"https:\/\/puycapel.fr\/index.php\/accueil\/contactez-nous\/lecole-de-puycapel-paiement-tipi\/","title":{"rendered":"L&rsquo;\u00e9cole de Puycapel"},"content":{"rendered":"\n<h2 class=\"wp-block-heading\"><strong>Restauration scolaire<\/strong><\/h2>\n\n\n\n<p class=\"has-text-align-center\">La cantine scolaire est \u00e0 la disposition des enfants de l\u2019\u00e9cole tout au long de l\u2019ann\u00e9e scolaire. Les d\u00e9jeuners sont pr\u00e9par\u00e9s par un agent communal, charg\u00e9 \u00e9galement de l\u2019approvisionnement des denr\u00e9es alimentaires. Nous privil\u00e9gions les commerces et producteurs de proximit\u00e9.<\/p>\n\n\n\n<p class=\"has-text-align-center\"><strong>Le prix du repas est de 2,90\u20ac\u00a0<\/strong>(Rentr\u00e9e 2024\/2025)<\/p>\n\n\n\n<h2 class=\"wp-block-heading\"><strong>Accueils p\u00e9ri-scolaires<\/strong><\/h2>\n\n\n\n<p>Des accueils post et p\u00e9ri scolaires sont organis\u00e9s chaque jour et permettent ainsi d\u2019accueillir les enfants de maternelle et de primaire en p\u00e9riode scolaire :<\/p>\n\n\n\n<ul class=\"wp-block-list\">\n<li>le matin de 7h25 jusqu\u2019\u00e0 8h50<\/li>\n\n\n\n<li>le soir de 16h30 \u00e0 18h30 les lundi, mardi, jeudi et vendredi<\/li>\n<\/ul>\n\n\n\n<p><strong>En cas de besoin ponctuel, pr\u00e9venir au moins 48 heures \u00e0 l\u2019avance l\u2019\u00e9cole ou la mairie.<\/strong><\/p>\n\n\n\n<p class=\"has-text-align-center\"><strong>Le tarif est de 2.25 euros de l\u2019heure<\/strong>. La tarification est \u00e0 la \u00bd heure.<\/p>\n\n\n\n<h2 class=\"wp-block-heading\">Garderie le mercredi apr\u00e8s-midi<\/h2>\n\n\n\n<p>Un service de garderie est disponible -sur inscription le lundi aupr\u00e8s de Mme LACASSAGNE, ATSEM \u00e0 l&rsquo;\u00e9cole de CALVINET- pour le mercredi apr\u00e8s midi de 12h \u00e0 18h30. Le repas est inclus dans le service ainsi qu&rsquo;un gouter.<\/p>\n\n\n\n<p>Tarif : 7.5\u20ac &#8211; navette*, repas, go\u00fbter compris.<\/p>\n\n\n\n<p>*Les enfants sont achemin\u00e9s de Calvinet \u00e0 Mourjou par un transport scolaire.<\/p>\n\n\n\n<h2 class=\"wp-block-heading\"><strong>Paiement en ligne<\/strong><\/h2>\n\n\n\n<p>Ci dessous \u00e0 votre disposition, gratuitement, ce site internet s\u00e9curis\u00e9 pour faciliter le paiement de vos services publics locaux (Comme les frais de cantine par exemple.)<\/p>\n\n\n<div class=\"wp-block-image\">\n<figure class=\"aligncenter size-large\"><a href=\"https:\/\/www.tipi.budget.gouv.fr\/tpa\/accueilportail.web\" target=\"_blank\" rel=\"noreferrer noopener\"><img data-recalc-dims=\"1\" loading=\"lazy\" decoding=\"async\" width=\"150\" height=\"150\" data-attachment-id=\"2025\" data-permalink=\"https:\/\/puycapel.fr\/index.php\/accueil\/contactez-nous\/lecole-de-puycapel-paiement-tipi\/tipi2-150x150-1\/\" data-orig-file=\"https:\/\/i0.wp.com\/puycapel.fr\/wp-content\/uploads\/2020\/02\/tipi2-150x150-1.jpg?fit=150%2C150&amp;ssl=1\" data-orig-size=\"150,150\" data-comments-opened=\"0\" data-image-meta=\"{&quot;aperture&quot;:&quot;0&quot;,&quot;credit&quot;:&quot;&quot;,&quot;camera&quot;:&quot;&quot;,&quot;caption&quot;:&quot;&quot;,&quot;created_timestamp&quot;:&quot;0&quot;,&quot;copyright&quot;:&quot;&quot;,&quot;focal_length&quot;:&quot;0&quot;,&quot;iso&quot;:&quot;0&quot;,&quot;shutter_speed&quot;:&quot;0&quot;,&quot;title&quot;:&quot;&quot;,&quot;orientation&quot;:&quot;0&quot;}\" data-image-title=\"tipi2-150&amp;#215;150-1\" data-image-description=\"\" data-image-caption=\"\" data-large-file=\"https:\/\/i0.wp.com\/puycapel.fr\/wp-content\/uploads\/2020\/02\/tipi2-150x150-1.jpg?fit=150%2C150&amp;ssl=1\" src=\"https:\/\/i0.wp.com\/puycapel.fr\/wp-content\/uploads\/2020\/02\/tipi2-150x150-1.jpg?resize=150%2C150&#038;ssl=1\" alt=\"\" class=\"wp-image-2025\"\/><\/a><\/figure>\n<\/div>\n\n<div class=\"wp-block-image\">\n<figure class=\"aligncenter size-large\"><a href=\"https:\/\/www.tipi.budget.gouv.fr\/tpa\/accueilportail.web\" target=\"_blank\" rel=\"noreferrer noopener\"><img data-recalc-dims=\"1\" loading=\"lazy\" decoding=\"async\" width=\"300\" height=\"29\" data-attachment-id=\"2026\" data-permalink=\"https:\/\/puycapel.fr\/index.php\/accueil\/contactez-nous\/lecole-de-puycapel-paiement-tipi\/tipi-300x29-1\/\" data-orig-file=\"https:\/\/i0.wp.com\/puycapel.fr\/wp-content\/uploads\/2020\/02\/tipi-300x29-1.jpg?fit=300%2C29&amp;ssl=1\" data-orig-size=\"300,29\" data-comments-opened=\"0\" data-image-meta=\"{&quot;aperture&quot;:&quot;0&quot;,&quot;credit&quot;:&quot;&quot;,&quot;camera&quot;:&quot;&quot;,&quot;caption&quot;:&quot;&quot;,&quot;created_timestamp&quot;:&quot;0&quot;,&quot;copyright&quot;:&quot;&quot;,&quot;focal_length&quot;:&quot;0&quot;,&quot;iso&quot;:&quot;0&quot;,&quot;shutter_speed&quot;:&quot;0&quot;,&quot;title&quot;:&quot;&quot;,&quot;orientation&quot;:&quot;0&quot;}\" data-image-title=\"tipi-300&amp;#215;29-1\" data-image-description=\"\" data-image-caption=\"\" data-large-file=\"https:\/\/i0.wp.com\/puycapel.fr\/wp-content\/uploads\/2020\/02\/tipi-300x29-1.jpg?fit=300%2C29&amp;ssl=1\" src=\"https:\/\/i0.wp.com\/puycapel.fr\/wp-content\/uploads\/2020\/02\/tipi-300x29-1.jpg?resize=300%2C29&#038;ssl=1\" alt=\"\" class=\"wp-image-2026\"\/><\/a><\/figure>\n<\/div>\n\n\n<p class=\"has-text-align-center\">En haut a droite de l\u2019avis figure un num\u00e9ro d\u2019identifiant de collectivit\u00e9 qui doit \u00eatre renseign\u00e9, ainsi que&nbsp;la r\u00e9f\u00e9rence telle qu\u2019elle appara\u00eet sur votre avis des sommes \u00e0 payer en respectant son format; suivez ensuite les instructions.<\/p>\n\n\n\n<p class=\"has-text-align-center\">Vous avez 30 jours pour payer votre facture sur internet, au del\u00e0, &nbsp;le&nbsp;r\u00e8glement&nbsp;est \u00e0 effectuer \u00e0 la Tr\u00e9sorerie de Maurs.<\/p>\n","protected":false},"excerpt":{"rendered":"<p>Restauration scolaire La cantine scolaire est \u00e0 la disposition des enfants de l\u2019\u00e9cole tout au long de l\u2019ann\u00e9e scolaire. Les d\u00e9jeuners sont pr\u00e9par\u00e9s par un agent communal, charg\u00e9 \u00e9galement de l\u2019approvisionnement des denr\u00e9es alimentaires. Nous privil\u00e9gions les commerces et producteurs de proximit\u00e9. Le prix du repas est de 2,90\u20ac\u00a0(Rentr\u00e9e 2024\/2025) Accueils p\u00e9ri-scolaires Des accueils post [&hellip;]<\/p>\n","protected":false},"author":3,"featured_media":0,"parent":83,"menu_order":0,"comment_status":"closed","ping_status":"closed","template":"","meta":{"_exactmetrics_skip_tracking":false,"_exactmetrics_sitenote_active":false,"_exactmetrics_sitenote_note":"","_exactmetrics_sitenote_category":0,"jetpack_post_was_ever_published":false,"footnotes":""},"class_list":["post-411","page","type-page","status-publish","hentry"],"jetpack_sharing_enabled":true,"jetpack_shortlink":"https:\/\/wp.me\/PaADkW-6D","jetpack-related-posts":[{"id":206,"url":"https:\/\/puycapel.fr\/index.php\/accueil\/les-associations-de-puycapel\/association-des-parents-deleves\/","url_meta":{"origin":411,"position":0},"title":"Association des parents d&rsquo;\u00e9l\u00e8ves","author":"Antoine Puech","date":"26 janvier 2019","format":false,"excerpt":"L\u2019association des parents d\u2019\u00e9l\u00e8ves concerne le R.P.I. Calvinet \/Mourjou\u00a0(qui\u00a0compte cinquante et un enfants scolaris\u00e9s). Notre principale action est d\u2019encourager et de soutenir financi\u00e8rement les projets de l\u2019\u00e9cole (sortie p\u00e9dagogique, regroupement sportif, mat\u00e9riel\u2026) mais aussi de permettre \u00e0 tous les enfants du regroupement de b\u00e9n\u00e9ficier d\u2019activit\u00e9s ludiques et de pouvoir\u00a0 r\u00e9aliser\u2026","rel":"","context":"Article similaire","block_context":{"text":"Article similaire","link":""},"img":{"alt_text":"","src":"","width":0,"height":0},"classes":[]},{"id":7995,"url":"https:\/\/puycapel.fr\/index.php\/transport-scolaire\/","url_meta":{"origin":411,"position":1},"title":"Transport scolaire","author":"Mairie Puycapel","date":"27 avril 2023","format":false,"excerpt":"-SERVICE ORGANISE LOCALEMENT PAR LA COMMUNAUTE DE COMMUNES- L\u2019inscription des enfants au transport scolaire organis\u00e9 par la R\u00e9gion Auvergne-Rh\u00f4ne-Alpes et localement par la Communaut\u00e9 de Communes de la Ch\u00e2taigneraie Cantalienne (GPTS\u00a0: Gestionnaire de Proximit\u00e9 des Transports Scolaires),\u00a0s\u2019effectue en ligne.\u00a0 La Communaut\u00e9 de Communes reste l\u2019interlocuteur privil\u00e9gi\u00e9 pour fournir tous les\u2026","rel":"","context":"Article similaire","block_context":{"text":"Article similaire","link":""},"img":{"alt_text":"","src":"","width":0,"height":0},"classes":[]},{"id":2574,"url":"https:\/\/puycapel.fr\/index.php\/du-club-des-jeunes-a-la-cantine-scolaire\/","url_meta":{"origin":411,"position":2},"title":"Du club des jeunes \u00e0 la cantine scolaire","author":"Mairie Puycapel","date":"9 juin 2020","format":false,"excerpt":"","rel":"","context":"Article similaire","block_context":{"text":"Article similaire","link":""},"img":{"alt_text":"","src":"https:\/\/i0.wp.com\/puycapel.fr\/wp-content\/uploads\/2020\/06\/couverture-1.jpg?resize=350%2C200&ssl=1","width":350,"height":200},"classes":[]},{"id":7,"url":"https:\/\/puycapel.fr\/index.php\/accueil\/","url_meta":{"origin":411,"position":3},"title":"Accueil 2","author":"admin5620","date":"1 janvier 2019","format":false,"excerpt":"Bienvenue sur le site de Puycapel,\u00a0 commune nouvelle issue\u00a0 du regroupement des communes de Calvinet et Mourjou. Ancien site web de calvinet ( n'est plus mis \u00e0 jour) Site de Mourjou Actualit\u00e9s de Puycapel","rel":"","context":"Article similaire","block_context":{"text":"Article similaire","link":""},"img":{"alt_text":"","src":"","width":0,"height":0},"classes":[]},{"id":198,"url":"https:\/\/puycapel.fr\/index.php\/accueil\/les-associations-de-puycapel\/admr-du-haut-cele\/","url_meta":{"origin":411,"position":4},"title":"ADMR du Haut C\u00e9l\u00e9","author":"Antoine Puech","date":"26 janvier 2019","format":false,"excerpt":"Forte de plus de 25 salari\u00e9s, l\u2019ADMR\u00a0 (Association d\u2019Aide \u00e0 Domicile en Milieux Rural) du Haut C\u00e9l\u00e9 \u00a0\u0153uvre depuis plus de 60 ans au service des personnes, des familles, pour un accompagnement, \u00e0 domicile, temporaire ou de longue dur\u00e9e, et du portage repas. L\u2019ADMR du Haut C\u00e9l\u00e9\u00a0 intervient \u00e0 Puycapel\u2026","rel":"","context":"Article similaire","block_context":{"text":"Article similaire","link":""},"img":{"alt_text":"","src":"https:\/\/i0.wp.com\/puycapel.fr\/wp-content\/uploads\/2026\/02\/AFFICHE-PR-HAUT-CELE_page-0001-1-1.jpg?resize=350%2C200&ssl=1","width":350,"height":200,"srcset":"https:\/\/i0.wp.com\/puycapel.fr\/wp-content\/uploads\/2026\/02\/AFFICHE-PR-HAUT-CELE_page-0001-1-1.jpg?resize=350%2C200&ssl=1 1x, https:\/\/i0.wp.com\/puycapel.fr\/wp-content\/uploads\/2026\/02\/AFFICHE-PR-HAUT-CELE_page-0001-1-1.jpg?resize=525%2C300&ssl=1 1.5x, https:\/\/i0.wp.com\/puycapel.fr\/wp-content\/uploads\/2026\/02\/AFFICHE-PR-HAUT-CELE_page-0001-1-1.jpg?resize=700%2C400&ssl=1 2x, https:\/\/i0.wp.com\/puycapel.fr\/wp-content\/uploads\/2026\/02\/AFFICHE-PR-HAUT-CELE_page-0001-1-1.jpg?resize=1050%2C600&ssl=1 3x"},"classes":[]},{"id":200,"url":"https:\/\/puycapel.fr\/index.php\/accueil\/les-associations-de-puycapel\/chasse-acca\/","url_meta":{"origin":411,"position":5},"title":"Chasse \/ ACCA","author":"Antoine Puech","date":"26 janvier 2019","format":false,"excerpt":"Secteur de Calvinet La saison 2014-2015 est termin\u00e9e. La soci\u00e9t\u00e9 de chasse a constat\u00e9 une certaine stabilit\u00e9 du nombre d\u2019adh\u00e9rents avec la vente de 37 cartes. Le quota de 32 chevreuils impos\u00e9 par la F\u00e9d\u00e9ration pour cette campagne a \u00e9t\u00e9 respect\u00e9. L\u2019assembl\u00e9e g\u00e9n\u00e9rale s\u2019est tenue le dimanche 28 juin 2015,\u2026","rel":"","context":"Article similaire","block_context":{"text":"Article similaire","link":""},"img":{"alt_text":"","src":"","width":0,"height":0},"classes":[]}],"_links":{"self":[{"href":"https:\/\/puycapel.fr\/index.php\/wp-json\/wp\/v2\/pages\/411","targetHints":{"allow":["GET"]}}],"collection":[{"href":"https:\/\/puycapel.fr\/index.php\/wp-json\/wp\/v2\/pages"}],"about":[{"href":"https:\/\/puycapel.fr\/index.php\/wp-json\/wp\/v2\/types\/page"}],"author":[{"embeddable":true,"href":"https:\/\/puycapel.fr\/index.php\/wp-json\/wp\/v2\/users\/3"}],"replies":[{"embeddable":true,"href":"https:\/\/puycapel.fr\/index.php\/wp-json\/wp\/v2\/comments?post=411"}],"version-history":[{"count":23,"href":"https:\/\/puycapel.fr\/index.php\/wp-json\/wp\/v2\/pages\/411\/revisions"}],"predecessor-version":[{"id":10417,"href":"https:\/\/puycapel.fr\/index.php\/wp-json\/wp\/v2\/pages\/411\/revisions\/10417"}],"up":[{"embeddable":true,"href":"https:\/\/puycapel.fr\/index.php\/wp-json\/wp\/v2\/pages\/83"}],"wp:attachment":[{"href":"https:\/\/puycapel.fr\/index.php\/wp-json\/wp\/v2\/media?parent=411"}],"curies":[{"name":"wp","href":"https:\/\/api.w.org\/{rel}","templated":true}]}}