{"id":4153,"date":"2021-05-31T22:31:56","date_gmt":"2021-05-31T20:31:56","guid":{"rendered":"https:\/\/puycapel.fr\/?page_id=4153"},"modified":"2025-03-18T22:15:43","modified_gmt":"2025-03-18T21:15:43","slug":"adressage-de-la-commune-de-puycapel","status":"publish","type":"page","link":"https:\/\/puycapel.fr\/index.php\/adressage-de-la-commune-de-puycapel\/","title":{"rendered":"Adressage de la commune de Puycapel"},"content":{"rendered":"\n<p>Suite \u00e0 la mise en place de l&rsquo;adressage sur notre commune, si ce n&rsquo;est pas d\u00e9j\u00e0 fait, pensez \u00e0 communiquer votre nouvelle adresses \u00e0 vos organismes : banque, t\u00e9l\u00e9phonie, Energie, URSAFF, ETC&#8230;<\/p>\n\n\n\n<p><a href=\"https:\/\/www.service-public.fr\/particuliers\/vosdroits\/R11193\" data-type=\"link\" data-id=\"https:\/\/www.service-public.fr\/particuliers\/vosdroits\/R11193\">Pour faire les d\u00e9marches de communication de votre nouvelle adresse, vous pouvez utiliser ce lien qui permet de r\u00e9percuter la demande de mise \u00e0 jour de votre adresse simultan\u00e9ment \u00e0 plusieurs organismes:<\/a><\/p>\n\n\n\n<p><a href=\"https:\/\/www.service-public.fr\/particuliers\/vosdroits\/R11193\">https:\/\/www.service-public.fr\/particuliers\/vosdroits\/R11193<\/a><\/p>\n\n\n\n<p><\/p>\n\n\n\n<h2 class=\"wp-block-heading\">Consulter la Base nationale :<\/h2>\n\n\n\n<p><a href=\"https:\/\/adresse.data.gouv.fr\/base-adresse-nationale\/15027#11.05\/44.7065\/2.327\" data-type=\"link\" data-id=\"https:\/\/adresse.data.gouv.fr\/base-adresse-nationale\/15027#11.05\/44.7065\/2.327\">ci dessous un lien vers la base d&rsquo;adresses nationale  BAN <\/a><\/p>\n\n\n\n<p><a href=\"https:\/\/adresse.data.gouv.fr\/carte-base-adresse-nationale?id=15027#44.717083_2.357751_20.17\">LIEN ACCES<\/a><\/p>\n\n\n\n<figure class=\"wp-block-image size-large\"><a href=\"https:\/\/adresse.data.gouv.fr\/carte-base-adresse-nationale?id=15027#44.717083_2.357751_20.17\"><img data-recalc-dims=\"1\" loading=\"lazy\" decoding=\"async\" width=\"1024\" height=\"526\" data-attachment-id=\"8698\" data-permalink=\"https:\/\/puycapel.fr\/index.php\/adressage-de-la-commune-de-puycapel\/image-28\/\" data-orig-file=\"https:\/\/i0.wp.com\/puycapel.fr\/wp-content\/uploads\/2023\/12\/image.png?fit=1209%2C621&amp;ssl=1\" data-orig-size=\"1209,621\" data-comments-opened=\"0\" data-image-meta=\"{&quot;aperture&quot;:&quot;0&quot;,&quot;credit&quot;:&quot;&quot;,&quot;camera&quot;:&quot;&quot;,&quot;caption&quot;:&quot;&quot;,&quot;created_timestamp&quot;:&quot;0&quot;,&quot;copyright&quot;:&quot;&quot;,&quot;focal_length&quot;:&quot;0&quot;,&quot;iso&quot;:&quot;0&quot;,&quot;shutter_speed&quot;:&quot;0&quot;,&quot;title&quot;:&quot;&quot;,&quot;orientation&quot;:&quot;0&quot;}\" data-image-title=\"image\" data-image-description=\"\" data-image-caption=\"\" data-large-file=\"https:\/\/i0.wp.com\/puycapel.fr\/wp-content\/uploads\/2023\/12\/image.png?fit=1024%2C526&amp;ssl=1\" src=\"https:\/\/i0.wp.com\/puycapel.fr\/wp-content\/uploads\/2023\/12\/image.png?resize=1024%2C526&#038;ssl=1\" alt=\"\" class=\"wp-image-8698\" srcset=\"https:\/\/i0.wp.com\/puycapel.fr\/wp-content\/uploads\/2023\/12\/image.png?resize=1024%2C526&amp;ssl=1 1024w, https:\/\/i0.wp.com\/puycapel.fr\/wp-content\/uploads\/2023\/12\/image.png?resize=300%2C154&amp;ssl=1 300w, https:\/\/i0.wp.com\/puycapel.fr\/wp-content\/uploads\/2023\/12\/image.png?resize=768%2C394&amp;ssl=1 768w, https:\/\/i0.wp.com\/puycapel.fr\/wp-content\/uploads\/2023\/12\/image.png?w=1209&amp;ssl=1 1209w\" sizes=\"auto, (max-width: 1000px) 100vw, 1000px\" \/><\/a><\/figure>\n\n\n\n<p><a href=\"mailto:adressage@puycapel.fr\" data-type=\"mailto\" data-id=\"mailto:adressage@puycapel.fr\">En cas de doute, \u00e9crivez nous :<\/a><\/p>\n\n\n\n<h2 class=\"wp-block-heading\"><a href=\"mailto:adressage@puycapel.fr\">adressage@puycapel.fr<\/a><\/h2>\n","protected":false},"excerpt":{"rendered":"<p>Suite \u00e0 la mise en place de l&rsquo;adressage sur notre commune, si ce n&rsquo;est pas d\u00e9j\u00e0 fait, pensez \u00e0 communiquer votre nouvelle adresses \u00e0 vos organismes : banque, t\u00e9l\u00e9phonie, Energie, URSAFF, ETC&#8230; Pour faire les d\u00e9marches de communication de votre nouvelle adresse, vous pouvez utiliser ce lien qui permet de r\u00e9percuter la demande de mise [&hellip;]<\/p>\n","protected":false},"author":3,"featured_media":0,"parent":0,"menu_order":0,"comment_status":"closed","ping_status":"closed","template":"","meta":{"_exactmetrics_skip_tracking":false,"_exactmetrics_sitenote_active":false,"_exactmetrics_sitenote_note":"","_exactmetrics_sitenote_category":0,"jetpack_post_was_ever_published":false,"footnotes":""},"class_list":["post-4153","page","type-page","status-publish","hentry"],"jetpack_sharing_enabled":true,"jetpack_shortlink":"https:\/\/wp.me\/PaADkW-14Z","jetpack-related-posts":[{"id":242,"url":"https:\/\/puycapel.fr\/index.php\/accueil\/les-associations-de-puycapel\/serfouette\/","url_meta":{"origin":4153,"position":0},"title":"Serfouette","author":"Antoine Puech","date":"26 janvier 2019","format":false,"excerpt":"-AVRIL 2021- Serfouette poursuit son action \"z\u00e9ro d\u00e9chet\" en offrant des poules \u00e0 celles et ceux qui s'engagent \u00e0 r\u00e9duire leurs d\u00e9chets. Informations au local Serfouette : 39 rue de la Chataigneraie, Calvinet, 15340 Puycapel Chaque mercredi de 18h \u00e0 20h et le 1er dimanche du mois de 10h \u00e0\u2026","rel":"","context":"Article similaire","block_context":{"text":"Article similaire","link":""},"img":{"alt_text":"","src":"","width":0,"height":0},"classes":[]},{"id":7,"url":"https:\/\/puycapel.fr\/index.php\/accueil\/","url_meta":{"origin":4153,"position":1},"title":"Accueil 2","author":"admin5620","date":"1 janvier 2019","format":false,"excerpt":"Bienvenue sur le site de Puycapel,\u00a0 commune nouvelle issue\u00a0 du regroupement des communes de Calvinet et Mourjou. Ancien site web de calvinet ( n'est plus mis \u00e0 jour) Site de Mourjou Actualit\u00e9s de Puycapel","rel":"","context":"Article similaire","block_context":{"text":"Article similaire","link":""},"img":{"alt_text":"","src":"","width":0,"height":0},"classes":[]},{"id":1178,"url":"https:\/\/puycapel.fr\/index.php\/maison-de-la-chataigne\/","url_meta":{"origin":4153,"position":2},"title":"Maison de la ch\u00e2taigne","author":"Mairie Puycapel","date":"3 juin 2019","format":false,"excerpt":"Depuis 1990 la Foire de la Ch\u00e2taigne, la Fi\u00e8ra de la Castanha, anime la commune l\u2019avant-dernier week-end d\u2019octobre. L\u2019association du P\u00e9lou et tout le village se mobilisent pour accueillir plus de 20 000 visiteurs venus de la r\u00e9gion et de beaucoup plus loin. C\u2019est pour unir hier et aujourd\u2019hui que\u2026","rel":"","context":"Article similaire","block_context":{"text":"Article similaire","link":""},"img":{"alt_text":"","src":"https:\/\/i0.wp.com\/puycapel.fr\/wp-content\/uploads\/2019\/06\/epicerie-site-1.jpg?resize=350%2C200&ssl=1","width":350,"height":200},"classes":[]},{"id":145,"url":"https:\/\/puycapel.fr\/index.php\/accueil\/contactez-nous\/formalites-administratives\/","url_meta":{"origin":4153,"position":3},"title":"Formalit\u00e9s administratives","author":"Antoine Puech","date":"16 janvier 2019","format":false,"excerpt":"SECRETARIAT DE MAIRIE Tatiana MARIE et Nathalie ROBERT-MALVEZIN vous accueillent au secr\u00e9tariat \u00e0 Mourjou les matins de 9h00 \u00e0 12h00 (mardi, jeudi et vendredi) - T 04 71 49 96 37 et \u00e0 Calvinet les apr\u00e8s-midi de 13h30 \u00e0 16h30 (mardi, jeudi et vendredi) - T 04 71 49 94\u2026","rel":"","context":"Article similaire","block_context":{"text":"Article similaire","link":""},"img":{"alt_text":"","src":"","width":0,"height":0},"classes":[]},{"id":420,"url":"https:\/\/puycapel.fr\/index.php\/les-bonnes-adresses\/","url_meta":{"origin":4153,"position":4},"title":"Les bonnes adresses","author":"Antoine Puech","date":"11 f\u00e9vrier 2019","format":false,"excerpt":"Pierre-Jean BOUQUIER Entreprise de travaux agricoles : enrubannage \/ ensilage herbe et ma\u00efs \/ moisson \/ pressage en bottes carr\u00e9esroute de Jalenques 15340 Mourjou\u0096T\u00e9l 04 71 49 95 80 ou 06 70 10 19 65 SARL BOUQUIER Patrick et Pierre-Jean Entreprise de travaux agricoles \u2013 N\u00e9goce paille \/ fourrageroute de\u2026","rel":"","context":"Article similaire","block_context":{"text":"Article similaire","link":""},"img":{"alt_text":"","src":"","width":0,"height":0},"classes":[]},{"id":227,"url":"https:\/\/puycapel.fr\/index.php\/accueil\/les-associations-de-puycapel\/calvinet-patrimoine\/","url_meta":{"origin":4153,"position":5},"title":"Calvinet Patrimoine","author":"Antoine Puech","date":"26 janvier 2019","format":false,"excerpt":"Fond\u00e9e en mars 2001, l\u2019association pour la sauvegarde de notre patrimoine, dite CALVINET-PATRIMOINE, a pour objet la sauvegarde du patrimoine b\u00e2ti, non b\u00e2ti et environnemental sur le territoire de la commune. Depuis sa cr\u00e9ation, l\u2019association a particip\u00e9\u00a0: -\u00e0 la restauration de la vieille fontaine, rue du Pav\u00e9, -\u00e0 la r\u00e9alisation\u2026","rel":"","context":"Article similaire","block_context":{"text":"Article similaire","link":""},"img":{"alt_text":"","src":"","width":0,"height":0},"classes":[]}],"_links":{"self":[{"href":"https:\/\/puycapel.fr\/index.php\/wp-json\/wp\/v2\/pages\/4153","targetHints":{"allow":["GET"]}}],"collection":[{"href":"https:\/\/puycapel.fr\/index.php\/wp-json\/wp\/v2\/pages"}],"about":[{"href":"https:\/\/puycapel.fr\/index.php\/wp-json\/wp\/v2\/types\/page"}],"author":[{"embeddable":true,"href":"https:\/\/puycapel.fr\/index.php\/wp-json\/wp\/v2\/users\/3"}],"replies":[{"embeddable":true,"href":"https:\/\/puycapel.fr\/index.php\/wp-json\/wp\/v2\/comments?post=4153"}],"version-history":[{"count":14,"href":"https:\/\/puycapel.fr\/index.php\/wp-json\/wp\/v2\/pages\/4153\/revisions"}],"predecessor-version":[{"id":9887,"href":"https:\/\/puycapel.fr\/index.php\/wp-json\/wp\/v2\/pages\/4153\/revisions\/9887"}],"wp:attachment":[{"href":"https:\/\/puycapel.fr\/index.php\/wp-json\/wp\/v2\/media?parent=4153"}],"curies":[{"name":"wp","href":"https:\/\/api.w.org\/{rel}","templated":true}]}}