{"id":541,"date":"2019-03-17T09:04:44","date_gmt":"2019-03-17T08:04:44","guid":{"rendered":"https:\/\/puycapel.fr\/?page_id=541"},"modified":"2019-03-17T09:12:52","modified_gmt":"2019-03-17T08:12:52","slug":"lhistoire-de-la-croix","status":"publish","type":"page","link":"https:\/\/puycapel.fr\/index.php\/un-peu-dhistoire\/lhistoire-de-la-croix\/","title":{"rendered":"L\u2019Histoire de la croix"},"content":{"rendered":"\n<p>LE REMPLACEMENT DE LA CROIX SURPLOMBANT LA FONTAINE DU FOIRAIL, PAR UNE STATUE DE LA LIBERTE ECLAIRANT LE MONDE<\/p>\n\n\n\n<p>Ce fait de l\u2019histoire du village s\u2019explique en partie par le contexte politique de la France du d\u00e9but du vingti\u00e8me si\u00e8cle.<\/p>\n\n\n\n<p>En 1908, le Pr\u00e9sident de la R\u00e9publique est Armand Falli\u00e8res, tandis que le Pr\u00e9sident du Conseil est Georges Cl\u00e9menceau.<\/p>\n\n\n\n<p>Le Cantal est un bastion radical-socialiste avec des parlementaires comme le d\u00e9put\u00e9 Justin Rigal, ou le s\u00e9nateur Eug\u00e8ne Lintilhac.<\/p>\n\n\n\n<p>Comme dans beaucoup de communes du Cantal, \u00e0 Calvinet, le d\u00e9bat ayant pr\u00e9c\u00e9d\u00e9 l\u2019adoption de la loi de 1905 sur la s\u00e9paration de l\u2019Eglise et de l\u2019Etat a \u00e9t\u00e9 rude.<\/p>\n\n\n\n<p>Le conseil municipal oppose les conservateurs de l\u2019\u00e9quipe du maire \u00e9lu, Roger de Bonnafos, aux radicaux men\u00e9s par L\u00e9on Cazeaux.<\/p>\n\n\n\n<p>En vue des \u00e9lections municipales de 1908, ce dernier a sollicit\u00e9 comme t\u00eate de liste un aurillacois de naissance, mais un calvin\u00e9tois de c\u0153ur, puisqu\u2019il a pass\u00e9 une partie de son enfance \u00e0 la Rouquette et au Faisan, et qu\u2019il revient fr\u00e9quemment dans cette derni\u00e8re maison qui appartient \u00e0 sa compagne, C\u00e9cilia Vellini : Jean de Bonnefon, dont la vie professionnelle (il est \u00e9crivain et journaliste pol\u00e9miste) est \u00e0 Paris.<\/p>\n\n\n\n<p>Ce dernier emporte les \u00e9lections municipales de 1908, et est \u00e9lu maire.<\/p>\n\n\n\n<p>Au conseil municipal du 19 juillet 1908 est vot\u00e9 le remplacement de la croix qui surplombe la fontaine situ\u00e9e sur le foirail, par une statue de la libert\u00e9 \u00e9clairant le monde, selon la m\u00eame d\u00e9nomination que celle sculpt\u00e9e par Fr\u00e9d\u00e9ric-Auguste Bartholdi, et offerte en 1886 aux Etats- Unis d\u2019Am\u00e9rique par la France.<\/p>\n\n\n\n<p>La croix est plac\u00e9e au cimeti\u00e8re, o\u00f9 elle se trouve toujours, dans une all\u00e9e.<\/p>\n\n\n\n<p>Le 2 ao\u00fbt 1908, c\u2019est en grande pompe qu\u2019est inaugur\u00e9e cette statue, en pr\u00e9sence notamment du Pr\u00e9fet du Cantal, du s\u00e9nateur Eug\u00e8ne Lintilhac, du d\u00e9put\u00e9 Justin Rigal, et du conseiller g\u00e9n\u00e9ral du canton de Maurs, Antonin Fel.<\/p>\n\n\n\n<p>Devenue au fil des ans l\u2019un des symboles de Calvinet, le conseil municipal a souhait\u00e9 en 2014 faire de la fontaine r\u00e9publicaine le logo1 de la commune.<\/p>\n\n\n\n<p>C\u2019est le peintre Andr\u00e9 Puech (1923-2014), originaire de Granouill\u00e8re \u00e0 Lafeuillade-en-V\u00e9zie, qui l\u2019a dessin\u00e9e.<\/p>\n\n\n\n<p>La fontaine r\u00e9publicaine se trouve sur la place du village, ancien foirail, d\u00e9sormais d\u00e9nomm\u00e9e Jean de Bonnefon.<\/p>\n\n\n\n<p>Des fontaines des communes du canton sont aussi surplomb\u00e9es d\u2019un symbole r\u00e9publicain :&nbsp; c\u2019est ainsi que le buste de Marianne orne la fontaine d\u2019Arpajon-sur-C\u00e8re et celle de Cassaniouze.<\/p>\n\n\n\n<p>BIBLIOGRAPHIE<\/p>\n\n\n\n<p>\uf0d8 Lettre ouverte de Jean de Bonnefon \u00e0 monsieur Francis Charmes, \u00e9diteur Achille<\/p>\n\n\n\n<p>Pradier \u2013 Paris 1910 (<a href=\"http:\/\/archives.cantal.fr\/\" target=\"_blank\" rel=\"noreferrer noopener\">Archives d\u00e9partementales du Cantal<\/a>&nbsp;\u2013 ADC, 2 BIB 100 84)<\/p>\n\n\n\n<p>\uf0d8 L\u2019Affaire de la croix \u2013 un changement radical : de la fontaine au cimeti\u00e8re, par<\/p>\n\n\n\n<p>Fran\u00e7ois Danemans \u2013 Chronique du Veinaz\u00e8s n\u00b032, 2008 (Archives d\u00e9partementales<\/p>\n\n\n\n<p>du Cantal \u2013ADC 459 PER 1)<\/p>\n","protected":false},"excerpt":{"rendered":"<p>LE REMPLACEMENT DE LA CROIX SURPLOMBANT LA FONTAINE DU FOIRAIL, PAR UNE STATUE DE LA LIBERTE ECLAIRANT LE MONDE Ce fait de l\u2019histoire du village s\u2019explique en partie par le contexte politique de la France du d\u00e9but du vingti\u00e8me si\u00e8cle. En 1908, le Pr\u00e9sident de la R\u00e9publique est Armand Falli\u00e8res, tandis que le Pr\u00e9sident du [&hellip;]<\/p>\n","protected":false},"author":3,"featured_media":0,"parent":273,"menu_order":0,"comment_status":"closed","ping_status":"closed","template":"","meta":{"_exactmetrics_skip_tracking":false,"_exactmetrics_sitenote_active":false,"_exactmetrics_sitenote_note":"","_exactmetrics_sitenote_category":0,"jetpack_post_was_ever_published":false,"footnotes":""},"class_list":["post-541","page","type-page","status-publish","hentry"],"jetpack_sharing_enabled":true,"jetpack_shortlink":"https:\/\/wp.me\/PaADkW-8J","jetpack-related-posts":[{"id":264,"url":"https:\/\/puycapel.fr\/index.php\/accueil\/les-associations-de-puycapel\/club-de-petanque\/","url_meta":{"origin":541,"position":0},"title":"Club de p\u00e9tanque","author":"Antoine Puech","date":"26 janvier 2019","format":false,"excerpt":"Cr\u00e9\u00e9 le 12 mars 1960 au sein de l\u2019association CALVINET SPORTIF, le club de p\u00e9tanque s\u2019en est retir\u00e9 en 2011.\u00a0Il constitue d\u00e9sormais une association. La composition est la suivante\u00a0: Pr\u00e9sident\u00a0:\u00a0Louis GASTON Vice-Pr\u00e9sidents\u00a0:\u00a0Ren\u00e9 MAS et Gaston BOUQUIER Tr\u00e9sorier\u00a0:\u00a0Fran\u00e7ois GAILHAC Vice-Tr\u00e9sorier\u00a0:\u00a0 Donald VERBRUGGE Secr\u00e9taire\u00a0:\u00a0Lionel LACOSTE Secr\u00e9taire adjoint : Jean-Marc CELLIER Les membres\u2026","rel":"","context":"Article similaire","block_context":{"text":"Article similaire","link":""},"img":{"alt_text":"","src":"https:\/\/i0.wp.com\/puycapel.fr\/wp-content\/uploads\/2019\/03\/inauguration-p%C3%A9tanque-calvinet-puycapel-plaque.png?resize=350%2C200&ssl=1","width":350,"height":200},"classes":[]},{"id":1757,"url":"https:\/\/puycapel.fr\/index.php\/liens-avec-la-principaute-de-monaco\/","url_meta":{"origin":541,"position":1},"title":"Liens avec la Principaut\u00e9 de Monaco","author":"Antoine Puech","date":"24 novembre 2019","format":false,"excerpt":"Les liens entre la Principaut\u00e9 de Monaco et la commune de Calvinet datent du XVII\u00e8me si\u00e8cle.Par le Trait\u00e9 de P\u00e9ronne du 14 septembre 1641, Honor\u00e9 II Grimaldi, Prince de Monaco, abandonne le protectorat de l\u2019Espagne pour se mettre sous la protection du roi de France Louis XIII, qui lui avait\u2026","rel":"","context":"Article similaire","block_context":{"text":"Article similaire","link":""},"img":{"alt_text":"","src":"","width":0,"height":0},"classes":[]},{"id":200,"url":"https:\/\/puycapel.fr\/index.php\/accueil\/les-associations-de-puycapel\/chasse-acca\/","url_meta":{"origin":541,"position":2},"title":"Chasse \/ ACCA","author":"Antoine Puech","date":"26 janvier 2019","format":false,"excerpt":"Secteur de Calvinet La saison 2014-2015 est termin\u00e9e. La soci\u00e9t\u00e9 de chasse a constat\u00e9 une certaine stabilit\u00e9 du nombre d\u2019adh\u00e9rents avec la vente de 37 cartes. Le quota de 32 chevreuils impos\u00e9 par la F\u00e9d\u00e9ration pour cette campagne a \u00e9t\u00e9 respect\u00e9. L\u2019assembl\u00e9e g\u00e9n\u00e9rale s\u2019est tenue le dimanche 28 juin 2015,\u2026","rel":"","context":"Article similaire","block_context":{"text":"Article similaire","link":""},"img":{"alt_text":"","src":"","width":0,"height":0},"classes":[]},{"id":3022,"url":"https:\/\/puycapel.fr\/index.php\/revue-de-presse\/","url_meta":{"origin":541,"position":3},"title":"Revue de presse","author":"Mairie Puycapel","date":"8 octobre 2020","format":false,"excerpt":"La Montagne - 08\/10\/2020: Visite du Pr\u00e9fet du Cantal \u00e0 INTERLAB Visite-du-Prefet-du-Cantal-\u00e0-Interlab-1T\u00e9l\u00e9charger La Montagne - 21\/11\/2020: Nouvelle voie d'acc\u00e8s vers Jalenques Article-voie-acc\u00e8s-JalenquesT\u00e9l\u00e9charger","rel":"","context":"Article similaire","block_context":{"text":"Article similaire","link":""},"img":{"alt_text":"","src":"","width":0,"height":0},"classes":[]},{"id":231,"url":"https:\/\/puycapel.fr\/index.php\/accueil\/les-associations-de-puycapel\/comite-danimation-de-calvinet\/","url_meta":{"origin":541,"position":4},"title":"Comit\u00e9 d&rsquo;animation de Calvinet","author":"Antoine Puech","date":"26 janvier 2019","format":false,"excerpt":"D\u00e9clar\u00e9e le\u00a0 28\/10\/2002 en Pr\u00e9fecture n\u00b0\u00a0:W151000836 Siege social\u00a0 mairie de CALVINET\u00a0 association r\u00e9gie par la loi de 1901 OBJET\u00a0 \/ Animations touristiques, organisation de f\u00eates et spectacles Principales activit\u00e9s\u00a0: *repas\u00a0\/vente choux farcis\u00a0 le 13 juillet \u00a0\u00a0\u00a0\u00a0\u00a0\u00a0\u00a0\u00a0\u00a0\u00a0\u00a0 \u00a0\u00a0\u00a0\u00a0\u00a0\u00a0\u00a0\u00a0\u00a0\u00a0\u00a0\u00a0\u00a0\u00a0\u00a0\u00a0\u00a0\u00a0\u00a0\u00a0\u00a0\u00a0\u00a0\u00a0\u00a0\u00a0\u00a0\u00a0\u00a0\u00a0\u00a0\u00a0\u00a0\u00a0 *pique nique g\u00e9ant le 14 \u00a0 Juillet\u00a0 terrain de foot \u00a0\u00a0\u00a0\u00a0\u00a0\u00a0\u00a0\u00a0\u00a0\u00a0\u00a0\u00a0\u00a0\u00a0\u00a0\u00a0\u00a0\u00a0\u00a0\u00a0\u00a0\u00a0\u00a0\u00a0\u00a0\u00a0\u00a0\u00a0\u00a0\u00a0\u00a0\u00a0\u00a0\u00a0\u00a0\u00a0\u00a0\u00a0\u00a0\u00a0\u00a0\u00a0\u00a0\u00a0\u00a0\u00a0 *d\u00e9cembre organisation\u2026","rel":"","context":"Article similaire","block_context":{"text":"Article similaire","link":""},"img":{"alt_text":"","src":"","width":0,"height":0},"classes":[]},{"id":1027,"url":"https:\/\/puycapel.fr\/index.php\/comite-des-fetes-de-mourjou\/","url_meta":{"origin":541,"position":5},"title":"Comit\u00e9 des f\u00eates de Mourjou","author":"Mairie Puycapel","date":"20 mai 2019","format":false,"excerpt":"Le bureau du comit\u00e9 des f\u00eates se compose de: Christian Charmes\/ Pr\u00e9sident et Julien Mol\u00e9nat\/ Vice-pr\u00e9sident Maud Fosset\/ Tr\u00e9sori\u00e8re et Fabien Puech\/ Tr\u00e9sorier adjoint Claire Causse\/ Secr\u00e9taire et Laetitia Gleyal\/ Secr\u00e9taire adjointe Le bureau et quelques membres -photo 2019- Son objectif est d'animer le village. Le comit\u00e9 a propos\u00e9 une\u2026","rel":"","context":"Article similaire","block_context":{"text":"Article similaire","link":""},"img":{"alt_text":"","src":"https:\/\/i0.wp.com\/puycapel.fr\/wp-content\/uploads\/2019\/05\/comite.jpg?resize=350%2C200&ssl=1","width":350,"height":200,"srcset":"https:\/\/i0.wp.com\/puycapel.fr\/wp-content\/uploads\/2019\/05\/comite.jpg?resize=350%2C200&ssl=1 1x, https:\/\/i0.wp.com\/puycapel.fr\/wp-content\/uploads\/2019\/05\/comite.jpg?resize=525%2C300&ssl=1 1.5x, https:\/\/i0.wp.com\/puycapel.fr\/wp-content\/uploads\/2019\/05\/comite.jpg?resize=700%2C400&ssl=1 2x, https:\/\/i0.wp.com\/puycapel.fr\/wp-content\/uploads\/2019\/05\/comite.jpg?resize=1050%2C600&ssl=1 3x, https:\/\/i0.wp.com\/puycapel.fr\/wp-content\/uploads\/2019\/05\/comite.jpg?resize=1400%2C800&ssl=1 4x"},"classes":[]}],"_links":{"self":[{"href":"https:\/\/puycapel.fr\/index.php\/wp-json\/wp\/v2\/pages\/541","targetHints":{"allow":["GET"]}}],"collection":[{"href":"https:\/\/puycapel.fr\/index.php\/wp-json\/wp\/v2\/pages"}],"about":[{"href":"https:\/\/puycapel.fr\/index.php\/wp-json\/wp\/v2\/types\/page"}],"author":[{"embeddable":true,"href":"https:\/\/puycapel.fr\/index.php\/wp-json\/wp\/v2\/users\/3"}],"replies":[{"embeddable":true,"href":"https:\/\/puycapel.fr\/index.php\/wp-json\/wp\/v2\/comments?post=541"}],"version-history":[{"count":1,"href":"https:\/\/puycapel.fr\/index.php\/wp-json\/wp\/v2\/pages\/541\/revisions"}],"predecessor-version":[{"id":543,"href":"https:\/\/puycapel.fr\/index.php\/wp-json\/wp\/v2\/pages\/541\/revisions\/543"}],"up":[{"embeddable":true,"href":"https:\/\/puycapel.fr\/index.php\/wp-json\/wp\/v2\/pages\/273"}],"wp:attachment":[{"href":"https:\/\/puycapel.fr\/index.php\/wp-json\/wp\/v2\/media?parent=541"}],"curies":[{"name":"wp","href":"https:\/\/api.w.org\/{rel}","templated":true}]}}