{"id":544,"date":"2019-03-17T09:06:33","date_gmt":"2019-03-17T08:06:33","guid":{"rendered":"https:\/\/puycapel.fr\/?page_id=544"},"modified":"2019-03-17T09:13:28","modified_gmt":"2019-03-17T08:13:28","slug":"jean-de-bonnefon","status":"publish","type":"page","link":"https:\/\/puycapel.fr\/index.php\/un-peu-dhistoire\/jean-de-bonnefon\/","title":{"rendered":"Jean de Bonnefon"},"content":{"rendered":"\n<p><strong>\u00c0 L\u2019OCCASION DE LA PARUTION DE<\/strong>&nbsp;<em><strong>L\u2019\u00c9trange Jean de Bonnefon ou le Journalisme \u00e0 l\u2019estomac<\/strong><\/em>&nbsp;<strong>de Christian GURY aux \u00e9ditions ErosOnyX&nbsp;<\/strong><strong>et du 150<\/strong><sup><strong>\u00e8me<\/strong><\/sup><strong>&nbsp;anniversaire&nbsp;<\/strong><strong>de la naissance de Jean de Bonnefon,<\/strong>&nbsp;<strong>maire de Calvinet de 1908 \u00e0 1928,&nbsp;une conf\u00e9rence sur&nbsp;\u00ab&nbsp;Jean de Bonnefon, un Cantalien de Paris&nbsp;\u00bb, a \u00e9t\u00e9&nbsp;donn\u00e9e par l\u2019auteur&nbsp;\u00e0 la salle des F\u00eates de Calvinet le 8 juillet 2016 \u00e0 17 h 30.<\/strong><\/p>\n\n\n\n<p>Ci dessous la retransmission.<\/p>\n\n\n\n<figure><iframe loading=\"lazy\" width=\"400\" height=\"250\" src=\"https:\/\/www.youtube.com\/embed\/YQjp4FNz2A4?enablejsapi=1&amp;autoplay=0&amp;cc_load_policy=0&amp;iv_load_policy=1&amp;loop=0&amp;modestbranding=0&amp;rel=1&amp;showinfo=1&amp;fs=1&amp;playsinline=0&amp;autohide=2&amp;theme=dark&amp;color=red&amp;controls=2&amp;\" allowfullscreen=\"\"><\/iframe><\/figure>\n\n\n\n<div class=\"wp-block-image\"><figure class=\"aligncenter\"><a href=\"https:\/\/i0.wp.com\/www.calvinet.fr\/wp-content\/uploads\/2016\/06\/Jean-de-Bonnefon.jpg\"><img data-recalc-dims=\"1\" loading=\"lazy\" decoding=\"async\" width=\"224\" height=\"300\" data-attachment-id=\"552\" data-permalink=\"https:\/\/puycapel.fr\/index.php\/un-peu-dhistoire\/jean-de-bonnefon\/couverturejeandebonnefon\/\" data-orig-file=\"https:\/\/i0.wp.com\/puycapel.fr\/wp-content\/uploads\/2019\/03\/Jean-de-Bonnefon-224x300.jpg?fit=224%2C300&amp;ssl=1\" data-orig-size=\"224,300\" data-comments-opened=\"0\" data-image-meta=\"{&quot;aperture&quot;:&quot;0&quot;,&quot;credit&quot;:&quot;&quot;,&quot;camera&quot;:&quot;&quot;,&quot;caption&quot;:&quot;&quot;,&quot;created_timestamp&quot;:&quot;0&quot;,&quot;copyright&quot;:&quot;&quot;,&quot;focal_length&quot;:&quot;0&quot;,&quot;iso&quot;:&quot;0&quot;,&quot;shutter_speed&quot;:&quot;0&quot;,&quot;title&quot;:&quot;couvertureJeandebonnefon&quot;,&quot;orientation&quot;:&quot;1&quot;}\" data-image-title=\"couvertureJeandebonnefon\" data-image-description=\"\" data-image-caption=\"\" data-large-file=\"https:\/\/i0.wp.com\/puycapel.fr\/wp-content\/uploads\/2019\/03\/Jean-de-Bonnefon-224x300.jpg?fit=224%2C300&amp;ssl=1\" src=\"https:\/\/i0.wp.com\/puycapel.fr\/wp-content\/uploads\/2019\/03\/Jean-de-Bonnefon-224x300.jpg?resize=224%2C300&#038;ssl=1\" alt=\"\" class=\"wp-image-552\"\/><\/a><\/figure><\/div>\n\n\n\n<p><a href=\"http:\/\/www.erosonyx.com\/?Juin-2016-Christian-Gury-L-ETRANGE\">http:\/\/www.erosonyx.com\/?Juin-2016-Christian-Gury-L-ETRANGE<\/a><\/p>\n\n\n\n<div class=\"wp-block-image\"><figure class=\"aligncenter\"><a href=\"https:\/\/i0.wp.com\/www.calvinet.fr\/wp-content\/uploads\/2016\/07\/jdbf5.jpg\"><img data-recalc-dims=\"1\" loading=\"lazy\" decoding=\"async\" width=\"198\" height=\"300\" data-attachment-id=\"551\" data-permalink=\"https:\/\/puycapel.fr\/index.php\/un-peu-dhistoire\/jean-de-bonnefon\/jdbf5-198x300\/\" data-orig-file=\"https:\/\/i0.wp.com\/puycapel.fr\/wp-content\/uploads\/2019\/03\/jdbf5-198x300.jpg?fit=198%2C300&amp;ssl=1\" data-orig-size=\"198,300\" data-comments-opened=\"0\" data-image-meta=\"{&quot;aperture&quot;:&quot;0&quot;,&quot;credit&quot;:&quot;Puech, Antoine&quot;,&quot;camera&quot;:&quot;&quot;,&quot;caption&quot;:&quot;&quot;,&quot;created_timestamp&quot;:&quot;1467719475&quot;,&quot;copyright&quot;:&quot;&quot;,&quot;focal_length&quot;:&quot;0&quot;,&quot;iso&quot;:&quot;0&quot;,&quot;shutter_speed&quot;:&quot;0&quot;,&quot;title&quot;:&quot;&quot;,&quot;orientation&quot;:&quot;0&quot;}\" data-image-title=\"jdbf5-198&amp;#215;300\" data-image-description=\"\" data-image-caption=\"\" data-large-file=\"https:\/\/i0.wp.com\/puycapel.fr\/wp-content\/uploads\/2019\/03\/jdbf5-198x300.jpg?fit=198%2C300&amp;ssl=1\" src=\"https:\/\/i0.wp.com\/puycapel.fr\/wp-content\/uploads\/2019\/03\/jdbf5-198x300.jpg?resize=198%2C300&#038;ssl=1\" alt=\"\" class=\"wp-image-551\"\/><\/a><\/figure><\/div>\n\n\n\n<div class=\"wp-block-image\"><figure class=\"aligncenter\"><a href=\"https:\/\/i0.wp.com\/www.calvinet.fr\/wp-content\/uploads\/2016\/07\/jdbf4.jpg\"><img data-recalc-dims=\"1\" loading=\"lazy\" decoding=\"async\" width=\"600\" height=\"419\" data-attachment-id=\"550\" data-permalink=\"https:\/\/puycapel.fr\/index.php\/un-peu-dhistoire\/jean-de-bonnefon\/jdbf4-600x419\/\" data-orig-file=\"https:\/\/i0.wp.com\/puycapel.fr\/wp-content\/uploads\/2019\/03\/jdbf4-600x419.jpg?fit=600%2C419&amp;ssl=1\" data-orig-size=\"600,419\" data-comments-opened=\"0\" data-image-meta=\"{&quot;aperture&quot;:&quot;0&quot;,&quot;credit&quot;:&quot;Puech, Antoine&quot;,&quot;camera&quot;:&quot;&quot;,&quot;caption&quot;:&quot;&quot;,&quot;created_timestamp&quot;:&quot;1467719415&quot;,&quot;copyright&quot;:&quot;&quot;,&quot;focal_length&quot;:&quot;0&quot;,&quot;iso&quot;:&quot;0&quot;,&quot;shutter_speed&quot;:&quot;0&quot;,&quot;title&quot;:&quot;&quot;,&quot;orientation&quot;:&quot;0&quot;}\" data-image-title=\"jdbf4-600&amp;#215;419\" data-image-description=\"\" data-image-caption=\"\" data-large-file=\"https:\/\/i0.wp.com\/puycapel.fr\/wp-content\/uploads\/2019\/03\/jdbf4-600x419.jpg?fit=600%2C419&amp;ssl=1\" src=\"https:\/\/i0.wp.com\/puycapel.fr\/wp-content\/uploads\/2019\/03\/jdbf4-600x419.jpg?resize=600%2C419&#038;ssl=1\" alt=\"\" class=\"wp-image-550\" srcset=\"https:\/\/i0.wp.com\/puycapel.fr\/wp-content\/uploads\/2019\/03\/jdbf4-600x419.jpg?resize=600%2C419&amp;ssl=1 600w, https:\/\/i0.wp.com\/puycapel.fr\/wp-content\/uploads\/2019\/03\/jdbf4-600x419.jpg?resize=300%2C210&amp;ssl=1 300w\" sizes=\"auto, (max-width: 600px) 100vw, 600px\" \/><\/a><\/figure><\/div>\n\n\n\n<div class=\"wp-block-image\"><figure class=\"aligncenter\"><a href=\"https:\/\/i0.wp.com\/www.calvinet.fr\/wp-content\/uploads\/2016\/07\/jdbf3o.jpg\"><img data-recalc-dims=\"1\" loading=\"lazy\" decoding=\"async\" width=\"600\" height=\"377\" data-attachment-id=\"549\" data-permalink=\"https:\/\/puycapel.fr\/index.php\/un-peu-dhistoire\/jean-de-bonnefon\/jdbf3o-600x377\/\" data-orig-file=\"https:\/\/i0.wp.com\/puycapel.fr\/wp-content\/uploads\/2019\/03\/jdbf3o-600x377.jpg?fit=600%2C377&amp;ssl=1\" data-orig-size=\"600,377\" data-comments-opened=\"0\" data-image-meta=\"{&quot;aperture&quot;:&quot;0&quot;,&quot;credit&quot;:&quot;Puech, Antoine&quot;,&quot;camera&quot;:&quot;&quot;,&quot;caption&quot;:&quot;&quot;,&quot;created_timestamp&quot;:&quot;1467719318&quot;,&quot;copyright&quot;:&quot;&quot;,&quot;focal_length&quot;:&quot;0&quot;,&quot;iso&quot;:&quot;0&quot;,&quot;shutter_speed&quot;:&quot;0&quot;,&quot;title&quot;:&quot;&quot;,&quot;orientation&quot;:&quot;0&quot;}\" data-image-title=\"jdbf3o-600&amp;#215;377\" data-image-description=\"\" data-image-caption=\"\" data-large-file=\"https:\/\/i0.wp.com\/puycapel.fr\/wp-content\/uploads\/2019\/03\/jdbf3o-600x377.jpg?fit=600%2C377&amp;ssl=1\" src=\"https:\/\/i0.wp.com\/puycapel.fr\/wp-content\/uploads\/2019\/03\/jdbf3o-600x377.jpg?resize=600%2C377&#038;ssl=1\" alt=\"\" class=\"wp-image-549\" srcset=\"https:\/\/i0.wp.com\/puycapel.fr\/wp-content\/uploads\/2019\/03\/jdbf3o-600x377.jpg?resize=600%2C377&amp;ssl=1 600w, https:\/\/i0.wp.com\/puycapel.fr\/wp-content\/uploads\/2019\/03\/jdbf3o-600x377.jpg?resize=300%2C189&amp;ssl=1 300w\" sizes=\"auto, (max-width: 600px) 100vw, 600px\" \/><\/a><\/figure><\/div>\n\n\n\n<div class=\"wp-block-image\"><figure class=\"aligncenter\"><a href=\"https:\/\/i0.wp.com\/www.calvinet.fr\/wp-content\/uploads\/2016\/07\/jdbf2.jpg\"><img data-recalc-dims=\"1\" loading=\"lazy\" decoding=\"async\" width=\"600\" height=\"355\" data-attachment-id=\"548\" data-permalink=\"https:\/\/puycapel.fr\/index.php\/un-peu-dhistoire\/jean-de-bonnefon\/jdbf2-600x355\/\" data-orig-file=\"https:\/\/i0.wp.com\/puycapel.fr\/wp-content\/uploads\/2019\/03\/jdbf2-600x355.jpg?fit=600%2C355&amp;ssl=1\" data-orig-size=\"600,355\" data-comments-opened=\"0\" data-image-meta=\"{&quot;aperture&quot;:&quot;0&quot;,&quot;credit&quot;:&quot;Puech, Antoine&quot;,&quot;camera&quot;:&quot;&quot;,&quot;caption&quot;:&quot;&quot;,&quot;created_timestamp&quot;:&quot;1467719280&quot;,&quot;copyright&quot;:&quot;&quot;,&quot;focal_length&quot;:&quot;0&quot;,&quot;iso&quot;:&quot;0&quot;,&quot;shutter_speed&quot;:&quot;0&quot;,&quot;title&quot;:&quot;&quot;,&quot;orientation&quot;:&quot;0&quot;}\" data-image-title=\"jdbf2-600&amp;#215;355\" data-image-description=\"\" data-image-caption=\"\" data-large-file=\"https:\/\/i0.wp.com\/puycapel.fr\/wp-content\/uploads\/2019\/03\/jdbf2-600x355.jpg?fit=600%2C355&amp;ssl=1\" src=\"https:\/\/i0.wp.com\/puycapel.fr\/wp-content\/uploads\/2019\/03\/jdbf2-600x355.jpg?resize=600%2C355&#038;ssl=1\" alt=\"\" class=\"wp-image-548\" srcset=\"https:\/\/i0.wp.com\/puycapel.fr\/wp-content\/uploads\/2019\/03\/jdbf2-600x355.jpg?resize=600%2C355&amp;ssl=1 600w, https:\/\/i0.wp.com\/puycapel.fr\/wp-content\/uploads\/2019\/03\/jdbf2-600x355.jpg?resize=300%2C178&amp;ssl=1 300w\" sizes=\"auto, (max-width: 600px) 100vw, 600px\" \/><\/a><\/figure><\/div>\n","protected":false},"excerpt":{"rendered":"<p>\u00c0 L\u2019OCCASION DE LA PARUTION DE&nbsp;L\u2019\u00c9trange Jean de Bonnefon ou le Journalisme \u00e0 l\u2019estomac&nbsp;de Christian GURY aux \u00e9ditions ErosOnyX&nbsp;et du 150\u00e8me&nbsp;anniversaire&nbsp;de la naissance de Jean de Bonnefon,&nbsp;maire de Calvinet de 1908 \u00e0 1928,&nbsp;une conf\u00e9rence sur&nbsp;\u00ab&nbsp;Jean de Bonnefon, un Cantalien de Paris&nbsp;\u00bb, a \u00e9t\u00e9&nbsp;donn\u00e9e par l\u2019auteur&nbsp;\u00e0 la salle des F\u00eates de Calvinet le 8 juillet 2016 [&hellip;]<\/p>\n","protected":false},"author":3,"featured_media":0,"parent":273,"menu_order":0,"comment_status":"closed","ping_status":"closed","template":"","meta":{"_exactmetrics_skip_tracking":false,"_exactmetrics_sitenote_active":false,"_exactmetrics_sitenote_note":"","_exactmetrics_sitenote_category":0,"jetpack_post_was_ever_published":false,"footnotes":""},"class_list":["post-544","page","type-page","status-publish","hentry"],"jetpack_sharing_enabled":true,"jetpack_shortlink":"https:\/\/wp.me\/PaADkW-8M","jetpack-related-posts":[{"id":83,"url":"https:\/\/puycapel.fr\/index.php\/accueil\/contactez-nous\/","url_meta":{"origin":544,"position":0},"title":"La municipalit\u00e9","author":"admin5620","date":"2 janvier 2019","format":false,"excerpt":"Tatiana et Nathalie vous accueillent aux secr\u00e9tariats de Mairie Calvinet: Mardi, jeudi et vendredi de 13h30 \u00e0 16h30 Place Jean de Bonnefon Calvinet T\u00e9l. 04 71 49 94 32 Mourjou: Mardi, jeudi et vendredi matin\u00a0de 9h \u00e0 12h00. Le bourg Mourjou Tel :\u00a004 71 49 96 37 Vous pouvez aussi\u2026","rel":"","context":"Article similaire","block_context":{"text":"Article similaire","link":""},"img":{"alt_text":"","src":"","width":0,"height":0},"classes":[]},{"id":9786,"url":"https:\/\/puycapel.fr\/index.php\/contacts-renseignements\/","url_meta":{"origin":544,"position":1},"title":"Contacts &amp; renseignements","author":"Mairie Puycapel","date":"17 f\u00e9vrier 2025","format":false,"excerpt":"ADRESSES POSTALES MAIRIES Mairie si\u00e8ge CALVINET, 1 place Jean de Bonnefon CALVINET 15340 PUYCAPELMairie d\u00e9l\u00e9gu\u00e9e MOURJOU, Rue du P\u00e9lou MOURJOU 15340 PUYCAPEL HORAIRES D'OUVERTURE AU PUBLIC des MAIRIES: CALVINET : mardi, jeudi, vendredi 13h30 \u00e0 16h30 - T\u00e9l\u00e9phone: 04 71 49 94 32 MOURJOU : mardi, jeudi, vendredi 9h00 \u00e0\u2026","rel":"","context":"Article similaire","block_context":{"text":"Article similaire","link":""},"img":{"alt_text":"","src":"","width":0,"height":0},"classes":[]},{"id":541,"url":"https:\/\/puycapel.fr\/index.php\/un-peu-dhistoire\/lhistoire-de-la-croix\/","url_meta":{"origin":544,"position":2},"title":"L\u2019Histoire de la croix","author":"Antoine Puech","date":"17 mars 2019","format":false,"excerpt":"LE REMPLACEMENT DE LA CROIX SURPLOMBANT LA FONTAINE DU FOIRAIL, PAR UNE STATUE DE LA LIBERTE ECLAIRANT LE MONDE Ce fait de l\u2019histoire du village s\u2019explique en partie par le contexte politique de la France du d\u00e9but du vingti\u00e8me si\u00e8cle. En 1908, le Pr\u00e9sident de la R\u00e9publique est Armand Falli\u00e8res,\u2026","rel":"","context":"Article similaire","block_context":{"text":"Article similaire","link":""},"img":{"alt_text":"","src":"","width":0,"height":0},"classes":[]},{"id":264,"url":"https:\/\/puycapel.fr\/index.php\/accueil\/les-associations-de-puycapel\/club-de-petanque\/","url_meta":{"origin":544,"position":3},"title":"Club de p\u00e9tanque","author":"Antoine Puech","date":"26 janvier 2019","format":false,"excerpt":"Cr\u00e9\u00e9 le 12 mars 1960 au sein de l\u2019association CALVINET SPORTIF, le club de p\u00e9tanque s\u2019en est retir\u00e9 en 2011.\u00a0Il constitue d\u00e9sormais une association. La composition est la suivante\u00a0: Pr\u00e9sident\u00a0:\u00a0Louis GASTON Vice-Pr\u00e9sidents\u00a0:\u00a0Ren\u00e9 MAS et Gaston BOUQUIER Tr\u00e9sorier\u00a0:\u00a0Fran\u00e7ois GAILHAC Vice-Tr\u00e9sorier\u00a0:\u00a0 Donald VERBRUGGE Secr\u00e9taire\u00a0:\u00a0Lionel LACOSTE Secr\u00e9taire adjoint : Jean-Marc CELLIER Les membres\u2026","rel":"","context":"Article similaire","block_context":{"text":"Article similaire","link":""},"img":{"alt_text":"","src":"https:\/\/i0.wp.com\/puycapel.fr\/wp-content\/uploads\/2019\/03\/inauguration-p%C3%A9tanque-calvinet-puycapel-plaque.png?resize=350%2C200&ssl=1","width":350,"height":200},"classes":[]},{"id":656,"url":"https:\/\/puycapel.fr\/index.php\/les-bonnes-adresses\/commerces-et-services\/","url_meta":{"origin":544,"position":4},"title":"Commerces et services","author":"Mairie Puycapel","date":"18 mars 2019","format":false,"excerpt":"Agriculture Proxiel \u2013 aliment b\u00e9tail, engrais\u00a0: Rue du Colombier CALVINET Alimentation EPICERIE\u00a0: SARL ROUQUIER Sup\u00e9rette 8 \u00e0 8: Alimentation g\u00e9n\u00e9rale, produits r\u00e9gionaux et locaux, presse, fruits et l\u00e9gumes, fromage \u00e0 la coupe, charcuterie etc. \u2013 Rue de la Ch\u00e2taigneraie CALVINET T\u00e9l : \u00a004 71 49 91 65 ou sarl.rouquier@orange.fr BOULANGERIE:\u2026","rel":"","context":"Article similaire","block_context":{"text":"Article similaire","link":""},"img":{"alt_text":"","src":"","width":0,"height":0},"classes":[]},{"id":3801,"url":"https:\/\/puycapel.fr\/index.php\/biogaz-de-la-chataigneraie-cantalienne\/","url_meta":{"origin":544,"position":5},"title":"BIOGAZ DE LA CHATAIGNERAIE CANTALIENNE","author":"Mairie Puycapel","date":"9 avril 2021","format":false,"excerpt":"L\u2019association BIOGAZ DE LA CHATAIGNERAIE CANTALIENNE a \u00e9t\u00e9 cr\u00e9\u00e9e le 12 janvier, \u00e0 l\u2019initiative de Boris WAHL, entrepreneur habitant \u00e0 PUYCAPEL. Son objet social est\u00a0: \u00ab Etudier l'opportunit\u00e9 et la faisabilit\u00e9 du d\u00e9veloppement d'une ou plusieurs unit\u00e9s de m\u00e9thanisation\u00a0sur le territoire de la Ch\u00e2taigneraie Cantalienne. La m\u00e9thanisation est un proc\u00e9d\u00e9\u2026","rel":"","context":"Article similaire","block_context":{"text":"Article similaire","link":""},"img":{"alt_text":"","src":"","width":0,"height":0},"classes":[]}],"_links":{"self":[{"href":"https:\/\/puycapel.fr\/index.php\/wp-json\/wp\/v2\/pages\/544","targetHints":{"allow":["GET"]}}],"collection":[{"href":"https:\/\/puycapel.fr\/index.php\/wp-json\/wp\/v2\/pages"}],"about":[{"href":"https:\/\/puycapel.fr\/index.php\/wp-json\/wp\/v2\/types\/page"}],"author":[{"embeddable":true,"href":"https:\/\/puycapel.fr\/index.php\/wp-json\/wp\/v2\/users\/3"}],"replies":[{"embeddable":true,"href":"https:\/\/puycapel.fr\/index.php\/wp-json\/wp\/v2\/comments?post=544"}],"version-history":[{"count":2,"href":"https:\/\/puycapel.fr\/index.php\/wp-json\/wp\/v2\/pages\/544\/revisions"}],"predecessor-version":[{"id":553,"href":"https:\/\/puycapel.fr\/index.php\/wp-json\/wp\/v2\/pages\/544\/revisions\/553"}],"up":[{"embeddable":true,"href":"https:\/\/puycapel.fr\/index.php\/wp-json\/wp\/v2\/pages\/273"}],"wp:attachment":[{"href":"https:\/\/puycapel.fr\/index.php\/wp-json\/wp\/v2\/media?parent=544"}],"curies":[{"name":"wp","href":"https:\/\/api.w.org\/{rel}","templated":true}]}}