{"id":631,"date":"2019-03-18T10:58:16","date_gmt":"2019-03-18T09:58:16","guid":{"rendered":"https:\/\/puycapel.fr\/?page_id=631"},"modified":"2026-01-15T15:31:35","modified_gmt":"2026-01-15T14:31:35","slug":"les-entreprises","status":"publish","type":"page","link":"https:\/\/puycapel.fr\/index.php\/les-bonnes-adresses\/les-entreprises\/","title":{"rendered":"Les entreprises"},"content":{"rendered":"\n<h4 class=\"wp-block-heading\"><strong>Brocante-\u00e9b\u00e9nisterie<\/strong><\/h4>\n\n\n\n<p><strong>Jany St\u00e9phane<\/strong> \u2013 Impasse des Clarine CALVINET<\/p>\n\n\n\n<p>T\u00e9l&nbsp;: 04 71 49 91 33 et <a rel=\"noreferrer noopener\" href=\"http:\/\/www.brocante-antiquites-jany.com\/\" target=\"_blank\">www.brocante-antiquites-jany.com<\/a><\/p>\n\n\n\n<h4 class=\"wp-block-heading\"><strong>Electricit\u00e9 \/ Plomberie&nbsp;\/ Chauffage:<\/strong><\/h4>\n\n\n\n<p><strong>BRU Laurent <\/strong>\u2013 Rue des Prades CALVINET<\/p>\n\n\n\n<p>T\u00e9l&nbsp;: 04 71 49 99 77 et 06 80 17 31 11 et <a href=\"bru-laurent@wanadoo.fr\">b<\/a><a href=\"mailto:bru-laurent@wanadoo.fr\" data-type=\"mailto\" data-id=\"mailto:bru-laurent@wanadoo.fr\">ru-laurent@wanadoo.fr<\/a><\/p>\n\n\n\n<h4 class=\"wp-block-heading\">Salon de coiffure<\/h4>\n\n\n\n<p>Le Salon d&rsquo;Alice CALVINET : <a href=\"tel:0471624958\">0471624958<\/a> \/ <a href=\"https:\/\/www.facebook.com\/profile.php?id=100082913528581\">page Facebook<\/a><\/p>\n\n\n\n<h4 class=\"wp-block-heading\">Immobilier<\/h4>\n\n\n\n<ul class=\"wp-block-list\">\n<li><strong>Emmanuel BILLOT<\/strong> Conseiller en immobilier sur&nbsp;la Chataigneraie: &nbsp;Vente\/achat\/estimation gratuite                                       Mourjou 15340 PuycapEel  T\u00e9l: 07 59 79 75 00  \/ <a href=\"mailto:emmanuel.billot@capifrance.fr\">email<\/a><\/li>\n<\/ul>\n\n\n\n<ul class=\"wp-block-list\">\n<li><strong>Bruno VALENTIN<\/strong> Conseiller en immobilier sur&nbsp;la Chataigneraie: &nbsp;Vente\/achat\/location\/estimation gratuite. Beffrieu\/Mourjou 15340 Puycapel. T\u00e9l: 06 16 98 82 14 \/ <a href=\"mailto:b.valentin@proprietes-privees.com\">email<\/a><\/li>\n<\/ul>\n\n\n\n<ul class=\"wp-block-list\">\n<li><strong>Beno\u00eet VOREUX<\/strong> Conseil en immobilier:  Achat, vente, estimations gratuites                                                                 Le bourg &#8211; Village de Mourjou &#8211; 15340 Puycapel. T\u00e9l: 06 82 30 51 79 \u2013 <a href=\"benoit@grvimmo.com\">email<\/a><\/li>\n<\/ul>\n\n\n\n<h4 class=\"wp-block-heading\">INTERLAB<\/h4>\n\n\n\n<p>con\u00e7oit et fabrique du mat\u00e9riel scientifique<\/p>\n\n\n\n<p> Route de Jalenques MOURJOU<\/p>\n\n\n\n<p> T\u00e9l: 04 71 49 94 74    et <a href=\"https:\/\/www.interlab.bio\" target=\"_blank\" rel=\"noreferrer noopener\">https:\/\/www.interlab.bio<\/a>  et <a href=\"https:\/\/www.interscience.com\">https:\/\/www.interscience.com <\/a><\/p>\n\n\n\n<p>mail: <a href=\"mailto:bureau@interlab15.com\" data-type=\"mailto\" data-id=\"mailto:bureau@interlab15.com\">bureau@interlab15.com<\/a><\/p>\n\n\n\n<h4 class=\"wp-block-heading\"><strong>L<\/strong>G<strong> Froid Elec<\/strong> LISSAC G\u00e9raud <\/h4>\n\n\n\n<p>Chemin du Claux CALVINET T\u00e9l&nbsp;: 04 71 64 97 15<\/p>\n\n\n\n<h4 class=\"wp-block-heading\">Ma\u00e7onnerie, b\u00e9ton, ravalement&nbsp;:<\/h4>\n\n\n\n<p><strong>-ENTREPRISE SAS AYMAR BEAL  <\/strong>&#8211; Ma\u00e7onnerie -B\u00e9tons &#8211; Terrassements &#8211; Assainissement -Piscines &#8211; Chapes fluides &#8211; Ravalements  <em>D\u00e9p\u00f4ts: <\/em>La Croix de Pierre MOURJOU et le Vallon MAURS                                                           <em>Bureau: <\/em>Le Verdier Lavigne MOURJOU  <\/p>\n\n\n\n<p> T\u00e9l : 04 71 49 99 31 ou 06 83 90 62 40  ou<strong> <\/strong><a href=\"mailto:jeanlouis.aymar0463@orange.fr\">entrepriseaymarbeal@gmail.com<\/a><\/p>\n\n\n\n<p><strong> -MAZAC SARL <\/strong>\u2013 Ma\u00e7onnerie &#8211; gros oeuvre <\/p>\n\n\n\n<p>Le Bos CALVINET<\/p>\n\n\n\n<p>T\u00e9l&nbsp;: 04 71 49 92 41 et <a href=\"mailto:mazac.sarl@wanadoo.fr\" data-type=\"mailto\" data-id=\"mailto:mazac.sarl@wanadoo.fr\">mazac.sarl@wanadoo.fr <\/a><\/p>\n\n\n\n<h4 class=\"wp-block-heading\">M\u00e9canique&nbsp;:<\/h4>\n\n\n\n<p><strong>Garage<\/strong> <strong>FLEYS SARL,  m\u00e9canique, vente de v\u00e9hicules, location de v\u00e9los \u00e9lectriques et vente de granul\u00e9s bois \u2013 Borne de recharge pour v\u00e9hicules \u00e9lectriques 22kW  <\/strong>&#8211; Rue de la Ch\u00e2taigneraie CALVINET.<\/p>\n\n\n\n<p>Renseignements  04 71 49 91 57 et <a href=\"mailto:sarlfleys@orange.fr\" data-type=\"mailto\" data-id=\"mailto:sarlfleys@orange.fr\">sarlfleys@orange.fr<\/a><\/p>\n\n\n\n<h4 class=\"wp-block-heading\"><strong>Menuiserie&nbsp;\/ Charpente \/ Couverture:<\/strong><\/h4>\n\n\n\n<p><strong>&#8211; SARL CARCANAGUE <\/strong>&#8211; Le vernassal CALVINET<\/p>\n\n\n\n<p>T\u00e9l&nbsp;: 06 70 46 79 95 et <a href=\"mailto:lavigne-carcanaguemenuiserie@orange.fr\">lavigne-carcanaguemenuiserie@orange.fr<\/a><\/p>\n\n\n\n<h4 class=\"wp-block-heading\"><strong>Transport&nbsp;en AUTOCAR \/ TAXI:<\/strong><\/h4>\n\n\n\n<p><strong>SOCIETE LABORIE <\/strong> \u2013 Rue de la ch\u00e2taigneraie CALVINET<\/p>\n\n\n\n<p>T\u00e9l&nbsp;: 04 71 49 92 79  ou <a href=\"mailto:laborie@wanadoo.fr\">laborie@wanadoo.fr<\/a> et  <a href=\" http:\/\/www.autocars-laborie.fr\"> http:\/\/www.autocars-laborie.fr<\/a><\/p>\n\n\n\n<h4 class=\"wp-block-heading\"><strong>Travaux agricoles&nbsp;:<\/strong><\/h4>\n\n\n\n<p><strong>-Pierre-Jean BOUQUIER<\/strong> -Route de Jalenques MOURJOU<\/p>\n\n\n\n<p>T\u00e9 l: 04 71 49 95 80 ou 06 70 10 19 65<\/p>\n\n\n\n<p><strong>-SARL BOUQUIER Patrick et Pierre-Jean<\/strong> -Route de Jalenques MOURJOU<\/p>\n\n\n\n<p>T\u00e9l&nbsp;: 04 71 49 95 80 ou 06 84 08 25 83<\/p>\n\n\n\n<h4 class=\"wp-block-heading\"><strong>Travaux publics \/Terrassement&nbsp;:<\/strong><\/h4>\n\n\n\n<p><strong>SARL VAISSIERE TP<\/strong>&#8211; Lacan \u2013 15340 Mourjou<\/p>\n\n\n\n<p> T\u00e9l : 06 79 10 59 02 et <a href=\"mailto:vaissiere.jeremy@hotmail.fr\" data-type=\"mailto\" data-id=\"mailto:vaissiere.jeremy@hotmail.fr\">vaissiere.jeremy@hotmail.fr<\/a><\/p>\n\n\n\n<h4 class=\"wp-block-heading\"><strong>Loisirs&nbsp;:<\/strong><\/h4>\n\n\n\n<p><strong>Marie-Christine GAZAL<\/strong>&#8211; Le Mas de Mourjou, 15340 Puycapel<\/p>\n\n\n\n<p>T\u00e9l: 06 95 34 65 66 <a rel=\"noreferrer noopener\" href=\"mailto:mcgazal@yahoo.fr\" target=\"_blank\">mcgazal@yahoo.fr<\/a> <br><strong>Animer un atelier d\u2019\u00e9criture<\/strong>, c\u2019est proposer \u00e0 un groupe de d\u00e9couvrir ou de red\u00e9couvrir le plaisir de l&rsquo;\u00e9criture, \u00e0 partir de propositions ludiques et dans une atmosph\u00e8re bienveillante. <strong>Publics : adultes ados ou enfants, \u00e9tablissements, associations, groupes de particuliers.<\/strong> <strong>En int\u00e9rieur ou en ext\u00e9rieur (rando, jardin&#8230;.)<\/strong> . <em><a href=\"https:\/\/puycapel.fr\/wp-content\/uploads\/2023\/01\/Flyer-Crayon-Vole.pdf\">Flyer de pr\u00e9sentation ici.<\/a><\/em><\/p>\n\n\n\n<p><\/p>\n","protected":false},"excerpt":{"rendered":"<p>Brocante-\u00e9b\u00e9nisterie Jany St\u00e9phane \u2013 Impasse des Clarine CALVINET T\u00e9l&nbsp;: 04 71 49 91 33 et www.brocante-antiquites-jany.com Electricit\u00e9 \/ Plomberie&nbsp;\/ Chauffage: BRU Laurent \u2013 Rue des Prades CALVINET T\u00e9l&nbsp;: 04 71 49 99 77 et 06 80 17 31 11 et bru-laurent@wanadoo.fr Salon de coiffure Le Salon d&rsquo;Alice CALVINET : 0471624958 \/ page Facebook Immobilier INTERLAB [&hellip;]<\/p>\n","protected":false},"author":2,"featured_media":0,"parent":420,"menu_order":0,"comment_status":"closed","ping_status":"closed","template":"","meta":{"_exactmetrics_skip_tracking":false,"_exactmetrics_sitenote_active":false,"_exactmetrics_sitenote_note":"","_exactmetrics_sitenote_category":0,"jetpack_post_was_ever_published":false,"footnotes":""},"class_list":["post-631","page","type-page","status-publish","hentry"],"jetpack_sharing_enabled":true,"jetpack_shortlink":"https:\/\/wp.me\/PaADkW-ab","jetpack-related-posts":[{"id":656,"url":"https:\/\/puycapel.fr\/index.php\/les-bonnes-adresses\/commerces-et-services\/","url_meta":{"origin":631,"position":0},"title":"Commerces et services","author":"Mairie Puycapel","date":"18 mars 2019","format":false,"excerpt":"Agriculture Proxiel \u2013 aliment b\u00e9tail, engrais\u00a0: Rue du Colombier CALVINET Alimentation EPICERIE\u00a0: SARL ROUQUIER Sup\u00e9rette 8 \u00e0 8: Alimentation g\u00e9n\u00e9rale, produits r\u00e9gionaux et locaux, presse, fruits et l\u00e9gumes, fromage \u00e0 la coupe, charcuterie etc. \u2013 Rue de la Ch\u00e2taigneraie CALVINET T\u00e9l : \u00a004 71 49 91 65 ou sarl.rouquier@orange.fr BOULANGERIE:\u2026","rel":"","context":"Article similaire","block_context":{"text":"Article similaire","link":""},"img":{"alt_text":"","src":"","width":0,"height":0},"classes":[]},{"id":83,"url":"https:\/\/puycapel.fr\/index.php\/accueil\/contactez-nous\/","url_meta":{"origin":631,"position":1},"title":"La municipalit\u00e9","author":"admin5620","date":"2 janvier 2019","format":false,"excerpt":"Tatiana et Nathalie vous accueillent aux secr\u00e9tariats de Mairie Calvinet: Mardi, jeudi et vendredi de 13h30 \u00e0 16h30 Place Jean de Bonnefon Calvinet T\u00e9l. 04 71 49 94 32 Mourjou: Mardi, jeudi et vendredi matin\u00a0de 9h \u00e0 12h00. Le bourg Mourjou Tel :\u00a004 71 49 96 37 Vous pouvez aussi\u2026","rel":"","context":"Article similaire","block_context":{"text":"Article similaire","link":""},"img":{"alt_text":"","src":"","width":0,"height":0},"classes":[]},{"id":677,"url":"https:\/\/puycapel.fr\/index.php\/la-sante\/","url_meta":{"origin":631,"position":2},"title":"La sant\u00e9","author":"Mairie Puycapel","date":"18 mars 2019","format":false,"excerpt":"D\u00e9fibrillateurs : sur le mur ext\u00e9rieur gauche de la salle polyvalente, rue du Colombier \u00e0 CALVINET et dans le hall de la mairie \u00e0 MOURJOU MEDECINS Anne-Sophie MARRE-VOREUX & Pauline MERCIER:\u00a0M\u00e9decins g\u00e9n\u00e9ralistes- Maison de sant\u00e9-Route de la gendarmerie RD 66 CALVINET-04 71 49 17 40 \u2013\u00a0Sur RDV du lundi au\u2026","rel":"","context":"Article similaire","block_context":{"text":"Article similaire","link":""},"img":{"alt_text":"","src":"","width":0,"height":0},"classes":[]},{"id":9786,"url":"https:\/\/puycapel.fr\/index.php\/contacts-renseignements\/","url_meta":{"origin":631,"position":3},"title":"Contacts &amp; renseignements","author":"Mairie Puycapel","date":"17 f\u00e9vrier 2025","format":false,"excerpt":"ADRESSES POSTALES MAIRIES Mairie si\u00e8ge CALVINET, 1 place Jean de Bonnefon CALVINET 15340 PUYCAPELMairie d\u00e9l\u00e9gu\u00e9e MOURJOU, Rue du P\u00e9lou MOURJOU 15340 PUYCAPEL HORAIRES D'OUVERTURE AU PUBLIC des MAIRIES: CALVINET : mardi, jeudi, vendredi 13h30 \u00e0 16h30 - T\u00e9l\u00e9phone: 04 71 49 94 32 MOURJOU : mardi, jeudi, vendredi 9h00 \u00e0\u2026","rel":"","context":"Article similaire","block_context":{"text":"Article similaire","link":""},"img":{"alt_text":"","src":"","width":0,"height":0},"classes":[]},{"id":3755,"url":"https:\/\/puycapel.fr\/index.php\/test-carte-terrains-a-vendre\/","url_meta":{"origin":631,"position":4},"title":"Terrains \u00e0 vendre \u00e0 Puycapel","author":"Antoine Puech","date":"3 avril 2021","format":false,"excerpt":"Des terrains constructibles sont \u00e0 vendre \u00e0 PUYCAPEL. Pour tous renseignements contactez la mairie : MOURJOU (matin) 04 71 49 96 37 CALVINET (apr\u00e8s-midi) 04 71 49 94 32","rel":"","context":"Article similaire","block_context":{"text":"Article similaire","link":""},"img":{"alt_text":"","src":"","width":0,"height":0},"classes":[]},{"id":420,"url":"https:\/\/puycapel.fr\/index.php\/les-bonnes-adresses\/","url_meta":{"origin":631,"position":5},"title":"Les bonnes adresses","author":"Antoine Puech","date":"11 f\u00e9vrier 2019","format":false,"excerpt":"Pierre-Jean BOUQUIER Entreprise de travaux agricoles : enrubannage \/ ensilage herbe et ma\u00efs \/ moisson \/ pressage en bottes carr\u00e9esroute de Jalenques 15340 Mourjou\u0096T\u00e9l 04 71 49 95 80 ou 06 70 10 19 65 SARL BOUQUIER Patrick et Pierre-Jean Entreprise de travaux agricoles \u2013 N\u00e9goce paille \/ fourrageroute de\u2026","rel":"","context":"Article similaire","block_context":{"text":"Article similaire","link":""},"img":{"alt_text":"","src":"","width":0,"height":0},"classes":[]}],"_links":{"self":[{"href":"https:\/\/puycapel.fr\/index.php\/wp-json\/wp\/v2\/pages\/631","targetHints":{"allow":["GET"]}}],"collection":[{"href":"https:\/\/puycapel.fr\/index.php\/wp-json\/wp\/v2\/pages"}],"about":[{"href":"https:\/\/puycapel.fr\/index.php\/wp-json\/wp\/v2\/types\/page"}],"author":[{"embeddable":true,"href":"https:\/\/puycapel.fr\/index.php\/wp-json\/wp\/v2\/users\/2"}],"replies":[{"embeddable":true,"href":"https:\/\/puycapel.fr\/index.php\/wp-json\/wp\/v2\/comments?post=631"}],"version-history":[{"count":47,"href":"https:\/\/puycapel.fr\/index.php\/wp-json\/wp\/v2\/pages\/631\/revisions"}],"predecessor-version":[{"id":10744,"href":"https:\/\/puycapel.fr\/index.php\/wp-json\/wp\/v2\/pages\/631\/revisions\/10744"}],"up":[{"embeddable":true,"href":"https:\/\/puycapel.fr\/index.php\/wp-json\/wp\/v2\/pages\/420"}],"wp:attachment":[{"href":"https:\/\/puycapel.fr\/index.php\/wp-json\/wp\/v2\/media?parent=631"}],"curies":[{"name":"wp","href":"https:\/\/api.w.org\/{rel}","templated":true}]}}