{"id":656,"date":"2019-03-18T11:27:45","date_gmt":"2019-03-18T10:27:45","guid":{"rendered":"https:\/\/puycapel.fr\/?page_id=656"},"modified":"2026-01-15T16:58:16","modified_gmt":"2026-01-15T15:58:16","slug":"commerces-et-services","status":"publish","type":"page","link":"https:\/\/puycapel.fr\/index.php\/les-bonnes-adresses\/commerces-et-services\/","title":{"rendered":"Commerces et services"},"content":{"rendered":"\n<h4 class=\"wp-block-heading\">Agriculture<\/h4>\n\n\n\n<ul class=\"wp-block-list\">\n<li>Proxiel \u2013 aliment      b\u00e9tail, engrais&nbsp;: Rue du Colombier CALVINET<\/li>\n<\/ul>\n\n\n\n<h4 class=\"wp-block-heading\">Alimentation<\/h4>\n\n\n\n<ul class=\"wp-block-list\">\n<li>EPICERIE&nbsp;:  SARL ROUQUIER     Sup\u00e9rette  8 \u00e0 8: Alimentation g\u00e9n\u00e9rale, produits r\u00e9gionaux et locaux, presse, fruits et l\u00e9gumes, fromage \u00e0 la coupe, charcuterie etc. \u2013 Rue de la Ch\u00e2taigneraie CALVINET T\u00e9l : &nbsp;04 71 49 91 65 ou <a href=\"mailto:sarl.rouquier@orange.fr\">sarl.rouquier@orange.fr<\/a><\/li>\n\n\n\n<li>BOULANGERIE: L&rsquo;atelier Boulangerie PIGANIOL  Yannick: fabrication et vente de pains et viennoiseries. Rue de la Ch\u00e2taigneraie CALVINET.<\/li>\n<\/ul>\n\n\n\n<h4 class=\"wp-block-heading\">Bars, restaurants, tabac <\/h4>\n\n\n\n<ul class=\"wp-block-list\">\n<li>AUBERGE de Mourjou&nbsp;Le bourg MOURJOU (restaurant et 4 chambres d\u2019h\u00f4tes). T\u00e9l: 04 71 48 25 47<\/li>\n\n\n\n<li>CAFE  DES SPORTS  : Nathalie LACOSTE Place Jean de Bonnefon CALVINET T\u00e9l:  06 63 76 35 52<\/li>\n\n\n\n<li>BUREAU DE TABAC &#8211; BIMBELOTERIE: ROUQUIER Patricia Rue de la Ch\u00e2taigneraie CALVINET T\u00e9l : &nbsp;04 71 49 91 65 ou <a href=\"rouquierpatricia@orange.fr\">rouquierpatricia@orange.fr<\/a><\/li>\n<\/ul>\n\n\n\n<h4 class=\"wp-block-heading\">Les producteurs<\/h4>\n\n\n\n<p>MARAICHAGE BIO<\/p>\n\n\n\n<p>La ferme de Prentegarde B\u00e9atrice CASTANIER CALVINET  <a href=\"lafermedeprentegarde@orange.fr\">lafermedeprentegarde@orange.fr<\/a><\/p>\n\n\n\n<p>PRODUCTEURS DE MIEL<\/p>\n\n\n\n<p>Christian Charmes Le Bourg MOURJOU\u2013 T\u00e9l : 06 89 12 80 63<br>Serge Rouquier Gal\u00e8s MOURJOU\u2013 T\u00e9l : 04 71 49 90 15<\/p>\n\n\n\n<h2 class=\"wp-block-heading\">SERVICES<\/h2>\n\n\n\n<ul class=\"wp-block-list\">\n<li>Agence postale communale (du lundi au samedi de 9h00 \u00e012h00) CALVINET T\u00e9l : 04 71 46 68 94<\/li>\n\n\n\n<li>ADMR du Haut-C\u00e9l\u00e9: <strong>L\u2019ADMR vous permet de conserver votre autonomie et de continuer \u00e0 mener vos projets de vie en vous proposant son service d\u2019aide et d\u2019accompagnement \u00e0 domicile.<\/strong> <strong><a href=\"https:\/\/puycapel.fr\/wp-content\/uploads\/2025\/11\/2025-ADMR-du-Haut-Cele-Texte-page-services.pdf\">Retrouvez plus d&rsquo;information en cliquant ici<\/a>.<\/strong> T\u00e9l : <strong>04 71 49 69 94<\/strong> ou par courriel&nbsp; <a href=\"mailto:admr.calvinet@admr15.org\"><strong>admr.calvinet@admr15.org<\/strong><\/a><\/li>\n\n\n\n<li>Assistantes maternelles &#8211;<a href=\"https:\/\/puycapel.fr\/wp-content\/uploads\/2025\/01\/ASS-MAT-JAN-25.pdf\">d\u00e9couvrez la liste des assistantes maternelles ici<\/a>&#8211;<\/li>\n\n\n\n<li>BUS NUMERIQUE: Cyber Cantal, le Bus du Conseil d\u00e9partemental, un lundi par mois, une fois \u00e0 Calvinet, une fois \u00e0 Mourjou. T\u00e9l : 04 71 46 59 81<\/li>\n\n\n\n<li>Cabinet d\u2019expertise comptable : CALVINET<\/li>\n\n\n\n<li>Carin\u2019Couture : Carine LACIPIERE CALVINET<\/li>\n\n\n\n<li>D\u00e9pannage, conseil, cr\u00e9ation et formation informatique &nbsp;ORDILOGIQUE;&nbsp;Guillaume DENIEUL ;&nbsp;06 99 27 52 96 ;&nbsp;Site internet:&nbsp;<a rel=\"noreferrer noopener\" href=\"http:\/\/www.ordilogique.fr\/\" target=\"_blank\">http:\/\/www.ordilogique.fr<\/a> MOURJOU<\/li>\n\n\n\n<li>Gendarmerie CALVINET T\u00e9l : 04 71 49 91 55 <\/li>\n\n\n\n<li>Le Salon d&rsquo;Alice: salon de coiffure, Place Jean de Bonnefon Calvinet  v<a href=\"https:\/\/www.facebook.com\/profile.php?id=100082913528581\">ers la page Facebook<\/a> <a href=\"tel:0471624958\">0471624958<\/a> <\/li>\n<\/ul>\n","protected":false},"excerpt":{"rendered":"<p>Agriculture Alimentation Bars, restaurants, tabac Les producteurs MARAICHAGE BIO La ferme de Prentegarde B\u00e9atrice CASTANIER CALVINET lafermedeprentegarde@orange.fr PRODUCTEURS DE MIEL Christian Charmes Le Bourg MOURJOU\u2013 T\u00e9l : 06 89 12 80 63Serge Rouquier Gal\u00e8s MOURJOU\u2013 T\u00e9l : 04 71 49 90 15 SERVICES<\/p>\n","protected":false},"author":2,"featured_media":0,"parent":420,"menu_order":0,"comment_status":"closed","ping_status":"closed","template":"","meta":{"_exactmetrics_skip_tracking":false,"_exactmetrics_sitenote_active":false,"_exactmetrics_sitenote_note":"","_exactmetrics_sitenote_category":0,"jetpack_post_was_ever_published":false,"footnotes":""},"class_list":["post-656","page","type-page","status-publish","hentry"],"jetpack_sharing_enabled":true,"jetpack_shortlink":"https:\/\/wp.me\/PaADkW-aA","jetpack-related-posts":[{"id":631,"url":"https:\/\/puycapel.fr\/index.php\/les-bonnes-adresses\/les-entreprises\/","url_meta":{"origin":656,"position":0},"title":"Les entreprises","author":"Mairie Puycapel","date":"18 mars 2019","format":false,"excerpt":"Brocante-\u00e9b\u00e9nisterie Jany St\u00e9phane \u2013 Impasse des Clarine CALVINET T\u00e9l\u00a0: 04 71 49 91 33 et www.brocante-antiquites-jany.com Electricit\u00e9 \/ Plomberie\u00a0\/ Chauffage: BRU Laurent \u2013 Rue des Prades CALVINET T\u00e9l\u00a0: 04 71 49 99 77 et 06 80 17 31 11 et bru-laurent@wanadoo.fr Salon de coiffure Le Salon d'Alice CALVINET : 0471624958\u2026","rel":"","context":"Article similaire","block_context":{"text":"Article similaire","link":""},"img":{"alt_text":"","src":"","width":0,"height":0},"classes":[]},{"id":2370,"url":"https:\/\/puycapel.fr\/index.php\/location-de-vacances-a-puycapel\/","url_meta":{"origin":656,"position":1},"title":"Locations de vacances \u00e0 Puycapel","author":"Antoine Puech","date":"7 avril 2020","format":false,"excerpt":"Chambres d'h\u00e9bergement: Auberge communale - Mourjou: 4 chambres d\u2019h\u00f4tes -dont 1 pour personnes \u00e0 mobilit\u00e9 r\u00e9duite et 1 familiale. Renseignements au 04 71 48 25 47 (https:\/\/www.facebook.com\/aubergedemourjou) G\u00eetes et meubl\u00e9s par ordre alphab\u00e9tique: trouvez dans ce tableau les liens email , sites web et t\u00e9l\u00e9phone lorsque disponibles Propri\u00e9taires - emailLocalisationSite\u2026","rel":"","context":"Article similaire","block_context":{"text":"Article similaire","link":""},"img":{"alt_text":"","src":"","width":0,"height":0},"classes":[]},{"id":420,"url":"https:\/\/puycapel.fr\/index.php\/les-bonnes-adresses\/","url_meta":{"origin":656,"position":2},"title":"Les bonnes adresses","author":"Antoine Puech","date":"11 f\u00e9vrier 2019","format":false,"excerpt":"Pierre-Jean BOUQUIER Entreprise de travaux agricoles : enrubannage \/ ensilage herbe et ma\u00efs \/ moisson \/ pressage en bottes carr\u00e9esroute de Jalenques 15340 Mourjou\u0096T\u00e9l 04 71 49 95 80 ou 06 70 10 19 65 SARL BOUQUIER Patrick et Pierre-Jean Entreprise de travaux agricoles \u2013 N\u00e9goce paille \/ fourrageroute de\u2026","rel":"","context":"Article similaire","block_context":{"text":"Article similaire","link":""},"img":{"alt_text":"","src":"","width":0,"height":0},"classes":[]},{"id":677,"url":"https:\/\/puycapel.fr\/index.php\/la-sante\/","url_meta":{"origin":656,"position":3},"title":"La sant\u00e9","author":"Mairie Puycapel","date":"18 mars 2019","format":false,"excerpt":"D\u00e9fibrillateurs : sur le mur ext\u00e9rieur gauche de la salle polyvalente, rue du Colombier \u00e0 CALVINET et dans le hall de la mairie \u00e0 MOURJOU MEDECINS Anne-Sophie MARRE-VOREUX & Pauline MERCIER:\u00a0M\u00e9decins g\u00e9n\u00e9ralistes- Maison de sant\u00e9-Route de la gendarmerie RD 66 CALVINET-04 71 49 17 40 \u2013\u00a0Sur RDV du lundi au\u2026","rel":"","context":"Article similaire","block_context":{"text":"Article similaire","link":""},"img":{"alt_text":"","src":"","width":0,"height":0},"classes":[]},{"id":190,"url":"https:\/\/puycapel.fr\/index.php\/accueil\/les-associations-de-puycapel\/vivre-en-chataigneraie\/","url_meta":{"origin":656,"position":4},"title":"Vivre en Ch\u00e2taigneraie","author":"Antoine Puech","date":"26 janvier 2019","format":false,"excerpt":"Cette association a \u00e9t\u00e9 cr\u00e9\u00e9e avec l\u2019autorisation de 8 communes (Calvinet, Cassaniouze, Fournoul\u00e8s Leynhac, Mourjou, Marcol\u00e8s, Saint-Antoine, S\u00e9nezergues) sur trois cantons.Ses statuts lui permettent d\u2019acheter, vendre et animer.D\u00e8s le d\u00e9but elle s\u2019oriente vers le tourisme et r\u00e9alise divers projets: cr\u00e9ation de sentiers p\u00e9destres, conception du d\u00e9pliant \u00ab les chemins de\u2026","rel":"","context":"Article similaire","block_context":{"text":"Article similaire","link":""},"img":{"alt_text":"","src":"https:\/\/i0.wp.com\/puycapel.fr\/wp-content\/uploads\/2019\/01\/logovivireenchataigneraie.png?resize=350%2C200&ssl=1","width":350,"height":200},"classes":[]},{"id":183,"url":"https:\/\/puycapel.fr\/index.php\/accueil\/les-associations-de-puycapel\/","url_meta":{"origin":656,"position":5},"title":"Les Associations","author":"Antoine Puech","date":"26 janvier 2019","format":false,"excerpt":"Vivre en Ch\u00e2taigneraieAssociation du P\u00e9louClub des A\u00een\u00e9sUnion sportive du Haut-C\u00e9l\u00e9 (USHC)Association des parents d\u2019\u00e9l\u00e8vesChasse \/ ACCAADMR du Haut C\u00e9l\u00e9Les cailloux Br\u00fblantsLe Tennis Club de la Ch\u00e2taigneraieSerfouetteL\u2019Atelier de Marguelz\u00e9\u2019ARTSComit\u00e9 des f\u00eates de CalvinetLes Seniors de CalvinetComit\u00e9 d\u2019animation de CalvinetCalvinet PatrimoineClub de p\u00e9tanque","rel":"","context":"Article similaire","block_context":{"text":"Article similaire","link":""},"img":{"alt_text":"","src":"","width":0,"height":0},"classes":[]}],"_links":{"self":[{"href":"https:\/\/puycapel.fr\/index.php\/wp-json\/wp\/v2\/pages\/656","targetHints":{"allow":["GET"]}}],"collection":[{"href":"https:\/\/puycapel.fr\/index.php\/wp-json\/wp\/v2\/pages"}],"about":[{"href":"https:\/\/puycapel.fr\/index.php\/wp-json\/wp\/v2\/types\/page"}],"author":[{"embeddable":true,"href":"https:\/\/puycapel.fr\/index.php\/wp-json\/wp\/v2\/users\/2"}],"replies":[{"embeddable":true,"href":"https:\/\/puycapel.fr\/index.php\/wp-json\/wp\/v2\/comments?post=656"}],"version-history":[{"count":62,"href":"https:\/\/puycapel.fr\/index.php\/wp-json\/wp\/v2\/pages\/656\/revisions"}],"predecessor-version":[{"id":10745,"href":"https:\/\/puycapel.fr\/index.php\/wp-json\/wp\/v2\/pages\/656\/revisions\/10745"}],"up":[{"embeddable":true,"href":"https:\/\/puycapel.fr\/index.php\/wp-json\/wp\/v2\/pages\/420"}],"wp:attachment":[{"href":"https:\/\/puycapel.fr\/index.php\/wp-json\/wp\/v2\/media?parent=656"}],"curies":[{"name":"wp","href":"https:\/\/api.w.org\/{rel}","templated":true}]}}