{"id":6714,"date":"2022-05-08T21:10:46","date_gmt":"2022-05-08T19:10:46","guid":{"rendered":"https:\/\/puycapel.fr\/?page_id=6714"},"modified":"2022-05-08T21:10:49","modified_gmt":"2022-05-08T19:10:49","slug":"fete-de-la-nature","status":"publish","type":"page","link":"https:\/\/puycapel.fr\/index.php\/fete-de-la-nature\/","title":{"rendered":"F\u00eate de la nature"},"content":{"rendered":"\n<figure class=\"wp-block-image size-full\"><a href=\"https:\/\/i0.wp.com\/puycapel.fr\/wp-content\/uploads\/2022\/05\/fete.jpg?ssl=1\"><img data-recalc-dims=\"1\" loading=\"lazy\" decoding=\"async\" width=\"867\" height=\"611\" data-attachment-id=\"6708\" data-permalink=\"https:\/\/puycapel.fr\/index.php\/events\/animations-fete-de-la-nature\/fete\/\" data-orig-file=\"https:\/\/i0.wp.com\/puycapel.fr\/wp-content\/uploads\/2022\/05\/fete.jpg?fit=867%2C611&amp;ssl=1\" data-orig-size=\"867,611\" data-comments-opened=\"0\" data-image-meta=\"{&quot;aperture&quot;:&quot;0&quot;,&quot;credit&quot;:&quot;antoine puech&quot;,&quot;camera&quot;:&quot;&quot;,&quot;caption&quot;:&quot;&quot;,&quot;created_timestamp&quot;:&quot;1652044054&quot;,&quot;copyright&quot;:&quot;&quot;,&quot;focal_length&quot;:&quot;0&quot;,&quot;iso&quot;:&quot;0&quot;,&quot;shutter_speed&quot;:&quot;0&quot;,&quot;title&quot;:&quot;&quot;,&quot;orientation&quot;:&quot;0&quot;}\" data-image-title=\"fete\" data-image-description=\"\" data-image-caption=\"\" data-large-file=\"https:\/\/i0.wp.com\/puycapel.fr\/wp-content\/uploads\/2022\/05\/fete.jpg?fit=867%2C611&amp;ssl=1\" src=\"https:\/\/i0.wp.com\/puycapel.fr\/wp-content\/uploads\/2022\/05\/fete.jpg?resize=867%2C611&#038;ssl=1\" alt=\"\" class=\"wp-image-6708\" srcset=\"https:\/\/i0.wp.com\/puycapel.fr\/wp-content\/uploads\/2022\/05\/fete.jpg?w=867&amp;ssl=1 867w, https:\/\/i0.wp.com\/puycapel.fr\/wp-content\/uploads\/2022\/05\/fete.jpg?resize=300%2C211&amp;ssl=1 300w, https:\/\/i0.wp.com\/puycapel.fr\/wp-content\/uploads\/2022\/05\/fete.jpg?resize=768%2C541&amp;ssl=1 768w\" sizes=\"auto, (max-width: 867px) 100vw, 867px\" \/><\/a><\/figure>\n","protected":false},"excerpt":{"rendered":"","protected":false},"author":3,"featured_media":0,"parent":0,"menu_order":0,"comment_status":"closed","ping_status":"closed","template":"","meta":{"_exactmetrics_skip_tracking":false,"_exactmetrics_sitenote_active":false,"_exactmetrics_sitenote_note":"","_exactmetrics_sitenote_category":0,"jetpack_post_was_ever_published":false,"footnotes":""},"class_list":["post-6714","page","type-page","status-publish","hentry"],"jetpack_sharing_enabled":true,"jetpack_shortlink":"https:\/\/wp.me\/PaADkW-1Ki","jetpack-related-posts":[{"id":235,"url":"https:\/\/puycapel.fr\/index.php\/accueil\/les-associations-de-puycapel\/comite-des-fetes-de-calvinet\/","url_meta":{"origin":6714,"position":0},"title":"Comit\u00e9 des f\u00eates de Calvinet","author":"Antoine Puech","date":"26 janvier 2019","format":false,"excerpt":"Le Comit\u00e9 des F\u00eates a tenu en octobre 2020, son assembl\u00e9e g\u00e9n\u00e9rale annuelle. \u00c0 cette occasion, le bureau a connu des modifications\u00a0: Pr\u00e9sidente\u00a0: Gonzales Lisa Vice Pr\u00e9sidente\u00a0: Felgines Alexandra Tr\u00e9sorier\u00a0: Albiol Louis Vice Tr\u00e9sorier\u00a0: Chabut Simon Secr\u00e9taire\u00a0: Gonzales Jade Vice Secr\u00e9taire\u00a0: Martory Ambre Pour cette ann\u00e9e 2021, le comit\u00e9 des\u2026","rel":"","context":"Article similaire","block_context":{"text":"Article similaire","link":""},"img":{"alt_text":"","src":"","width":0,"height":0},"classes":[]},{"id":1027,"url":"https:\/\/puycapel.fr\/index.php\/comite-des-fetes-de-mourjou\/","url_meta":{"origin":6714,"position":1},"title":"Comit\u00e9 des f\u00eates de Mourjou","author":"Mairie Puycapel","date":"20 mai 2019","format":false,"excerpt":"Le bureau du comit\u00e9 des f\u00eates se compose de: Christian Charmes\/ Pr\u00e9sident et Julien Mol\u00e9nat\/ Vice-pr\u00e9sident Maud Fosset\/ Tr\u00e9sori\u00e8re et Fabien Puech\/ Tr\u00e9sorier adjoint Claire Causse\/ Secr\u00e9taire et Laetitia Gleyal\/ Secr\u00e9taire adjointe Le bureau et quelques membres -photo 2019- Son objectif est d'animer le village. Le comit\u00e9 a propos\u00e9 une\u2026","rel":"","context":"Article similaire","block_context":{"text":"Article similaire","link":""},"img":{"alt_text":"","src":"https:\/\/i0.wp.com\/puycapel.fr\/wp-content\/uploads\/2019\/05\/comite.jpg?resize=350%2C200&ssl=1","width":350,"height":200,"srcset":"https:\/\/i0.wp.com\/puycapel.fr\/wp-content\/uploads\/2019\/05\/comite.jpg?resize=350%2C200&ssl=1 1x, https:\/\/i0.wp.com\/puycapel.fr\/wp-content\/uploads\/2019\/05\/comite.jpg?resize=525%2C300&ssl=1 1.5x, https:\/\/i0.wp.com\/puycapel.fr\/wp-content\/uploads\/2019\/05\/comite.jpg?resize=700%2C400&ssl=1 2x, https:\/\/i0.wp.com\/puycapel.fr\/wp-content\/uploads\/2019\/05\/comite.jpg?resize=1050%2C600&ssl=1 3x, https:\/\/i0.wp.com\/puycapel.fr\/wp-content\/uploads\/2019\/05\/comite.jpg?resize=1400%2C800&ssl=1 4x"},"classes":[]},{"id":183,"url":"https:\/\/puycapel.fr\/index.php\/accueil\/les-associations-de-puycapel\/","url_meta":{"origin":6714,"position":2},"title":"Les Associations","author":"Antoine Puech","date":"26 janvier 2019","format":false,"excerpt":"Vivre en Ch\u00e2taigneraieAssociation du P\u00e9louClub des A\u00een\u00e9sUnion sportive du Haut-C\u00e9l\u00e9 (USHC)Association des parents d\u2019\u00e9l\u00e8vesChasse \/ ACCAADMR du Haut C\u00e9l\u00e9Les cailloux Br\u00fblantsLe Tennis Club de la Ch\u00e2taigneraieSerfouetteL\u2019Atelier de Marguelz\u00e9\u2019ARTSComit\u00e9 des f\u00eates de CalvinetLes Seniors de CalvinetComit\u00e9 d\u2019animation de CalvinetCalvinet PatrimoineClub de p\u00e9tanque","rel":"","context":"Article similaire","block_context":{"text":"Article similaire","link":""},"img":{"alt_text":"","src":"","width":0,"height":0},"classes":[]},{"id":1916,"url":"https:\/\/puycapel.fr\/index.php\/envie-dune-petite-balade\/","url_meta":{"origin":6714,"position":3},"title":"Envie d&#39;une petite balade?","author":"Mairie Puycapel","date":"13 janvier 2020","format":false,"excerpt":"Plusieurs parcours sont possibles au d\u00e9part de Mourjou et de Calvinet. Le Conseil d\u00e9partemental a class\u00e9 en 2021 au Plan D\u00e9partemental des Itin\u00e9raires de Promenade et de Randonn\u00e9e (PDIPR), l'itin\u00e9raire d\u00e9nomm\u00e9 \"Au coeur des ch\u00e2taigniers\". Il traverse les communes de Puycapel, Cassaniouze et S\u00e9nezergues, et est long de trente-cinq kilom\u00e8tres\u2026","rel":"","context":"Article similaire","block_context":{"text":"Article similaire","link":""},"img":{"alt_text":"","src":"https:\/\/i0.wp.com\/puycapel.fr\/wp-content\/uploads\/2020\/01\/sentier-mdcp1.jpg?resize=350%2C200&ssl=1","width":350,"height":200,"srcset":"https:\/\/i0.wp.com\/puycapel.fr\/wp-content\/uploads\/2020\/01\/sentier-mdcp1.jpg?resize=350%2C200&ssl=1 1x, https:\/\/i0.wp.com\/puycapel.fr\/wp-content\/uploads\/2020\/01\/sentier-mdcp1.jpg?resize=525%2C300&ssl=1 1.5x, https:\/\/i0.wp.com\/puycapel.fr\/wp-content\/uploads\/2020\/01\/sentier-mdcp1.jpg?resize=700%2C400&ssl=1 2x, https:\/\/i0.wp.com\/puycapel.fr\/wp-content\/uploads\/2020\/01\/sentier-mdcp1.jpg?resize=1050%2C600&ssl=1 3x"},"classes":[]},{"id":544,"url":"https:\/\/puycapel.fr\/index.php\/un-peu-dhistoire\/jean-de-bonnefon\/","url_meta":{"origin":6714,"position":4},"title":"Jean de Bonnefon","author":"Antoine Puech","date":"17 mars 2019","format":false,"excerpt":"\u00c0 L\u2019OCCASION DE LA PARUTION DE\u00a0L\u2019\u00c9trange Jean de Bonnefon ou le Journalisme \u00e0 l\u2019estomac\u00a0de Christian GURY aux \u00e9ditions ErosOnyX\u00a0et du 150\u00e8me\u00a0anniversaire\u00a0de la naissance de Jean de Bonnefon,\u00a0maire de Calvinet de 1908 \u00e0 1928,\u00a0une conf\u00e9rence sur\u00a0\u00ab\u00a0Jean de Bonnefon, un Cantalien de Paris\u00a0\u00bb, a \u00e9t\u00e9\u00a0donn\u00e9e par l\u2019auteur\u00a0\u00e0 la salle des F\u00eates de\u2026","rel":"","context":"Article similaire","block_context":{"text":"Article similaire","link":""},"img":{"alt_text":"","src":"https:\/\/i0.wp.com\/puycapel.fr\/wp-content\/uploads\/2019\/03\/jdbf4-600x419.jpg?resize=350%2C200&ssl=1","width":350,"height":200,"srcset":"https:\/\/i0.wp.com\/puycapel.fr\/wp-content\/uploads\/2019\/03\/jdbf4-600x419.jpg?resize=350%2C200&ssl=1 1x, https:\/\/i0.wp.com\/puycapel.fr\/wp-content\/uploads\/2019\/03\/jdbf4-600x419.jpg?resize=525%2C300&ssl=1 1.5x"},"classes":[]},{"id":1761,"url":"https:\/\/puycapel.fr\/index.php\/calvinet-au-moyen-age\/","url_meta":{"origin":6714,"position":5},"title":"Calvinet au moyen Age","author":"Antoine Puech","date":"24 novembre 2019","format":false,"excerpt":"La charte des habitants de Calvinet au Moyen Age Ci dessous, disponible en t\u00e9l\u00e9chargement, un expos\u00e9 de la \u00ab\u00a0Charte des habitants de calvinet\u00a0\u00bb qui a \u00e9t\u00e9 pr\u00e9sent\u00e9e\u00a0par Guy Ouillade le 7 Juillet 2017 \u00e0 la salle des f\u00eates de Calvinet. Calvinet-au-XIII-pr\u00e9sentation-imprimableT\u00e9l\u00e9charger Conf\u00e9rence sur Calvinet au Moyen Age Le support de\u2026","rel":"","context":"Article similaire","block_context":{"text":"Article similaire","link":""},"img":{"alt_text":"","src":"https:\/\/i0.wp.com\/www.calvinet.fr\/wp-content\/uploads\/2016\/10\/mail-Antoine-2-1-300x178.jpg?resize=350%2C200","width":350,"height":200},"classes":[]}],"_links":{"self":[{"href":"https:\/\/puycapel.fr\/index.php\/wp-json\/wp\/v2\/pages\/6714","targetHints":{"allow":["GET"]}}],"collection":[{"href":"https:\/\/puycapel.fr\/index.php\/wp-json\/wp\/v2\/pages"}],"about":[{"href":"https:\/\/puycapel.fr\/index.php\/wp-json\/wp\/v2\/types\/page"}],"author":[{"embeddable":true,"href":"https:\/\/puycapel.fr\/index.php\/wp-json\/wp\/v2\/users\/3"}],"replies":[{"embeddable":true,"href":"https:\/\/puycapel.fr\/index.php\/wp-json\/wp\/v2\/comments?post=6714"}],"version-history":[{"count":1,"href":"https:\/\/puycapel.fr\/index.php\/wp-json\/wp\/v2\/pages\/6714\/revisions"}],"predecessor-version":[{"id":6716,"href":"https:\/\/puycapel.fr\/index.php\/wp-json\/wp\/v2\/pages\/6714\/revisions\/6716"}],"wp:attachment":[{"href":"https:\/\/puycapel.fr\/index.php\/wp-json\/wp\/v2\/media?parent=6714"}],"curies":[{"name":"wp","href":"https:\/\/api.w.org\/{rel}","templated":true}]}}