{"id":677,"date":"2019-03-18T14:57:59","date_gmt":"2019-03-18T13:57:59","guid":{"rendered":"https:\/\/puycapel.fr\/?page_id=677"},"modified":"2025-10-03T15:30:34","modified_gmt":"2025-10-03T13:30:34","slug":"la-sante","status":"publish","type":"page","link":"https:\/\/puycapel.fr\/index.php\/la-sante\/","title":{"rendered":"La sant\u00e9"},"content":{"rendered":"\n<p>D\u00e9fibrillateurs : sur le mur ext\u00e9rieur gauche de la salle polyvalente, rue du Colombier \u00e0 CALVINET et dans le hall de la mairie \u00e0 MOURJOU<\/p>\n\n\n\n<h4 class=\"wp-block-heading has-text-align-center has-black-color has-text-color\"><strong>MEDECINS<\/strong><\/h4>\n\n\n\n<p><strong>Anne-Sophie MARRE-VOREUX &amp; Pauline MERCIER:&nbsp;<\/strong>M\u00e9decins g\u00e9n\u00e9ralistes- Maison  de sant\u00e9-Route de la gendarmerie RD 66 CALVINET-04 71 49 17 40 \u2013&nbsp;Sur RDV du lundi au samedi<\/p>\n\n\n\n<p><strong>Wolfram KLOTZ<\/strong>: M\u00e9decin g\u00e9n\u00e9raliste-  Vergnes CALVINET- t\u00e9l\u00e9phone 04 71 49 90 33<\/p>\n\n\n\n<h4 class=\"wp-block-heading has-text-align-center has-black-color has-text-color\"><strong>PHARMACIE<\/strong><\/h4>\n\n\n\n<p><strong>C\u00e9cile Caumon<\/strong>, rue du Pav\u00e9  CALVINET \u2013 t\u00e9l\u00e9phone 04 71 49 91 20 \u2013 Fax 04 71 49 91 56<\/p>\n\n\n\n<h4 class=\"wp-block-heading has-text-align-center has-black-color has-text-color\"><strong>CABINET DE SOINS INFIRMIERS<\/strong><\/h4>\n\n\n\n<p><strong>Claire MARRE, C\u00e9line MIJOULE<\/strong> <strong>et Christelle DELPUECH<\/strong>, Maison de sant\u00e9 Route de la gendarmerie  RD 66   CALVINET \u2013 sur rendez-vous au t\u00e9l\u00e9phone 04 71 47 96 69 \/ 07 87 31 52 29<\/p>\n\n\n\n<p><strong>Estelle PUCHALA<\/strong>,  <strong>Christine GOUTEL,  Anne-Laure BISSOT<\/strong>,  <strong>Sarah&nbsp; PENET-LEBAS<\/strong>, rue de la Ch\u00e2taigneraie  CALVINET \u2013 t\u00e9l\u00e9phone&nbsp; 04 71 49 97 69<\/p>\n\n\n\n<h4 class=\"wp-block-heading has-text-align-center has-black-color has-text-color\"><strong>CHIRURGIEN-DENTISTE<\/strong><\/h4>\n\n\n\n<p><strong>Dr Sylvain GOMMEAUX<\/strong>\u2013&nbsp; Maison de sant\u00e9 Route de la gendarmerie  RD 66 &nbsp; CALVINET \u2013 04 71 49 13 35 \u2013 Sur RDV.<\/p>\n\n\n\n<h4 class=\"wp-block-heading has-text-align-center has-black-color has-text-color\"><strong>CHIRURGIEN-DENTISTE<\/strong><\/h4>\n\n\n\n<p><strong>Dr Luc TWARDOWSKI<\/strong>\u2013\u00a0 Maison de sant\u00e9 Route de la gendarmerie RD 66 \u00a0 CALVINET \u2013 09 61 64 13 35 \u2013 Sur RDV.<\/p>\n\n\n\n<h4 class=\"wp-block-heading has-text-align-center has-black-color has-text-color\"><strong>OSTEOPATHE<\/strong><\/h4>\n\n\n\n<p><strong>Marion GENESTE<\/strong>&nbsp;\u2013  Maison de sant\u00e9 Route de la gendarmerie  RD 66  CALVINET \u2013&nbsp;06 38 89 99 80 \u2013 Sur RDV les lundis et jeudi<\/p>\n\n\n\n<h4 class=\"wp-block-heading has-text-align-center has-black-color has-text-color\"><strong>KINESITHERAPEUTE<\/strong><\/h4>\n\n\n\n<p><strong>S\u00e9bastien NOUHAUD, Yoann CARRIERE et Paul ISSERTE<\/strong> 04 71 46 96 96<\/p>\n\n\n\n<h4 class=\"wp-block-heading has-text-align-center has-black-color has-text-color\"><strong>DIETETICIENNE<\/strong><\/h4>\n\n\n\n<p><strong>M\u00e9lanie SCLAFERT<\/strong> sur rdv au 06 18 26 54 24<\/p>\n\n\n\n<h4 class=\"wp-block-heading has-text-align-center\"><strong>ORTHOPTISTE<\/strong><\/h4>\n\n\n\n<p class=\"has-text-align-left\"><strong>Louanne VISY<\/strong> : 04 71 43 03 03<br>En collaboration avec des ophtalmologues d\u2019Aurillac et de Villefranche de Rouergue en t\u00e9l\u00e9m\u00e9decine<br><br>COMPETENCES PROPOS\u00c9ES :<\/p>\n\n\n\n<ul class=\"wp-block-list\">\n<li>BILANS VISUELS : pour tout \u00e2ge, sur prescription m\u00e9dicale<\/li>\n\n\n\n<li>RENOUVELLEMENT DE LUNETTES :<br>Pour les 6-15 ans : si dernier rdv ophtalmo de moins de 2 ans<br>Pour les 16-49 ans : si dernier rdv ophtalmo de moins de 5 ans<br>Pour les +de 50 ans : si dernier rdv ophtalmo de moins de 3 ans<\/li>\n\n\n\n<li>PREMI\u00c8RE PRESCRIPTION DE LUNETTES :<br>Entre 16 et 41 ans, si aucune contre-indication<\/li>\n\n\n\n<li>CHEZ LES DIABETIQUES DE MOINS DE 70 ANS :<br>D\u00e9pistage de la r\u00e9tinopathie Diab\u00e9tique, sur prescription m\u00e9dicale<\/li>\n\n\n\n<li>DEPISTAGE BEBE VISION 9 MOIS-ENFANT 3ANS-6ANS<\/li>\n\n\n\n<li>BILANS NEUROVISUEL sur prescription m\u00e9dicale<br>D\u00e9pistage des troubles d\u2019apprentissage, difficult\u00e9s de lecture, de rep\u00e9rage dans l\u2019espace, confusion de lettres\u2026<\/li>\n<\/ul>\n\n\n\n<iframe loading=\"lazy\" width=\"560\" height=\"315\" src=\"https:\/\/macarte.ign.fr\/carte\/47419ce91b1591e76aa6d97f9538096a\/SANTE_PUYCAPEL?ifs=medium\"frameborder=\"0\" marginheight=\"0\" marginwidth=\"0\"><\/iframe>\n","protected":false},"excerpt":{"rendered":"<p>D\u00e9fibrillateurs : sur le mur ext\u00e9rieur gauche de la salle polyvalente, rue du Colombier \u00e0 CALVINET et dans le hall de la mairie \u00e0 MOURJOU MEDECINS Anne-Sophie MARRE-VOREUX &amp; Pauline MERCIER:&nbsp;M\u00e9decins g\u00e9n\u00e9ralistes- Maison de sant\u00e9-Route de la gendarmerie RD 66 CALVINET-04 71 49 17 40 \u2013&nbsp;Sur RDV du lundi au samedi Wolfram KLOTZ: M\u00e9decin g\u00e9n\u00e9raliste- [&hellip;]<\/p>\n","protected":false},"author":2,"featured_media":0,"parent":0,"menu_order":0,"comment_status":"closed","ping_status":"closed","template":"","meta":{"_exactmetrics_skip_tracking":false,"_exactmetrics_sitenote_active":false,"_exactmetrics_sitenote_note":"","_exactmetrics_sitenote_category":0,"jetpack_post_was_ever_published":false,"footnotes":""},"class_list":["post-677","page","type-page","status-publish","hentry"],"jetpack_sharing_enabled":true,"jetpack_shortlink":"https:\/\/wp.me\/PaADkW-aV","jetpack-related-posts":[{"id":656,"url":"https:\/\/puycapel.fr\/index.php\/les-bonnes-adresses\/commerces-et-services\/","url_meta":{"origin":677,"position":0},"title":"Commerces et services","author":"Mairie Puycapel","date":"18 mars 2019","format":false,"excerpt":"Agriculture Proxiel \u2013 aliment b\u00e9tail, engrais\u00a0: Rue du Colombier CALVINET Alimentation EPICERIE\u00a0: SARL ROUQUIER Sup\u00e9rette 8 \u00e0 8: Alimentation g\u00e9n\u00e9rale, produits r\u00e9gionaux et locaux, presse, fruits et l\u00e9gumes, fromage \u00e0 la coupe, charcuterie etc. \u2013 Rue de la Ch\u00e2taigneraie CALVINET T\u00e9l : \u00a004 71 49 91 65 ou sarl.rouquier@orange.fr BOULANGERIE:\u2026","rel":"","context":"Article similaire","block_context":{"text":"Article similaire","link":""},"img":{"alt_text":"","src":"","width":0,"height":0},"classes":[]},{"id":631,"url":"https:\/\/puycapel.fr\/index.php\/les-bonnes-adresses\/les-entreprises\/","url_meta":{"origin":677,"position":1},"title":"Les entreprises","author":"Mairie Puycapel","date":"18 mars 2019","format":false,"excerpt":"Brocante-\u00e9b\u00e9nisterie Jany St\u00e9phane \u2013 Impasse des Clarine CALVINET T\u00e9l\u00a0: 04 71 49 91 33 et www.brocante-antiquites-jany.com Electricit\u00e9 \/ Plomberie\u00a0\/ Chauffage: BRU Laurent \u2013 Rue des Prades CALVINET T\u00e9l\u00a0: 04 71 49 99 77 et 06 80 17 31 11 et bru-laurent@wanadoo.fr Salon de coiffure Le Salon d'Alice CALVINET : 0471624958\u2026","rel":"","context":"Article similaire","block_context":{"text":"Article similaire","link":""},"img":{"alt_text":"","src":"","width":0,"height":0},"classes":[]},{"id":9786,"url":"https:\/\/puycapel.fr\/index.php\/contacts-renseignements\/","url_meta":{"origin":677,"position":2},"title":"Contacts &amp; renseignements","author":"Mairie Puycapel","date":"17 f\u00e9vrier 2025","format":false,"excerpt":"ADRESSES POSTALES MAIRIES Mairie si\u00e8ge CALVINET, 1 place Jean de Bonnefon CALVINET 15340 PUYCAPELMairie d\u00e9l\u00e9gu\u00e9e MOURJOU, Rue du P\u00e9lou MOURJOU 15340 PUYCAPEL HORAIRES D'OUVERTURE AU PUBLIC des MAIRIES: CALVINET : mardi, jeudi, vendredi 13h30 \u00e0 16h30 - T\u00e9l\u00e9phone: 04 71 49 94 32 MOURJOU : mardi, jeudi, vendredi 9h00 \u00e0\u2026","rel":"","context":"Article similaire","block_context":{"text":"Article similaire","link":""},"img":{"alt_text":"","src":"","width":0,"height":0},"classes":[]},{"id":2324,"url":"https:\/\/puycapel.fr\/index.php\/ou-dormir\/","url_meta":{"origin":677,"position":3},"title":"O\u00f9 dormir?","author":"Mairie Puycapel","date":"2 avril 2020","format":false,"excerpt":"Retrouvez ci-dessous quelques adresses d'h\u00e9bergements touristiques \u00e0 Calvinet et Mourjou Cette m\u00eame liste d'h\u00e9bergement est disponible sous forme de tableau synth\u00e8tique en suivant ce lien Chambres d'h\u00e9bergement et chambres d'h\u00f4tes Auberge de Mourjou: 4 chambres d'h\u00f4tes -dont 1 pour personnes \u00e0 mobilit\u00e9 r\u00e9duite et 1 familiale. Renseignements au 04 71\u2026","rel":"","context":"Article similaire","block_context":{"text":"Article similaire","link":""},"img":{"alt_text":"","src":"https:\/\/i0.wp.com\/puycapel.fr\/wp-content\/uploads\/2022\/01\/maison-MC-GAZAL-1-scaled.jpg?resize=350%2C200&ssl=1","width":350,"height":200,"srcset":"https:\/\/i0.wp.com\/puycapel.fr\/wp-content\/uploads\/2022\/01\/maison-MC-GAZAL-1-scaled.jpg?resize=350%2C200&ssl=1 1x, https:\/\/i0.wp.com\/puycapel.fr\/wp-content\/uploads\/2022\/01\/maison-MC-GAZAL-1-scaled.jpg?resize=525%2C300&ssl=1 1.5x, https:\/\/i0.wp.com\/puycapel.fr\/wp-content\/uploads\/2022\/01\/maison-MC-GAZAL-1-scaled.jpg?resize=700%2C400&ssl=1 2x, https:\/\/i0.wp.com\/puycapel.fr\/wp-content\/uploads\/2022\/01\/maison-MC-GAZAL-1-scaled.jpg?resize=1050%2C600&ssl=1 3x, https:\/\/i0.wp.com\/puycapel.fr\/wp-content\/uploads\/2022\/01\/maison-MC-GAZAL-1-scaled.jpg?resize=1400%2C800&ssl=1 4x"},"classes":[]},{"id":83,"url":"https:\/\/puycapel.fr\/index.php\/accueil\/contactez-nous\/","url_meta":{"origin":677,"position":4},"title":"La municipalit\u00e9","author":"admin5620","date":"2 janvier 2019","format":false,"excerpt":"Tatiana et Nathalie vous accueillent aux secr\u00e9tariats de Mairie Calvinet: Mardi, jeudi et vendredi de 13h30 \u00e0 16h30 Place Jean de Bonnefon Calvinet T\u00e9l. 04 71 49 94 32 Mourjou: Mardi, jeudi et vendredi matin\u00a0de 9h \u00e0 12h00. Le bourg Mourjou Tel :\u00a004 71 49 96 37 Vous pouvez aussi\u2026","rel":"","context":"Article similaire","block_context":{"text":"Article similaire","link":""},"img":{"alt_text":"","src":"","width":0,"height":0},"classes":[]},{"id":3755,"url":"https:\/\/puycapel.fr\/index.php\/test-carte-terrains-a-vendre\/","url_meta":{"origin":677,"position":5},"title":"Terrains \u00e0 vendre \u00e0 Puycapel","author":"Antoine Puech","date":"3 avril 2021","format":false,"excerpt":"Des terrains constructibles sont \u00e0 vendre \u00e0 PUYCAPEL. Pour tous renseignements contactez la mairie : MOURJOU (matin) 04 71 49 96 37 CALVINET (apr\u00e8s-midi) 04 71 49 94 32","rel":"","context":"Article similaire","block_context":{"text":"Article similaire","link":""},"img":{"alt_text":"","src":"","width":0,"height":0},"classes":[]}],"_links":{"self":[{"href":"https:\/\/puycapel.fr\/index.php\/wp-json\/wp\/v2\/pages\/677","targetHints":{"allow":["GET"]}}],"collection":[{"href":"https:\/\/puycapel.fr\/index.php\/wp-json\/wp\/v2\/pages"}],"about":[{"href":"https:\/\/puycapel.fr\/index.php\/wp-json\/wp\/v2\/types\/page"}],"author":[{"embeddable":true,"href":"https:\/\/puycapel.fr\/index.php\/wp-json\/wp\/v2\/users\/2"}],"replies":[{"embeddable":true,"href":"https:\/\/puycapel.fr\/index.php\/wp-json\/wp\/v2\/comments?post=677"}],"version-history":[{"count":23,"href":"https:\/\/puycapel.fr\/index.php\/wp-json\/wp\/v2\/pages\/677\/revisions"}],"predecessor-version":[{"id":10461,"href":"https:\/\/puycapel.fr\/index.php\/wp-json\/wp\/v2\/pages\/677\/revisions\/10461"}],"wp:attachment":[{"href":"https:\/\/puycapel.fr\/index.php\/wp-json\/wp\/v2\/media?parent=677"}],"curies":[{"name":"wp","href":"https:\/\/api.w.org\/{rel}","templated":true}]}}