{"id":7,"date":"2019-01-01T21:04:36","date_gmt":"2019-01-01T20:04:36","guid":{"rendered":"http:\/\/puycapel.fr\/?page_id=7"},"modified":"2019-04-28T09:29:39","modified_gmt":"2019-04-28T07:29:39","slug":"accueil","status":"publish","type":"page","link":"https:\/\/puycapel.fr\/index.php\/accueil\/","title":{"rendered":"Accueil 2"},"content":{"rendered":"<p>Bienvenue sur le site de Puycapel,\u00a0 commune nouvelle issue\u00a0 du regroupement des communes de Calvinet et Mourjou.<\/p>\n<p><a href=\"http:\/\/www.calvinet.fr\/\">Ancien site web de calvinet ( n&rsquo;est plus mis \u00e0 jour)<\/a><\/p>\n<p><a href=\"http:\/\/www.mourjou.fr\/\">Site de Mourjou<\/a><\/p>\n<p><a href=\"https:\/\/puycapel.fr\">Actualit\u00e9s de Puycapel<\/a><\/p>\n\n\n<p><\/p>\n","protected":false},"excerpt":{"rendered":"<p>Bienvenue sur le site de Puycapel,\u00a0 commune nouvelle issue\u00a0 du regroupement des communes de Calvinet et Mourjou. Ancien site web de calvinet ( n&rsquo;est plus mis \u00e0 jour) Site de Mourjou Actualit\u00e9s de Puycapel<\/p>\n","protected":false},"author":1,"featured_media":0,"parent":0,"menu_order":0,"comment_status":"closed","ping_status":"closed","template":"","meta":{"_exactmetrics_skip_tracking":false,"_exactmetrics_sitenote_active":false,"_exactmetrics_sitenote_note":"","_exactmetrics_sitenote_category":0,"jetpack_post_was_ever_published":false,"footnotes":""},"class_list":["post-7","page","type-page","status-publish","hentry"],"jetpack_sharing_enabled":true,"jetpack_shortlink":"https:\/\/wp.me\/PaADkW-7","jetpack-related-posts":[{"id":828,"url":"https:\/\/puycapel.fr\/","url_meta":{"origin":7,"position":0},"title":"Bienvenue sur le site internet de Puycapel","author":"Mairie Puycapel","date":"18 avril 2019","format":false,"excerpt":"Bienvenue sur le site officiel de la commune de Puycapel. N\u00e9e du regroupement des communes de Calvinet et de Mourjou, Puycapel, situ\u00e9e en Ch\u00e2taigneraie cantalienne, canton de Maurs, est une commune nouvelle (depuis le 1er janvier 2019) qui rassemble pr\u00e8s de 800 habitants. Sur ce site internet retrouvez toutes les\u2026","rel":"","context":"Article similaire","block_context":{"text":"Article similaire","link":""},"img":{"alt_text":"","src":"https:\/\/i0.wp.com\/puycapel.fr\/wp-content\/uploads\/2021\/12\/image-neige-village.jpg?resize=350%2C200&ssl=1","width":350,"height":200,"srcset":"https:\/\/i0.wp.com\/puycapel.fr\/wp-content\/uploads\/2021\/12\/image-neige-village.jpg?resize=350%2C200&ssl=1 1x, https:\/\/i0.wp.com\/puycapel.fr\/wp-content\/uploads\/2021\/12\/image-neige-village.jpg?resize=525%2C300&ssl=1 1.5x, https:\/\/i0.wp.com\/puycapel.fr\/wp-content\/uploads\/2021\/12\/image-neige-village.jpg?resize=700%2C400&ssl=1 2x, https:\/\/i0.wp.com\/puycapel.fr\/wp-content\/uploads\/2021\/12\/image-neige-village.jpg?resize=1050%2C600&ssl=1 3x, https:\/\/i0.wp.com\/puycapel.fr\/wp-content\/uploads\/2021\/12\/image-neige-village.jpg?resize=1400%2C800&ssl=1 4x"},"classes":[]},{"id":1916,"url":"https:\/\/puycapel.fr\/index.php\/envie-dune-petite-balade\/","url_meta":{"origin":7,"position":1},"title":"Envie d&#39;une petite balade?","author":"Mairie Puycapel","date":"13 janvier 2020","format":false,"excerpt":"Plusieurs parcours sont possibles au d\u00e9part de Mourjou et de Calvinet. Le Conseil d\u00e9partemental a class\u00e9 en 2021 au Plan D\u00e9partemental des Itin\u00e9raires de Promenade et de Randonn\u00e9e (PDIPR), l'itin\u00e9raire d\u00e9nomm\u00e9 \"Au coeur des ch\u00e2taigniers\". Il traverse les communes de Puycapel, Cassaniouze et S\u00e9nezergues, et est long de trente-cinq kilom\u00e8tres\u2026","rel":"","context":"Article similaire","block_context":{"text":"Article similaire","link":""},"img":{"alt_text":"","src":"https:\/\/i0.wp.com\/puycapel.fr\/wp-content\/uploads\/2020\/01\/sentier-mdcp1.jpg?resize=350%2C200&ssl=1","width":350,"height":200,"srcset":"https:\/\/i0.wp.com\/puycapel.fr\/wp-content\/uploads\/2020\/01\/sentier-mdcp1.jpg?resize=350%2C200&ssl=1 1x, https:\/\/i0.wp.com\/puycapel.fr\/wp-content\/uploads\/2020\/01\/sentier-mdcp1.jpg?resize=525%2C300&ssl=1 1.5x, https:\/\/i0.wp.com\/puycapel.fr\/wp-content\/uploads\/2020\/01\/sentier-mdcp1.jpg?resize=700%2C400&ssl=1 2x, https:\/\/i0.wp.com\/puycapel.fr\/wp-content\/uploads\/2020\/01\/sentier-mdcp1.jpg?resize=1050%2C600&ssl=1 3x"},"classes":[]},{"id":2370,"url":"https:\/\/puycapel.fr\/index.php\/location-de-vacances-a-puycapel\/","url_meta":{"origin":7,"position":2},"title":"Locations de vacances \u00e0 Puycapel","author":"Antoine Puech","date":"7 avril 2020","format":false,"excerpt":"Chambres d'h\u00e9bergement: Auberge communale - Mourjou: 4 chambres d\u2019h\u00f4tes -dont 1 pour personnes \u00e0 mobilit\u00e9 r\u00e9duite et 1 familiale. Renseignements au 04 71 48 25 47 (https:\/\/www.facebook.com\/aubergedemourjou) G\u00eetes et meubl\u00e9s par ordre alphab\u00e9tique: trouvez dans ce tableau les liens email , sites web et t\u00e9l\u00e9phone lorsque disponibles Propri\u00e9taires - emailLocalisationSite\u2026","rel":"","context":"Article similaire","block_context":{"text":"Article similaire","link":""},"img":{"alt_text":"","src":"","width":0,"height":0},"classes":[]},{"id":2324,"url":"https:\/\/puycapel.fr\/index.php\/ou-dormir\/","url_meta":{"origin":7,"position":3},"title":"O\u00f9 dormir?","author":"Mairie Puycapel","date":"2 avril 2020","format":false,"excerpt":"Retrouvez ci-dessous quelques adresses d'h\u00e9bergements touristiques \u00e0 Calvinet et Mourjou Cette m\u00eame liste d'h\u00e9bergement est disponible sous forme de tableau synth\u00e8tique en suivant ce lien Chambres d'h\u00e9bergement et chambres d'h\u00f4tes Auberge de Mourjou: 4 chambres d'h\u00f4tes -dont 1 pour personnes \u00e0 mobilit\u00e9 r\u00e9duite et 1 familiale. Renseignements au 04 71\u2026","rel":"","context":"Article similaire","block_context":{"text":"Article similaire","link":""},"img":{"alt_text":"","src":"https:\/\/i0.wp.com\/puycapel.fr\/wp-content\/uploads\/2022\/01\/maison-MC-GAZAL-1-scaled.jpg?resize=350%2C200&ssl=1","width":350,"height":200,"srcset":"https:\/\/i0.wp.com\/puycapel.fr\/wp-content\/uploads\/2022\/01\/maison-MC-GAZAL-1-scaled.jpg?resize=350%2C200&ssl=1 1x, https:\/\/i0.wp.com\/puycapel.fr\/wp-content\/uploads\/2022\/01\/maison-MC-GAZAL-1-scaled.jpg?resize=525%2C300&ssl=1 1.5x, https:\/\/i0.wp.com\/puycapel.fr\/wp-content\/uploads\/2022\/01\/maison-MC-GAZAL-1-scaled.jpg?resize=700%2C400&ssl=1 2x, https:\/\/i0.wp.com\/puycapel.fr\/wp-content\/uploads\/2022\/01\/maison-MC-GAZAL-1-scaled.jpg?resize=1050%2C600&ssl=1 3x, https:\/\/i0.wp.com\/puycapel.fr\/wp-content\/uploads\/2022\/01\/maison-MC-GAZAL-1-scaled.jpg?resize=1400%2C800&ssl=1 4x"},"classes":[]},{"id":1073,"url":"https:\/\/puycapel.fr\/index.php\/site-remarquable-du-gout-mourjou-chataigneraie-cantalienne\/","url_meta":{"origin":7,"position":4},"title":"Site remarquable du go\u00fbt  Mourjou, Ch\u00e2taigneraie cantalienne","author":"Mairie Puycapel","date":"23 mai 2019","format":false,"excerpt":"La Ch\u00e2taigneraie cantalienne a rejoint fin 2018 les 70 sites fran\u00e7ais qui b\u00e9n\u00e9ficient du label \u00ab\u00a0Site remarquable du go\u00fbt\u00a0\u00bb, cr\u00e9\u00e9 en 1995 par les minist\u00e8res de la Culture, du Tourisme, de l\u2019Environnement et de l\u2019agriculture. C\u2019est \u00e9videmment pour son produit embl\u00e9matique qu\u2019est la ch\u00e2taigne que notre pays castanhaire a \u00e9t\u00e9\u2026","rel":"","context":"Article similaire","block_context":{"text":"Article similaire","link":""},"img":{"alt_text":"","src":"https:\/\/i0.wp.com\/puycapel.fr\/wp-content\/uploads\/2019\/05\/LABELOCTOBRE-1.jpg?resize=350%2C200&ssl=1","width":350,"height":200,"srcset":"https:\/\/i0.wp.com\/puycapel.fr\/wp-content\/uploads\/2019\/05\/LABELOCTOBRE-1.jpg?resize=350%2C200&ssl=1 1x, https:\/\/i0.wp.com\/puycapel.fr\/wp-content\/uploads\/2019\/05\/LABELOCTOBRE-1.jpg?resize=525%2C300&ssl=1 1.5x, https:\/\/i0.wp.com\/puycapel.fr\/wp-content\/uploads\/2019\/05\/LABELOCTOBRE-1.jpg?resize=700%2C400&ssl=1 2x, https:\/\/i0.wp.com\/puycapel.fr\/wp-content\/uploads\/2019\/05\/LABELOCTOBRE-1.jpg?resize=1050%2C600&ssl=1 3x, https:\/\/i0.wp.com\/puycapel.fr\/wp-content\/uploads\/2019\/05\/LABELOCTOBRE-1.jpg?resize=1400%2C800&ssl=1 4x"},"classes":[]},{"id":656,"url":"https:\/\/puycapel.fr\/index.php\/les-bonnes-adresses\/commerces-et-services\/","url_meta":{"origin":7,"position":5},"title":"Commerces et services","author":"Mairie Puycapel","date":"18 mars 2019","format":false,"excerpt":"Agriculture Proxiel \u2013 aliment b\u00e9tail, engrais\u00a0: Rue du Colombier CALVINET Alimentation EPICERIE\u00a0: SARL ROUQUIER Sup\u00e9rette 8 \u00e0 8: Alimentation g\u00e9n\u00e9rale, produits r\u00e9gionaux et locaux, presse, fruits et l\u00e9gumes, fromage \u00e0 la coupe, charcuterie etc. \u2013 Rue de la Ch\u00e2taigneraie CALVINET T\u00e9l : \u00a004 71 49 91 65 ou sarl.rouquier@orange.fr BOULANGERIE:\u2026","rel":"","context":"Article similaire","block_context":{"text":"Article similaire","link":""},"img":{"alt_text":"","src":"","width":0,"height":0},"classes":[]}],"_links":{"self":[{"href":"https:\/\/puycapel.fr\/index.php\/wp-json\/wp\/v2\/pages\/7","targetHints":{"allow":["GET"]}}],"collection":[{"href":"https:\/\/puycapel.fr\/index.php\/wp-json\/wp\/v2\/pages"}],"about":[{"href":"https:\/\/puycapel.fr\/index.php\/wp-json\/wp\/v2\/types\/page"}],"author":[{"embeddable":true,"href":"https:\/\/puycapel.fr\/index.php\/wp-json\/wp\/v2\/users\/1"}],"replies":[{"embeddable":true,"href":"https:\/\/puycapel.fr\/index.php\/wp-json\/wp\/v2\/comments?post=7"}],"version-history":[{"count":17,"href":"https:\/\/puycapel.fr\/index.php\/wp-json\/wp\/v2\/pages\/7\/revisions"}],"predecessor-version":[{"id":880,"href":"https:\/\/puycapel.fr\/index.php\/wp-json\/wp\/v2\/pages\/7\/revisions\/880"}],"wp:attachment":[{"href":"https:\/\/puycapel.fr\/index.php\/wp-json\/wp\/v2\/media?parent=7"}],"curies":[{"name":"wp","href":"https:\/\/api.w.org\/{rel}","templated":true}]}}