{"id":7147,"date":"2022-08-05T08:42:53","date_gmt":"2022-08-05T06:42:53","guid":{"rendered":"https:\/\/puycapel.fr\/?page_id=7147"},"modified":"2023-07-03T22:23:42","modified_gmt":"2023-07-03T20:23:42","slug":"donnees-personnelles","status":"publish","type":"page","link":"https:\/\/puycapel.fr\/index.php\/donnees-personnelles\/","title":{"rendered":"Donn\u00e9es personnelles"},"content":{"rendered":"\n<h1 class=\"wp-block-heading\">Politique de protection des donn\u00e9es<\/h1>\n\n\n\n<hr class=\"wp-block-separator has-css-opacity\"\/>\n\n\n\n<p>La commune de Puycapel s&rsquo;engage \u00e0 ce que les traitements de donn\u00e9es personnelles\u00a0effectu\u00e9s sur puycapel.fr et sur la commune de puycapel, avec notamment les dispositifs de vid\u00e9oprotection, soient conformes au r\u00e8glement g\u00e9n\u00e9ral sur la protection des donn\u00e9es (RGPD) et \u00e0 la loi Informatique et Libert\u00e9s.<\/p>\n\n\n\n<h2 class=\"wp-block-heading\">Politique de protection des donn\u00e9es<\/h2>\n\n\n\n<p>Chaque service en ligne limite la collecte des donn\u00e9es personnelles au strict n\u00e9cessaire (minimisation des donn\u00e9es) et s\u2019accompagne d\u2019une information sur :<\/p>\n\n\n\n<ul class=\"wp-block-list\">\n<li>le responsable du traitement et les objectifs du recueil de ces donn\u00e9es (finalit\u00e9s) ;<\/li>\n\n\n\n<li>la base juridique du traitement de donn\u00e9es&nbsp;;<\/li>\n\n\n\n<li>le caract\u00e8re obligatoire ou facultatif du recueil des donn\u00e9es pour la gestion de votre demande et le rappel des cat\u00e9gories de donn\u00e9es trait\u00e9es ;<\/li>\n\n\n\n<li>la source des donn\u00e9es&nbsp;(lorsque d\u2019autres donn\u00e9es que celles fournies via le service en ligne sont utilis\u00e9es pour le traitement de votre demande) ;<\/li>\n\n\n\n<li>les cat\u00e9gories de personnes concern\u00e9es&nbsp;;<\/li>\n\n\n\n<li>les destinataires des donn\u00e9es (uniquement la commune de Puycapel en principe);<\/li>\n\n\n\n<li>la dur\u00e9e de conservation des donn\u00e9es&nbsp;;<\/li>\n\n\n\n<li>les mesures de s\u00e9curit\u00e9 (description g\u00e9n\u00e9rale)&nbsp;;<\/li>\n\n\n\n<li><a rel=\"noreferrer noopener\" href=\"https:\/\/www.cnil.fr\/fr\/comprendre-vos-droits\" target=\"_blank\">vos droits Informatique et Libert\u00e9s<\/a>&nbsp;et la fa\u00e7on de les exercer aupr\u00e8s de la CNIL.<\/li>\n<\/ul>\n\n\n\n<p>Les donn\u00e9es personnelles recueillies dans le cadre des services propos\u00e9s sur puycapel.fr sont trait\u00e9es selon des&nbsp;protocoles s\u00e9curis\u00e9s&nbsp;et permettent \u00e0 la commune de Puycapel de g\u00e9rer les demandes re\u00e7ues dans ses applications informatiques.<\/p>\n\n\n\n<h2 class=\"wp-block-heading\">Exercer vos droits<\/h2>\n\n\n\n<p>Pour toute information ou exercice de vos droits Informatique et Libert\u00e9s sur les traitements de donn\u00e9es personnelles g\u00e9r\u00e9s par la Commune de Puycapel, vous pouvez contacter son d\u00e9l\u00e9gu\u00e9 \u00e0 la protection des donn\u00e9es (DPO) :<\/p>\n\n\n\n<ul class=\"wp-block-list\">\n<li><a rel=\"noreferrer noopener\" href=\"https:\/\/www.cnil.fr\/fr\/webform\/contactez-le-delegue-la-protection-des-donnees-dpo\" target=\"_blank\">par email : mairie@puycapel.fr<\/a><\/li>\n\n\n\n<li>par courrier : 1 place Jean de Bonnefon, Calvinet, 15340 Puycapel<\/li>\n<\/ul>\n\n\n\n<h2 class=\"wp-block-heading\"><a><\/a>A propos des cookies&nbsp;<\/h2>\n\n\n\n<p>Nous utilisons diff\u00e9rents cookies&nbsp;sur le site pour mesurer l\u2019audience et int\u00e9grer des services permettant d\u2019am\u00e9liorer l\u2019interactivit\u00e9 du site de la commune de Puycapel.<\/p>\n\n\n\n<p><strong>Qu&rsquo;est-ce qu&rsquo;un \u00ab\u00a0cookie\u00a0\u00bb ?<\/strong><\/p>\n\n\n\n<p>Un \u00ab\u00a0<em>cookie<\/em>\u00a0\u00bb est une suite d&rsquo;informations, g\u00e9n\u00e9ralement de petite taille et identifi\u00e9 par un nom, qui peut \u00eatre transmis \u00e0 votre navigateur par un site web sur lequel vous vous connectez. Votre navigateur web le conservera pendant une certaine dur\u00e9e, et le renverra au serveur web chaque fois que vous vous y re-connecterez. Les&nbsp;<em>cookies<\/em>&nbsp;ont de multiples usages : ils peuvent servir \u00e0 m\u00e9moriser votre identifiant client aupr\u00e8s d&rsquo;un site marchand, le contenu courant de votre panier d&rsquo;achat, un identifiant permettant de tracer votre navigation pour des finalit\u00e9s statistiques ou publicitaires,&nbsp;<em>etc<\/em>.<a href=\"https:\/\/www.cnil.fr\/fr\/cookies-les-outils-pour-les-maitriser\">&nbsp;<\/a><\/p>\n\n\n\n<p><\/p>\n","protected":false},"excerpt":{"rendered":"<p>Politique de protection des donn\u00e9es La commune de Puycapel s&rsquo;engage \u00e0 ce que les traitements de donn\u00e9es personnelles\u00a0effectu\u00e9s sur puycapel.fr et sur la commune de puycapel, avec notamment les dispositifs de vid\u00e9oprotection, soient conformes au r\u00e8glement g\u00e9n\u00e9ral sur la protection des donn\u00e9es (RGPD) et \u00e0 la loi Informatique et Libert\u00e9s. Politique de protection des donn\u00e9es [&hellip;]<\/p>\n","protected":false},"author":3,"featured_media":0,"parent":0,"menu_order":0,"comment_status":"closed","ping_status":"closed","template":"","meta":{"_exactmetrics_skip_tracking":false,"_exactmetrics_sitenote_active":false,"_exactmetrics_sitenote_note":"","_exactmetrics_sitenote_category":0,"jetpack_post_was_ever_published":false,"footnotes":""},"class_list":["post-7147","page","type-page","status-publish","hentry"],"jetpack_sharing_enabled":true,"jetpack_shortlink":"https:\/\/wp.me\/PaADkW-1Rh","jetpack-related-posts":[{"id":92,"url":"https:\/\/puycapel.fr\/index.php\/poitique-de-confidentialite\/","url_meta":{"origin":7147,"position":0},"title":"Politique de Confidentialit\u00e9 et Mentions l\u00e9gales","author":"admin5620","date":"3 janvier 2019","format":false,"excerpt":"Qui sommes-nous\u00a0? L\u2019adresse de notre site Web est\u00a0: https:\/\/www.puycapel.fr. Directeur de la publication : Mr\u00a0Fran\u00e7ois Danemans et Mr Raymond Delcamp Editeur : Mairie de Puycapel H\u00e9bergeur :\u00a0OVH Le contenu est fourni \u00e0 titre informatif et peut contenir des erreurs , nous faisons tout pour y rem\u00e9dier. N\u2019h\u00e9sitez pas \u00e0 nous\u2026","rel":"","context":"Article similaire","block_context":{"text":"Article similaire","link":""},"img":{"alt_text":"","src":"","width":0,"height":0},"classes":[]},{"id":544,"url":"https:\/\/puycapel.fr\/index.php\/un-peu-dhistoire\/jean-de-bonnefon\/","url_meta":{"origin":7147,"position":1},"title":"Jean de Bonnefon","author":"Antoine Puech","date":"17 mars 2019","format":false,"excerpt":"\u00c0 L\u2019OCCASION DE LA PARUTION DE\u00a0L\u2019\u00c9trange Jean de Bonnefon ou le Journalisme \u00e0 l\u2019estomac\u00a0de Christian GURY aux \u00e9ditions ErosOnyX\u00a0et du 150\u00e8me\u00a0anniversaire\u00a0de la naissance de Jean de Bonnefon,\u00a0maire de Calvinet de 1908 \u00e0 1928,\u00a0une conf\u00e9rence sur\u00a0\u00ab\u00a0Jean de Bonnefon, un Cantalien de Paris\u00a0\u00bb, a \u00e9t\u00e9\u00a0donn\u00e9e par l\u2019auteur\u00a0\u00e0 la salle des F\u00eates de\u2026","rel":"","context":"Article similaire","block_context":{"text":"Article similaire","link":""},"img":{"alt_text":"","src":"https:\/\/i0.wp.com\/puycapel.fr\/wp-content\/uploads\/2019\/03\/jdbf4-600x419.jpg?resize=350%2C200&ssl=1","width":350,"height":200,"srcset":"https:\/\/i0.wp.com\/puycapel.fr\/wp-content\/uploads\/2019\/03\/jdbf4-600x419.jpg?resize=350%2C200&ssl=1 1x, https:\/\/i0.wp.com\/puycapel.fr\/wp-content\/uploads\/2019\/03\/jdbf4-600x419.jpg?resize=525%2C300&ssl=1 1.5x"},"classes":[]},{"id":1757,"url":"https:\/\/puycapel.fr\/index.php\/liens-avec-la-principaute-de-monaco\/","url_meta":{"origin":7147,"position":2},"title":"Liens avec la Principaut\u00e9 de Monaco","author":"Antoine Puech","date":"24 novembre 2019","format":false,"excerpt":"Les liens entre la Principaut\u00e9 de Monaco et la commune de Calvinet datent du XVII\u00e8me si\u00e8cle.Par le Trait\u00e9 de P\u00e9ronne du 14 septembre 1641, Honor\u00e9 II Grimaldi, Prince de Monaco, abandonne le protectorat de l\u2019Espagne pour se mettre sous la protection du roi de France Louis XIII, qui lui avait\u2026","rel":"","context":"Article similaire","block_context":{"text":"Article similaire","link":""},"img":{"alt_text":"","src":"","width":0,"height":0},"classes":[]},{"id":198,"url":"https:\/\/puycapel.fr\/index.php\/accueil\/les-associations-de-puycapel\/admr-du-haut-cele\/","url_meta":{"origin":7147,"position":3},"title":"ADMR du Haut C\u00e9l\u00e9","author":"Antoine Puech","date":"26 janvier 2019","format":false,"excerpt":"Forte de plus de 25 salari\u00e9s, l\u2019ADMR\u00a0 (Association d\u2019Aide \u00e0 Domicile en Milieux Rural) du Haut C\u00e9l\u00e9 \u00a0\u0153uvre depuis plus de 60 ans au service des personnes, des familles, pour un accompagnement, \u00e0 domicile, temporaire ou de longue dur\u00e9e, et du portage repas. L\u2019ADMR du Haut C\u00e9l\u00e9\u00a0 intervient \u00e0 Puycapel\u2026","rel":"","context":"Article similaire","block_context":{"text":"Article similaire","link":""},"img":{"alt_text":"","src":"https:\/\/i0.wp.com\/puycapel.fr\/wp-content\/uploads\/2026\/02\/AFFICHE-PR-HAUT-CELE_page-0001-1-1.jpg?resize=350%2C200&ssl=1","width":350,"height":200,"srcset":"https:\/\/i0.wp.com\/puycapel.fr\/wp-content\/uploads\/2026\/02\/AFFICHE-PR-HAUT-CELE_page-0001-1-1.jpg?resize=350%2C200&ssl=1 1x, https:\/\/i0.wp.com\/puycapel.fr\/wp-content\/uploads\/2026\/02\/AFFICHE-PR-HAUT-CELE_page-0001-1-1.jpg?resize=525%2C300&ssl=1 1.5x, https:\/\/i0.wp.com\/puycapel.fr\/wp-content\/uploads\/2026\/02\/AFFICHE-PR-HAUT-CELE_page-0001-1-1.jpg?resize=700%2C400&ssl=1 2x, https:\/\/i0.wp.com\/puycapel.fr\/wp-content\/uploads\/2026\/02\/AFFICHE-PR-HAUT-CELE_page-0001-1-1.jpg?resize=1050%2C600&ssl=1 3x"},"classes":[]},{"id":4153,"url":"https:\/\/puycapel.fr\/index.php\/adressage-de-la-commune-de-puycapel\/","url_meta":{"origin":7147,"position":4},"title":"Adressage de la commune de Puycapel","author":"Antoine Puech","date":"31 mai 2021","format":false,"excerpt":"Suite \u00e0 la mise en place de l'adressage sur notre commune, si ce n'est pas d\u00e9j\u00e0 fait, pensez \u00e0 communiquer votre nouvelle adresses \u00e0 vos organismes : banque, t\u00e9l\u00e9phonie, Energie, URSAFF, ETC... Pour faire les d\u00e9marches de communication de votre nouvelle adresse, vous pouvez utiliser ce lien qui permet de\u2026","rel":"","context":"Article similaire","block_context":{"text":"Article similaire","link":""},"img":{"alt_text":"","src":"https:\/\/i0.wp.com\/puycapel.fr\/wp-content\/uploads\/2023\/12\/image.png?resize=350%2C200&ssl=1","width":350,"height":200,"srcset":"https:\/\/i0.wp.com\/puycapel.fr\/wp-content\/uploads\/2023\/12\/image.png?resize=350%2C200&ssl=1 1x, https:\/\/i0.wp.com\/puycapel.fr\/wp-content\/uploads\/2023\/12\/image.png?resize=525%2C300&ssl=1 1.5x, https:\/\/i0.wp.com\/puycapel.fr\/wp-content\/uploads\/2023\/12\/image.png?resize=700%2C400&ssl=1 2x, https:\/\/i0.wp.com\/puycapel.fr\/wp-content\/uploads\/2023\/12\/image.png?resize=1050%2C600&ssl=1 3x"},"classes":[]},{"id":7,"url":"https:\/\/puycapel.fr\/index.php\/accueil\/","url_meta":{"origin":7147,"position":5},"title":"Accueil 2","author":"admin5620","date":"1 janvier 2019","format":false,"excerpt":"Bienvenue sur le site de Puycapel,\u00a0 commune nouvelle issue\u00a0 du regroupement des communes de Calvinet et Mourjou. Ancien site web de calvinet ( n'est plus mis \u00e0 jour) Site de Mourjou Actualit\u00e9s de Puycapel","rel":"","context":"Article similaire","block_context":{"text":"Article similaire","link":""},"img":{"alt_text":"","src":"","width":0,"height":0},"classes":[]}],"_links":{"self":[{"href":"https:\/\/puycapel.fr\/index.php\/wp-json\/wp\/v2\/pages\/7147","targetHints":{"allow":["GET"]}}],"collection":[{"href":"https:\/\/puycapel.fr\/index.php\/wp-json\/wp\/v2\/pages"}],"about":[{"href":"https:\/\/puycapel.fr\/index.php\/wp-json\/wp\/v2\/types\/page"}],"author":[{"embeddable":true,"href":"https:\/\/puycapel.fr\/index.php\/wp-json\/wp\/v2\/users\/3"}],"replies":[{"embeddable":true,"href":"https:\/\/puycapel.fr\/index.php\/wp-json\/wp\/v2\/comments?post=7147"}],"version-history":[{"count":3,"href":"https:\/\/puycapel.fr\/index.php\/wp-json\/wp\/v2\/pages\/7147\/revisions"}],"predecessor-version":[{"id":8223,"href":"https:\/\/puycapel.fr\/index.php\/wp-json\/wp\/v2\/pages\/7147\/revisions\/8223"}],"wp:attachment":[{"href":"https:\/\/puycapel.fr\/index.php\/wp-json\/wp\/v2\/media?parent=7147"}],"curies":[{"name":"wp","href":"https:\/\/api.w.org\/{rel}","templated":true}]}}