{"id":715,"date":"2019-03-20T11:15:02","date_gmt":"2019-03-20T10:15:02","guid":{"rendered":"https:\/\/puycapel.fr\/?page_id=715"},"modified":"2026-04-29T15:30:50","modified_gmt":"2026-04-29T13:30:50","slug":"les-animations-2019","status":"publish","type":"page","link":"https:\/\/puycapel.fr\/index.php\/les-animations-2019\/","title":{"rendered":"Les animations 2026"},"content":{"rendered":"\n<p>D\u00e9couvrez le riche programme de la nouvelle saison d&rsquo;animations 2026 \u00e0 la Maison de la ch\u00e2taigne :<\/p>\n\n\n\n<p class=\"has-text-align-center has-vivid-green-cyan-background-color has-background\"><a href=\"https:\/\/maisondelachataigne.com\/animations\/\">PROGRAMME 2026<\/a><\/p>\n\n\n\n<p>Toutes les informations <a href=\"https:\/\/maisondelachataigne.com\/\">https:\/\/maisondelachataigne.com\/<\/a><\/p>\n\n\n\n<p><\/p>\n\n\n","protected":false},"excerpt":{"rendered":"<p>D\u00e9couvrez le riche programme de la nouvelle saison d&rsquo;animations 2026 \u00e0 la Maison de la ch\u00e2taigne : PROGRAMME 2026 Toutes les informations https:\/\/maisondelachataigne.com\/<\/p>\n","protected":false},"author":2,"featured_media":0,"parent":0,"menu_order":0,"comment_status":"closed","ping_status":"closed","template":"","meta":{"_exactmetrics_skip_tracking":false,"_exactmetrics_sitenote_active":false,"_exactmetrics_sitenote_note":"","_exactmetrics_sitenote_category":0,"footnotes":""},"class_list":["post-715","page","type-page","status-publish","hentry"],"jetpack_sharing_enabled":true,"jetpack_shortlink":"https:\/\/wp.me\/PaADkW-bx","jetpack-related-posts":[{"id":1178,"url":"https:\/\/puycapel.fr\/index.php\/maison-de-la-chataigne\/","url_meta":{"origin":715,"position":0},"title":"Maison de la ch\u00e2taigne","author":"Mairie Puycapel","date":"3 juin 2019","format":false,"excerpt":"Depuis 1990 la Foire de la Ch\u00e2taigne, la Fi\u00e8ra de la Castanha, anime la commune l\u2019avant-dernier week-end d\u2019octobre. L\u2019association du P\u00e9lou et tout le village se mobilisent pour accueillir plus de 20 000 visiteurs venus de la r\u00e9gion et de beaucoup plus loin. C\u2019est pour unir hier et aujourd\u2019hui que\u2026","rel":"","context":"Article similaire","block_context":{"text":"Article similaire","link":""},"img":{"alt_text":"","src":"https:\/\/i0.wp.com\/puycapel.fr\/wp-content\/uploads\/2019\/06\/epicerie-site-1.jpg?resize=350%2C200&ssl=1","width":350,"height":200},"classes":[]},{"id":236,"url":"https:\/\/puycapel.fr\/index.php\/accueil\/les-associations-de-puycapel\/les-seniors-de-calvinet\/","url_meta":{"origin":715,"position":1},"title":"Les Seniors de Calvinet","author":"Antoine Puech","date":"26 janvier 2019","format":false,"excerpt":"En 1977, le Club d\u2019Animation Populaire \u00e9tait un lieu de rencontres et d\u2019animation du village. Les activit\u00e9s \u00e9taient class\u00e9es en trois sections : Loisirs, Jeunes et 3\u00e8me \u00e2ge. C\u2019est Pierre Couderc, instituteur du village, qui pr\u00e9sidait ce club. De 1989 \u00e0 1994 Raymond Duproz prend la pr\u00e9sidence de la section\u2026","rel":"","context":"Article similaire","block_context":{"text":"Article similaire","link":""},"img":{"alt_text":"","src":"","width":0,"height":0},"classes":[]},{"id":6027,"url":"https:\/\/puycapel.fr\/index.php\/propositions-culturelles\/","url_meta":{"origin":715,"position":2},"title":"Propositions culturelles autour de Puycapel","author":"Mairie Puycapel","date":"12 novembre 2021","format":false,"excerpt":"Saison culturelle de la Ch\u00e2taigneraie Cantalienne - saison 2025-2026 Quelques id\u00e9es pour sortir (liste non exhaustive!): Office de tourisme de la Ch\u00e2taigneraie Cantalienne Office de tourisme du Pays d'Aurillac Th\u00e9\u00e2tre municipal de la Ville d'Aurillac cin\u00e9ma \u00e0 Aurillac ou Decazeville","rel":"","context":"Article similaire","block_context":{"text":"Article similaire","link":""},"img":{"alt_text":"","src":"https:\/\/i0.wp.com\/puycapel.fr\/wp-content\/uploads\/2025\/11\/SAISON_LOUP_LOUP-scaled.png?resize=350%2C200&ssl=1","width":350,"height":200,"srcset":"https:\/\/i0.wp.com\/puycapel.fr\/wp-content\/uploads\/2025\/11\/SAISON_LOUP_LOUP-scaled.png?resize=350%2C200&ssl=1 1x, https:\/\/i0.wp.com\/puycapel.fr\/wp-content\/uploads\/2025\/11\/SAISON_LOUP_LOUP-scaled.png?resize=525%2C300&ssl=1 1.5x, https:\/\/i0.wp.com\/puycapel.fr\/wp-content\/uploads\/2025\/11\/SAISON_LOUP_LOUP-scaled.png?resize=700%2C400&ssl=1 2x"},"classes":[]},{"id":136,"url":"https:\/\/puycapel.fr\/index.php\/accueil\/contactez-nous\/presentation-du-conseil-municipal-de-puycapel-2019\/","url_meta":{"origin":715,"position":3},"title":"Pr\u00e9sentation du conseil municipal de Puycapel","author":"Antoine Puech","date":"13 janvier 2019","format":false,"excerpt":"Permanence du Maire Emmanuel BILLOT, Maire de Puycapel, tient des permanences ouvertes au public, sans rendez-vous : \u00a0- Le 1er samedi de chaque mois de 9h00 \u00e0 12h00 \u00e0 la mairie de Mourjou \u00a0- les autres samedis de 9h00 \u00e0 12h00 \u00e0 la mairie de Calvinet. ----------------------------------------------------------------- Suite \u00e0 la\u2026","rel":"","context":"Article similaire","block_context":{"text":"Article similaire","link":""},"img":{"alt_text":"","src":"https:\/\/i0.wp.com\/puycapel.fr\/wp-content\/uploads\/2026\/03\/CM-26-A-32.png?resize=350%2C200&ssl=1","width":350,"height":200},"classes":[]},{"id":2883,"url":"https:\/\/puycapel.fr\/index.php\/urbanisme\/","url_meta":{"origin":715,"position":4},"title":"Urbanisme","author":"Mairie Puycapel","date":"4 septembre 2020","format":false,"excerpt":"--En priorit\u00e9 d\u00e9posez vos demandes d'urbanisme le mardi, jeudi matin (Mourjou) et vendredi apr\u00e8s-midi (Calvinet)- Les dossiers d'urbanisme sont enregistr\u00e9s en mairie et instruits ensuite par le Service ADS (Autorisation Droit des Sols) de la Communaut\u00e9 d'Agglom\u00e9ration du Bassin d'Aurillac. Pour toute demande de renseignements sur votre projet vous pouvez\u2026","rel":"","context":"Article similaire","block_context":{"text":"Article similaire","link":""},"img":{"alt_text":"","src":"","width":0,"height":0},"classes":[]},{"id":3412,"url":"https:\/\/puycapel.fr\/index.php\/services-municipaux\/","url_meta":{"origin":715,"position":5},"title":"Services municipaux","author":"Mairie Puycapel","date":"18 janvier 2021","format":false,"excerpt":"Tatiana MARIE agent administratif affect\u00e9 au secr\u00e9tariat de Mairie Nathalie ROBERT-MALVEZIN Agent administratif affect\u00e9 au secr\u00e9tariat de mairie, animation, communication Christian CHARMES Agent technique Hubert MOLENAT Agent technique Brigitte BRU - animation des TAP et gestion de la m\u00e9diath\u00e8que Claudine LACASSAGNE -ATSEM Sandrine MAURY-LASSERONAgent administratif affect\u00e9 \u00e0 l'Agence Postale et\u2026","rel":"","context":"Article similaire","block_context":{"text":"Article similaire","link":""},"img":{"alt_text":"","src":"https:\/\/i0.wp.com\/puycapel.fr\/wp-content\/uploads\/2021\/01\/nath-scaled.jpg?resize=350%2C200&ssl=1","width":350,"height":200,"srcset":"https:\/\/i0.wp.com\/puycapel.fr\/wp-content\/uploads\/2021\/01\/nath-scaled.jpg?resize=350%2C200&ssl=1 1x, https:\/\/i0.wp.com\/puycapel.fr\/wp-content\/uploads\/2021\/01\/nath-scaled.jpg?resize=525%2C300&ssl=1 1.5x, https:\/\/i0.wp.com\/puycapel.fr\/wp-content\/uploads\/2021\/01\/nath-scaled.jpg?resize=700%2C400&ssl=1 2x, https:\/\/i0.wp.com\/puycapel.fr\/wp-content\/uploads\/2021\/01\/nath-scaled.jpg?resize=1050%2C600&ssl=1 3x, https:\/\/i0.wp.com\/puycapel.fr\/wp-content\/uploads\/2021\/01\/nath-scaled.jpg?resize=1400%2C800&ssl=1 4x"},"classes":[]}],"_links":{"self":[{"href":"https:\/\/puycapel.fr\/index.php\/wp-json\/wp\/v2\/pages\/715","targetHints":{"allow":["GET"]}}],"collection":[{"href":"https:\/\/puycapel.fr\/index.php\/wp-json\/wp\/v2\/pages"}],"about":[{"href":"https:\/\/puycapel.fr\/index.php\/wp-json\/wp\/v2\/types\/page"}],"author":[{"embeddable":true,"href":"https:\/\/puycapel.fr\/index.php\/wp-json\/wp\/v2\/users\/2"}],"replies":[{"embeddable":true,"href":"https:\/\/puycapel.fr\/index.php\/wp-json\/wp\/v2\/comments?post=715"}],"version-history":[{"count":13,"href":"https:\/\/puycapel.fr\/index.php\/wp-json\/wp\/v2\/pages\/715\/revisions"}],"predecessor-version":[{"id":11184,"href":"https:\/\/puycapel.fr\/index.php\/wp-json\/wp\/v2\/pages\/715\/revisions\/11184"}],"wp:attachment":[{"href":"https:\/\/puycapel.fr\/index.php\/wp-json\/wp\/v2\/media?parent=715"}],"curies":[{"name":"wp","href":"https:\/\/api.w.org\/{rel}","templated":true}]}}