{"id":7157,"date":"2022-08-05T14:18:40","date_gmt":"2022-08-05T12:18:40","guid":{"rendered":"https:\/\/puycapel.fr\/?page_id=7157"},"modified":"2023-09-24T23:09:44","modified_gmt":"2023-09-24T21:09:44","slug":"emploi","status":"publish","type":"page","link":"https:\/\/puycapel.fr\/index.php\/emploi\/","title":{"rendered":"EMPLOI"},"content":{"rendered":"\n<p>Quelques offres locales visibles ici.<\/p>\n\n\n\n<p>Si vous recherchez aussi du monde dans le secteur, n&rsquo;h\u00e9sitez pas \u00e0 nous faire parvenir vos offres pour que nous les diffusions sur notre site de web: <\/p>\n\n\n\n<p><a href=\"https:\/\/candidat.pole-emploi.fr\/offres\/recherche?lieux=15027&amp;offresPartenaires=true&amp;rayon=10&amp;tri=0\">Lien direct vers<\/a><a rel=\"noreferrer noopener\" href=\"https:\/\/candidat.pole-emploi.fr\/offres\/recherche?lieux=15027&amp;offresPartenaires=true&amp;rayon=10&amp;tri=0\" target=\"_blank\"> P\u00f4le emploi &#8211; Puycapel<\/a><\/p>\n","protected":false},"excerpt":{"rendered":"<p>Quelques offres locales visibles ici. Si vous recherchez aussi du monde dans le secteur, n&rsquo;h\u00e9sitez pas \u00e0 nous faire parvenir vos offres pour que nous les diffusions sur notre site de web: Lien direct vers P\u00f4le emploi &#8211; Puycapel<\/p>\n","protected":false},"author":3,"featured_media":0,"parent":0,"menu_order":0,"comment_status":"closed","ping_status":"closed","template":"","meta":{"_exactmetrics_skip_tracking":false,"_exactmetrics_sitenote_active":false,"_exactmetrics_sitenote_note":"","_exactmetrics_sitenote_category":0,"jetpack_post_was_ever_published":false,"footnotes":""},"class_list":["post-7157","page","type-page","status-publish","hentry"],"jetpack_sharing_enabled":true,"jetpack_shortlink":"https:\/\/wp.me\/PaADkW-1Rr","jetpack-related-posts":[{"id":1178,"url":"https:\/\/puycapel.fr\/index.php\/maison-de-la-chataigne\/","url_meta":{"origin":7157,"position":0},"title":"Maison de la ch\u00e2taigne","author":"Mairie Puycapel","date":"3 juin 2019","format":false,"excerpt":"Depuis 1990 la Foire de la Ch\u00e2taigne, la Fi\u00e8ra de la Castanha, anime la commune l\u2019avant-dernier week-end d\u2019octobre. L\u2019association du P\u00e9lou et tout le village se mobilisent pour accueillir plus de 20 000 visiteurs venus de la r\u00e9gion et de beaucoup plus loin. C\u2019est pour unir hier et aujourd\u2019hui que\u2026","rel":"","context":"Article similaire","block_context":{"text":"Article similaire","link":""},"img":{"alt_text":"","src":"https:\/\/i0.wp.com\/puycapel.fr\/wp-content\/uploads\/2019\/06\/epicerie-site-1.jpg?resize=350%2C200&ssl=1","width":350,"height":200},"classes":[]},{"id":198,"url":"https:\/\/puycapel.fr\/index.php\/accueil\/les-associations-de-puycapel\/admr-du-haut-cele\/","url_meta":{"origin":7157,"position":1},"title":"ADMR du Haut C\u00e9l\u00e9","author":"Antoine Puech","date":"26 janvier 2019","format":false,"excerpt":"Forte de plus de 25 salari\u00e9s, l\u2019ADMR\u00a0 (Association d\u2019Aide \u00e0 Domicile en Milieux Rural) du Haut C\u00e9l\u00e9 \u00a0\u0153uvre depuis plus de 60 ans au service des personnes, des familles, pour un accompagnement, \u00e0 domicile, temporaire ou de longue dur\u00e9e, et du portage repas. L\u2019ADMR du Haut C\u00e9l\u00e9\u00a0 intervient \u00e0 Puycapel\u2026","rel":"","context":"Article similaire","block_context":{"text":"Article similaire","link":""},"img":{"alt_text":"","src":"https:\/\/i0.wp.com\/puycapel.fr\/wp-content\/uploads\/2026\/02\/AFFICHE-PR-HAUT-CELE_page-0001-1-1.jpg?resize=350%2C200&ssl=1","width":350,"height":200,"srcset":"https:\/\/i0.wp.com\/puycapel.fr\/wp-content\/uploads\/2026\/02\/AFFICHE-PR-HAUT-CELE_page-0001-1-1.jpg?resize=350%2C200&ssl=1 1x, https:\/\/i0.wp.com\/puycapel.fr\/wp-content\/uploads\/2026\/02\/AFFICHE-PR-HAUT-CELE_page-0001-1-1.jpg?resize=525%2C300&ssl=1 1.5x, https:\/\/i0.wp.com\/puycapel.fr\/wp-content\/uploads\/2026\/02\/AFFICHE-PR-HAUT-CELE_page-0001-1-1.jpg?resize=700%2C400&ssl=1 2x, https:\/\/i0.wp.com\/puycapel.fr\/wp-content\/uploads\/2026\/02\/AFFICHE-PR-HAUT-CELE_page-0001-1-1.jpg?resize=1050%2C600&ssl=1 3x"},"classes":[]},{"id":1754,"url":"https:\/\/puycapel.fr\/index.php\/calvinet-et-eustache-de-beaumarchais\/","url_meta":{"origin":7157,"position":2},"title":"Calvinet et Eustache de Beaumarchais","author":"Antoine Puech","date":"24 novembre 2019","format":false,"excerpt":"Extrait de la notice historique sur le canton de Montsalvy, r\u00e9dig\u00e9e par Gabriel ESQUER (1876-1961), archiviste du d\u00e9partement du Cantal entre 1903 et 1909, publi\u00e9e dans les \u00e9ditions successives de l\u2019annuaire de l\u2019Association amicale des originaires du canton de Montsalvy. Le pr\u00e9sent extrait est tir\u00e9 de l\u2019\u00e9dition de cet annuaire\u2026","rel":"","context":"Article similaire","block_context":{"text":"Article similaire","link":""},"img":{"alt_text":"","src":"","width":0,"height":0},"classes":[]}],"_links":{"self":[{"href":"https:\/\/puycapel.fr\/index.php\/wp-json\/wp\/v2\/pages\/7157","targetHints":{"allow":["GET"]}}],"collection":[{"href":"https:\/\/puycapel.fr\/index.php\/wp-json\/wp\/v2\/pages"}],"about":[{"href":"https:\/\/puycapel.fr\/index.php\/wp-json\/wp\/v2\/types\/page"}],"author":[{"embeddable":true,"href":"https:\/\/puycapel.fr\/index.php\/wp-json\/wp\/v2\/users\/3"}],"replies":[{"embeddable":true,"href":"https:\/\/puycapel.fr\/index.php\/wp-json\/wp\/v2\/comments?post=7157"}],"version-history":[{"count":9,"href":"https:\/\/puycapel.fr\/index.php\/wp-json\/wp\/v2\/pages\/7157\/revisions"}],"predecessor-version":[{"id":8454,"href":"https:\/\/puycapel.fr\/index.php\/wp-json\/wp\/v2\/pages\/7157\/revisions\/8454"}],"wp:attachment":[{"href":"https:\/\/puycapel.fr\/index.php\/wp-json\/wp\/v2\/media?parent=7157"}],"curies":[{"name":"wp","href":"https:\/\/api.w.org\/{rel}","templated":true}]}}