{"id":7995,"date":"2023-04-27T13:29:28","date_gmt":"2023-04-27T11:29:28","guid":{"rendered":"https:\/\/puycapel.fr\/?page_id=7995"},"modified":"2025-11-27T16:01:17","modified_gmt":"2025-11-27T15:01:17","slug":"transport-scolaire","status":"publish","type":"page","link":"https:\/\/puycapel.fr\/index.php\/transport-scolaire\/","title":{"rendered":"Transport scolaire"},"content":{"rendered":"\n<p><em>-SERVICE ORGANISE LOCALEMENT PAR LA COMMUNAUTE DE COMMUNES<\/em>&#8211; <\/p>\n\n\n\n<p class=\"has-text-align-left\">L\u2019inscription des enfants au transport scolaire organis\u00e9 par la R\u00e9gion Auvergne-Rh\u00f4ne-Alpes et localement par la Communaut\u00e9 de Communes de la Ch\u00e2taigneraie Cantalienne (GPTS\u00a0: Gestionnaire de Proximit\u00e9 des Transports Scolaires),\u00a0<strong>s\u2019effectue en ligne<\/strong>.\u00a0<\/p>\n\n\n\n<p class=\"has-text-align-left\"><strong>La Communaut\u00e9 de Communes reste l\u2019interlocuteur privil\u00e9gi\u00e9 pour fournir tous les renseignements n\u00e9cessaires.<\/strong>\u00a0Les agents \u00ab\u00a0r\u00e9f\u00e9rents\u00a0\u00bb de la Communaut\u00e9 de Communes de la Ch\u00e2taigneraie Cantalienne pourront ainsi renseigner les familles sur ce nouveau mode d\u2019inscription.<\/p>\n\n\n\n<p class=\"has-text-align-left\">Les familles ne disposant pas d\u2019acc\u00e8s internet ou, qui rencontrent des difficult\u00e9s lors de l\u2019inscription en ligne, pourront contacter les Maisons France Services.<\/p>\n\n\n\n<p class=\"has-text-align-left has-pale-cyan-blue-background-color has-background has-medium-font-size\">&#8211; Secteur de Maurs&nbsp;: S\u00e9verine AUTHIE-PRAT &#8211; 04.71.46.87.17<\/p>\n\n\n\n<p class=\"has-text-align-left has-pale-cyan-blue-background-color has-background has-medium-font-size\">&#8211; Secteur de Montsalvy&nbsp;: Emilie LALO &#8211; 04.71.49.64.37<\/p>\n\n\n\n<p class=\"has-text-align-left\"><\/p>\n\n\n\n<p class=\"has-text-align-left\"><\/p>\n","protected":false},"excerpt":{"rendered":"<p>-SERVICE ORGANISE LOCALEMENT PAR LA COMMUNAUTE DE COMMUNES&#8211; L\u2019inscription des enfants au transport scolaire organis\u00e9 par la R\u00e9gion Auvergne-Rh\u00f4ne-Alpes et localement par la Communaut\u00e9 de Communes de la Ch\u00e2taigneraie Cantalienne (GPTS\u00a0: Gestionnaire de Proximit\u00e9 des Transports Scolaires),\u00a0s\u2019effectue en ligne.\u00a0 La Communaut\u00e9 de Communes reste l\u2019interlocuteur privil\u00e9gi\u00e9 pour fournir tous les renseignements n\u00e9cessaires.\u00a0Les agents \u00ab\u00a0r\u00e9f\u00e9rents\u00a0\u00bb de [&hellip;]<\/p>\n","protected":false},"author":2,"featured_media":0,"parent":0,"menu_order":0,"comment_status":"closed","ping_status":"closed","template":"","meta":{"_exactmetrics_skip_tracking":false,"_exactmetrics_sitenote_active":false,"_exactmetrics_sitenote_note":"","_exactmetrics_sitenote_category":0,"jetpack_post_was_ever_published":false,"footnotes":""},"class_list":["post-7995","page","type-page","status-publish","hentry"],"jetpack_sharing_enabled":true,"jetpack_shortlink":"https:\/\/wp.me\/PaADkW-24X","jetpack-related-posts":[{"id":411,"url":"https:\/\/puycapel.fr\/index.php\/accueil\/contactez-nous\/lecole-de-puycapel-paiement-tipi\/","url_meta":{"origin":7995,"position":0},"title":"L&rsquo;\u00e9cole de Puycapel","author":"Antoine Puech","date":"11 f\u00e9vrier 2019","format":false,"excerpt":"Restauration scolaire La cantine scolaire est \u00e0 la disposition des enfants de l\u2019\u00e9cole tout au long de l\u2019ann\u00e9e scolaire. Les d\u00e9jeuners sont pr\u00e9par\u00e9s par un agent communal, charg\u00e9 \u00e9galement de l\u2019approvisionnement des denr\u00e9es alimentaires. Nous privil\u00e9gions les commerces et producteurs de proximit\u00e9. Le prix du repas est de 2,90\u20ac\u00a0(Rentr\u00e9e 2024\/2025)\u2026","rel":"","context":"Article similaire","block_context":{"text":"Article similaire","link":""},"img":{"alt_text":"","src":"https:\/\/i0.wp.com\/puycapel.fr\/wp-content\/uploads\/2020\/02\/tipi2-150x150-1.jpg?resize=350%2C200&ssl=1","width":350,"height":200},"classes":[]},{"id":1073,"url":"https:\/\/puycapel.fr\/index.php\/site-remarquable-du-gout-mourjou-chataigneraie-cantalienne\/","url_meta":{"origin":7995,"position":1},"title":"Site remarquable du go\u00fbt  Mourjou, Ch\u00e2taigneraie cantalienne","author":"Mairie Puycapel","date":"23 mai 2019","format":false,"excerpt":"La Ch\u00e2taigneraie cantalienne a rejoint fin 2018 les 70 sites fran\u00e7ais qui b\u00e9n\u00e9ficient du label \u00ab\u00a0Site remarquable du go\u00fbt\u00a0\u00bb, cr\u00e9\u00e9 en 1995 par les minist\u00e8res de la Culture, du Tourisme, de l\u2019Environnement et de l\u2019agriculture. C\u2019est \u00e9videmment pour son produit embl\u00e9matique qu\u2019est la ch\u00e2taigne que notre pays castanhaire a \u00e9t\u00e9\u2026","rel":"","context":"Article similaire","block_context":{"text":"Article similaire","link":""},"img":{"alt_text":"","src":"https:\/\/i0.wp.com\/puycapel.fr\/wp-content\/uploads\/2019\/05\/LABELOCTOBRE-1.jpg?resize=350%2C200&ssl=1","width":350,"height":200,"srcset":"https:\/\/i0.wp.com\/puycapel.fr\/wp-content\/uploads\/2019\/05\/LABELOCTOBRE-1.jpg?resize=350%2C200&ssl=1 1x, https:\/\/i0.wp.com\/puycapel.fr\/wp-content\/uploads\/2019\/05\/LABELOCTOBRE-1.jpg?resize=525%2C300&ssl=1 1.5x, https:\/\/i0.wp.com\/puycapel.fr\/wp-content\/uploads\/2019\/05\/LABELOCTOBRE-1.jpg?resize=700%2C400&ssl=1 2x, https:\/\/i0.wp.com\/puycapel.fr\/wp-content\/uploads\/2019\/05\/LABELOCTOBRE-1.jpg?resize=1050%2C600&ssl=1 3x, https:\/\/i0.wp.com\/puycapel.fr\/wp-content\/uploads\/2019\/05\/LABELOCTOBRE-1.jpg?resize=1400%2C800&ssl=1 4x"},"classes":[]},{"id":190,"url":"https:\/\/puycapel.fr\/index.php\/accueil\/les-associations-de-puycapel\/vivre-en-chataigneraie\/","url_meta":{"origin":7995,"position":2},"title":"Vivre en Ch\u00e2taigneraie","author":"Antoine Puech","date":"26 janvier 2019","format":false,"excerpt":"Cette association a \u00e9t\u00e9 cr\u00e9\u00e9e avec l\u2019autorisation de 8 communes (Calvinet, Cassaniouze, Fournoul\u00e8s Leynhac, Mourjou, Marcol\u00e8s, Saint-Antoine, S\u00e9nezergues) sur trois cantons.Ses statuts lui permettent d\u2019acheter, vendre et animer.D\u00e8s le d\u00e9but elle s\u2019oriente vers le tourisme et r\u00e9alise divers projets: cr\u00e9ation de sentiers p\u00e9destres, conception du d\u00e9pliant \u00ab les chemins de\u2026","rel":"","context":"Article similaire","block_context":{"text":"Article similaire","link":""},"img":{"alt_text":"","src":"https:\/\/i0.wp.com\/puycapel.fr\/wp-content\/uploads\/2019\/01\/logovivireenchataigneraie.png?resize=350%2C200&ssl=1","width":350,"height":200},"classes":[]},{"id":1178,"url":"https:\/\/puycapel.fr\/index.php\/maison-de-la-chataigne\/","url_meta":{"origin":7995,"position":3},"title":"Maison de la ch\u00e2taigne","author":"Mairie Puycapel","date":"3 juin 2019","format":false,"excerpt":"Depuis 1990 la Foire de la Ch\u00e2taigne, la Fi\u00e8ra de la Castanha, anime la commune l\u2019avant-dernier week-end d\u2019octobre. L\u2019association du P\u00e9lou et tout le village se mobilisent pour accueillir plus de 20 000 visiteurs venus de la r\u00e9gion et de beaucoup plus loin. C\u2019est pour unir hier et aujourd\u2019hui que\u2026","rel":"","context":"Article similaire","block_context":{"text":"Article similaire","link":""},"img":{"alt_text":"","src":"https:\/\/i0.wp.com\/puycapel.fr\/wp-content\/uploads\/2019\/06\/epicerie-site-1.jpg?resize=350%2C200&ssl=1","width":350,"height":200},"classes":[]},{"id":3801,"url":"https:\/\/puycapel.fr\/index.php\/biogaz-de-la-chataigneraie-cantalienne\/","url_meta":{"origin":7995,"position":4},"title":"BIOGAZ DE LA CHATAIGNERAIE CANTALIENNE","author":"Mairie Puycapel","date":"9 avril 2021","format":false,"excerpt":"L\u2019association BIOGAZ DE LA CHATAIGNERAIE CANTALIENNE a \u00e9t\u00e9 cr\u00e9\u00e9e le 12 janvier, \u00e0 l\u2019initiative de Boris WAHL, entrepreneur habitant \u00e0 PUYCAPEL. Son objet social est\u00a0: \u00ab Etudier l'opportunit\u00e9 et la faisabilit\u00e9 du d\u00e9veloppement d'une ou plusieurs unit\u00e9s de m\u00e9thanisation\u00a0sur le territoire de la Ch\u00e2taigneraie Cantalienne. La m\u00e9thanisation est un proc\u00e9d\u00e9\u2026","rel":"","context":"Article similaire","block_context":{"text":"Article similaire","link":""},"img":{"alt_text":"","src":"","width":0,"height":0},"classes":[]},{"id":828,"url":"https:\/\/puycapel.fr\/","url_meta":{"origin":7995,"position":5},"title":"Bienvenue sur le site internet de Puycapel","author":"Mairie Puycapel","date":"18 avril 2019","format":false,"excerpt":"Bienvenue sur le site officiel de la commune de Puycapel. N\u00e9e du regroupement des communes de Calvinet et de Mourjou, Puycapel, situ\u00e9e en Ch\u00e2taigneraie cantalienne, canton de Maurs, est une commune nouvelle (depuis le 1er janvier 2019) qui rassemble pr\u00e8s de 800 habitants. Sur ce site internet retrouvez toutes les\u2026","rel":"","context":"Article similaire","block_context":{"text":"Article similaire","link":""},"img":{"alt_text":"","src":"https:\/\/i0.wp.com\/puycapel.fr\/wp-content\/uploads\/2021\/12\/image-neige-village.jpg?resize=350%2C200&ssl=1","width":350,"height":200,"srcset":"https:\/\/i0.wp.com\/puycapel.fr\/wp-content\/uploads\/2021\/12\/image-neige-village.jpg?resize=350%2C200&ssl=1 1x, https:\/\/i0.wp.com\/puycapel.fr\/wp-content\/uploads\/2021\/12\/image-neige-village.jpg?resize=525%2C300&ssl=1 1.5x, https:\/\/i0.wp.com\/puycapel.fr\/wp-content\/uploads\/2021\/12\/image-neige-village.jpg?resize=700%2C400&ssl=1 2x, https:\/\/i0.wp.com\/puycapel.fr\/wp-content\/uploads\/2021\/12\/image-neige-village.jpg?resize=1050%2C600&ssl=1 3x, https:\/\/i0.wp.com\/puycapel.fr\/wp-content\/uploads\/2021\/12\/image-neige-village.jpg?resize=1400%2C800&ssl=1 4x"},"classes":[]}],"_links":{"self":[{"href":"https:\/\/puycapel.fr\/index.php\/wp-json\/wp\/v2\/pages\/7995","targetHints":{"allow":["GET"]}}],"collection":[{"href":"https:\/\/puycapel.fr\/index.php\/wp-json\/wp\/v2\/pages"}],"about":[{"href":"https:\/\/puycapel.fr\/index.php\/wp-json\/wp\/v2\/types\/page"}],"author":[{"embeddable":true,"href":"https:\/\/puycapel.fr\/index.php\/wp-json\/wp\/v2\/users\/2"}],"replies":[{"embeddable":true,"href":"https:\/\/puycapel.fr\/index.php\/wp-json\/wp\/v2\/comments?post=7995"}],"version-history":[{"count":2,"href":"https:\/\/puycapel.fr\/index.php\/wp-json\/wp\/v2\/pages\/7995\/revisions"}],"predecessor-version":[{"id":10644,"href":"https:\/\/puycapel.fr\/index.php\/wp-json\/wp\/v2\/pages\/7995\/revisions\/10644"}],"wp:attachment":[{"href":"https:\/\/puycapel.fr\/index.php\/wp-json\/wp\/v2\/media?parent=7995"}],"curies":[{"name":"wp","href":"https:\/\/api.w.org\/{rel}","templated":true}]}}