{"id":8,"date":"2019-01-01T21:04:36","date_gmt":"2019-01-01T20:04:36","guid":{"rendered":"http:\/\/puycapel.fr\/?page_id=8"},"modified":"2019-01-01T21:04:36","modified_gmt":"2019-01-01T20:04:36","slug":"a-propos-de","status":"publish","type":"page","link":"https:\/\/puycapel.fr\/index.php\/a-propos-de\/","title":{"rendered":"\u00c0 propos de"},"content":{"rendered":"<p>Vous pourriez \u00eatre un artiste et vouloir pr\u00e9senter vos travaux et vous m\u00eame ou encore \u00eatre une entreprise avec une mission \u00e0 promouvoir.<\/p>\n","protected":false},"excerpt":{"rendered":"<p>Vous pourriez \u00eatre un artiste et vouloir pr\u00e9senter vos travaux et vous m\u00eame ou encore \u00eatre une entreprise avec une mission \u00e0 promouvoir.<\/p>\n","protected":false},"author":1,"featured_media":0,"parent":0,"menu_order":0,"comment_status":"closed","ping_status":"closed","template":"","meta":{"_exactmetrics_skip_tracking":false,"_exactmetrics_sitenote_active":false,"_exactmetrics_sitenote_note":"","_exactmetrics_sitenote_category":0,"jetpack_post_was_ever_published":false,"footnotes":""},"class_list":["post-8","page","type-page","status-publish","hentry"],"jetpack_sharing_enabled":true,"jetpack_shortlink":"https:\/\/wp.me\/PaADkW-8","jetpack-related-posts":[{"id":2028,"url":"https:\/\/puycapel.fr\/index.php\/paiement-en-ligne-tipi\/","url_meta":{"origin":8,"position":0},"title":"Paiement en ligne TIPI","author":"Antoine Puech","date":"16 f\u00e9vrier 2020","format":false,"excerpt":"Ci dessous \u00e0 votre disposition, gratuitement, ce site internet s\u00e9curis\u00e9 pour faciliter le paiement de vos services publics locaux (Comme les frais de cantine par exemple.) En haut a droite de l\u2019avis figure un num\u00e9ro d\u2019identifiant de collectivit\u00e9 qui doit \u00eatre renseign\u00e9, ainsi que\u00a0la r\u00e9f\u00e9rence telle qu\u2019elle appara\u00eet sur votre\u2026","rel":"","context":"Article similaire","block_context":{"text":"Article similaire","link":""},"img":{"alt_text":"","src":"https:\/\/i0.wp.com\/puycapel.fr\/wp-content\/uploads\/2020\/02\/tipi2-150x150-1.jpg?ssl=1&resize=350%2C200","width":350,"height":200},"classes":[]},{"id":1141,"url":"https:\/\/puycapel.fr\/index.php\/les-equipements\/","url_meta":{"origin":8,"position":1},"title":"Equipements et loisirs","author":"Mairie Puycapel","date":"27 mai 2019","format":false,"excerpt":"Toutes les infos touristiques\u00a0: CALVINET\u00a0: agence postale, MOURJOU\u00a0: m\u00e9diath\u00e8que ou https:\/\/chataigneraie-cantal.com\/ Bornes wifi\u00a0: CALVINET\u00a0: agence postale, MOURJOU parking devant la mairie et salle d\u2019activit\u00e9s Terrains de sport \u00e0 Calvinet et Mourjou Salles des f\u00eates \u00e0 Calvinet et Mourjou (grande capacit\u00e9). R\u00e9servation des salles aupr\u00e8s de la mairie. Tarifs : *\u2026","rel":"","context":"Article similaire","block_context":{"text":"Article similaire","link":""},"img":{"alt_text":"","src":"https:\/\/i0.wp.com\/puycapel.fr\/wp-content\/uploads\/2019\/05\/eau-calvinet.jpg?resize=350%2C200&ssl=1","width":350,"height":200},"classes":[]},{"id":411,"url":"https:\/\/puycapel.fr\/index.php\/accueil\/contactez-nous\/lecole-de-puycapel-paiement-tipi\/","url_meta":{"origin":8,"position":2},"title":"L&rsquo;\u00e9cole de Puycapel","author":"Antoine Puech","date":"11 f\u00e9vrier 2019","format":false,"excerpt":"Restauration scolaire La cantine scolaire est \u00e0 la disposition des enfants de l\u2019\u00e9cole tout au long de l\u2019ann\u00e9e scolaire. Les d\u00e9jeuners sont pr\u00e9par\u00e9s par un agent communal, charg\u00e9 \u00e9galement de l\u2019approvisionnement des denr\u00e9es alimentaires. Nous privil\u00e9gions les commerces et producteurs de proximit\u00e9. Le prix du repas est de 2,90\u20ac\u00a0(Rentr\u00e9e 2024\/2025)\u2026","rel":"","context":"Article similaire","block_context":{"text":"Article similaire","link":""},"img":{"alt_text":"","src":"https:\/\/i0.wp.com\/puycapel.fr\/wp-content\/uploads\/2020\/02\/tipi2-150x150-1.jpg?resize=350%2C200&ssl=1","width":350,"height":200},"classes":[]},{"id":92,"url":"https:\/\/puycapel.fr\/index.php\/poitique-de-confidentialite\/","url_meta":{"origin":8,"position":3},"title":"Politique de Confidentialit\u00e9 et Mentions l\u00e9gales","author":"admin5620","date":"3 janvier 2019","format":false,"excerpt":"Qui sommes-nous\u00a0? L\u2019adresse de notre site Web est\u00a0: https:\/\/www.puycapel.fr. Directeur de la publication : Mr\u00a0Fran\u00e7ois Danemans et Mr Raymond Delcamp Editeur : Mairie de Puycapel H\u00e9bergeur :\u00a0OVH Le contenu est fourni \u00e0 titre informatif et peut contenir des erreurs , nous faisons tout pour y rem\u00e9dier. N\u2019h\u00e9sitez pas \u00e0 nous\u2026","rel":"","context":"Article similaire","block_context":{"text":"Article similaire","link":""},"img":{"alt_text":"","src":"","width":0,"height":0},"classes":[]},{"id":1754,"url":"https:\/\/puycapel.fr\/index.php\/calvinet-et-eustache-de-beaumarchais\/","url_meta":{"origin":8,"position":4},"title":"Calvinet et Eustache de Beaumarchais","author":"Antoine Puech","date":"24 novembre 2019","format":false,"excerpt":"Extrait de la notice historique sur le canton de Montsalvy, r\u00e9dig\u00e9e par Gabriel ESQUER (1876-1961), archiviste du d\u00e9partement du Cantal entre 1903 et 1909, publi\u00e9e dans les \u00e9ditions successives de l\u2019annuaire de l\u2019Association amicale des originaires du canton de Montsalvy. Le pr\u00e9sent extrait est tir\u00e9 de l\u2019\u00e9dition de cet annuaire\u2026","rel":"","context":"Article similaire","block_context":{"text":"Article similaire","link":""},"img":{"alt_text":"","src":"","width":0,"height":0},"classes":[]},{"id":7147,"url":"https:\/\/puycapel.fr\/index.php\/donnees-personnelles\/","url_meta":{"origin":8,"position":5},"title":"Donn\u00e9es personnelles","author":"Antoine Puech","date":"5 ao\u00fbt 2022","format":false,"excerpt":"Politique de protection des donn\u00e9es La commune de Puycapel s'engage \u00e0 ce que les traitements de donn\u00e9es personnelles\u00a0effectu\u00e9s sur puycapel.fr et sur la commune de puycapel, avec notamment les dispositifs de vid\u00e9oprotection, soient conformes au r\u00e8glement g\u00e9n\u00e9ral sur la protection des donn\u00e9es (RGPD) et \u00e0 la loi Informatique et Libert\u00e9s.\u2026","rel":"","context":"Article similaire","block_context":{"text":"Article similaire","link":""},"img":{"alt_text":"","src":"","width":0,"height":0},"classes":[]}],"_links":{"self":[{"href":"https:\/\/puycapel.fr\/index.php\/wp-json\/wp\/v2\/pages\/8","targetHints":{"allow":["GET"]}}],"collection":[{"href":"https:\/\/puycapel.fr\/index.php\/wp-json\/wp\/v2\/pages"}],"about":[{"href":"https:\/\/puycapel.fr\/index.php\/wp-json\/wp\/v2\/types\/page"}],"author":[{"embeddable":true,"href":"https:\/\/puycapel.fr\/index.php\/wp-json\/wp\/v2\/users\/1"}],"replies":[{"embeddable":true,"href":"https:\/\/puycapel.fr\/index.php\/wp-json\/wp\/v2\/comments?post=8"}],"version-history":[{"count":1,"href":"https:\/\/puycapel.fr\/index.php\/wp-json\/wp\/v2\/pages\/8\/revisions"}],"predecessor-version":[{"id":16,"href":"https:\/\/puycapel.fr\/index.php\/wp-json\/wp\/v2\/pages\/8\/revisions\/16"}],"wp:attachment":[{"href":"https:\/\/puycapel.fr\/index.php\/wp-json\/wp\/v2\/media?parent=8"}],"curies":[{"name":"wp","href":"https:\/\/api.w.org\/{rel}","templated":true}]}}